{"id":950,"date":"2025-03-01T10:24:11","date_gmt":"2025-03-01T10:24:11","guid":{"rendered":"https:\/\/www.yishengpack.com\/?post_type=product&#038;p=950"},"modified":"2026-01-04T07:03:19","modified_gmt":"2026-01-04T07:03:19","slug":"wholesale-chocolate-gift-boxes","status":"publish","type":"product","link":"https:\/\/www.yishengpack.com\/pt\/product\/wholesale-chocolate-gift-boxes\/","title":{"rendered":"Caixas de presente de chocolate por atacado, caixas magn\u00e9ticas personalizadas coloridas"},"content":{"rendered":"<div class=\"wp-block-columns is-layout-flex wp-container-core-columns-is-layout-9d6595d7 wp-block-columns-is-layout-flex\">\n<div class=\"wp-block-column is-layout-flow wp-block-column-is-layout-flow\">\n<h3 class=\"wp-block-heading\">Caracter\u00edsticas das caixas de chocolate para presente por grosso<\/h3>\n\n\n\n<p><strong>Design magn\u00e9tico de alta qualidade: <\/strong>As nossas caixas de chocolate para presente por grosso com abas magn\u00e9ticas abrem e fecham suavemente, real\u00e7ando a sensa\u00e7\u00e3o de um presente de qualidade.<\/p>\n\n\n\n<p><strong>Personaliza\u00e7\u00e3o personalizada:<\/strong> Esta caixa magn\u00e9tica personalizada permite a personaliza\u00e7\u00e3o do tamanho, cor, processo de impress\u00e3o e log\u00f3tipo para atender \u00e0s necessidades da marca.<\/p>\n\n\n\n<p><strong>Material resistente e dur\u00e1vel:<\/strong> As nossas caixas de chocolate para presente a granel s\u00e3o feitas de cart\u00e3o grosso para garantir o transporte seguro dos chocolates sem deforma\u00e7\u00e3o.<\/p>\n\n\n\n<p><strong>Revestimento de qualidade alimentar:<\/strong> Esta caixa magn\u00e9tica personalizada pode ser combinada com PET de qualidade alimentar, bandejas flocadas ou cart\u00e3o dourado e prateado para garantir que o chocolate seja seguro e higi\u00eanico.<\/p>\n\n\n\n<p><strong>Adequado para fornecimento por grosso e a granel: <\/strong>Fornecimento direto da f\u00e1brica de caixas de presente de chocolate por atacado, capacidade de produ\u00e7\u00e3o est\u00e1vel, suporta encomendas de grande volume, adequado para propriet\u00e1rios de marcas de chocolate, fabricantes de confeitaria, empresas de presentes e distribuidores.<\/p>\n<\/div>\n\n\n\n<div class=\"wp-block-column is-layout-flow wp-block-column-is-layout-flow\">\n<figure class=\"wp-block-image size-full\"><img decoding=\"async\" width=\"650\" height=\"653\" src=\"https:\/\/www.yishengpack.com\/wp-content\/uploads\/2025\/03\/wholesale-chocolate-gift-boxescustom-magnetic-boxes-colourful-2.webp\" alt=\"caixas-de-chocolate-para-presente-por-atacado,caixas-magn\u00e9ticas-personalizadas-coloridas-2\" class=\"wp-image-1156\" srcset=\"https:\/\/www.yishengpack.com\/wp-content\/uploads\/2025\/03\/wholesale-chocolate-gift-boxescustom-magnetic-boxes-colourful-2.webp 650w, https:\/\/www.yishengpack.com\/wp-content\/uploads\/2025\/03\/wholesale-chocolate-gift-boxescustom-magnetic-boxes-colourful-2-300x300.webp 300w, https:\/\/www.yishengpack.com\/wp-content\/uploads\/2025\/03\/wholesale-chocolate-gift-boxescustom-magnetic-boxes-colourful-2-150x150.webp 150w, https:\/\/www.yishengpack.com\/wp-content\/uploads\/2025\/03\/wholesale-chocolate-gift-boxescustom-magnetic-boxes-colourful-2-12x12.webp 12w, https:\/\/www.yishengpack.com\/wp-content\/uploads\/2025\/03\/wholesale-chocolate-gift-boxescustom-magnetic-boxes-colourful-2-600x603.webp 600w, https:\/\/www.yishengpack.com\/wp-content\/uploads\/2025\/03\/wholesale-chocolate-gift-boxescustom-magnetic-boxes-colourful-2-100x100.webp 100w\" sizes=\"(max-width: 650px) 100vw, 650px\" \/><\/figure>\n<\/div>\n<\/div>\n\n\n\n<div class=\"wp-block-columns is-layout-flex wp-container-core-columns-is-layout-9d6595d7 wp-block-columns-is-layout-flex\">\n<div class=\"wp-block-column is-layout-flow wp-block-column-is-layout-flow\">\n<figure class=\"wp-block-image size-full\"><img decoding=\"async\" width=\"650\" height=\"653\" src=\"https:\/\/www.yishengpack.com\/wp-content\/uploads\/2025\/03\/wholesale-chocolate-gift-boxescustom-magnetic-boxes-colourful-2.webp\" alt=\"caixas-de-chocolate-para-presente-por-atacado,caixas-magn\u00e9ticas-personalizadas-coloridas-2\" class=\"wp-image-1156\" srcset=\"https:\/\/www.yishengpack.com\/wp-content\/uploads\/2025\/03\/wholesale-chocolate-gift-boxescustom-magnetic-boxes-colourful-2.webp 650w, https:\/\/www.yishengpack.com\/wp-content\/uploads\/2025\/03\/wholesale-chocolate-gift-boxescustom-magnetic-boxes-colourful-2-300x300.webp 300w, https:\/\/www.yishengpack.com\/wp-content\/uploads\/2025\/03\/wholesale-chocolate-gift-boxescustom-magnetic-boxes-colourful-2-150x150.webp 150w, https:\/\/www.yishengpack.com\/wp-content\/uploads\/2025\/03\/wholesale-chocolate-gift-boxescustom-magnetic-boxes-colourful-2-12x12.webp 12w, https:\/\/www.yishengpack.com\/wp-content\/uploads\/2025\/03\/wholesale-chocolate-gift-boxescustom-magnetic-boxes-colourful-2-600x603.webp 600w, https:\/\/www.yishengpack.com\/wp-content\/uploads\/2025\/03\/wholesale-chocolate-gift-boxescustom-magnetic-boxes-colourful-2-100x100.webp 100w\" sizes=\"(max-width: 650px) 100vw, 650px\" \/><\/figure>\n\n\n\n<div class=\"wp-block-buttons has-custom-font-size has-small-font-size is-content-justification-center is-layout-flex wp-container-core-buttons-is-layout-16018d1d wp-block-buttons-is-layout-flex\">\n<div class=\"wp-block-button has-custom-width wp-block-button__width-75\"><a class=\"wp-block-button__link has-background has-small-font-size has-custom-font-size wp-element-button\" href=\"https:\/\/www.yishengpack.com\/pt\/custom-printed-box\/\" style=\"background:linear-gradient(135deg,rgb(254,205,165) 0%,rgb(254,45,45) 0%,rgb(94,15,15) 0%,rgb(94,15,15) 100%)\" target=\"_blank\" rel=\"noreferrer noopener\"><strong>Explorar caixas impressas personalizadas<\/strong><\/a><\/div>\n<\/div>\n<\/div>\n\n\n\n<div class=\"wp-block-column is-layout-flow wp-block-column-is-layout-flow\">\n<figure class=\"wp-block-image size-full\"><img decoding=\"async\" width=\"720\" height=\"720\" src=\"https:\/\/www.yishengpack.com\/wp-content\/uploads\/2025\/03\/wholesale-chocolate-gift-boxescustom-magnetic-boxes-colourful-1.webp\" alt=\"caixas de oferta de chocolate por atacado,caixas magn\u00e9ticas personalizadas coloridas-1\" class=\"wp-image-1155\" srcset=\"https:\/\/www.yishengpack.com\/wp-content\/uploads\/2025\/03\/wholesale-chocolate-gift-boxescustom-magnetic-boxes-colourful-1.webp 720w, https:\/\/www.yishengpack.com\/wp-content\/uploads\/2025\/03\/wholesale-chocolate-gift-boxescustom-magnetic-boxes-colourful-1-300x300.webp 300w, https:\/\/www.yishengpack.com\/wp-content\/uploads\/2025\/03\/wholesale-chocolate-gift-boxescustom-magnetic-boxes-colourful-1-150x150.webp 150w, https:\/\/www.yishengpack.com\/wp-content\/uploads\/2025\/03\/wholesale-chocolate-gift-boxescustom-magnetic-boxes-colourful-1-12x12.webp 12w, https:\/\/www.yishengpack.com\/wp-content\/uploads\/2025\/03\/wholesale-chocolate-gift-boxescustom-magnetic-boxes-colourful-1-600x600.webp 600w, https:\/\/www.yishengpack.com\/wp-content\/uploads\/2025\/03\/wholesale-chocolate-gift-boxescustom-magnetic-boxes-colourful-1-100x100.webp 100w\" sizes=\"(max-width: 720px) 100vw, 720px\" \/><\/figure>\n\n\n\n<div class=\"wp-block-buttons has-custom-font-size has-small-font-size is-content-justification-center is-layout-flex wp-container-core-buttons-is-layout-16018d1d wp-block-buttons-is-layout-flex\">\n<div class=\"wp-block-button has-custom-width wp-block-button__width-75\"><a class=\"wp-block-button__link has-background has-small-font-size has-custom-font-size wp-element-button\" href=\"https:\/\/www.yishengpack.com\/pt\/custom-box-inserts-accessories\/\" style=\"background:linear-gradient(135deg,rgb(254,205,165) 0%,rgb(254,45,45) 0%,rgb(94,15,15) 0%,rgb(94,15,15) 100%)\" target=\"_blank\" rel=\"noreferrer noopener\"><strong>Explorar inser\u00e7\u00f5es de caixas personalizadas<\/strong><\/a><\/div>\n<\/div>\n<\/div>\n<\/div>","protected":false},"excerpt":{"rendered":"<p>Bem-vindo \u00e0 Yisheng, fabricante profissional de caixas magn\u00e9ticas personalizadas. As nossas caixas de chocolate para presente s\u00e3o feitas para marcas de luxo, combinando uma constru\u00e7\u00e3o robusta e dur\u00e1vel com um design visual colorido. Oferecemos uma gama completa de tamanhos, cores, log\u00f3tipos personalizados e muito mais, adicionando uma embalagem requintada aos seus chocolates e apresentando perfeitamente o charme \u00fanico da sua marca.<\/p>\n<h2>Destaques das caixas de oferta de chocolate por grosso<\/h2>\n<ul>\n<li>Design com fecho magn\u00e9tico<\/li>\n<li>Personaliza\u00e7\u00e3o topo de gama<\/li>\n<li>Materiais \u00e0 prova de \u00e1gua<\/li>\n<li>Processos de impress\u00e3o avan\u00e7ados<\/li>\n<li>V\u00e1rios tamanhos de caixas<\/li>\n<li>Grande variedade de cores<\/li>\n<li>Interior forrado premium<\/li>\n<li>Constru\u00e7\u00e3o robusta<\/li>\n<\/ul>","protected":false},"featured_media":1155,"comment_status":"closed","ping_status":"closed","template":"","meta":{"_acf_changed":false},"box-type":[54],"product_brand":[],"product_cat":[19,41,68],"product_tag":[],"class_list":{"0":"post-950","1":"product","2":"type-product","3":"status-publish","4":"has-post-thumbnail","6":"box-type-custom-magnetic-closure-boxes","7":"product_cat-luxury-gift-boxes-wholesale","8":"product_cat-candy-gift-boxes-wholesale","9":"product_cat-custom-dates-box","11":"first","12":"instock","13":"shipping-taxable","14":"product-type-simple"},"acf":[],"_links":{"self":[{"href":"https:\/\/www.yishengpack.com\/pt\/wp-json\/wp\/v2\/product\/950","targetHints":{"allow":["GET"]}}],"collection":[{"href":"https:\/\/www.yishengpack.com\/pt\/wp-json\/wp\/v2\/product"}],"about":[{"href":"https:\/\/www.yishengpack.com\/pt\/wp-json\/wp\/v2\/types\/product"}],"replies":[{"embeddable":true,"href":"https:\/\/www.yishengpack.com\/pt\/wp-json\/wp\/v2\/comments?post=950"}],"wp:featuredmedia":[{"embeddable":true,"href":"https:\/\/www.yishengpack.com\/pt\/wp-json\/wp\/v2\/media\/1155"}],"wp:attachment":[{"href":"https:\/\/www.yishengpack.com\/pt\/wp-json\/wp\/v2\/media?parent=950"}],"wp:term":[{"taxonomy":"box-type","embeddable":true,"href":"https:\/\/www.yishengpack.com\/pt\/wp-json\/wp\/v2\/box-type?post=950"},{"taxonomy":"product_brand","embeddable":true,"href":"https:\/\/www.yishengpack.com\/pt\/wp-json\/wp\/v2\/product_brand?post=950"},{"taxonomy":"product_cat","embeddable":true,"href":"https:\/\/www.yishengpack.com\/pt\/wp-json\/wp\/v2\/product_cat?post=950"},{"taxonomy":"product_tag","embeddable":true,"href":"https:\/\/www.yishengpack.com\/pt\/wp-json\/wp\/v2\/product_tag?post=950"}],"curies":[{"name":"wp","href":"https:\/\/api.w.org\/{rel}","templated":true}]}}