{"id":942,"date":"2025-01-21T10:18:29","date_gmt":"2025-01-21T10:18:29","guid":{"rendered":"https:\/\/www.yishengpack.com\/?post_type=product&#038;p=942"},"modified":"2026-01-04T07:36:12","modified_gmt":"2026-01-04T07:36:12","slug":"bakery-containers-wholesale","status":"publish","type":"product","link":"https:\/\/www.yishengpack.com\/pt\/product\/bakery-containers-wholesale\/","title":{"rendered":"Venda por grosso de recipientes para padaria, caixas de papel para sandu\u00edches a granel"},"content":{"rendered":"<div class=\"wp-block-columns is-layout-flex wp-container-core-columns-is-layout-9d6595d7 wp-block-columns-is-layout-flex\">\n<div class=\"wp-block-column is-layout-flow wp-block-column-is-layout-flow\">\n<h3 class=\"wp-block-heading\">Features of Bakery Containers Wholesale<\/h3>\n\n\n\n<p><strong>Embalagem vers\u00e1til:<\/strong> Our rectangular bakery containers wholesale are suitable for packaging various types of food, mainly for sandwiches, pastries, and other snacks, and can be flexible to meet diversified food needs.<\/p>\n\n\n\n<p><strong>Eco-friendly Material:<\/strong> Rectangle bakery containers wholesale is made of eco-friendly paper material, kraft paper, and white cardboard, suitable for modern consumers&#8217; preferences for green packaging.<\/p>\n\n\n\n<p><strong>Robusto e duradouro:<\/strong> Paper sandwich boxes in bulk come with strong compression resistance and durability that will protect foods effectively from being destroyed during transportation.<\/p>\n\n\n\n<p><strong>Convenient in Use: <\/strong>The simple design of paper sandwich boxes in bulk makes it easy for consumers to easily open them and access the food products. It enhances the customer&#8217;s convenience experience.<\/p>\n<\/div>\n\n\n\n<div class=\"wp-block-column is-layout-flow wp-block-column-is-layout-flow\">\n<figure class=\"wp-block-image size-full\"><img decoding=\"async\" width=\"800\" height=\"800\" src=\"https:\/\/www.yishengpack.com\/wp-content\/uploads\/2025\/01\/Rectangular-Bakery-Containers-Wholesale-Paper-Sandwich-Boxes-in-Bulk-1_1.webp\" alt=\"Rectangular Bakery Containers Wholesale, Paper Sandwich Boxes in Bulk (1)_1\" class=\"wp-image-944\" srcset=\"https:\/\/www.yishengpack.com\/wp-content\/uploads\/2025\/01\/Rectangular-Bakery-Containers-Wholesale-Paper-Sandwich-Boxes-in-Bulk-1_1.webp 800w, https:\/\/www.yishengpack.com\/wp-content\/uploads\/2025\/01\/Rectangular-Bakery-Containers-Wholesale-Paper-Sandwich-Boxes-in-Bulk-1_1-300x300.webp 300w, https:\/\/www.yishengpack.com\/wp-content\/uploads\/2025\/01\/Rectangular-Bakery-Containers-Wholesale-Paper-Sandwich-Boxes-in-Bulk-1_1-150x150.webp 150w, https:\/\/www.yishengpack.com\/wp-content\/uploads\/2025\/01\/Rectangular-Bakery-Containers-Wholesale-Paper-Sandwich-Boxes-in-Bulk-1_1-768x768.webp 768w, https:\/\/www.yishengpack.com\/wp-content\/uploads\/2025\/01\/Rectangular-Bakery-Containers-Wholesale-Paper-Sandwich-Boxes-in-Bulk-1_1-12x12.webp 12w, https:\/\/www.yishengpack.com\/wp-content\/uploads\/2025\/01\/Rectangular-Bakery-Containers-Wholesale-Paper-Sandwich-Boxes-in-Bulk-1_1-600x600.webp 600w, https:\/\/www.yishengpack.com\/wp-content\/uploads\/2025\/01\/Rectangular-Bakery-Containers-Wholesale-Paper-Sandwich-Boxes-in-Bulk-1_1-100x100.webp 100w\" sizes=\"(max-width: 800px) 100vw, 800px\" \/><\/figure>\n<\/div>\n<\/div>\n\n\n\n<div class=\"wp-block-columns is-layout-flex wp-container-core-columns-is-layout-9d6595d7 wp-block-columns-is-layout-flex\">\n<div class=\"wp-block-column is-layout-flow wp-block-column-is-layout-flow\">\n<figure class=\"wp-block-image size-full\"><img decoding=\"async\" width=\"800\" height=\"800\" src=\"https:\/\/www.yishengpack.com\/wp-content\/uploads\/2025\/01\/Wholesale-Baking-Packaging-Square-Disposable-Paper-Charcuterie-Boxes-6.webp\" alt=\"Caixas de papel descart\u00e1veis quadradas para charcutaria (6)\" class=\"wp-image-932\" srcset=\"https:\/\/www.yishengpack.com\/wp-content\/uploads\/2025\/01\/Wholesale-Baking-Packaging-Square-Disposable-Paper-Charcuterie-Boxes-6.webp 800w, https:\/\/www.yishengpack.com\/wp-content\/uploads\/2025\/01\/Wholesale-Baking-Packaging-Square-Disposable-Paper-Charcuterie-Boxes-6-300x300.webp 300w, https:\/\/www.yishengpack.com\/wp-content\/uploads\/2025\/01\/Wholesale-Baking-Packaging-Square-Disposable-Paper-Charcuterie-Boxes-6-150x150.webp 150w, https:\/\/www.yishengpack.com\/wp-content\/uploads\/2025\/01\/Wholesale-Baking-Packaging-Square-Disposable-Paper-Charcuterie-Boxes-6-768x768.webp 768w, https:\/\/www.yishengpack.com\/wp-content\/uploads\/2025\/01\/Wholesale-Baking-Packaging-Square-Disposable-Paper-Charcuterie-Boxes-6-12x12.webp 12w, https:\/\/www.yishengpack.com\/wp-content\/uploads\/2025\/01\/Wholesale-Baking-Packaging-Square-Disposable-Paper-Charcuterie-Boxes-6-600x600.webp 600w, https:\/\/www.yishengpack.com\/wp-content\/uploads\/2025\/01\/Wholesale-Baking-Packaging-Square-Disposable-Paper-Charcuterie-Boxes-6-100x100.webp 100w\" sizes=\"(max-width: 800px) 100vw, 800px\" \/><\/figure>\n\n\n\n<div class=\"wp-block-buttons has-custom-font-size has-small-font-size is-content-justification-center is-layout-flex wp-container-core-buttons-is-layout-16018d1d wp-block-buttons-is-layout-flex\">\n<div class=\"wp-block-button has-custom-width wp-block-button__width-75\"><a class=\"wp-block-button__link has-background has-small-font-size has-custom-font-size wp-element-button\" href=\"https:\/\/www.yishengpack.com\/pt\/custom-box-inserts-accessories\/\" style=\"background:linear-gradient(135deg,rgb(254,205,165) 0%,rgb(254,45,45) 0%,rgb(94,15,15) 0%,rgb(94,15,15) 100%)\" target=\"_blank\" rel=\"noreferrer noopener\"><strong>Explorar inser\u00e7\u00f5es de caixas personalizadas<\/strong><\/a><\/div>\n<\/div>\n<\/div>\n\n\n\n<div class=\"wp-block-column is-layout-flow wp-block-column-is-layout-flow\">\n<figure class=\"wp-block-image size-full\"><img decoding=\"async\" width=\"800\" height=\"800\" src=\"https:\/\/www.yishengpack.com\/wp-content\/uploads\/2025\/01\/KraftWhite-Card-Bakery-Boxes-Wholesale-Dessert-Packaging-with-Clear-Lid-4.webp\" alt=\"Caixas de padaria de cart\u00e3o branco Kraft Embalagem de sobremesa por atacado com tampa transparente (4)\" class=\"wp-image-921\" srcset=\"https:\/\/www.yishengpack.com\/wp-content\/uploads\/2025\/01\/KraftWhite-Card-Bakery-Boxes-Wholesale-Dessert-Packaging-with-Clear-Lid-4.webp 800w, https:\/\/www.yishengpack.com\/wp-content\/uploads\/2025\/01\/KraftWhite-Card-Bakery-Boxes-Wholesale-Dessert-Packaging-with-Clear-Lid-4-300x300.webp 300w, https:\/\/www.yishengpack.com\/wp-content\/uploads\/2025\/01\/KraftWhite-Card-Bakery-Boxes-Wholesale-Dessert-Packaging-with-Clear-Lid-4-150x150.webp 150w, https:\/\/www.yishengpack.com\/wp-content\/uploads\/2025\/01\/KraftWhite-Card-Bakery-Boxes-Wholesale-Dessert-Packaging-with-Clear-Lid-4-768x768.webp 768w, https:\/\/www.yishengpack.com\/wp-content\/uploads\/2025\/01\/KraftWhite-Card-Bakery-Boxes-Wholesale-Dessert-Packaging-with-Clear-Lid-4-12x12.webp 12w, https:\/\/www.yishengpack.com\/wp-content\/uploads\/2025\/01\/KraftWhite-Card-Bakery-Boxes-Wholesale-Dessert-Packaging-with-Clear-Lid-4-600x600.webp 600w, https:\/\/www.yishengpack.com\/wp-content\/uploads\/2025\/01\/KraftWhite-Card-Bakery-Boxes-Wholesale-Dessert-Packaging-with-Clear-Lid-4-100x100.webp 100w\" sizes=\"(max-width: 800px) 100vw, 800px\" \/><\/figure>\n\n\n\n<div class=\"wp-block-buttons has-custom-font-size has-small-font-size is-content-justification-center is-layout-flex wp-container-core-buttons-is-layout-16018d1d wp-block-buttons-is-layout-flex\">\n<div class=\"wp-block-button has-custom-width wp-block-button__width-75\"><a class=\"wp-block-button__link has-background has-small-font-size has-custom-font-size wp-element-button\" href=\"https:\/\/www.yishengpack.com\/pt\/custom-product-boxes-types\/\" style=\"background:linear-gradient(135deg,rgb(254,205,165) 0%,rgb(254,45,45) 0%,rgb(94,15,15) 0%,rgb(94,15,15) 100%)\" target=\"_blank\" rel=\"noreferrer noopener\"><strong>Explore os tipos de caixas personalizadas<\/strong><\/a><\/div>\n<\/div>\n<\/div>\n<\/div>","protected":false},"excerpt":{"rendered":"<p>Bem-vindo \u00e0 compra de recipientes rectangulares para padaria por atacado. As nossas caixas de papel para sandu\u00edches a granel s\u00e3o feitas de material de papel ecol\u00f3gico, que \u00e9 adequado para embalar sandu\u00edches, pastelaria e outros produtos alimentares. O seu design robusto e duradouro garante a seguran\u00e7a alimentar e evita a quebra. Oferece uma boa rela\u00e7\u00e3o qualidade\/pre\u00e7o e satisfaz os requisitos a granel.<\/p>\n<h2>Highlights of Bakery Containers Wholesale<\/h2>\n<ul>\n<li>Personaliza\u00e7\u00e3o total permitida<\/li>\n<li>Materiais amigos do ambiente<\/li>\n<li>Artesanato s\u00f3lido<\/li>\n<li>V\u00e1rios tipos de caixas<\/li>\n<li>Sele\u00e7\u00e3o de cores vibrantes<\/li>\n<li>V\u00e1rios tamanhos<\/li>\n<li>Servi\u00e7os OEM\/ODM<\/li>\n<\/ul>","protected":false},"featured_media":943,"comment_status":"closed","ping_status":"closed","template":"","meta":{"_acf_changed":false},"box-type":[64],"product_brand":[],"product_cat":[30,46,31,32],"product_tag":[],"class_list":{"0":"post-942","1":"product","2":"type-product","3":"status-publish","4":"has-post-thumbnail","6":"box-type-custom-clear-lid-paper-boxes","7":"product_cat-cake-containers-wholesale","8":"product_cat-wholesale-paper-boxes","9":"product_cat-wholesale-charcuterie-boxes","10":"product_cat-bakery-packaging-wholesale","12":"first","13":"instock","14":"shipping-taxable","15":"product-type-simple"},"acf":[],"_links":{"self":[{"href":"https:\/\/www.yishengpack.com\/pt\/wp-json\/wp\/v2\/product\/942","targetHints":{"allow":["GET"]}}],"collection":[{"href":"https:\/\/www.yishengpack.com\/pt\/wp-json\/wp\/v2\/product"}],"about":[{"href":"https:\/\/www.yishengpack.com\/pt\/wp-json\/wp\/v2\/types\/product"}],"replies":[{"embeddable":true,"href":"https:\/\/www.yishengpack.com\/pt\/wp-json\/wp\/v2\/comments?post=942"}],"wp:featuredmedia":[{"embeddable":true,"href":"https:\/\/www.yishengpack.com\/pt\/wp-json\/wp\/v2\/media\/943"}],"wp:attachment":[{"href":"https:\/\/www.yishengpack.com\/pt\/wp-json\/wp\/v2\/media?parent=942"}],"wp:term":[{"taxonomy":"box-type","embeddable":true,"href":"https:\/\/www.yishengpack.com\/pt\/wp-json\/wp\/v2\/box-type?post=942"},{"taxonomy":"product_brand","embeddable":true,"href":"https:\/\/www.yishengpack.com\/pt\/wp-json\/wp\/v2\/product_brand?post=942"},{"taxonomy":"product_cat","embeddable":true,"href":"https:\/\/www.yishengpack.com\/pt\/wp-json\/wp\/v2\/product_cat?post=942"},{"taxonomy":"product_tag","embeddable":true,"href":"https:\/\/www.yishengpack.com\/pt\/wp-json\/wp\/v2\/product_tag?post=942"}],"curies":[{"name":"wp","href":"https:\/\/api.w.org\/{rel}","templated":true}]}}