{"id":917,"date":"2025-01-21T06:14:45","date_gmt":"2025-01-21T06:14:45","guid":{"rendered":"https:\/\/www.yishengpack.com\/?post_type=product&#038;p=917"},"modified":"2026-01-04T07:23:40","modified_gmt":"2026-01-04T07:23:40","slug":"bakery-boxes-wholesale","status":"publish","type":"product","link":"https:\/\/www.yishengpack.com\/pt\/product\/bakery-boxes-wholesale\/","title":{"rendered":"Caixas para padaria Kraft por grosso, embalagens para sobremesas com tampa"},"content":{"rendered":"<div class=\"wp-block-columns is-layout-flex wp-container-core-columns-is-layout-9d6595d7 wp-block-columns-is-layout-flex\">\n<div class=\"wp-block-column is-layout-flow wp-block-column-is-layout-flow\">\n<h3 class=\"wp-block-heading\">Carater\u00edsticas das caixas de padaria por atacado<\/h3>\n\n\n\n<p><strong>Design simples:<\/strong> o aspeto simples das caixas para pastelaria, em Kraft ou cart\u00e3o branco, vai ao encontro da est\u00e9tica moderna e \u00e9 adequado para uma vasta gama de ocasi\u00f5es.<\/p>\n\n\n\n<p><strong>Tampa transparente: <\/strong>Uma tampa de pl\u00e1stico transparente pode mostrar os alimentos no interior da caixa, melhorar o aspeto visual e proteger eficazmente as sobremesas da contamina\u00e7\u00e3o externa.<\/p>\n\n\n\n<p><strong>Vers\u00e1til: <\/strong>N\u00e3o s\u00f3 para a embalagem di\u00e1ria, mas tamb\u00e9m para festivais, anivers\u00e1rios e embalagens de presentes, e amplamente utilizado na ind\u00fastria de pastelaria e restaura\u00e7\u00e3o.<\/p>\n\n\n\n<p><strong>Ampla aplicabilidade:<\/strong> aplic\u00e1vel a todas as embalagens de sobremesas, como bolos, biscoitos, macarons, etc. \u00c9 perfeito para padarias, restaurantes e retalhistas.<\/p>\n\n\n\n<p><strong>Boa estrutura:<\/strong> Com uma boa resist\u00eancia \u00e0 compress\u00e3o e uma prote\u00e7\u00e3o excecional, estas caixas de padaria s\u00e3o concebidas para manter as sobremesas intactas mesmo ap\u00f3s um longo per\u00edodo de armazenamento ou transporte.<\/p>\n<\/div>\n\n\n\n<div class=\"wp-block-column is-layout-flow wp-block-column-is-layout-flow\">\n<figure class=\"wp-block-image size-full\"><img decoding=\"async\" width=\"800\" height=\"800\" src=\"https:\/\/www.yishengpack.com\/wp-content\/uploads\/2025\/01\/KraftWhite-Card-Bakery-Boxes-Wholesale-Dessert-Packaging-with-Clear-Lid-5.webp\" alt=\"Caixas de padaria de cart\u00e3o branco Kraft Embalagem de sobremesa por atacado com tampa transparente (5)\" class=\"wp-image-922\" srcset=\"https:\/\/www.yishengpack.com\/wp-content\/uploads\/2025\/01\/KraftWhite-Card-Bakery-Boxes-Wholesale-Dessert-Packaging-with-Clear-Lid-5.webp 800w, https:\/\/www.yishengpack.com\/wp-content\/uploads\/2025\/01\/KraftWhite-Card-Bakery-Boxes-Wholesale-Dessert-Packaging-with-Clear-Lid-5-300x300.webp 300w, https:\/\/www.yishengpack.com\/wp-content\/uploads\/2025\/01\/KraftWhite-Card-Bakery-Boxes-Wholesale-Dessert-Packaging-with-Clear-Lid-5-150x150.webp 150w, https:\/\/www.yishengpack.com\/wp-content\/uploads\/2025\/01\/KraftWhite-Card-Bakery-Boxes-Wholesale-Dessert-Packaging-with-Clear-Lid-5-768x768.webp 768w, https:\/\/www.yishengpack.com\/wp-content\/uploads\/2025\/01\/KraftWhite-Card-Bakery-Boxes-Wholesale-Dessert-Packaging-with-Clear-Lid-5-12x12.webp 12w, https:\/\/www.yishengpack.com\/wp-content\/uploads\/2025\/01\/KraftWhite-Card-Bakery-Boxes-Wholesale-Dessert-Packaging-with-Clear-Lid-5-600x600.webp 600w, https:\/\/www.yishengpack.com\/wp-content\/uploads\/2025\/01\/KraftWhite-Card-Bakery-Boxes-Wholesale-Dessert-Packaging-with-Clear-Lid-5-100x100.webp 100w\" sizes=\"(max-width: 800px) 100vw, 800px\" \/><\/figure>\n<\/div>\n<\/div>\n\n\n\n<div class=\"wp-block-columns is-layout-flex wp-container-core-columns-is-layout-9d6595d7 wp-block-columns-is-layout-flex\">\n<div class=\"wp-block-column is-layout-flow wp-block-column-is-layout-flow\">\n<figure class=\"wp-block-image size-full\"><img decoding=\"async\" width=\"800\" height=\"800\" src=\"https:\/\/www.yishengpack.com\/wp-content\/uploads\/2025\/01\/KraftWhite-Card-Bakery-Boxes-Wholesale-Dessert-Packaging-with-Clear-Lid-1.webp\" alt=\"Caixas de cart\u00e3o Kraft e branco para pastelaria Embalagem para sobremesas por atacado com tampa transparente (1)\" class=\"wp-image-918\" srcset=\"https:\/\/www.yishengpack.com\/wp-content\/uploads\/2025\/01\/KraftWhite-Card-Bakery-Boxes-Wholesale-Dessert-Packaging-with-Clear-Lid-1.webp 800w, https:\/\/www.yishengpack.com\/wp-content\/uploads\/2025\/01\/KraftWhite-Card-Bakery-Boxes-Wholesale-Dessert-Packaging-with-Clear-Lid-1-300x300.webp 300w, https:\/\/www.yishengpack.com\/wp-content\/uploads\/2025\/01\/KraftWhite-Card-Bakery-Boxes-Wholesale-Dessert-Packaging-with-Clear-Lid-1-150x150.webp 150w, https:\/\/www.yishengpack.com\/wp-content\/uploads\/2025\/01\/KraftWhite-Card-Bakery-Boxes-Wholesale-Dessert-Packaging-with-Clear-Lid-1-768x768.webp 768w, https:\/\/www.yishengpack.com\/wp-content\/uploads\/2025\/01\/KraftWhite-Card-Bakery-Boxes-Wholesale-Dessert-Packaging-with-Clear-Lid-1-12x12.webp 12w, https:\/\/www.yishengpack.com\/wp-content\/uploads\/2025\/01\/KraftWhite-Card-Bakery-Boxes-Wholesale-Dessert-Packaging-with-Clear-Lid-1-600x600.webp 600w, https:\/\/www.yishengpack.com\/wp-content\/uploads\/2025\/01\/KraftWhite-Card-Bakery-Boxes-Wholesale-Dessert-Packaging-with-Clear-Lid-1-100x100.webp 100w\" sizes=\"(max-width: 800px) 100vw, 800px\" \/><\/figure>\n\n\n\n<div class=\"wp-block-buttons has-custom-font-size has-small-font-size is-content-justification-center is-layout-flex wp-container-core-buttons-is-layout-16018d1d wp-block-buttons-is-layout-flex\">\n<div class=\"wp-block-button has-custom-width wp-block-button__width-75\"><a class=\"wp-block-button__link has-background has-small-font-size has-custom-font-size wp-element-button\" href=\"https:\/\/www.yishengpack.com\/pt\/custom-box-inserts-accessories\/\" style=\"background:linear-gradient(135deg,rgb(254,205,165) 0%,rgb(254,45,45) 0%,rgb(94,15,15) 0%,rgb(94,15,15) 100%)\" target=\"_blank\" rel=\"noreferrer noopener\"><strong>Explorar inser\u00e7\u00f5es de caixas personalizadas<\/strong><\/a><\/div>\n<\/div>\n<\/div>\n\n\n\n<div class=\"wp-block-column is-layout-flow wp-block-column-is-layout-flow\">\n<figure class=\"wp-block-image size-full\"><img decoding=\"async\" width=\"800\" height=\"800\" src=\"https:\/\/www.yishengpack.com\/wp-content\/uploads\/2025\/01\/KraftWhite-Card-Bakery-Boxes-Wholesale-Dessert-Packaging-with-Clear-Lid-4.webp\" alt=\"Caixas de padaria de cart\u00e3o branco Kraft Embalagem de sobremesa por atacado com tampa transparente (4)\" class=\"wp-image-921\" srcset=\"https:\/\/www.yishengpack.com\/wp-content\/uploads\/2025\/01\/KraftWhite-Card-Bakery-Boxes-Wholesale-Dessert-Packaging-with-Clear-Lid-4.webp 800w, https:\/\/www.yishengpack.com\/wp-content\/uploads\/2025\/01\/KraftWhite-Card-Bakery-Boxes-Wholesale-Dessert-Packaging-with-Clear-Lid-4-300x300.webp 300w, https:\/\/www.yishengpack.com\/wp-content\/uploads\/2025\/01\/KraftWhite-Card-Bakery-Boxes-Wholesale-Dessert-Packaging-with-Clear-Lid-4-150x150.webp 150w, https:\/\/www.yishengpack.com\/wp-content\/uploads\/2025\/01\/KraftWhite-Card-Bakery-Boxes-Wholesale-Dessert-Packaging-with-Clear-Lid-4-768x768.webp 768w, https:\/\/www.yishengpack.com\/wp-content\/uploads\/2025\/01\/KraftWhite-Card-Bakery-Boxes-Wholesale-Dessert-Packaging-with-Clear-Lid-4-12x12.webp 12w, https:\/\/www.yishengpack.com\/wp-content\/uploads\/2025\/01\/KraftWhite-Card-Bakery-Boxes-Wholesale-Dessert-Packaging-with-Clear-Lid-4-600x600.webp 600w, https:\/\/www.yishengpack.com\/wp-content\/uploads\/2025\/01\/KraftWhite-Card-Bakery-Boxes-Wholesale-Dessert-Packaging-with-Clear-Lid-4-100x100.webp 100w\" sizes=\"(max-width: 800px) 100vw, 800px\" \/><\/figure>\n\n\n\n<div class=\"wp-block-buttons has-custom-font-size has-small-font-size is-content-justification-center is-layout-flex wp-container-core-buttons-is-layout-16018d1d wp-block-buttons-is-layout-flex\">\n<div class=\"wp-block-button has-custom-width wp-block-button__width-75\"><a class=\"wp-block-button__link has-background has-small-font-size has-custom-font-size wp-element-button\" href=\"https:\/\/www.yishengpack.com\/pt\/custom-product-boxes-types\/\" style=\"background:linear-gradient(135deg,rgb(254,205,165) 0%,rgb(254,45,45) 0%,rgb(94,15,15) 0%,rgb(94,15,15) 100%)\" target=\"_blank\" rel=\"noreferrer noopener\"><strong>Explore os tipos de caixas personalizadas<\/strong><\/a><\/div>\n<\/div>\n<\/div>\n<\/div>","protected":false},"excerpt":{"rendered":"<p>As nossas caixas de padaria em papel kraft e cart\u00e3o branco de qualidade grossista t\u00eam uma tampa transparente e s\u00e3o perfeitas para expor as suas sobremesas. S\u00e3o perfeitas para padeiros, caf\u00e9s e lojas de doces que procuram uma solu\u00e7\u00e3o de embalagem de sobremesas ecol\u00f3gica e de alta qualidade. Compre a granel a pre\u00e7os excelentes e d\u00ea \u00e0s suas sobremesas o aspeto e a prote\u00e7\u00e3o perfeitos com as nossas caixas de padaria duradouras e elegantes.<\/p>\n<h2>Destaques das caixas de padaria kraft por atacado<\/h2>\n<ul>\n<li>Personaliza\u00e7\u00e3o total permitida<\/li>\n<li>Materiais amigos do ambiente<\/li>\n<li>Artesanato s\u00f3lido<\/li>\n<li>V\u00e1rios tipos de caixas<\/li>\n<li>Sele\u00e7\u00e3o de cores vibrantes<\/li>\n<li>Embalagem pr\u00e1tica<\/li>\n<\/ul>","protected":false},"featured_media":920,"comment_status":"closed","ping_status":"closed","template":"","meta":{"_acf_changed":false},"box-type":[64],"product_brand":[],"product_cat":[30,46,31,33,71,45],"product_tag":[],"class_list":{"0":"post-917","1":"product","2":"type-product","3":"status-publish","4":"has-post-thumbnail","6":"box-type-custom-clear-lid-paper-boxes","7":"product_cat-cake-containers-wholesale","8":"product_cat-wholesale-paper-boxes","9":"product_cat-wholesale-charcuterie-boxes","10":"product_cat-food-packaging-boxes-wholesale","11":"product_cat-custom-takeout-boxes","12":"product_cat-bulk-disposable-food-containers","14":"first","15":"instock","16":"shipping-taxable","17":"product-type-simple"},"acf":[],"_links":{"self":[{"href":"https:\/\/www.yishengpack.com\/pt\/wp-json\/wp\/v2\/product\/917","targetHints":{"allow":["GET"]}}],"collection":[{"href":"https:\/\/www.yishengpack.com\/pt\/wp-json\/wp\/v2\/product"}],"about":[{"href":"https:\/\/www.yishengpack.com\/pt\/wp-json\/wp\/v2\/types\/product"}],"replies":[{"embeddable":true,"href":"https:\/\/www.yishengpack.com\/pt\/wp-json\/wp\/v2\/comments?post=917"}],"wp:featuredmedia":[{"embeddable":true,"href":"https:\/\/www.yishengpack.com\/pt\/wp-json\/wp\/v2\/media\/920"}],"wp:attachment":[{"href":"https:\/\/www.yishengpack.com\/pt\/wp-json\/wp\/v2\/media?parent=917"}],"wp:term":[{"taxonomy":"box-type","embeddable":true,"href":"https:\/\/www.yishengpack.com\/pt\/wp-json\/wp\/v2\/box-type?post=917"},{"taxonomy":"product_brand","embeddable":true,"href":"https:\/\/www.yishengpack.com\/pt\/wp-json\/wp\/v2\/product_brand?post=917"},{"taxonomy":"product_cat","embeddable":true,"href":"https:\/\/www.yishengpack.com\/pt\/wp-json\/wp\/v2\/product_cat?post=917"},{"taxonomy":"product_tag","embeddable":true,"href":"https:\/\/www.yishengpack.com\/pt\/wp-json\/wp\/v2\/product_tag?post=917"}],"curies":[{"name":"wp","href":"https:\/\/api.w.org\/{rel}","templated":true}]}}