{"id":904,"date":"2025-01-21T02:07:54","date_gmt":"2025-01-21T02:07:54","guid":{"rendered":"https:\/\/www.yishengpack.com\/?post_type=product&#038;p=904"},"modified":"2025-12-13T07:11:28","modified_gmt":"2025-12-13T07:11:28","slug":"plastic-dessert-boxes-wholesale","status":"publish","type":"product","link":"https:\/\/www.yishengpack.com\/pt\/product\/plastic-dessert-boxes-wholesale\/","title":{"rendered":"Caixas de pl\u00e1stico para sobremesas Caixas de embalagem grandes quadradas por atacado"},"content":{"rendered":"<div class=\"wp-block-columns is-layout-flex wp-container-core-columns-is-layout-9d6595d7 wp-block-columns-is-layout-flex\">\n<div class=\"wp-block-column is-layout-flow wp-block-column-is-layout-flow\">\n<h3 class=\"wp-block-heading\">Carater\u00edsticas das caixas de pl\u00e1stico para sobremesas por atacado<\/h3>\n\n\n\n<p><strong>Design da tampa transparente: <\/strong>A tampa transparente facilita a visualiza\u00e7\u00e3o do conte\u00fado dos alimentos e melhora o aspeto visual.<\/p>\n\n\n\n<p><strong>Material de alta qualidade:<\/strong> Estas caixas de pl\u00e1stico para sobremesas por atacado s\u00e3o feitas de material dur\u00e1vel e seguro para garantir a frescura e a prote\u00e7\u00e3o dos alimentos.<\/p>\n\n\n\n<p><strong>Adequado para uma variedade de cen\u00e1rios:<\/strong> Estas caixas de pl\u00e1stico para sobremesas por atacado s\u00e3o adequadas para pastelarias, restaurantes, embalagens para presentes, bem como para festas, eventos e outras ocasi\u00f5es.<\/p>\n\n\n\n<p><strong>Design vers\u00e1til da divis\u00f3ria:<\/strong> Estas caixas de pl\u00e1stico para sobremesas por atacado est\u00e3o divididas em quatro \u00e1reas separadas no interior, que podem ser convenientemente utilizadas para diferentes snacks ou sobremesas, mantendo os alimentos frescos e arrumados.<\/p>\n\n\n\n<p><strong>Abertura e fecho simples:<\/strong> Com um design simples de abrir e fechar, \u00e9 f\u00e1cil de utilizar e tem uma veda\u00e7\u00e3o elevada para evitar derrames de alimentos.<\/p>\n<\/div>\n\n\n\n<div class=\"wp-block-column is-layout-flow wp-block-column-is-layout-flow\">\n<figure class=\"wp-block-image size-full\"><img decoding=\"async\" width=\"800\" height=\"800\" src=\"https:\/\/www.yishengpack.com\/wp-content\/uploads\/2025\/01\/4pcs-Plastic-Dessert-Boxes-Wholesale-Square-Large-Packaging-Boxes-4.webp\" alt=\"Caixas de pl\u00e1stico para sobremesas 4pcs Caixas de embalagem grandes quadradas por atacado (4)\" class=\"wp-image-908\" srcset=\"https:\/\/www.yishengpack.com\/wp-content\/uploads\/2025\/01\/4pcs-Plastic-Dessert-Boxes-Wholesale-Square-Large-Packaging-Boxes-4.webp 800w, https:\/\/www.yishengpack.com\/wp-content\/uploads\/2025\/01\/4pcs-Plastic-Dessert-Boxes-Wholesale-Square-Large-Packaging-Boxes-4-300x300.webp 300w, https:\/\/www.yishengpack.com\/wp-content\/uploads\/2025\/01\/4pcs-Plastic-Dessert-Boxes-Wholesale-Square-Large-Packaging-Boxes-4-150x150.webp 150w, https:\/\/www.yishengpack.com\/wp-content\/uploads\/2025\/01\/4pcs-Plastic-Dessert-Boxes-Wholesale-Square-Large-Packaging-Boxes-4-768x768.webp 768w, https:\/\/www.yishengpack.com\/wp-content\/uploads\/2025\/01\/4pcs-Plastic-Dessert-Boxes-Wholesale-Square-Large-Packaging-Boxes-4-12x12.webp 12w, https:\/\/www.yishengpack.com\/wp-content\/uploads\/2025\/01\/4pcs-Plastic-Dessert-Boxes-Wholesale-Square-Large-Packaging-Boxes-4-600x600.webp 600w, https:\/\/www.yishengpack.com\/wp-content\/uploads\/2025\/01\/4pcs-Plastic-Dessert-Boxes-Wholesale-Square-Large-Packaging-Boxes-4-100x100.webp 100w\" sizes=\"(max-width: 800px) 100vw, 800px\" \/><\/figure>\n<\/div>\n<\/div>","protected":false},"excerpt":{"rendered":"<p>Fabricadas em material PET de alta qualidade, estas caixas de pl\u00e1stico quadradas para sobremesas de 4 pe\u00e7as s\u00e3o caixas quadradas de grande capacidade concebidas para sobremesas e snacks, adequadas para utiliza\u00e7\u00e3o em padarias, restaurantes, caf\u00e9s e outros locais. Esta caixa de embalagem suporta servi\u00e7os personalizados para ajudar a melhorar a imagem da marca. Ideal para uma variedade de empresas.<\/p>\n<h2>Caixas de pl\u00e1stico para sobremesas por atacado Especifica\u00e7\u00f5es:<\/h2>\n<table width=\"528\">\n<tbody>\n<tr>\n<td width=\"215\">Fabricante:<\/td>\n<td colspan=\"2\" width=\"313\">Yisheng<\/td>\n<\/tr>\n<tr>\n<td>Modelo:<\/td>\n<td colspan=\"2\">J-138<\/td>\n<\/tr>\n<tr>\n<td>Material:\u00a0<\/td>\n<td colspan=\"2\">PET<\/td>\n<\/tr>\n<tr>\n<td>Cor:\u00a0<\/td>\n<td colspan=\"2\">Transparente, Preto<\/td>\n<\/tr>\n<tr>\n<td>Tamanho:\u00a0<\/td>\n<td colspan=\"2\" width=\"313\">15,4cm*15,4cm*5cm<\/td>\n<\/tr>\n<tr>\n<td>Peso:\u00a0<\/td>\n<td colspan=\"2\" width=\"313\">23,6g\/pc<\/td>\n<\/tr>\n<tr>\n<td>Forma:\u00a0<\/td>\n<td colspan=\"2\" width=\"313\">Quadrado<\/td>\n<\/tr>\n<tr>\n<td>Embalagem:\u00a0<\/td>\n<td colspan=\"2\">50 unidades<\/td>\n<\/tr>\n<tr>\n<td>MOQ:\u00a0<\/td>\n<td colspan=\"2\">1200 unidades<\/td>\n<\/tr>\n<tr>\n<td>OEM&amp;ODM:\u00a0<\/td>\n<td colspan=\"2\">Personalizado, bem-vindo OEM&amp;ODM<\/td>\n<\/tr>\n<tr>\n<td>Amostra\uff1a<\/td>\n<td colspan=\"2\">10 unidades de amostra gr\u00e1tis podem ser solicitadas<\/td>\n<\/tr>\n<\/tbody>\n<\/table>\n<p><script src=\"chrome-extension:\/\/fpelahbljekknahkcaegamhcndkfpfnc\/iFrame.js\" type=\"text\/javascript\"><\/script><\/p>","protected":false},"featured_media":906,"comment_status":"closed","ping_status":"closed","template":"","meta":{"_acf_changed":false},"box-type":[64,61],"product_brand":[],"product_cat":[21,46,30,33,45],"product_tag":[],"class_list":{"0":"post-904","1":"product","2":"type-product","3":"status-publish","4":"has-post-thumbnail","6":"box-type-custom-clear-lid-paper-boxes","7":"box-type-custom-two-piece-boxes","8":"product_cat-plastic-cake-containers-wholesale","9":"product_cat-wholesale-paper-boxes","10":"product_cat-cake-containers-wholesale","11":"product_cat-food-packaging-boxes-wholesale","12":"product_cat-bulk-disposable-food-containers","14":"first","15":"instock","16":"shipping-taxable","17":"product-type-simple"},"acf":[],"_links":{"self":[{"href":"https:\/\/www.yishengpack.com\/pt\/wp-json\/wp\/v2\/product\/904","targetHints":{"allow":["GET"]}}],"collection":[{"href":"https:\/\/www.yishengpack.com\/pt\/wp-json\/wp\/v2\/product"}],"about":[{"href":"https:\/\/www.yishengpack.com\/pt\/wp-json\/wp\/v2\/types\/product"}],"replies":[{"embeddable":true,"href":"https:\/\/www.yishengpack.com\/pt\/wp-json\/wp\/v2\/comments?post=904"}],"wp:featuredmedia":[{"embeddable":true,"href":"https:\/\/www.yishengpack.com\/pt\/wp-json\/wp\/v2\/media\/906"}],"wp:attachment":[{"href":"https:\/\/www.yishengpack.com\/pt\/wp-json\/wp\/v2\/media?parent=904"}],"wp:term":[{"taxonomy":"box-type","embeddable":true,"href":"https:\/\/www.yishengpack.com\/pt\/wp-json\/wp\/v2\/box-type?post=904"},{"taxonomy":"product_brand","embeddable":true,"href":"https:\/\/www.yishengpack.com\/pt\/wp-json\/wp\/v2\/product_brand?post=904"},{"taxonomy":"product_cat","embeddable":true,"href":"https:\/\/www.yishengpack.com\/pt\/wp-json\/wp\/v2\/product_cat?post=904"},{"taxonomy":"product_tag","embeddable":true,"href":"https:\/\/www.yishengpack.com\/pt\/wp-json\/wp\/v2\/product_tag?post=904"}],"curies":[{"name":"wp","href":"https:\/\/api.w.org\/{rel}","templated":true}]}}