{"id":3897,"date":"2026-05-04T06:49:51","date_gmt":"2026-05-04T06:49:51","guid":{"rendered":"https:\/\/www.yishengpack.com\/?post_type=product&#038;p=3897"},"modified":"2026-05-04T06:49:53","modified_gmt":"2026-05-04T06:49:53","slug":"wholesale-magnetic-folding-boxes-luxury-gift-packaging-boxes-with-custom-logo","status":"publish","type":"product","link":"https:\/\/www.yishengpack.com\/pt\/product\/wholesale-magnetic-folding-boxes-luxury-gift-packaging-boxes-with-custom-logo\/","title":{"rendered":"Caixas dobr\u00e1veis magn\u00e9ticas por atacado, caixas de embalagem para presentes de luxo com log\u00f3tipo personalizado"},"content":{"rendered":"<div class=\"wp-block-columns is-layout-flex wp-container-core-columns-is-layout-9d6595d7 wp-block-columns-is-layout-flex\">\n<div class=\"wp-block-column is-layout-flow wp-block-column-is-layout-flow\">\n<h3 class=\"wp-block-heading\">Carater\u00edsticas das caixas dobr\u00e1veis por atacado<\/h3>\n\n\n\n<p><strong>Collapsible Magnetic Gift Box Design:<\/strong> These gift boxes feature a foldable magnetic closure design, which lies flat for storage and quickly assembles into a rigid, elegant box for use.<\/p>\n\n\n\n<p><strong>Premium Folding Structure for Stability:<\/strong> Crafted with reinforced folding panels, the box locks into a sturdy shape, providing reliable protection for gifts while maintaining a sleek, high-end appearance.<\/p>\n\n\n\n<p><strong>Artistic Watercolor &amp; Foil Finishes:<\/strong> Adorned with premium watercolor marble prints and metallic gold foil accents, these boxes deliver a luxurious, artistic aesthetic perfect for premium gifting.<\/p>\n\n\n\n<p><strong>Compact Flat-Pack Shipping:<\/strong> Supplied flat-packed, these boxes minimize shipping volume and reduce logistics costs, making them ideal for bulk orders and e-commerce fulfillment.<\/p>\n\n\n\n<p><strong>Marca e tamanho totalmente personaliz\u00e1veis:<\/strong> These gift boxes are fully customizable in size, color, artwork, logo placement, and interior lining to perfectly match your brand identity and gifting needs.<\/p>\n<\/div>\n\n\n\n<div class=\"wp-block-column is-layout-flow wp-block-column-is-layout-flow\">\n<figure class=\"wp-block-image size-full\"><img decoding=\"async\" width=\"3024\" height=\"3024\" src=\"https:\/\/www.yishengpack.com\/wp-content\/uploads\/2026\/04\/Wholesale-Magnetic-Folding-Boxes-Luxury-gift-Packaging-Boxes-with-Custom-Logo-2.webp\" alt=\"wholesale-magnetic-folding-boxes-luxury-gift-packaging-boxes-with-custom-logo-2\" class=\"wp-image-3899\" srcset=\"https:\/\/www.yishengpack.com\/wp-content\/uploads\/2026\/04\/Wholesale-Magnetic-Folding-Boxes-Luxury-gift-Packaging-Boxes-with-Custom-Logo-2.webp 3024w, https:\/\/www.yishengpack.com\/wp-content\/uploads\/2026\/04\/Wholesale-Magnetic-Folding-Boxes-Luxury-gift-Packaging-Boxes-with-Custom-Logo-2-300x300.webp 300w, https:\/\/www.yishengpack.com\/wp-content\/uploads\/2026\/04\/Wholesale-Magnetic-Folding-Boxes-Luxury-gift-Packaging-Boxes-with-Custom-Logo-2-150x150.webp 150w, https:\/\/www.yishengpack.com\/wp-content\/uploads\/2026\/04\/Wholesale-Magnetic-Folding-Boxes-Luxury-gift-Packaging-Boxes-with-Custom-Logo-2-768x768.webp 768w, https:\/\/www.yishengpack.com\/wp-content\/uploads\/2026\/04\/Wholesale-Magnetic-Folding-Boxes-Luxury-gift-Packaging-Boxes-with-Custom-Logo-2-12x12.webp 12w, https:\/\/www.yishengpack.com\/wp-content\/uploads\/2026\/04\/Wholesale-Magnetic-Folding-Boxes-Luxury-gift-Packaging-Boxes-with-Custom-Logo-2-1200x1200.webp 1200w, https:\/\/www.yishengpack.com\/wp-content\/uploads\/2026\/04\/Wholesale-Magnetic-Folding-Boxes-Luxury-gift-Packaging-Boxes-with-Custom-Logo-2-600x600.webp 600w, https:\/\/www.yishengpack.com\/wp-content\/uploads\/2026\/04\/Wholesale-Magnetic-Folding-Boxes-Luxury-gift-Packaging-Boxes-with-Custom-Logo-2-100x100.webp 100w\" sizes=\"(max-width: 3024px) 100vw, 3024px\" \/><\/figure>\n<\/div>\n<\/div>\n\n\n\n<p><\/p>","protected":false},"excerpt":{"rendered":"<p>Bem-vindo a explorar as nossas caixas magn\u00e9ticas dobr\u00e1veis personalizadas para presentes. Com um exterior elegante em azul real com elegantes detalhes em folha de ouro e um interior inspirado em m\u00e1rmore, estas caixas dobr\u00e1veis combinam luxo com praticidade. O fecho magn\u00e9tico robusto garante um ajuste seguro, enquanto o design dobr\u00e1vel permite um envio plano e uma f\u00e1cil arruma\u00e7\u00e3o. Perfeitas para presentes premium, cosm\u00e9ticos e ocasi\u00f5es especiais, s\u00e3o totalmente personaliz\u00e1veis em termos de tamanho, impress\u00e3o e acabamento para elevar a apresenta\u00e7\u00e3o da sua marca.<\/p>\n<h2>Destaques das caixas de oferta personalizadas<\/h2>\n<ul>\n<li>Possibilidade de personaliza\u00e7\u00e3o completa<\/li>\n<li>Estrutura de embalagem plana de dobragem r\u00e1pida<\/li>\n<li>Fecho magn\u00e9tico oculto forte<\/li>\n<li>Cart\u00e3o r\u00edgido de qualidade superior<\/li>\n<li>Impress\u00e3o requintada<\/li>\n<li>Op\u00e7\u00f5es de tamanhos m\u00faltiplos para presentes<\/li>\n<li>Grande variedade de cores<\/li>\n<li>\n<div>Perfeito para oferecer em ocasi\u00f5es especiais<\/div>\n<\/li>\n<li>Constru\u00e7\u00e3o r\u00edgida dur\u00e1vel<\/li>\n<\/ul>\n<p>&nbsp;<\/p>","protected":false},"featured_media":3898,"comment_status":"closed","ping_status":"closed","template":"","meta":{"_acf_changed":false},"box-type":[55,54,57],"product_brand":[],"product_cat":[19,66,65,40,39,46],"product_tag":[],"class_list":{"0":"post-3897","1":"product","2":"type-product","3":"status-publish","4":"has-post-thumbnail","6":"box-type-custom-foldable-boxes","7":"box-type-custom-magnetic-closure-boxes","8":"box-type-custom-rigid-box-with-lid","9":"product_cat-luxury-gift-boxes-wholesale","10":"product_cat-custom-apparel-boxes","11":"product_cat-custom-cosmetic-boxes","12":"product_cat-custom-jewelry-boxes","13":"product_cat-custom-perfume-boxes","14":"product_cat-wholesale-paper-boxes","16":"first","17":"instock","18":"shipping-taxable","19":"product-type-simple"},"acf":[],"_links":{"self":[{"href":"https:\/\/www.yishengpack.com\/pt\/wp-json\/wp\/v2\/product\/3897","targetHints":{"allow":["GET"]}}],"collection":[{"href":"https:\/\/www.yishengpack.com\/pt\/wp-json\/wp\/v2\/product"}],"about":[{"href":"https:\/\/www.yishengpack.com\/pt\/wp-json\/wp\/v2\/types\/product"}],"replies":[{"embeddable":true,"href":"https:\/\/www.yishengpack.com\/pt\/wp-json\/wp\/v2\/comments?post=3897"}],"wp:featuredmedia":[{"embeddable":true,"href":"https:\/\/www.yishengpack.com\/pt\/wp-json\/wp\/v2\/media\/3898"}],"wp:attachment":[{"href":"https:\/\/www.yishengpack.com\/pt\/wp-json\/wp\/v2\/media?parent=3897"}],"wp:term":[{"taxonomy":"box-type","embeddable":true,"href":"https:\/\/www.yishengpack.com\/pt\/wp-json\/wp\/v2\/box-type?post=3897"},{"taxonomy":"product_brand","embeddable":true,"href":"https:\/\/www.yishengpack.com\/pt\/wp-json\/wp\/v2\/product_brand?post=3897"},{"taxonomy":"product_cat","embeddable":true,"href":"https:\/\/www.yishengpack.com\/pt\/wp-json\/wp\/v2\/product_cat?post=3897"},{"taxonomy":"product_tag","embeddable":true,"href":"https:\/\/www.yishengpack.com\/pt\/wp-json\/wp\/v2\/product_tag?post=3897"}],"curies":[{"name":"wp","href":"https:\/\/api.w.org\/{rel}","templated":true}]}}