{"id":3578,"date":"2026-02-25T01:50:57","date_gmt":"2026-02-25T01:50:57","guid":{"rendered":"https:\/\/www.yishengpack.com\/?post_type=product&#038;p=3578"},"modified":"2026-02-25T01:50:58","modified_gmt":"2026-02-25T01:50:58","slug":"cosmetic-boxes-wholesale","status":"publish","type":"product","link":"https:\/\/www.yishengpack.com\/pt\/product\/cosmetic-boxes-wholesale\/","title":{"rendered":"Caixas de cosm\u00e9ticos dobr\u00e1veis por atacado, caixas de transporte personalizadas"},"content":{"rendered":"<div class=\"wp-block-columns is-layout-flex wp-container-core-columns-is-layout-9d6595d7 wp-block-columns-is-layout-flex\">\n<div class=\"wp-block-column is-layout-flow wp-block-column-is-layout-flow\">\n<h3 class=\"wp-block-heading\">Carater\u00edsticas das Caixas de Cosm\u00e9ticos Dobr\u00e1veis por Atacado<\/h3>\n\n\n\n<p><strong>Estrutura dobr\u00e1vel e rebat\u00edvel:<\/strong> Com um design dobr\u00e1vel, estas caixas de cosm\u00e9ticos dobr\u00e1veis por atacado podem ser dobradas quando n\u00e3o est\u00e3o a ser utilizadas. S\u00e3o perfeitas para armazenamento e envio, e a experi\u00eancia de desembalagem ser\u00e1 mais profissional.<\/p>\n\n\n\n<p><strong>Cart\u00e3o recicl\u00e1vel sustent\u00e1vel:<\/strong> Fabricadas a partir de cart\u00e3o sustent\u00e1vel e recicl\u00e1vel, estas caixas de envio personalizadas s\u00e3o uma combina\u00e7\u00e3o perfeita de design e responsabilidade ambiental para consumidores e marcas com consci\u00eancia ecol\u00f3gica.<\/p>\n\n\n\n<p><strong>Tamanhos flex\u00edveis para uma vasta gama de produtos:<\/strong> Estas caixas de cosm\u00e9ticos dobr\u00e1veis para venda por grosso t\u00eam tamanhos diferentes; podem conter um kit de beleza compacto e um frasco de perfume, bem como malhas quentes e uma sele\u00e7\u00e3o de presentes para os compradores partilharem com os seus amigos.<\/p>\n\n\n\n<p><strong>Efici\u00eancia de envio de embalagens planas:<\/strong> O design totalmente dobr\u00e1vel permite que estas caixas sejam enviadas completamente planas, reduzindo drasticamente o espa\u00e7o de armazenamento e os custos de transporte e armazenamento para encomendas em grandes quantidades.<\/p>\n\n\n\n<p><strong>Inser\u00e7\u00f5es personalizadas para uma prote\u00e7\u00e3o segura:<\/strong> A nossa gama de caixas de transporte personalizadas pode ser equipada com EVA, cart\u00e3o, polpa moldada, esponja ou blister, que podem ser utilizadas para v\u00e1rias garrafas, frascos, paletes e embalagens de conjuntos de cuidados da pele durante o transporte.<\/p>\n\n\n\n<p><strong>Personaliza\u00e7\u00e3o total da marca e do design:<\/strong> Estas caixas de cosm\u00e9ticos dobr\u00e1veis para venda por grosso podem ser personalizadas, desde as cores e padr\u00f5es exteriores at\u00e9 ao forro interior, aos detalhes em folha e \u00e0 coloca\u00e7\u00e3o do log\u00f3tipo, resultando numa solu\u00e7\u00e3o de embalagem verdadeiramente personalizada que mostra a sua marca.<\/p>\n<\/div>\n\n\n\n<div class=\"wp-block-column is-layout-flow wp-block-column-is-layout-flow\">\n<figure class=\"wp-block-image size-full\"><img decoding=\"async\" width=\"2048\" height=\"2048\" src=\"https:\/\/www.yishengpack.com\/wp-content\/uploads\/2026\/02\/Wholesale-Bulk-Folding-Boxes-with-Lid-Custom-High-Quality-Shipping-Boxes-for-Cosmetic-Perfume-Clothes-Packaging-2.webp\" alt=\"caixas-cosm\u00e9ticas-dobr\u00e1veis-venda por grosso-caixas de envio personalizadas-2\" class=\"wp-image-3580\" srcset=\"https:\/\/www.yishengpack.com\/wp-content\/uploads\/2026\/02\/Wholesale-Bulk-Folding-Boxes-with-Lid-Custom-High-Quality-Shipping-Boxes-for-Cosmetic-Perfume-Clothes-Packaging-2.webp 2048w, https:\/\/www.yishengpack.com\/wp-content\/uploads\/2026\/02\/Wholesale-Bulk-Folding-Boxes-with-Lid-Custom-High-Quality-Shipping-Boxes-for-Cosmetic-Perfume-Clothes-Packaging-2-300x300.webp 300w, https:\/\/www.yishengpack.com\/wp-content\/uploads\/2026\/02\/Wholesale-Bulk-Folding-Boxes-with-Lid-Custom-High-Quality-Shipping-Boxes-for-Cosmetic-Perfume-Clothes-Packaging-2-150x150.webp 150w, https:\/\/www.yishengpack.com\/wp-content\/uploads\/2026\/02\/Wholesale-Bulk-Folding-Boxes-with-Lid-Custom-High-Quality-Shipping-Boxes-for-Cosmetic-Perfume-Clothes-Packaging-2-768x768.webp 768w, https:\/\/www.yishengpack.com\/wp-content\/uploads\/2026\/02\/Wholesale-Bulk-Folding-Boxes-with-Lid-Custom-High-Quality-Shipping-Boxes-for-Cosmetic-Perfume-Clothes-Packaging-2-12x12.webp 12w, https:\/\/www.yishengpack.com\/wp-content\/uploads\/2026\/02\/Wholesale-Bulk-Folding-Boxes-with-Lid-Custom-High-Quality-Shipping-Boxes-for-Cosmetic-Perfume-Clothes-Packaging-2-1200x1200.webp 1200w, https:\/\/www.yishengpack.com\/wp-content\/uploads\/2026\/02\/Wholesale-Bulk-Folding-Boxes-with-Lid-Custom-High-Quality-Shipping-Boxes-for-Cosmetic-Perfume-Clothes-Packaging-2-600x600.webp 600w, https:\/\/www.yishengpack.com\/wp-content\/uploads\/2026\/02\/Wholesale-Bulk-Folding-Boxes-with-Lid-Custom-High-Quality-Shipping-Boxes-for-Cosmetic-Perfume-Clothes-Packaging-2-100x100.webp 100w\" sizes=\"(max-width: 2048px) 100vw, 2048px\" \/><\/figure>\n<\/div>\n<\/div>\n\n\n\n<div class=\"wp-block-columns is-layout-flex wp-container-core-columns-is-layout-9d6595d7 wp-block-columns-is-layout-flex\">\n<div class=\"wp-block-column is-layout-flow wp-block-column-is-layout-flow\">\n<figure class=\"wp-block-image size-full\"><img decoding=\"async\" width=\"2048\" height=\"2048\" src=\"https:\/\/www.yishengpack.com\/wp-content\/uploads\/2026\/02\/Wholesale-Bulk-Folding-Boxes-with-Lid-Custom-High-Quality-Shipping-Boxes-for-Cosmetic-Perfume-Clothes-Packaging-3.webp\" alt=\"caixas-cosm\u00e9ticas-dobr\u00e1veis-venda por grosso-caixas de envio personalizadas-3\" class=\"wp-image-3581\" srcset=\"https:\/\/www.yishengpack.com\/wp-content\/uploads\/2026\/02\/Wholesale-Bulk-Folding-Boxes-with-Lid-Custom-High-Quality-Shipping-Boxes-for-Cosmetic-Perfume-Clothes-Packaging-3.webp 2048w, https:\/\/www.yishengpack.com\/wp-content\/uploads\/2026\/02\/Wholesale-Bulk-Folding-Boxes-with-Lid-Custom-High-Quality-Shipping-Boxes-for-Cosmetic-Perfume-Clothes-Packaging-3-300x300.webp 300w, https:\/\/www.yishengpack.com\/wp-content\/uploads\/2026\/02\/Wholesale-Bulk-Folding-Boxes-with-Lid-Custom-High-Quality-Shipping-Boxes-for-Cosmetic-Perfume-Clothes-Packaging-3-150x150.webp 150w, https:\/\/www.yishengpack.com\/wp-content\/uploads\/2026\/02\/Wholesale-Bulk-Folding-Boxes-with-Lid-Custom-High-Quality-Shipping-Boxes-for-Cosmetic-Perfume-Clothes-Packaging-3-768x768.webp 768w, https:\/\/www.yishengpack.com\/wp-content\/uploads\/2026\/02\/Wholesale-Bulk-Folding-Boxes-with-Lid-Custom-High-Quality-Shipping-Boxes-for-Cosmetic-Perfume-Clothes-Packaging-3-12x12.webp 12w, https:\/\/www.yishengpack.com\/wp-content\/uploads\/2026\/02\/Wholesale-Bulk-Folding-Boxes-with-Lid-Custom-High-Quality-Shipping-Boxes-for-Cosmetic-Perfume-Clothes-Packaging-3-1200x1200.webp 1200w, https:\/\/www.yishengpack.com\/wp-content\/uploads\/2026\/02\/Wholesale-Bulk-Folding-Boxes-with-Lid-Custom-High-Quality-Shipping-Boxes-for-Cosmetic-Perfume-Clothes-Packaging-3-600x600.webp 600w, https:\/\/www.yishengpack.com\/wp-content\/uploads\/2026\/02\/Wholesale-Bulk-Folding-Boxes-with-Lid-Custom-High-Quality-Shipping-Boxes-for-Cosmetic-Perfume-Clothes-Packaging-3-100x100.webp 100w\" sizes=\"(max-width: 2048px) 100vw, 2048px\" \/><\/figure>\n\n\n\n<div class=\"wp-block-buttons has-custom-font-size has-small-font-size is-content-justification-center is-layout-flex wp-container-core-buttons-is-layout-16018d1d wp-block-buttons-is-layout-flex\">\n<div class=\"wp-block-button has-custom-width wp-block-button__width-75\"><a class=\"wp-block-button__link has-background has-small-font-size has-custom-font-size wp-element-button\" href=\"https:\/\/www.yishengpack.com\/pt\/custom-printed-box\/\" style=\"background:linear-gradient(135deg,rgb(254,205,165) 0%,rgb(254,45,45) 0%,rgb(94,15,15) 0%,rgb(94,15,15) 100%)\" target=\"_blank\" rel=\"noreferrer noopener\"><strong>Explorar caixas impressas personalizadas<\/strong><\/a><\/div>\n<\/div>\n<\/div>\n\n\n\n<div class=\"wp-block-column is-layout-flow wp-block-column-is-layout-flow\">\n<figure class=\"wp-block-image size-full\"><img decoding=\"async\" width=\"2048\" height=\"2048\" src=\"https:\/\/www.yishengpack.com\/wp-content\/uploads\/2026\/02\/Wholesale-Bulk-Folding-Boxes-with-Lid-Custom-High-Quality-Shipping-Boxes-for-Cosmetic-Perfume-Clothes-Packaging-5.webp\" alt=\"caixas-cosm\u00e9ticas-dobr\u00e1veis-venda por grosso-caixas de envio personalizadas-5\" class=\"wp-image-3583\" srcset=\"https:\/\/www.yishengpack.com\/wp-content\/uploads\/2026\/02\/Wholesale-Bulk-Folding-Boxes-with-Lid-Custom-High-Quality-Shipping-Boxes-for-Cosmetic-Perfume-Clothes-Packaging-5.webp 2048w, https:\/\/www.yishengpack.com\/wp-content\/uploads\/2026\/02\/Wholesale-Bulk-Folding-Boxes-with-Lid-Custom-High-Quality-Shipping-Boxes-for-Cosmetic-Perfume-Clothes-Packaging-5-300x300.webp 300w, https:\/\/www.yishengpack.com\/wp-content\/uploads\/2026\/02\/Wholesale-Bulk-Folding-Boxes-with-Lid-Custom-High-Quality-Shipping-Boxes-for-Cosmetic-Perfume-Clothes-Packaging-5-150x150.webp 150w, https:\/\/www.yishengpack.com\/wp-content\/uploads\/2026\/02\/Wholesale-Bulk-Folding-Boxes-with-Lid-Custom-High-Quality-Shipping-Boxes-for-Cosmetic-Perfume-Clothes-Packaging-5-768x768.webp 768w, https:\/\/www.yishengpack.com\/wp-content\/uploads\/2026\/02\/Wholesale-Bulk-Folding-Boxes-with-Lid-Custom-High-Quality-Shipping-Boxes-for-Cosmetic-Perfume-Clothes-Packaging-5-12x12.webp 12w, https:\/\/www.yishengpack.com\/wp-content\/uploads\/2026\/02\/Wholesale-Bulk-Folding-Boxes-with-Lid-Custom-High-Quality-Shipping-Boxes-for-Cosmetic-Perfume-Clothes-Packaging-5-1200x1200.webp 1200w, https:\/\/www.yishengpack.com\/wp-content\/uploads\/2026\/02\/Wholesale-Bulk-Folding-Boxes-with-Lid-Custom-High-Quality-Shipping-Boxes-for-Cosmetic-Perfume-Clothes-Packaging-5-600x600.webp 600w, https:\/\/www.yishengpack.com\/wp-content\/uploads\/2026\/02\/Wholesale-Bulk-Folding-Boxes-with-Lid-Custom-High-Quality-Shipping-Boxes-for-Cosmetic-Perfume-Clothes-Packaging-5-100x100.webp 100w\" sizes=\"(max-width: 2048px) 100vw, 2048px\" \/><\/figure>\n\n\n\n<div class=\"wp-block-buttons has-custom-font-size has-small-font-size is-content-justification-center is-layout-flex wp-container-core-buttons-is-layout-16018d1d wp-block-buttons-is-layout-flex\">\n<div class=\"wp-block-button has-custom-width wp-block-button__width-75\"><a class=\"wp-block-button__link has-background has-small-font-size has-custom-font-size wp-element-button\" href=\"https:\/\/www.yishengpack.com\/pt\/custom-box-inserts-accessories\/\" style=\"background:linear-gradient(135deg,rgb(254,205,165) 0%,rgb(254,45,45) 0%,rgb(94,15,15) 0%,rgb(94,15,15) 100%)\" target=\"_blank\" rel=\"noreferrer noopener\"><strong>Explorar inser\u00e7\u00f5es de caixas personalizadas<\/strong><\/a><\/div>\n<\/div>\n<\/div>\n<\/div>","protected":false},"excerpt":{"rendered":"<p>Bem-vindo a comprar as nossas caixas de cosm\u00e9ticos dobr\u00e1veis por atacado com inser\u00e7\u00f5es, que s\u00e3o ideais para marcas de cuidados da pele, distribuidores de produtos de beleza e vendedores de com\u00e9rcio eletr\u00f3nico que procuram solu\u00e7\u00f5es de embalagem de qualidade superior, mas econ\u00f3micas. As nossas caixas de envio personalizadas ajudam os compradores B2B a reduzir os custos de envio, a melhorar a atratividade das prateleiras e a refor\u00e7ar a identidade da marca em mercados competitivos.<\/p>\n<h2>Destaques das caixas de cosm\u00e9ticos por atacado<\/h2>\n<ul>\n<li>Personaliza\u00e7\u00e3o completa<\/li>\n<li>Materiais amigos do ambiente<\/li>\n<li>In\u00fameros processos de impress\u00e3o<\/li>\n<li>Tamanho e profundidade personaliz\u00e1veis<\/li>\n<li>V\u00e1rias op\u00e7\u00f5es de cores<\/li>\n<li>Constru\u00e7\u00e3o dur\u00e1vel em cart\u00e3o r\u00edgido<\/li>\n<li>Caixa e saco coordenados a condizer<\/li>\n<li>Baixo MOQ para pedidos por atacado<\/li>\n<\/ul>\n<p>&nbsp;<\/p>","protected":false},"featured_media":3579,"comment_status":"closed","ping_status":"closed","template":"","meta":{"_acf_changed":false},"box-type":[55,57,48],"product_brand":[],"product_cat":[46,19,66,65,40,39,69,67],"product_tag":[],"class_list":{"0":"post-3578","1":"product","2":"type-product","3":"status-publish","4":"has-post-thumbnail","6":"box-type-custom-foldable-boxes","7":"box-type-custom-rigid-box-with-lid","8":"box-type-custom-tuck-top-boxes","9":"product_cat-wholesale-paper-boxes","10":"product_cat-luxury-gift-boxes-wholesale","11":"product_cat-custom-apparel-boxes","12":"product_cat-custom-cosmetic-boxes","13":"product_cat-custom-jewelry-boxes","14":"product_cat-custom-perfume-boxes","15":"product_cat-custom-retail-boxes","16":"product_cat-custom-shipping-boxes","18":"first","19":"instock","20":"shipping-taxable","21":"product-type-simple"},"acf":[],"_links":{"self":[{"href":"https:\/\/www.yishengpack.com\/pt\/wp-json\/wp\/v2\/product\/3578","targetHints":{"allow":["GET"]}}],"collection":[{"href":"https:\/\/www.yishengpack.com\/pt\/wp-json\/wp\/v2\/product"}],"about":[{"href":"https:\/\/www.yishengpack.com\/pt\/wp-json\/wp\/v2\/types\/product"}],"replies":[{"embeddable":true,"href":"https:\/\/www.yishengpack.com\/pt\/wp-json\/wp\/v2\/comments?post=3578"}],"wp:featuredmedia":[{"embeddable":true,"href":"https:\/\/www.yishengpack.com\/pt\/wp-json\/wp\/v2\/media\/3579"}],"wp:attachment":[{"href":"https:\/\/www.yishengpack.com\/pt\/wp-json\/wp\/v2\/media?parent=3578"}],"wp:term":[{"taxonomy":"box-type","embeddable":true,"href":"https:\/\/www.yishengpack.com\/pt\/wp-json\/wp\/v2\/box-type?post=3578"},{"taxonomy":"product_brand","embeddable":true,"href":"https:\/\/www.yishengpack.com\/pt\/wp-json\/wp\/v2\/product_brand?post=3578"},{"taxonomy":"product_cat","embeddable":true,"href":"https:\/\/www.yishengpack.com\/pt\/wp-json\/wp\/v2\/product_cat?post=3578"},{"taxonomy":"product_tag","embeddable":true,"href":"https:\/\/www.yishengpack.com\/pt\/wp-json\/wp\/v2\/product_tag?post=3578"}],"curies":[{"name":"wp","href":"https:\/\/api.w.org\/{rel}","templated":true}]}}