{"id":3469,"date":"2026-02-04T10:28:51","date_gmt":"2026-02-04T10:28:51","guid":{"rendered":"https:\/\/www.yishengpack.com\/?post_type=product&#038;p=3469"},"modified":"2026-02-04T10:28:52","modified_gmt":"2026-02-04T10:28:52","slug":"wholesale-stuffed-dates-gift-boxes","status":"publish","type":"product","link":"https:\/\/www.yishengpack.com\/pt\/product\/wholesale-stuffed-dates-gift-boxes\/","title":{"rendered":"Caixas de presente com datas recheadas por atacado, caixas com tampa e base com log\u00f3tipo personalizado"},"content":{"rendered":"<div class=\"wp-block-columns is-layout-flex wp-container-core-columns-is-layout-9d6595d7 wp-block-columns-is-layout-flex\">\n<div class=\"wp-block-column is-layout-flow wp-block-column-is-layout-flow\">\n<h3 class=\"wp-block-heading\">Carater\u00edsticas das caixas de presente com datas recheadas por atacado<\/h3>\n\n\n\n<p><strong>Luxuosos pormenores em folha de ouro: <\/strong>Estas caixas de presente de t\u00e2maras recheadas por atacado apresentam um intrincado relevo em folha de ouro, padr\u00f5es bot\u00e2nicos e coloca\u00e7\u00e3o de log\u00f3tipo personalizado, criando uma apresenta\u00e7\u00e3o de alta qualidade e comemorativa ideal para t\u00e2maras e guloseimas gourmet.<\/p>\n\n\n\n<p><strong>Arruma\u00e7\u00e3o plana que poupa espa\u00e7o:<\/strong> Estas caixas de presente de t\u00e2maras recheadas por atacado s\u00e3o achatadas para envio e armazenamento para minimizar os custos de log\u00edstica. A constru\u00e7\u00e3o em cart\u00e3o r\u00edgido garante a sua resist\u00eancia em tr\u00e2nsito.<\/p>\n\n\n\n<p><strong>Tamanhos flex\u00edveis e configura\u00e7\u00f5es de tabuleiros interiores:<\/strong> A tampa personalizada e as dimens\u00f5es da caixa de base est\u00e3o dispon\u00edveis para diferentes quantidades e disposi\u00e7\u00f5es de datas recheadas, incluindo designs de camada \u00fanica ou de v\u00e1rios compartimentos para evitar o movimento do produto.<\/p>\n\n\n\n<p><strong>Op\u00e7\u00f5es de marca totalmente personaliz\u00e1veis:<\/strong> Estas caixas de presente de t\u00e2maras recheadas por atacado s\u00e3o totalmente adapt\u00e1veis em termos de dimens\u00f5es, disposi\u00e7\u00e3o das divis\u00f3rias e acabamentos de superf\u00edcie. As caixas permitem que as marcas alinhem as embalagens com a sua identidade est\u00e9tica para f\u00e9rias, casamentos ou ofertas de empresas.<\/p>\n\n\n\n<p><strong>Ideal para encomendas por grosso e OEM: <\/strong>As nossas caixas de presente de datas recheadas por atacado podem oferecer o pre\u00e7o direto da f\u00e1brica, o moq \u00e9 baixo para personaliza\u00e7\u00e3o, e podemos garantir a qualidade para a produ\u00e7\u00e3o em massa para o neg\u00f3cio b2b.<\/p>\n<\/div>\n\n\n\n<div class=\"wp-block-column is-layout-flow wp-block-column-is-layout-flow\">\n<figure class=\"wp-block-image size-full\"><img decoding=\"async\" width=\"2048\" height=\"2048\" src=\"https:\/\/www.yishengpack.com\/wp-content\/uploads\/2026\/01\/Wholesale-Premium-Lid-and-Base-Dates-Packaging-Boxes-Custom-Luxury-Gift-Boxes-with-Logo-Design-2.webp\" alt=\"wholesale-stuffed-dates-gift-boxes-custom-lid-and-base-box-2\" class=\"wp-image-3471\" srcset=\"https:\/\/www.yishengpack.com\/wp-content\/uploads\/2026\/01\/Wholesale-Premium-Lid-and-Base-Dates-Packaging-Boxes-Custom-Luxury-Gift-Boxes-with-Logo-Design-2.webp 2048w, https:\/\/www.yishengpack.com\/wp-content\/uploads\/2026\/01\/Wholesale-Premium-Lid-and-Base-Dates-Packaging-Boxes-Custom-Luxury-Gift-Boxes-with-Logo-Design-2-300x300.webp 300w, https:\/\/www.yishengpack.com\/wp-content\/uploads\/2026\/01\/Wholesale-Premium-Lid-and-Base-Dates-Packaging-Boxes-Custom-Luxury-Gift-Boxes-with-Logo-Design-2-150x150.webp 150w, https:\/\/www.yishengpack.com\/wp-content\/uploads\/2026\/01\/Wholesale-Premium-Lid-and-Base-Dates-Packaging-Boxes-Custom-Luxury-Gift-Boxes-with-Logo-Design-2-768x768.webp 768w, https:\/\/www.yishengpack.com\/wp-content\/uploads\/2026\/01\/Wholesale-Premium-Lid-and-Base-Dates-Packaging-Boxes-Custom-Luxury-Gift-Boxes-with-Logo-Design-2-12x12.webp 12w, https:\/\/www.yishengpack.com\/wp-content\/uploads\/2026\/01\/Wholesale-Premium-Lid-and-Base-Dates-Packaging-Boxes-Custom-Luxury-Gift-Boxes-with-Logo-Design-2-1200x1200.webp 1200w, https:\/\/www.yishengpack.com\/wp-content\/uploads\/2026\/01\/Wholesale-Premium-Lid-and-Base-Dates-Packaging-Boxes-Custom-Luxury-Gift-Boxes-with-Logo-Design-2-600x600.webp 600w, https:\/\/www.yishengpack.com\/wp-content\/uploads\/2026\/01\/Wholesale-Premium-Lid-and-Base-Dates-Packaging-Boxes-Custom-Luxury-Gift-Boxes-with-Logo-Design-2-100x100.webp 100w\" sizes=\"(max-width: 2048px) 100vw, 2048px\" \/><\/figure>\n<\/div>\n<\/div>\n\n\n\n<div class=\"wp-block-columns is-layout-flex wp-container-core-columns-is-layout-9d6595d7 wp-block-columns-is-layout-flex\">\n<div class=\"wp-block-column is-layout-flow wp-block-column-is-layout-flow\">\n<figure class=\"wp-block-image size-full\"><img decoding=\"async\" width=\"2048\" height=\"2048\" src=\"https:\/\/www.yishengpack.com\/wp-content\/uploads\/2026\/01\/Wholesale-Premium-Lid-and-Base-Dates-Packaging-Boxes-Custom-Luxury-Gift-Boxes-with-Logo-Design-4.webp\" alt=\"wholesale-stuffed-dates-gift-boxes-custom-lid-and-base-box-4\" class=\"wp-image-3473\" srcset=\"https:\/\/www.yishengpack.com\/wp-content\/uploads\/2026\/01\/Wholesale-Premium-Lid-and-Base-Dates-Packaging-Boxes-Custom-Luxury-Gift-Boxes-with-Logo-Design-4.webp 2048w, https:\/\/www.yishengpack.com\/wp-content\/uploads\/2026\/01\/Wholesale-Premium-Lid-and-Base-Dates-Packaging-Boxes-Custom-Luxury-Gift-Boxes-with-Logo-Design-4-300x300.webp 300w, https:\/\/www.yishengpack.com\/wp-content\/uploads\/2026\/01\/Wholesale-Premium-Lid-and-Base-Dates-Packaging-Boxes-Custom-Luxury-Gift-Boxes-with-Logo-Design-4-150x150.webp 150w, https:\/\/www.yishengpack.com\/wp-content\/uploads\/2026\/01\/Wholesale-Premium-Lid-and-Base-Dates-Packaging-Boxes-Custom-Luxury-Gift-Boxes-with-Logo-Design-4-768x768.webp 768w, https:\/\/www.yishengpack.com\/wp-content\/uploads\/2026\/01\/Wholesale-Premium-Lid-and-Base-Dates-Packaging-Boxes-Custom-Luxury-Gift-Boxes-with-Logo-Design-4-12x12.webp 12w, https:\/\/www.yishengpack.com\/wp-content\/uploads\/2026\/01\/Wholesale-Premium-Lid-and-Base-Dates-Packaging-Boxes-Custom-Luxury-Gift-Boxes-with-Logo-Design-4-1200x1200.webp 1200w, https:\/\/www.yishengpack.com\/wp-content\/uploads\/2026\/01\/Wholesale-Premium-Lid-and-Base-Dates-Packaging-Boxes-Custom-Luxury-Gift-Boxes-with-Logo-Design-4-600x600.webp 600w, https:\/\/www.yishengpack.com\/wp-content\/uploads\/2026\/01\/Wholesale-Premium-Lid-and-Base-Dates-Packaging-Boxes-Custom-Luxury-Gift-Boxes-with-Logo-Design-4-100x100.webp 100w\" sizes=\"(max-width: 2048px) 100vw, 2048px\" \/><\/figure>\n\n\n\n<div class=\"wp-block-buttons has-custom-font-size has-small-font-size is-content-justification-center is-layout-flex wp-container-core-buttons-is-layout-16018d1d wp-block-buttons-is-layout-flex\">\n<div class=\"wp-block-button has-custom-width wp-block-button__width-75\"><a class=\"wp-block-button__link has-background has-small-font-size has-custom-font-size wp-element-button\" href=\"https:\/\/www.yishengpack.com\/pt\/custom-printed-box\/\" style=\"background:linear-gradient(135deg,rgb(254,205,165) 0%,rgb(254,45,45) 0%,rgb(94,15,15) 0%,rgb(94,15,15) 100%)\" target=\"_blank\" rel=\"noreferrer noopener\"><strong>Explorar caixas impressas personalizadas<\/strong><\/a><\/div>\n<\/div>\n<\/div>\n\n\n\n<div class=\"wp-block-column is-layout-flow wp-block-column-is-layout-flow\">\n<figure class=\"wp-block-image size-full\"><img decoding=\"async\" width=\"2048\" height=\"2048\" src=\"https:\/\/www.yishengpack.com\/wp-content\/uploads\/2026\/01\/Wholesale-Premium-Lid-and-Base-Dates-Packaging-Boxes-Custom-Luxury-Gift-Boxes-with-Logo-Design-3.webp\" alt=\"wholesale-stuffed-dates-gift-boxes-custom-lid-and-base-box-3\" class=\"wp-image-3472\" srcset=\"https:\/\/www.yishengpack.com\/wp-content\/uploads\/2026\/01\/Wholesale-Premium-Lid-and-Base-Dates-Packaging-Boxes-Custom-Luxury-Gift-Boxes-with-Logo-Design-3.webp 2048w, https:\/\/www.yishengpack.com\/wp-content\/uploads\/2026\/01\/Wholesale-Premium-Lid-and-Base-Dates-Packaging-Boxes-Custom-Luxury-Gift-Boxes-with-Logo-Design-3-300x300.webp 300w, https:\/\/www.yishengpack.com\/wp-content\/uploads\/2026\/01\/Wholesale-Premium-Lid-and-Base-Dates-Packaging-Boxes-Custom-Luxury-Gift-Boxes-with-Logo-Design-3-150x150.webp 150w, https:\/\/www.yishengpack.com\/wp-content\/uploads\/2026\/01\/Wholesale-Premium-Lid-and-Base-Dates-Packaging-Boxes-Custom-Luxury-Gift-Boxes-with-Logo-Design-3-768x768.webp 768w, https:\/\/www.yishengpack.com\/wp-content\/uploads\/2026\/01\/Wholesale-Premium-Lid-and-Base-Dates-Packaging-Boxes-Custom-Luxury-Gift-Boxes-with-Logo-Design-3-12x12.webp 12w, https:\/\/www.yishengpack.com\/wp-content\/uploads\/2026\/01\/Wholesale-Premium-Lid-and-Base-Dates-Packaging-Boxes-Custom-Luxury-Gift-Boxes-with-Logo-Design-3-1200x1200.webp 1200w, https:\/\/www.yishengpack.com\/wp-content\/uploads\/2026\/01\/Wholesale-Premium-Lid-and-Base-Dates-Packaging-Boxes-Custom-Luxury-Gift-Boxes-with-Logo-Design-3-600x600.webp 600w, https:\/\/www.yishengpack.com\/wp-content\/uploads\/2026\/01\/Wholesale-Premium-Lid-and-Base-Dates-Packaging-Boxes-Custom-Luxury-Gift-Boxes-with-Logo-Design-3-100x100.webp 100w\" sizes=\"(max-width: 2048px) 100vw, 2048px\" \/><\/figure>\n\n\n\n<div class=\"wp-block-buttons has-custom-font-size has-small-font-size is-content-justification-center is-layout-flex wp-container-core-buttons-is-layout-16018d1d wp-block-buttons-is-layout-flex\">\n<div class=\"wp-block-button has-custom-width wp-block-button__width-75\"><a class=\"wp-block-button__link has-background has-small-font-size has-custom-font-size wp-element-button\" href=\"https:\/\/www.yishengpack.com\/pt\/custom-box-inserts-accessories\/\" style=\"background:linear-gradient(135deg,rgb(254,205,165) 0%,rgb(254,45,45) 0%,rgb(94,15,15) 0%,rgb(94,15,15) 100%)\" target=\"_blank\" rel=\"noreferrer noopener\"><strong>Explorar inser\u00e7\u00f5es de caixas personalizadas<\/strong><\/a><\/div>\n<\/div>\n<\/div>\n<\/div>","protected":false},"excerpt":{"rendered":"<p>Bem-vindo ao comprar a nossa caixa de presente de t\u00e2maras recheadas por atacado com tampa e base personalizadas, oferecendo embalagens r\u00edgidas de alta qualidade para presentes do Ramad\u00e3o, embalagens Eid, brindes empresariais e marcas de t\u00e2maras de chocolate de alta qualidade. Totalmente personaliz\u00e1vel com impress\u00e3o de log\u00f3tipo, tamanhos, acabamentos e inser\u00e7\u00f5es de qualidade alimentar, ideal para solu\u00e7\u00f5es de embalagem por atacado, OEM e de marca pr\u00f3pria.<\/p>\n<h2>Destaques das caixas de presente com datas recheadas por atacado<\/h2>\n<ul>\n<li>Personaliza\u00e7\u00e3o de alto n\u00edvel<\/li>\n<li>Formas de inser\u00e7\u00e3o personalizadas<\/li>\n<li>Materiais recicl\u00e1veis amigos do ambiente<\/li>\n<li>Processos de impress\u00e3o avan\u00e7ados<\/li>\n<li>Trabalho meticuloso<\/li>\n<li>V\u00e1rios tipos de caixas<\/li>\n<li>V\u00e1rias op\u00e7\u00f5es de cores<\/li>\n<li>Constru\u00e7\u00e3o r\u00edgida refor\u00e7ada<\/li>\n<\/ul>\n<p>&nbsp;<\/p>","protected":false},"featured_media":3470,"comment_status":"closed","ping_status":"closed","template":"","meta":{"_acf_changed":false},"box-type":[55,57,61],"product_brand":[],"product_cat":[46,19,41,68,33,44],"product_tag":[],"class_list":{"0":"post-3469","1":"product","2":"type-product","3":"status-publish","4":"has-post-thumbnail","6":"box-type-custom-foldable-boxes","7":"box-type-custom-rigid-box-with-lid","8":"box-type-custom-two-piece-boxes","9":"product_cat-wholesale-paper-boxes","10":"product_cat-luxury-gift-boxes-wholesale","11":"product_cat-candy-gift-boxes-wholesale","12":"product_cat-custom-dates-box","13":"product_cat-food-packaging-boxes-wholesale","14":"product_cat-custom-snack-box","16":"first","17":"instock","18":"shipping-taxable","19":"product-type-simple"},"acf":[],"_links":{"self":[{"href":"https:\/\/www.yishengpack.com\/pt\/wp-json\/wp\/v2\/product\/3469","targetHints":{"allow":["GET"]}}],"collection":[{"href":"https:\/\/www.yishengpack.com\/pt\/wp-json\/wp\/v2\/product"}],"about":[{"href":"https:\/\/www.yishengpack.com\/pt\/wp-json\/wp\/v2\/types\/product"}],"replies":[{"embeddable":true,"href":"https:\/\/www.yishengpack.com\/pt\/wp-json\/wp\/v2\/comments?post=3469"}],"wp:featuredmedia":[{"embeddable":true,"href":"https:\/\/www.yishengpack.com\/pt\/wp-json\/wp\/v2\/media\/3470"}],"wp:attachment":[{"href":"https:\/\/www.yishengpack.com\/pt\/wp-json\/wp\/v2\/media?parent=3469"}],"wp:term":[{"taxonomy":"box-type","embeddable":true,"href":"https:\/\/www.yishengpack.com\/pt\/wp-json\/wp\/v2\/box-type?post=3469"},{"taxonomy":"product_brand","embeddable":true,"href":"https:\/\/www.yishengpack.com\/pt\/wp-json\/wp\/v2\/product_brand?post=3469"},{"taxonomy":"product_cat","embeddable":true,"href":"https:\/\/www.yishengpack.com\/pt\/wp-json\/wp\/v2\/product_cat?post=3469"},{"taxonomy":"product_tag","embeddable":true,"href":"https:\/\/www.yishengpack.com\/pt\/wp-json\/wp\/v2\/product_tag?post=3469"}],"curies":[{"name":"wp","href":"https:\/\/api.w.org\/{rel}","templated":true}]}}