{"id":3275,"date":"2026-01-04T06:55:11","date_gmt":"2026-01-04T06:55:11","guid":{"rendered":"https:\/\/www.yishengpack.com\/?post_type=product&#038;p=3275"},"modified":"2026-01-04T06:55:13","modified_gmt":"2026-01-04T06:55:13","slug":"custom-food-packaging-boxes","status":"publish","type":"product","link":"https:\/\/www.yishengpack.com\/pt\/product\/custom-food-packaging-boxes\/","title":{"rendered":"Caixas personalizadas para embalagem de alimentos, fornecimento de caixas bento para molhos"},"content":{"rendered":"<div class=\"wp-block-columns is-layout-flex wp-container-core-columns-is-layout-9d6595d7 wp-block-columns-is-layout-flex\">\n<div class=\"wp-block-column is-layout-flow wp-block-column-is-layout-flow\">\n<h3 class=\"wp-block-heading\">Caracter\u00edsticas das caixas personalizadas para embalagem de alimentos<\/h3>\n\n\n\n<p><strong>Layout compartimentado com aproveitamento inteligente do espa\u00e7o:<\/strong> Estas caixas personalizadas para embalagem de alimentos possuem divis\u00f3rias internas cortadas com precis\u00e3o, mantendo lanches, doces ou alimentos pequenos organizados \u2014 sem misturar sabores ou apresenta\u00e7\u00f5es desorganizadas.<\/p>\n\n\n\n<p><strong>Constru\u00e7\u00e3o em papel dobr\u00e1vel resistente:<\/strong> Estas caixas personalizadas para embalagem de alimentos s\u00e3o fabricadas em papel resistente de qualidade alimentar. As caixas dobram-se para facilitar o armazenamento\/transporte e s\u00e3o f\u00e1ceis de montar, formando recipientes r\u00edgidos e est\u00e1veis, perfeitos para guardar guloseimas variadas.<\/p>\n\n\n\n<p><strong>Solu\u00e7\u00f5es multifuncionais para embalagens de alimentos:<\/strong> As nossas caixas de papel por grosso incluem caixas para donuts, recipientes para cupcakes (com tabuleiros internos), recipientes para molhos e pat\u00eas e caixas bento, para satisfazer as necessidades de v\u00e1rios alimentos e cen\u00e1rios de utiliza\u00e7\u00e3o.<\/p>\n\n\n\n<p><strong>Est\u00e9tica minimalista com tons coordenados:<\/strong> Estas caixas personalizadas para embalagem de alimentos, com esquemas de cores limpos e coesos, equilibram simplicidade e apelo visual, elevando a apresenta\u00e7\u00e3o de qualquer conjunto de alimentos ao estilo bento.<\/p>\n\n\n\n<p><strong>Configura\u00e7\u00f5es personaliz\u00e1veis do Bento:<\/strong> As nossas caixas de papel por grosso s\u00e3o totalmente personaliz\u00e1veis em termos de tamanhos das divis\u00f3rias, dimens\u00f5es das caixas, cores e marca (log\u00f3tipos\/gr\u00e1ficos). Estas caixas de papel para bento adaptam-se a conjuntos espec\u00edficos de alimentos e identidades de marca.<\/p>\n\n\n\n<p><strong>Fornecimento por grosso e a granel:<\/strong> Destina-se a padarias, cadeias de restaurantes, plataformas de entrega de comida, propriet\u00e1rios de marcas alimentares e grossistas de embalagens, apoiando a produ\u00e7\u00e3o em massa OEM\/ODM.<\/p>\n<\/div>\n\n\n\n<div class=\"wp-block-column is-layout-flow wp-block-column-is-layout-flow\">\n<figure class=\"wp-block-image size-full\"><img decoding=\"async\" width=\"1328\" height=\"1328\" src=\"https:\/\/www.yishengpack.com\/wp-content\/uploads\/2026\/01\/Wholesale-Donuts-Cupcake-Containers-Customize-Sauce-Dip-Bento-Boxes-with-Inserts-2.webp\" alt=\"caixas-personalizadas-para-embalagem-de-alimentos-molhos-molho-para-mergulhar-caixas-bento-fornecimento-2\" class=\"wp-image-3277\" srcset=\"https:\/\/www.yishengpack.com\/wp-content\/uploads\/2026\/01\/Wholesale-Donuts-Cupcake-Containers-Customize-Sauce-Dip-Bento-Boxes-with-Inserts-2.webp 1328w, https:\/\/www.yishengpack.com\/wp-content\/uploads\/2026\/01\/Wholesale-Donuts-Cupcake-Containers-Customize-Sauce-Dip-Bento-Boxes-with-Inserts-2-300x300.webp 300w, https:\/\/www.yishengpack.com\/wp-content\/uploads\/2026\/01\/Wholesale-Donuts-Cupcake-Containers-Customize-Sauce-Dip-Bento-Boxes-with-Inserts-2-150x150.webp 150w, https:\/\/www.yishengpack.com\/wp-content\/uploads\/2026\/01\/Wholesale-Donuts-Cupcake-Containers-Customize-Sauce-Dip-Bento-Boxes-with-Inserts-2-768x768.webp 768w, https:\/\/www.yishengpack.com\/wp-content\/uploads\/2026\/01\/Wholesale-Donuts-Cupcake-Containers-Customize-Sauce-Dip-Bento-Boxes-with-Inserts-2-12x12.webp 12w, https:\/\/www.yishengpack.com\/wp-content\/uploads\/2026\/01\/Wholesale-Donuts-Cupcake-Containers-Customize-Sauce-Dip-Bento-Boxes-with-Inserts-2-1200x1200.webp 1200w, https:\/\/www.yishengpack.com\/wp-content\/uploads\/2026\/01\/Wholesale-Donuts-Cupcake-Containers-Customize-Sauce-Dip-Bento-Boxes-with-Inserts-2-600x600.webp 600w, https:\/\/www.yishengpack.com\/wp-content\/uploads\/2026\/01\/Wholesale-Donuts-Cupcake-Containers-Customize-Sauce-Dip-Bento-Boxes-with-Inserts-2-100x100.webp 100w\" sizes=\"(max-width: 1328px) 100vw, 1328px\" \/><\/figure>\n<\/div>\n<\/div>\n\n\n\n<div class=\"wp-block-columns is-layout-flex wp-container-core-columns-is-layout-9d6595d7 wp-block-columns-is-layout-flex\">\n<div class=\"wp-block-column is-layout-flow wp-block-column-is-layout-flow\">\n<figure class=\"wp-block-image size-full\"><img decoding=\"async\" width=\"1328\" height=\"1328\" src=\"https:\/\/www.yishengpack.com\/wp-content\/uploads\/2026\/01\/Wholesale-Donuts-Cupcake-Containers-Customize-Sauce-Dip-Bento-Boxes-with-Inserts-6.webp\" alt=\"caixas-personalizadas-para-embalagem-de-alimentos-molhos-molhos-para-mergulhar-caixas-bento-fornecimento-6\" class=\"wp-image-3281\" srcset=\"https:\/\/www.yishengpack.com\/wp-content\/uploads\/2026\/01\/Wholesale-Donuts-Cupcake-Containers-Customize-Sauce-Dip-Bento-Boxes-with-Inserts-6.webp 1328w, https:\/\/www.yishengpack.com\/wp-content\/uploads\/2026\/01\/Wholesale-Donuts-Cupcake-Containers-Customize-Sauce-Dip-Bento-Boxes-with-Inserts-6-300x300.webp 300w, https:\/\/www.yishengpack.com\/wp-content\/uploads\/2026\/01\/Wholesale-Donuts-Cupcake-Containers-Customize-Sauce-Dip-Bento-Boxes-with-Inserts-6-150x150.webp 150w, https:\/\/www.yishengpack.com\/wp-content\/uploads\/2026\/01\/Wholesale-Donuts-Cupcake-Containers-Customize-Sauce-Dip-Bento-Boxes-with-Inserts-6-768x768.webp 768w, https:\/\/www.yishengpack.com\/wp-content\/uploads\/2026\/01\/Wholesale-Donuts-Cupcake-Containers-Customize-Sauce-Dip-Bento-Boxes-with-Inserts-6-12x12.webp 12w, https:\/\/www.yishengpack.com\/wp-content\/uploads\/2026\/01\/Wholesale-Donuts-Cupcake-Containers-Customize-Sauce-Dip-Bento-Boxes-with-Inserts-6-1200x1200.webp 1200w, https:\/\/www.yishengpack.com\/wp-content\/uploads\/2026\/01\/Wholesale-Donuts-Cupcake-Containers-Customize-Sauce-Dip-Bento-Boxes-with-Inserts-6-600x600.webp 600w, https:\/\/www.yishengpack.com\/wp-content\/uploads\/2026\/01\/Wholesale-Donuts-Cupcake-Containers-Customize-Sauce-Dip-Bento-Boxes-with-Inserts-6-100x100.webp 100w\" sizes=\"(max-width: 1328px) 100vw, 1328px\" \/><\/figure>\n\n\n\n<div class=\"wp-block-buttons has-custom-font-size has-small-font-size is-content-justification-center is-layout-flex wp-container-core-buttons-is-layout-16018d1d wp-block-buttons-is-layout-flex\">\n<div class=\"wp-block-button has-custom-width wp-block-button__width-75\"><a class=\"wp-block-button__link has-background has-small-font-size has-custom-font-size wp-element-button\" href=\"https:\/\/www.yishengpack.com\/pt\/custom-printed-box\/\" style=\"background:linear-gradient(135deg,rgb(254,205,165) 0%,rgb(254,45,45) 0%,rgb(94,15,15) 0%,rgb(94,15,15) 100%)\" target=\"_blank\" rel=\"noreferrer noopener\"><strong>Explorar caixas impressas personalizadas<\/strong><\/a><\/div>\n<\/div>\n<\/div>\n\n\n\n<div class=\"wp-block-column is-layout-flow wp-block-column-is-layout-flow\">\n<figure class=\"wp-block-image size-full\"><img decoding=\"async\" width=\"1328\" height=\"1328\" src=\"https:\/\/www.yishengpack.com\/wp-content\/uploads\/2026\/01\/Wholesale-Donuts-Cupcake-Containers-Customize-Sauce-Dip-Bento-Boxes-with-Inserts-7.webp\" alt=\"caixas-personalizadas-para-embalagem-de-alimentos-molhos-molho-para-mergulhar-caixas-bento-fornecimento-7\" class=\"wp-image-3282\" srcset=\"https:\/\/www.yishengpack.com\/wp-content\/uploads\/2026\/01\/Wholesale-Donuts-Cupcake-Containers-Customize-Sauce-Dip-Bento-Boxes-with-Inserts-7.webp 1328w, https:\/\/www.yishengpack.com\/wp-content\/uploads\/2026\/01\/Wholesale-Donuts-Cupcake-Containers-Customize-Sauce-Dip-Bento-Boxes-with-Inserts-7-300x300.webp 300w, https:\/\/www.yishengpack.com\/wp-content\/uploads\/2026\/01\/Wholesale-Donuts-Cupcake-Containers-Customize-Sauce-Dip-Bento-Boxes-with-Inserts-7-150x150.webp 150w, https:\/\/www.yishengpack.com\/wp-content\/uploads\/2026\/01\/Wholesale-Donuts-Cupcake-Containers-Customize-Sauce-Dip-Bento-Boxes-with-Inserts-7-768x768.webp 768w, https:\/\/www.yishengpack.com\/wp-content\/uploads\/2026\/01\/Wholesale-Donuts-Cupcake-Containers-Customize-Sauce-Dip-Bento-Boxes-with-Inserts-7-12x12.webp 12w, https:\/\/www.yishengpack.com\/wp-content\/uploads\/2026\/01\/Wholesale-Donuts-Cupcake-Containers-Customize-Sauce-Dip-Bento-Boxes-with-Inserts-7-1200x1200.webp 1200w, https:\/\/www.yishengpack.com\/wp-content\/uploads\/2026\/01\/Wholesale-Donuts-Cupcake-Containers-Customize-Sauce-Dip-Bento-Boxes-with-Inserts-7-600x600.webp 600w, https:\/\/www.yishengpack.com\/wp-content\/uploads\/2026\/01\/Wholesale-Donuts-Cupcake-Containers-Customize-Sauce-Dip-Bento-Boxes-with-Inserts-7-100x100.webp 100w\" sizes=\"(max-width: 1328px) 100vw, 1328px\" \/><\/figure>\n\n\n\n<div class=\"wp-block-buttons has-custom-font-size has-small-font-size is-content-justification-center is-layout-flex wp-container-core-buttons-is-layout-16018d1d wp-block-buttons-is-layout-flex\">\n<div class=\"wp-block-button has-custom-width wp-block-button__width-75\"><a class=\"wp-block-button__link has-background has-small-font-size has-custom-font-size wp-element-button\" href=\"https:\/\/www.yishengpack.com\/pt\/custom-product-boxes-types\/\" style=\"background:linear-gradient(135deg,rgb(254,205,165) 0%,rgb(254,45,45) 0%,rgb(94,15,15) 0%,rgb(94,15,15) 100%)\" target=\"_blank\" rel=\"noreferrer noopener\"><strong>Explore os tipos de caixas personalizadas<\/strong><\/a><\/div>\n<\/div>\n<\/div>\n<\/div>","protected":false},"excerpt":{"rendered":"<div class=\"auto-hide-last-sibling-br paragraph-pP9ZLC paragraph-element br-paragraph-space\">\n<p>Bem-vindo \u00e0 compra das nossas caixas personalizadas para embalagem de alimentos e caixas de papel para molhos e bento, concebidas para padarias, marcas de alimentos e empresas de catering. Fabricadas com materiais de papel de qualidade alimentar, estas caixas de embalagem personalizadas oferecem resist\u00eancia \u00e0 gordura, inser\u00e7\u00f5es seguras e tamanhos flex\u00edveis para encomendas em grandes quantidades \u2014 ideais para festas, embalagem de snacks, takeaway e aplica\u00e7\u00f5es comerciais de servi\u00e7os alimentares.<\/p>\n<h2>Destaques das caixas personalizadas para embalagem de alimentos<\/h2>\n<ul>\n<li>Personaliza\u00e7\u00e3o pessoal<\/li>\n<li>Escolhas de materiais ecol\u00f3gicos<\/li>\n<li>Revestimento interior seguro para alimentos<\/li>\n<li>In\u00fameros processos de impress\u00e3o<\/li>\n<li>V\u00e1rias cores<\/li>\n<li>Op\u00e7\u00f5es de capacidade vers\u00e1teis<\/li>\n<li>V\u00e1rios tipos de caixas<\/li>\n<li>Inser\u00e7\u00f5es personaliz\u00e1veis para compartimentos<\/li>\n<\/ul>\n<\/div>","protected":false},"featured_media":3276,"comment_status":"closed","ping_status":"closed","template":"","meta":{"_acf_changed":false},"box-type":[55],"product_brand":[],"product_cat":[46,30,32,33,71,44,45],"product_tag":[],"class_list":{"0":"post-3275","1":"product","2":"type-product","3":"status-publish","4":"has-post-thumbnail","6":"box-type-custom-foldable-boxes","7":"product_cat-wholesale-paper-boxes","8":"product_cat-cake-containers-wholesale","9":"product_cat-bakery-packaging-wholesale","10":"product_cat-food-packaging-boxes-wholesale","11":"product_cat-custom-takeout-boxes","12":"product_cat-custom-snack-box","13":"product_cat-bulk-disposable-food-containers","15":"first","16":"instock","17":"shipping-taxable","18":"product-type-simple"},"acf":[],"_links":{"self":[{"href":"https:\/\/www.yishengpack.com\/pt\/wp-json\/wp\/v2\/product\/3275","targetHints":{"allow":["GET"]}}],"collection":[{"href":"https:\/\/www.yishengpack.com\/pt\/wp-json\/wp\/v2\/product"}],"about":[{"href":"https:\/\/www.yishengpack.com\/pt\/wp-json\/wp\/v2\/types\/product"}],"replies":[{"embeddable":true,"href":"https:\/\/www.yishengpack.com\/pt\/wp-json\/wp\/v2\/comments?post=3275"}],"wp:featuredmedia":[{"embeddable":true,"href":"https:\/\/www.yishengpack.com\/pt\/wp-json\/wp\/v2\/media\/3276"}],"wp:attachment":[{"href":"https:\/\/www.yishengpack.com\/pt\/wp-json\/wp\/v2\/media?parent=3275"}],"wp:term":[{"taxonomy":"box-type","embeddable":true,"href":"https:\/\/www.yishengpack.com\/pt\/wp-json\/wp\/v2\/box-type?post=3275"},{"taxonomy":"product_brand","embeddable":true,"href":"https:\/\/www.yishengpack.com\/pt\/wp-json\/wp\/v2\/product_brand?post=3275"},{"taxonomy":"product_cat","embeddable":true,"href":"https:\/\/www.yishengpack.com\/pt\/wp-json\/wp\/v2\/product_cat?post=3275"},{"taxonomy":"product_tag","embeddable":true,"href":"https:\/\/www.yishengpack.com\/pt\/wp-json\/wp\/v2\/product_tag?post=3275"}],"curies":[{"name":"wp","href":"https:\/\/api.w.org\/{rel}","templated":true}]}}