{"id":3255,"date":"2026-01-04T01:51:03","date_gmt":"2026-01-04T01:51:03","guid":{"rendered":"https:\/\/www.yishengpack.com\/?post_type=product&#038;p=3255"},"modified":"2026-01-04T01:51:04","modified_gmt":"2026-01-04T01:51:04","slug":"chocolate-dates-gift-boxes-wholesale","status":"publish","type":"product","link":"https:\/\/www.yishengpack.com\/pt\/product\/chocolate-dates-gift-boxes-wholesale\/","title":{"rendered":"Caixas de presente com t\u00e2maras e chocolate por grosso, caixas magn\u00e9ticas personalizadas"},"content":{"rendered":"<div class=\"wp-block-columns is-layout-flex wp-container-core-columns-is-layout-9d6595d7 wp-block-columns-is-layout-flex\">\n<div class=\"wp-block-column is-layout-flow wp-block-column-is-layout-flow\">\n<h3 class=\"wp-block-heading\">Caracter\u00edsticas das caixas de chocolate com t\u00e2maras para presente por grosso<\/h3>\n\n\n\n<p><strong>Veda\u00e7\u00e3o magn\u00e9tica para luxo sem esfor\u00e7o: <\/strong>Estas caixas de chocolate com t\u00e2maras para presente a granel t\u00eam um fecho magn\u00e9tico limpo que fecha bem, proporcionando uma experi\u00eancia de abertura sofisticada e sem frustra\u00e7\u00f5es, o que as torna uma embalagem realmente excelente para oferecer presentes.<\/p>\n\n\n\n<p><strong>Concebido para embalagens de t\u00e2maras com chocolate:<\/strong> Estas caixas com fecho magn\u00e9tico personalizadas podem ser dimensionadas e ter a sua estrutura interna personalizada de acordo com a quantidade e as especifica\u00e7\u00f5es dos chocolates, garantindo uma apresenta\u00e7\u00e3o do produto organizada, bonita e est\u00e1vel.<\/p>\n\n\n\n<p><strong>Inser\u00e7\u00f5es personalizadas dispon\u00edveis:<\/strong> Estas caixas de presente com t\u00e2maras e chocolate para venda por grosso incluem inser\u00e7\u00f5es opcionais em polpa moldada, bandejas de papel, EVA, flocadas ou PET, para uma ou v\u00e1rias t\u00e2maras, para melhorar a prote\u00e7\u00e3o e o efeito de exposi\u00e7\u00e3o.<\/p>\n\n\n\n<p><strong>Saco de presente personaliz\u00e1vel:<\/strong> Estas caixas de chocolate com t\u00e2maras para presente incluem um saco de papel a condizer totalmente personaliz\u00e1vel (com detalhes opcionais em fita) \u2014 adaptado ao design da caixa para um presente coeso e com a marca.<\/p>\n\n\n\n<p><strong>Constru\u00e7\u00e3o em papel premium: <\/strong>Estas caixas com fecho magn\u00e9tico personalizadas s\u00e3o fabricadas em papel de alta qualidade, equilibrando durabilidade com um apelo refinado e t\u00e1til. Oferece servi\u00e7os completos de personaliza\u00e7\u00e3o, desde o design estrutural e amostragem at\u00e9 \u00e0 produ\u00e7\u00e3o em massa.<\/p>\n\n\n\n<p><strong>Op\u00e7\u00f5es vers\u00e1teis de paleta de cores:<\/strong> Estas caixas com fecho magn\u00e9tico personalizadas est\u00e3o dispon\u00edveis em tons ricos e dignos de presente (bord\u00f4, azul marinho, verde salva) \u2014 personaliz\u00e1veis para se alinharem com temas sazonais ou com a est\u00e9tica da marca.<\/p>\n<\/div>\n\n\n\n<div class=\"wp-block-column is-layout-flow wp-block-column-is-layout-flow\">\n<figure class=\"wp-block-image size-full\"><img decoding=\"async\" width=\"2048\" height=\"2048\" src=\"https:\/\/www.yishengpack.com\/wp-content\/uploads\/2025\/12\/Wholesale-Luxury-Dates-Gift-Boxes-Customized-Magnetic-Boxes-for-Dates-Chocolate-Packing-2.webp\" alt=\"caixas-de-chocolate-com-t\u00e2maras-para-presente-por-atacado-caixas-magn\u00e9ticas-personalizadas-2\" class=\"wp-image-3257\" srcset=\"https:\/\/www.yishengpack.com\/wp-content\/uploads\/2025\/12\/Wholesale-Luxury-Dates-Gift-Boxes-Customized-Magnetic-Boxes-for-Dates-Chocolate-Packing-2.webp 2048w, https:\/\/www.yishengpack.com\/wp-content\/uploads\/2025\/12\/Wholesale-Luxury-Dates-Gift-Boxes-Customized-Magnetic-Boxes-for-Dates-Chocolate-Packing-2-300x300.webp 300w, https:\/\/www.yishengpack.com\/wp-content\/uploads\/2025\/12\/Wholesale-Luxury-Dates-Gift-Boxes-Customized-Magnetic-Boxes-for-Dates-Chocolate-Packing-2-150x150.webp 150w, https:\/\/www.yishengpack.com\/wp-content\/uploads\/2025\/12\/Wholesale-Luxury-Dates-Gift-Boxes-Customized-Magnetic-Boxes-for-Dates-Chocolate-Packing-2-768x768.webp 768w, https:\/\/www.yishengpack.com\/wp-content\/uploads\/2025\/12\/Wholesale-Luxury-Dates-Gift-Boxes-Customized-Magnetic-Boxes-for-Dates-Chocolate-Packing-2-12x12.webp 12w, https:\/\/www.yishengpack.com\/wp-content\/uploads\/2025\/12\/Wholesale-Luxury-Dates-Gift-Boxes-Customized-Magnetic-Boxes-for-Dates-Chocolate-Packing-2-1200x1200.webp 1200w, https:\/\/www.yishengpack.com\/wp-content\/uploads\/2025\/12\/Wholesale-Luxury-Dates-Gift-Boxes-Customized-Magnetic-Boxes-for-Dates-Chocolate-Packing-2-600x600.webp 600w, https:\/\/www.yishengpack.com\/wp-content\/uploads\/2025\/12\/Wholesale-Luxury-Dates-Gift-Boxes-Customized-Magnetic-Boxes-for-Dates-Chocolate-Packing-2-100x100.webp 100w\" sizes=\"(max-width: 2048px) 100vw, 2048px\" \/><\/figure>\n<\/div>\n<\/div>\n\n\n\n<div class=\"wp-block-columns is-layout-flex wp-container-core-columns-is-layout-9d6595d7 wp-block-columns-is-layout-flex\">\n<div class=\"wp-block-column is-layout-flow wp-block-column-is-layout-flow\">\n<figure class=\"wp-block-image size-full\"><img decoding=\"async\" width=\"2048\" height=\"2048\" src=\"https:\/\/www.yishengpack.com\/wp-content\/uploads\/2025\/12\/Wholesale-Luxury-Dates-Gift-Boxes-Customized-Magnetic-Boxes-for-Dates-Chocolate-Packing-4.webp\" alt=\"caixas-de-chocolate-com-t\u00e2maras-para-presente-por-atacado-caixas-magn\u00e9ticas-personalizadas-4\" class=\"wp-image-3259\" srcset=\"https:\/\/www.yishengpack.com\/wp-content\/uploads\/2025\/12\/Wholesale-Luxury-Dates-Gift-Boxes-Customized-Magnetic-Boxes-for-Dates-Chocolate-Packing-4.webp 2048w, https:\/\/www.yishengpack.com\/wp-content\/uploads\/2025\/12\/Wholesale-Luxury-Dates-Gift-Boxes-Customized-Magnetic-Boxes-for-Dates-Chocolate-Packing-4-300x300.webp 300w, https:\/\/www.yishengpack.com\/wp-content\/uploads\/2025\/12\/Wholesale-Luxury-Dates-Gift-Boxes-Customized-Magnetic-Boxes-for-Dates-Chocolate-Packing-4-150x150.webp 150w, https:\/\/www.yishengpack.com\/wp-content\/uploads\/2025\/12\/Wholesale-Luxury-Dates-Gift-Boxes-Customized-Magnetic-Boxes-for-Dates-Chocolate-Packing-4-768x768.webp 768w, https:\/\/www.yishengpack.com\/wp-content\/uploads\/2025\/12\/Wholesale-Luxury-Dates-Gift-Boxes-Customized-Magnetic-Boxes-for-Dates-Chocolate-Packing-4-12x12.webp 12w, https:\/\/www.yishengpack.com\/wp-content\/uploads\/2025\/12\/Wholesale-Luxury-Dates-Gift-Boxes-Customized-Magnetic-Boxes-for-Dates-Chocolate-Packing-4-1200x1200.webp 1200w, https:\/\/www.yishengpack.com\/wp-content\/uploads\/2025\/12\/Wholesale-Luxury-Dates-Gift-Boxes-Customized-Magnetic-Boxes-for-Dates-Chocolate-Packing-4-600x600.webp 600w, https:\/\/www.yishengpack.com\/wp-content\/uploads\/2025\/12\/Wholesale-Luxury-Dates-Gift-Boxes-Customized-Magnetic-Boxes-for-Dates-Chocolate-Packing-4-100x100.webp 100w\" sizes=\"(max-width: 2048px) 100vw, 2048px\" \/><\/figure>\n\n\n\n<div class=\"wp-block-buttons has-custom-font-size has-small-font-size is-content-justification-center is-layout-flex wp-container-core-buttons-is-layout-16018d1d wp-block-buttons-is-layout-flex\">\n<div class=\"wp-block-button has-custom-width wp-block-button__width-75\"><a class=\"wp-block-button__link has-background has-small-font-size has-custom-font-size wp-element-button\" href=\"https:\/\/www.yishengpack.com\/pt\/custom-printed-box\/\" style=\"background:linear-gradient(135deg,rgb(254,205,165) 0%,rgb(254,45,45) 0%,rgb(94,15,15) 0%,rgb(94,15,15) 100%)\" target=\"_blank\" rel=\"noreferrer noopener\"><strong>Explorar caixas impressas personalizadas<\/strong><\/a><\/div>\n<\/div>\n<\/div>\n\n\n\n<div class=\"wp-block-column is-layout-flow wp-block-column-is-layout-flow\">\n<figure class=\"wp-block-image size-full\"><img decoding=\"async\" width=\"2048\" height=\"2048\" src=\"https:\/\/www.yishengpack.com\/wp-content\/uploads\/2025\/12\/Wholesale-Luxury-Dates-Gift-Boxes-Customized-Magnetic-Boxes-for-Dates-Chocolate-Packing-7.webp\" alt=\"caixas-de-chocolate-com-t\u00e2maras-para-presente-por-atacado-caixas-magn\u00e9ticas-personalizadas-7\" class=\"wp-image-3262\" srcset=\"https:\/\/www.yishengpack.com\/wp-content\/uploads\/2025\/12\/Wholesale-Luxury-Dates-Gift-Boxes-Customized-Magnetic-Boxes-for-Dates-Chocolate-Packing-7.webp 2048w, https:\/\/www.yishengpack.com\/wp-content\/uploads\/2025\/12\/Wholesale-Luxury-Dates-Gift-Boxes-Customized-Magnetic-Boxes-for-Dates-Chocolate-Packing-7-300x300.webp 300w, https:\/\/www.yishengpack.com\/wp-content\/uploads\/2025\/12\/Wholesale-Luxury-Dates-Gift-Boxes-Customized-Magnetic-Boxes-for-Dates-Chocolate-Packing-7-150x150.webp 150w, https:\/\/www.yishengpack.com\/wp-content\/uploads\/2025\/12\/Wholesale-Luxury-Dates-Gift-Boxes-Customized-Magnetic-Boxes-for-Dates-Chocolate-Packing-7-768x768.webp 768w, https:\/\/www.yishengpack.com\/wp-content\/uploads\/2025\/12\/Wholesale-Luxury-Dates-Gift-Boxes-Customized-Magnetic-Boxes-for-Dates-Chocolate-Packing-7-12x12.webp 12w, https:\/\/www.yishengpack.com\/wp-content\/uploads\/2025\/12\/Wholesale-Luxury-Dates-Gift-Boxes-Customized-Magnetic-Boxes-for-Dates-Chocolate-Packing-7-1200x1200.webp 1200w, https:\/\/www.yishengpack.com\/wp-content\/uploads\/2025\/12\/Wholesale-Luxury-Dates-Gift-Boxes-Customized-Magnetic-Boxes-for-Dates-Chocolate-Packing-7-600x600.webp 600w, https:\/\/www.yishengpack.com\/wp-content\/uploads\/2025\/12\/Wholesale-Luxury-Dates-Gift-Boxes-Customized-Magnetic-Boxes-for-Dates-Chocolate-Packing-7-100x100.webp 100w\" sizes=\"(max-width: 2048px) 100vw, 2048px\" \/><\/figure>\n\n\n\n<div class=\"wp-block-buttons has-custom-font-size has-small-font-size is-content-justification-center is-layout-flex wp-container-core-buttons-is-layout-16018d1d wp-block-buttons-is-layout-flex\">\n<div class=\"wp-block-button has-custom-width wp-block-button__width-75\"><a class=\"wp-block-button__link has-background has-small-font-size has-custom-font-size wp-element-button\" href=\"https:\/\/www.yishengpack.com\/pt\/custom-box-inserts-accessories\/\" style=\"background:linear-gradient(135deg,rgb(254,205,165) 0%,rgb(254,45,45) 0%,rgb(94,15,15) 0%,rgb(94,15,15) 100%)\" target=\"_blank\" rel=\"noreferrer noopener\"><strong>Explorar inser\u00e7\u00f5es de caixas personalizadas<\/strong><\/a><\/div>\n<\/div>\n<\/div>\n<\/div>","protected":false},"excerpt":{"rendered":"<div class=\"auto-hide-last-sibling-br paragraph-pP9ZLC paragraph-element br-paragraph-space\">\n<p>Bem-vindo \u00e0 compra por grosso das nossas caixas de presente de t\u00e2maras com chocolate com design personalizado de fecho magn\u00e9tico, ideais para embalagens de alimentos e presentes premium. Estas caixas de presente magn\u00e9ticas personalizadas apresentam uma estrutura r\u00edgida e dobr\u00e1vel com materiais seguros para alimentos, inser\u00e7\u00f5es personaliz\u00e1veis e acabamentos de impress\u00e3o de alta qualidade. Perfeitas para encomendas em grandes quantidades, marcas pr\u00f3prias e solu\u00e7\u00f5es de embalagem OEM para t\u00e2maras com chocolate, doces e presentes alimentares de luxo. Caixas de presente de t\u00e2maras de luxo personalizadas.<\/p>\n<h2>Destaques das caixas de presente com t\u00e2maras e chocolate por grosso<\/h2>\n<ul>\n<li>Fecho magn\u00e9tico seguro<\/li>\n<li>Personaliza\u00e7\u00e3o personalizada<\/li>\n<li>Materiais \u00e0 prova de \u00e1gua<\/li>\n<li>Artesanato requintado<\/li>\n<li>Op\u00e7\u00f5es de tamanhos vers\u00e1teis<\/li>\n<li>V\u00e1rias op\u00e7\u00f5es de cores<\/li>\n<li>Detalhes de forro luxuosos<\/li>\n<li>Design estrutural dur\u00e1vel<\/li>\n<\/ul>\n<\/div>","protected":false},"featured_media":3256,"comment_status":"closed","ping_status":"closed","template":"","meta":{"_acf_changed":false},"box-type":[54,57],"product_brand":[],"product_cat":[46,19,41,68,33,44],"product_tag":[],"class_list":{"0":"post-3255","1":"product","2":"type-product","3":"status-publish","4":"has-post-thumbnail","6":"box-type-custom-magnetic-closure-boxes","7":"box-type-custom-rigid-box-with-lid","8":"product_cat-wholesale-paper-boxes","9":"product_cat-luxury-gift-boxes-wholesale","10":"product_cat-candy-gift-boxes-wholesale","11":"product_cat-custom-dates-box","12":"product_cat-food-packaging-boxes-wholesale","13":"product_cat-custom-snack-box","15":"first","16":"instock","17":"shipping-taxable","18":"product-type-simple"},"acf":[],"_links":{"self":[{"href":"https:\/\/www.yishengpack.com\/pt\/wp-json\/wp\/v2\/product\/3255","targetHints":{"allow":["GET"]}}],"collection":[{"href":"https:\/\/www.yishengpack.com\/pt\/wp-json\/wp\/v2\/product"}],"about":[{"href":"https:\/\/www.yishengpack.com\/pt\/wp-json\/wp\/v2\/types\/product"}],"replies":[{"embeddable":true,"href":"https:\/\/www.yishengpack.com\/pt\/wp-json\/wp\/v2\/comments?post=3255"}],"wp:featuredmedia":[{"embeddable":true,"href":"https:\/\/www.yishengpack.com\/pt\/wp-json\/wp\/v2\/media\/3256"}],"wp:attachment":[{"href":"https:\/\/www.yishengpack.com\/pt\/wp-json\/wp\/v2\/media?parent=3255"}],"wp:term":[{"taxonomy":"box-type","embeddable":true,"href":"https:\/\/www.yishengpack.com\/pt\/wp-json\/wp\/v2\/box-type?post=3255"},{"taxonomy":"product_brand","embeddable":true,"href":"https:\/\/www.yishengpack.com\/pt\/wp-json\/wp\/v2\/product_brand?post=3255"},{"taxonomy":"product_cat","embeddable":true,"href":"https:\/\/www.yishengpack.com\/pt\/wp-json\/wp\/v2\/product_cat?post=3255"},{"taxonomy":"product_tag","embeddable":true,"href":"https:\/\/www.yishengpack.com\/pt\/wp-json\/wp\/v2\/product_tag?post=3255"}],"curies":[{"name":"wp","href":"https:\/\/api.w.org\/{rel}","templated":true}]}}