{"id":3246,"date":"2026-01-03T10:30:27","date_gmt":"2026-01-03T10:30:27","guid":{"rendered":"https:\/\/www.yishengpack.com\/?post_type=product&#038;p=3246"},"modified":"2026-01-03T10:30:28","modified_gmt":"2026-01-03T10:30:28","slug":"wholesale-dates-gift-boxes","status":"publish","type":"product","link":"https:\/\/www.yishengpack.com\/pt\/product\/wholesale-dates-gift-boxes\/","title":{"rendered":"Caixas de presente premium para t\u00e2maras, caixas magn\u00e9ticas com tamanho personalizado"},"content":{"rendered":"<div class=\"wp-block-columns is-layout-flex wp-container-core-columns-is-layout-9d6595d7 wp-block-columns-is-layout-flex\">\n<div class=\"wp-block-column is-layout-flow wp-block-column-is-layout-flow\">\n<h3 class=\"wp-block-heading\">Caracter\u00edsticas das caixas de presente com t\u00e2maras por grosso<\/h3>\n\n\n\n<p><strong>Sofistica\u00e7\u00e3o do fecho magn\u00e9tico:<\/strong> Estas caixas de presente premium para t\u00e2maras a granel apresentam um fecho magn\u00e9tico perfeito que se fecha com seguran\u00e7a, proporcionando uma experi\u00eancia luxuosa e f\u00e1cil de abrir e fechar, ideal para presentes sofisticados.<\/p>\n\n\n\n<p><strong>Bandeja interna personaliz\u00e1vel e segura para alimentos:<\/strong> Estas luxuosas caixas de presente para t\u00e2maras a granel v\u00eam com uma bandeja de papel destac\u00e1vel pr\u00f3pria para alimentos (para t\u00e2maras, doces ou pequenas guloseimas) \u2014 personalizada para se adequar a formas de produtos e estilos de marca distintos.<\/p>\n\n\n\n<p><strong>Estrutura em papel r\u00edgido: <\/strong>As nossas caixas magn\u00e9ticas de tamanho personalizado s\u00e3o fabricadas em cart\u00e3o resistente e espesso. Estas caixas magn\u00e9ticas de papel mant\u00eam a sua forma perfeita, sendo ideais para proteger conte\u00fados delicados e conferindo um toque de sofistica\u00e7\u00e3o.<\/p>\n\n\n\n<p><strong>Detalhes ornamentados em relevo e dourados:<\/strong> As nossas caixas magn\u00e9ticas de tamanho personalizado podem ser personalizadas com padr\u00f5es em relevo e detalhes em folha de ouro no exterior de papel, adicionando eleg\u00e2ncia artesanal, alinhando-se com a est\u00e9tica cultural ou da marca.<\/p>\n\n\n\n<p><strong>Tamanho vers\u00e1til e adaptabilidade de inser\u00e7\u00e3o: <\/strong>Estas caixas de presente premium para t\u00e2maras a granel s\u00e3o totalmente personaliz\u00e1veis em termos de dimens\u00f5es. As caixas de papel magn\u00e9ticas suportam inser\u00e7\u00f5es intercambi\u00e1veis (para doces, pequenos presentes) para atender \u00e0s diversas necessidades dos produtos, com op\u00e7\u00f5es de personaliza\u00e7\u00e3o da marca.<\/p>\n<\/div>\n\n\n\n<div class=\"wp-block-column is-layout-flow wp-block-column-is-layout-flow\">\n<figure class=\"wp-block-image size-full\"><img decoding=\"async\" width=\"1304\" height=\"1304\" src=\"https:\/\/www.yishengpack.com\/wp-content\/uploads\/2025\/12\/Premium-Magnetic-Dates-Packaging-Gift-Boxes-Wholesale-Custom-Size-Boxes-1-2.webp\" alt=\"caixas-de-presente-de-t\u00e2maras-premium-por-atacado-tamanho-personalizado-caixa-magn\u00e9tica-2\" class=\"wp-image-3248\" srcset=\"https:\/\/www.yishengpack.com\/wp-content\/uploads\/2025\/12\/Premium-Magnetic-Dates-Packaging-Gift-Boxes-Wholesale-Custom-Size-Boxes-1-2.webp 1304w, https:\/\/www.yishengpack.com\/wp-content\/uploads\/2025\/12\/Premium-Magnetic-Dates-Packaging-Gift-Boxes-Wholesale-Custom-Size-Boxes-1-2-300x300.webp 300w, https:\/\/www.yishengpack.com\/wp-content\/uploads\/2025\/12\/Premium-Magnetic-Dates-Packaging-Gift-Boxes-Wholesale-Custom-Size-Boxes-1-2-150x150.webp 150w, https:\/\/www.yishengpack.com\/wp-content\/uploads\/2025\/12\/Premium-Magnetic-Dates-Packaging-Gift-Boxes-Wholesale-Custom-Size-Boxes-1-2-768x768.webp 768w, https:\/\/www.yishengpack.com\/wp-content\/uploads\/2025\/12\/Premium-Magnetic-Dates-Packaging-Gift-Boxes-Wholesale-Custom-Size-Boxes-1-2-12x12.webp 12w, https:\/\/www.yishengpack.com\/wp-content\/uploads\/2025\/12\/Premium-Magnetic-Dates-Packaging-Gift-Boxes-Wholesale-Custom-Size-Boxes-1-2-1200x1200.webp 1200w, https:\/\/www.yishengpack.com\/wp-content\/uploads\/2025\/12\/Premium-Magnetic-Dates-Packaging-Gift-Boxes-Wholesale-Custom-Size-Boxes-1-2-600x600.webp 600w, https:\/\/www.yishengpack.com\/wp-content\/uploads\/2025\/12\/Premium-Magnetic-Dates-Packaging-Gift-Boxes-Wholesale-Custom-Size-Boxes-1-2-100x100.webp 100w\" sizes=\"(max-width: 1304px) 100vw, 1304px\" \/><\/figure>\n<\/div>\n<\/div>\n\n\n\n<div class=\"wp-block-columns is-layout-flex wp-container-core-columns-is-layout-9d6595d7 wp-block-columns-is-layout-flex\">\n<div class=\"wp-block-column is-layout-flow wp-block-column-is-layout-flow\">\n<figure class=\"wp-block-image size-full\"><img decoding=\"async\" width=\"1253\" height=\"1253\" src=\"https:\/\/www.yishengpack.com\/wp-content\/uploads\/2025\/12\/Premium-Magnetic-Dates-Packaging-Gift-Boxes-Wholesale-Custom-Size-Boxes-3.webp\" alt=\"caixas-de-presente-de-t\u00e2maras-premium-por-atacado-tamanho-personalizado-caixa-magn\u00e9tica-3\" class=\"wp-image-3249\" srcset=\"https:\/\/www.yishengpack.com\/wp-content\/uploads\/2025\/12\/Premium-Magnetic-Dates-Packaging-Gift-Boxes-Wholesale-Custom-Size-Boxes-3.webp 1253w, https:\/\/www.yishengpack.com\/wp-content\/uploads\/2025\/12\/Premium-Magnetic-Dates-Packaging-Gift-Boxes-Wholesale-Custom-Size-Boxes-3-300x300.webp 300w, https:\/\/www.yishengpack.com\/wp-content\/uploads\/2025\/12\/Premium-Magnetic-Dates-Packaging-Gift-Boxes-Wholesale-Custom-Size-Boxes-3-150x150.webp 150w, https:\/\/www.yishengpack.com\/wp-content\/uploads\/2025\/12\/Premium-Magnetic-Dates-Packaging-Gift-Boxes-Wholesale-Custom-Size-Boxes-3-768x768.webp 768w, https:\/\/www.yishengpack.com\/wp-content\/uploads\/2025\/12\/Premium-Magnetic-Dates-Packaging-Gift-Boxes-Wholesale-Custom-Size-Boxes-3-12x12.webp 12w, https:\/\/www.yishengpack.com\/wp-content\/uploads\/2025\/12\/Premium-Magnetic-Dates-Packaging-Gift-Boxes-Wholesale-Custom-Size-Boxes-3-1200x1200.webp 1200w, https:\/\/www.yishengpack.com\/wp-content\/uploads\/2025\/12\/Premium-Magnetic-Dates-Packaging-Gift-Boxes-Wholesale-Custom-Size-Boxes-3-600x600.webp 600w, https:\/\/www.yishengpack.com\/wp-content\/uploads\/2025\/12\/Premium-Magnetic-Dates-Packaging-Gift-Boxes-Wholesale-Custom-Size-Boxes-3-100x100.webp 100w\" sizes=\"(max-width: 1253px) 100vw, 1253px\" \/><\/figure>\n\n\n\n<div class=\"wp-block-buttons has-custom-font-size has-small-font-size is-content-justification-center is-layout-flex wp-container-core-buttons-is-layout-16018d1d wp-block-buttons-is-layout-flex\">\n<div class=\"wp-block-button has-custom-width wp-block-button__width-75\"><a class=\"wp-block-button__link has-background has-small-font-size has-custom-font-size wp-element-button\" href=\"https:\/\/www.yishengpack.com\/pt\/custom-printed-box\/\" style=\"background:linear-gradient(135deg,rgb(254,205,165) 0%,rgb(254,45,45) 0%,rgb(94,15,15) 0%,rgb(94,15,15) 100%)\" target=\"_blank\" rel=\"noreferrer noopener\"><strong>Explorar caixas impressas personalizadas<\/strong><\/a><\/div>\n<\/div>\n<\/div>\n\n\n\n<div class=\"wp-block-column is-layout-flow wp-block-column-is-layout-flow\">\n<figure class=\"wp-block-image size-full\"><img decoding=\"async\" width=\"1238\" height=\"1238\" src=\"https:\/\/www.yishengpack.com\/wp-content\/uploads\/2025\/12\/Premium-Magnetic-Dates-Packaging-Gift-Boxes-Wholesale-Custom-Size-Boxes-6.webp\" alt=\"caixas-de-presente-de-t\u00e2maras-premium-por-atacado-tamanho-personalizado-magn\u00e9ticas-6\" class=\"wp-image-3252\" srcset=\"https:\/\/www.yishengpack.com\/wp-content\/uploads\/2025\/12\/Premium-Magnetic-Dates-Packaging-Gift-Boxes-Wholesale-Custom-Size-Boxes-6.webp 1238w, https:\/\/www.yishengpack.com\/wp-content\/uploads\/2025\/12\/Premium-Magnetic-Dates-Packaging-Gift-Boxes-Wholesale-Custom-Size-Boxes-6-300x300.webp 300w, https:\/\/www.yishengpack.com\/wp-content\/uploads\/2025\/12\/Premium-Magnetic-Dates-Packaging-Gift-Boxes-Wholesale-Custom-Size-Boxes-6-150x150.webp 150w, https:\/\/www.yishengpack.com\/wp-content\/uploads\/2025\/12\/Premium-Magnetic-Dates-Packaging-Gift-Boxes-Wholesale-Custom-Size-Boxes-6-768x768.webp 768w, https:\/\/www.yishengpack.com\/wp-content\/uploads\/2025\/12\/Premium-Magnetic-Dates-Packaging-Gift-Boxes-Wholesale-Custom-Size-Boxes-6-12x12.webp 12w, https:\/\/www.yishengpack.com\/wp-content\/uploads\/2025\/12\/Premium-Magnetic-Dates-Packaging-Gift-Boxes-Wholesale-Custom-Size-Boxes-6-1200x1200.webp 1200w, https:\/\/www.yishengpack.com\/wp-content\/uploads\/2025\/12\/Premium-Magnetic-Dates-Packaging-Gift-Boxes-Wholesale-Custom-Size-Boxes-6-600x600.webp 600w, https:\/\/www.yishengpack.com\/wp-content\/uploads\/2025\/12\/Premium-Magnetic-Dates-Packaging-Gift-Boxes-Wholesale-Custom-Size-Boxes-6-100x100.webp 100w\" sizes=\"(max-width: 1238px) 100vw, 1238px\" \/><\/figure>\n\n\n\n<div class=\"wp-block-buttons has-custom-font-size has-small-font-size is-content-justification-center is-layout-flex wp-container-core-buttons-is-layout-16018d1d wp-block-buttons-is-layout-flex\">\n<div class=\"wp-block-button has-custom-width wp-block-button__width-75\"><a class=\"wp-block-button__link has-background has-small-font-size has-custom-font-size wp-element-button\" href=\"https:\/\/www.yishengpack.com\/pt\/custom-box-inserts-accessories\/\" style=\"background:linear-gradient(135deg,rgb(254,205,165) 0%,rgb(254,45,45) 0%,rgb(94,15,15) 0%,rgb(94,15,15) 100%)\" target=\"_blank\" rel=\"noreferrer noopener\"><strong>Explorar inser\u00e7\u00f5es de caixas personalizadas<\/strong><\/a><\/div>\n<\/div>\n<\/div>\n<\/div>","protected":false},"excerpt":{"rendered":"<div class=\"auto-hide-last-sibling-br paragraph-pP9ZLC paragraph-element br-paragraph-space\">\n<p>Bem-vindo \u00e0 compra das nossas caixas de presente premium para t\u00e2maras, com fecho magn\u00e9tico de tamanho personalizado, concebidas para o embalamento de t\u00e2maras e frutos secos de luxo. Estas caixas r\u00edgidas com fecho magn\u00e9tico apresentam uma constru\u00e7\u00e3o dur\u00e1vel, uma apresenta\u00e7\u00e3o elegante e op\u00e7\u00f5es de personaliza\u00e7\u00e3o completas, incluindo impress\u00e3o, acabamentos e inser\u00e7\u00f5es. Ideais para encomendas em grandes quantidades, s\u00e3o amplamente utilizadas para presentes do Ramad\u00e3o, embalagens de retalho e conjuntos de presentes alimentares de marca.<\/p>\n<h2>Destaques das caixas de presente com t\u00e2maras por grosso<\/h2>\n<ul>\n<li>Constru\u00e7\u00e3o r\u00edgida refor\u00e7ada<\/li>\n<li>Personaliza\u00e7\u00e3o de alta qualidade<\/li>\n<li>Materiais amigos do ambiente<\/li>\n<li>V\u00e1rios tipos de impress\u00e3o<\/li>\n<li>Artesanato requintado<\/li>\n<li>V\u00e1rios tipos de caixas<\/li>\n<li>Silhuetas minimalistas, mas opulentas<\/li>\n<li>Revestimento interno premium seguro para alimentos<\/li>\n<\/ul>\n<\/div>","protected":false},"featured_media":3247,"comment_status":"closed","ping_status":"closed","template":"","meta":{"_acf_changed":false},"box-type":[54,57],"product_brand":[],"product_cat":[19,41,68,46,33,44],"product_tag":[],"class_list":{"0":"post-3246","1":"product","2":"type-product","3":"status-publish","4":"has-post-thumbnail","6":"box-type-custom-magnetic-closure-boxes","7":"box-type-custom-rigid-box-with-lid","8":"product_cat-luxury-gift-boxes-wholesale","9":"product_cat-candy-gift-boxes-wholesale","10":"product_cat-custom-dates-box","11":"product_cat-wholesale-paper-boxes","12":"product_cat-food-packaging-boxes-wholesale","13":"product_cat-custom-snack-box","15":"first","16":"instock","17":"shipping-taxable","18":"product-type-simple"},"acf":[],"_links":{"self":[{"href":"https:\/\/www.yishengpack.com\/pt\/wp-json\/wp\/v2\/product\/3246","targetHints":{"allow":["GET"]}}],"collection":[{"href":"https:\/\/www.yishengpack.com\/pt\/wp-json\/wp\/v2\/product"}],"about":[{"href":"https:\/\/www.yishengpack.com\/pt\/wp-json\/wp\/v2\/types\/product"}],"replies":[{"embeddable":true,"href":"https:\/\/www.yishengpack.com\/pt\/wp-json\/wp\/v2\/comments?post=3246"}],"wp:featuredmedia":[{"embeddable":true,"href":"https:\/\/www.yishengpack.com\/pt\/wp-json\/wp\/v2\/media\/3247"}],"wp:attachment":[{"href":"https:\/\/www.yishengpack.com\/pt\/wp-json\/wp\/v2\/media?parent=3246"}],"wp:term":[{"taxonomy":"box-type","embeddable":true,"href":"https:\/\/www.yishengpack.com\/pt\/wp-json\/wp\/v2\/box-type?post=3246"},{"taxonomy":"product_brand","embeddable":true,"href":"https:\/\/www.yishengpack.com\/pt\/wp-json\/wp\/v2\/product_brand?post=3246"},{"taxonomy":"product_cat","embeddable":true,"href":"https:\/\/www.yishengpack.com\/pt\/wp-json\/wp\/v2\/product_cat?post=3246"},{"taxonomy":"product_tag","embeddable":true,"href":"https:\/\/www.yishengpack.com\/pt\/wp-json\/wp\/v2\/product_tag?post=3246"}],"curies":[{"name":"wp","href":"https:\/\/api.w.org\/{rel}","templated":true}]}}