{"id":3238,"date":"2026-01-03T10:16:13","date_gmt":"2026-01-03T10:16:13","guid":{"rendered":"https:\/\/www.yishengpack.com\/?post_type=product&#038;p=3238"},"modified":"2026-01-03T10:16:53","modified_gmt":"2026-01-03T10:16:53","slug":"luxury-gift-boxes-bulk","status":"publish","type":"product","link":"https:\/\/www.yishengpack.com\/pt\/product\/luxury-gift-boxes-bulk\/","title":{"rendered":"Caixas de presente de luxo a granel, caixa magn\u00e9tica r\u00edgida personalizada para presentes e artesanato"},"content":{"rendered":"<div class=\"wp-block-columns is-layout-flex wp-container-core-columns-is-layout-9d6595d7 wp-block-columns-is-layout-flex\">\n<div class=\"wp-block-column is-layout-flow wp-block-column-is-layout-flow\">\n<h3 class=\"wp-block-heading\">Caracter\u00edsticas das caixas de presente de luxo a granel<\/h3>\n\n\n\n<p><strong>Fecho magn\u00e9tico de luxo: <\/strong>Estas caixas de presente de luxo a granel apresentam um sistema de fecho magn\u00e9tico oculto. A tampa fecha com um clique subtil e premium para um perfil elegante e sem costuras, enquanto o movimento suave de abertura eleva o ritual de desembalar.<\/p>\n\n\n\n<p><strong>Interiores forrados a veludo ou personalizados:<\/strong> Estas caixas de presente de luxo s\u00e3o revestidas com tecidos macios e premium (como cetim) ou inser\u00e7\u00f5es personalizadas. Essas op\u00e7\u00f5es protegem os itens \u2014 de velas a pequenos presentes \u2014 com seguran\u00e7a, ao mesmo tempo que adicionam um acabamento t\u00e1til luxuoso.<\/p>\n\n\n\n<p><strong>Embalagem plana para log\u00edstica premium:<\/strong> A nossa caixa magn\u00e9tica r\u00edgida personalizada \u00e9 enviada desmontada para reduzir o volume de transporte. Este design reduz os custos de armazenamento e entrega sem comprometer a estrutura r\u00edgida e sofisticada da caixa depois de montada.<\/p>\n\n\n\n<p><strong>Acabamentos monocrom\u00e1ticos e met\u00e1licos opulentos:<\/strong> A nossa caixa magn\u00e9tica r\u00edgida personalizada est\u00e1 dispon\u00edvel em tons ricos e sofisticados, combinados com acabamentos luxuosos. Estes detalhes criam uma est\u00e9tica sofisticada, digna de um presente.<\/p>\n\n\n\n<p><strong>Personaliza\u00e7\u00e3o sob medida da marca e da ocasi\u00e3o:<\/strong> Estas caixas de presente de luxo s\u00e3o totalmente personalizadas de acordo com as necessidades: ajuste as dimens\u00f5es, adicione log\u00f3tipos em relevo ou detalhes em folha met\u00e1lica, selecione os tecidos do forro e ajuste os layouts interiores para se alinharem com a marca ou ocasi\u00f5es espec\u00edficas de oferta.<\/p>\n<\/div>\n\n\n\n<div class=\"wp-block-column is-layout-flow wp-block-column-is-layout-flow\">\n<figure class=\"wp-block-image size-full\"><img decoding=\"async\" width=\"2048\" height=\"2048\" src=\"https:\/\/www.yishengpack.com\/wp-content\/uploads\/2025\/12\/Luxury-Green-Gift-Box-Wholesale-Customizable-Rigid-Magnetic-Box-for-Gift-Craft-Packaging-2.webp\" alt=\"caixas-de-presente-de-luxo-a-granel-caixa-r\u00edgida-magn\u00e9tica-personalizada-para-presentes-e-artesanato-2\" class=\"wp-image-3240\" srcset=\"https:\/\/www.yishengpack.com\/wp-content\/uploads\/2025\/12\/Luxury-Green-Gift-Box-Wholesale-Customizable-Rigid-Magnetic-Box-for-Gift-Craft-Packaging-2.webp 2048w, https:\/\/www.yishengpack.com\/wp-content\/uploads\/2025\/12\/Luxury-Green-Gift-Box-Wholesale-Customizable-Rigid-Magnetic-Box-for-Gift-Craft-Packaging-2-300x300.webp 300w, https:\/\/www.yishengpack.com\/wp-content\/uploads\/2025\/12\/Luxury-Green-Gift-Box-Wholesale-Customizable-Rigid-Magnetic-Box-for-Gift-Craft-Packaging-2-150x150.webp 150w, https:\/\/www.yishengpack.com\/wp-content\/uploads\/2025\/12\/Luxury-Green-Gift-Box-Wholesale-Customizable-Rigid-Magnetic-Box-for-Gift-Craft-Packaging-2-768x768.webp 768w, https:\/\/www.yishengpack.com\/wp-content\/uploads\/2025\/12\/Luxury-Green-Gift-Box-Wholesale-Customizable-Rigid-Magnetic-Box-for-Gift-Craft-Packaging-2-12x12.webp 12w, https:\/\/www.yishengpack.com\/wp-content\/uploads\/2025\/12\/Luxury-Green-Gift-Box-Wholesale-Customizable-Rigid-Magnetic-Box-for-Gift-Craft-Packaging-2-1200x1200.webp 1200w, https:\/\/www.yishengpack.com\/wp-content\/uploads\/2025\/12\/Luxury-Green-Gift-Box-Wholesale-Customizable-Rigid-Magnetic-Box-for-Gift-Craft-Packaging-2-600x600.webp 600w, https:\/\/www.yishengpack.com\/wp-content\/uploads\/2025\/12\/Luxury-Green-Gift-Box-Wholesale-Customizable-Rigid-Magnetic-Box-for-Gift-Craft-Packaging-2-100x100.webp 100w\" sizes=\"(max-width: 2048px) 100vw, 2048px\" \/><\/figure>\n<\/div>\n<\/div>\n\n\n\n<div class=\"wp-block-columns is-layout-flex wp-container-core-columns-is-layout-9d6595d7 wp-block-columns-is-layout-flex\">\n<div class=\"wp-block-column is-layout-flow wp-block-column-is-layout-flow\">\n<figure class=\"wp-block-image size-full\"><img decoding=\"async\" width=\"1142\" height=\"1142\" src=\"https:\/\/www.yishengpack.com\/wp-content\/uploads\/2025\/12\/Luxury-Green-Gift-Box-Wholesale-Customizable-Rigid-Magnetic-Box-for-Gift-Craft-Packaging-6.webp\" alt=\"caixas-de-presente-de-luxo-a-granel-caixa-r\u00edgida-magn\u00e9tica-personalizada-para-presentes-e-artesanato-6\" class=\"wp-image-3244\" srcset=\"https:\/\/www.yishengpack.com\/wp-content\/uploads\/2025\/12\/Luxury-Green-Gift-Box-Wholesale-Customizable-Rigid-Magnetic-Box-for-Gift-Craft-Packaging-6.webp 1142w, https:\/\/www.yishengpack.com\/wp-content\/uploads\/2025\/12\/Luxury-Green-Gift-Box-Wholesale-Customizable-Rigid-Magnetic-Box-for-Gift-Craft-Packaging-6-300x300.webp 300w, https:\/\/www.yishengpack.com\/wp-content\/uploads\/2025\/12\/Luxury-Green-Gift-Box-Wholesale-Customizable-Rigid-Magnetic-Box-for-Gift-Craft-Packaging-6-150x150.webp 150w, https:\/\/www.yishengpack.com\/wp-content\/uploads\/2025\/12\/Luxury-Green-Gift-Box-Wholesale-Customizable-Rigid-Magnetic-Box-for-Gift-Craft-Packaging-6-768x768.webp 768w, https:\/\/www.yishengpack.com\/wp-content\/uploads\/2025\/12\/Luxury-Green-Gift-Box-Wholesale-Customizable-Rigid-Magnetic-Box-for-Gift-Craft-Packaging-6-12x12.webp 12w, https:\/\/www.yishengpack.com\/wp-content\/uploads\/2025\/12\/Luxury-Green-Gift-Box-Wholesale-Customizable-Rigid-Magnetic-Box-for-Gift-Craft-Packaging-6-600x600.webp 600w, https:\/\/www.yishengpack.com\/wp-content\/uploads\/2025\/12\/Luxury-Green-Gift-Box-Wholesale-Customizable-Rigid-Magnetic-Box-for-Gift-Craft-Packaging-6-100x100.webp 100w\" sizes=\"(max-width: 1142px) 100vw, 1142px\" \/><\/figure>\n\n\n\n<div class=\"wp-block-buttons has-custom-font-size has-small-font-size is-content-justification-center is-layout-flex wp-container-core-buttons-is-layout-16018d1d wp-block-buttons-is-layout-flex\">\n<div class=\"wp-block-button has-custom-width wp-block-button__width-75\"><a class=\"wp-block-button__link has-background has-small-font-size has-custom-font-size wp-element-button\" href=\"https:\/\/www.yishengpack.com\/pt\/custom-printed-box\/\" style=\"background:linear-gradient(135deg,rgb(254,205,165) 0%,rgb(254,45,45) 0%,rgb(94,15,15) 0%,rgb(94,15,15) 100%)\" target=\"_blank\" rel=\"noreferrer noopener\"><strong>Explorar caixas impressas personalizadas<\/strong><\/a><\/div>\n<\/div>\n<\/div>\n\n\n\n<div class=\"wp-block-column is-layout-flow wp-block-column-is-layout-flow\">\n<figure class=\"wp-block-image size-full\"><img decoding=\"async\" width=\"1841\" height=\"1841\" src=\"https:\/\/www.yishengpack.com\/wp-content\/uploads\/2025\/12\/Luxury-Green-Gift-Box-Wholesale-Customizable-Rigid-Magnetic-Box-for-Gift-Craft-Packaging-4.webp\" alt=\"caixas-de-presente-de-luxo-a-granel-caixa-r\u00edgida-magn\u00e9tica-personalizada-para-presentes-e-artesanato-4\" class=\"wp-image-3242\" srcset=\"https:\/\/www.yishengpack.com\/wp-content\/uploads\/2025\/12\/Luxury-Green-Gift-Box-Wholesale-Customizable-Rigid-Magnetic-Box-for-Gift-Craft-Packaging-4.webp 1841w, https:\/\/www.yishengpack.com\/wp-content\/uploads\/2025\/12\/Luxury-Green-Gift-Box-Wholesale-Customizable-Rigid-Magnetic-Box-for-Gift-Craft-Packaging-4-300x300.webp 300w, https:\/\/www.yishengpack.com\/wp-content\/uploads\/2025\/12\/Luxury-Green-Gift-Box-Wholesale-Customizable-Rigid-Magnetic-Box-for-Gift-Craft-Packaging-4-150x150.webp 150w, https:\/\/www.yishengpack.com\/wp-content\/uploads\/2025\/12\/Luxury-Green-Gift-Box-Wholesale-Customizable-Rigid-Magnetic-Box-for-Gift-Craft-Packaging-4-768x768.webp 768w, https:\/\/www.yishengpack.com\/wp-content\/uploads\/2025\/12\/Luxury-Green-Gift-Box-Wholesale-Customizable-Rigid-Magnetic-Box-for-Gift-Craft-Packaging-4-12x12.webp 12w, https:\/\/www.yishengpack.com\/wp-content\/uploads\/2025\/12\/Luxury-Green-Gift-Box-Wholesale-Customizable-Rigid-Magnetic-Box-for-Gift-Craft-Packaging-4-1200x1200.webp 1200w, https:\/\/www.yishengpack.com\/wp-content\/uploads\/2025\/12\/Luxury-Green-Gift-Box-Wholesale-Customizable-Rigid-Magnetic-Box-for-Gift-Craft-Packaging-4-600x600.webp 600w, https:\/\/www.yishengpack.com\/wp-content\/uploads\/2025\/12\/Luxury-Green-Gift-Box-Wholesale-Customizable-Rigid-Magnetic-Box-for-Gift-Craft-Packaging-4-100x100.webp 100w\" sizes=\"(max-width: 1841px) 100vw, 1841px\" \/><\/figure>\n\n\n\n<div class=\"wp-block-buttons has-custom-font-size has-small-font-size is-content-justification-center is-layout-flex wp-container-core-buttons-is-layout-16018d1d wp-block-buttons-is-layout-flex\">\n<div class=\"wp-block-button has-custom-width wp-block-button__width-75\"><a class=\"wp-block-button__link has-background has-small-font-size has-custom-font-size wp-element-button\" href=\"https:\/\/www.yishengpack.com\/pt\/custom-box-inserts-accessories\/\" style=\"background:linear-gradient(135deg,rgb(254,205,165) 0%,rgb(254,45,45) 0%,rgb(94,15,15) 0%,rgb(94,15,15) 100%)\" target=\"_blank\" rel=\"noreferrer noopener\"><strong>Explorar inser\u00e7\u00f5es de caixas personalizadas<\/strong><\/a><\/div>\n<\/div>\n<\/div>\n<\/div>","protected":false},"excerpt":{"rendered":"<div class=\"auto-hide-last-sibling-br paragraph-pP9ZLC paragraph-element br-paragraph-space\">\n<p>Bem-vindo \u00e0 compra das nossas caixas de presente de luxo a granel, uma elegante caixa de papel perfeita para chocolates, velas, joias ou pequenos presentes. Apresentando um design refinado com tampa flip-top combinado com detalhes premium, como forros de cetim ou inser\u00e7\u00f5es de papel personalizadas. \u00c9 eleg\u00e2ncia e funcionalidade combinadas. Desde o tamanho e as cores at\u00e9 aos detalhes do log\u00f3tipo e layouts internos personalizados, todos os elementos s\u00e3o totalmente personaliz\u00e1veis para combinar com a sua marca. Deixe-nos ajudar o seu produto a destacar-se, de forma bonita e eficiente.<\/p>\n<h2>Destaques das caixas de presente de luxo a granel<\/h2>\n<ul>\n<li>Design minimalista e simplificado<\/li>\n<li>Personaliza\u00e7\u00e3o completa<\/li>\n<li>Materiais de primeira qualidade<\/li>\n<li>Processos de impress\u00e3o avan\u00e7ados<\/li>\n<li>V\u00e1rios tamanhos de caixas<\/li>\n<li>V\u00e1rias op\u00e7\u00f5es de cores<\/li>\n<li>Constru\u00e7\u00e3o resistente em caixa r\u00edgida<\/li>\n<li>Compatibilidade com presentes multifuncionais<\/li>\n<\/ul>\n<\/div>","protected":false},"featured_media":3239,"comment_status":"closed","ping_status":"closed","template":"","meta":{"_acf_changed":false},"box-type":[54,57],"product_brand":[],"product_cat":[19,41,66,40,39,68],"product_tag":[],"class_list":{"0":"post-3238","1":"product","2":"type-product","3":"status-publish","4":"has-post-thumbnail","6":"box-type-custom-magnetic-closure-boxes","7":"box-type-custom-rigid-box-with-lid","8":"product_cat-luxury-gift-boxes-wholesale","9":"product_cat-candy-gift-boxes-wholesale","10":"product_cat-custom-apparel-boxes","11":"product_cat-custom-jewelry-boxes","12":"product_cat-custom-perfume-boxes","13":"product_cat-custom-dates-box","15":"first","16":"instock","17":"shipping-taxable","18":"product-type-simple"},"acf":[],"_links":{"self":[{"href":"https:\/\/www.yishengpack.com\/pt\/wp-json\/wp\/v2\/product\/3238","targetHints":{"allow":["GET"]}}],"collection":[{"href":"https:\/\/www.yishengpack.com\/pt\/wp-json\/wp\/v2\/product"}],"about":[{"href":"https:\/\/www.yishengpack.com\/pt\/wp-json\/wp\/v2\/types\/product"}],"replies":[{"embeddable":true,"href":"https:\/\/www.yishengpack.com\/pt\/wp-json\/wp\/v2\/comments?post=3238"}],"wp:featuredmedia":[{"embeddable":true,"href":"https:\/\/www.yishengpack.com\/pt\/wp-json\/wp\/v2\/media\/3239"}],"wp:attachment":[{"href":"https:\/\/www.yishengpack.com\/pt\/wp-json\/wp\/v2\/media?parent=3238"}],"wp:term":[{"taxonomy":"box-type","embeddable":true,"href":"https:\/\/www.yishengpack.com\/pt\/wp-json\/wp\/v2\/box-type?post=3238"},{"taxonomy":"product_brand","embeddable":true,"href":"https:\/\/www.yishengpack.com\/pt\/wp-json\/wp\/v2\/product_brand?post=3238"},{"taxonomy":"product_cat","embeddable":true,"href":"https:\/\/www.yishengpack.com\/pt\/wp-json\/wp\/v2\/product_cat?post=3238"},{"taxonomy":"product_tag","embeddable":true,"href":"https:\/\/www.yishengpack.com\/pt\/wp-json\/wp\/v2\/product_tag?post=3238"}],"curies":[{"name":"wp","href":"https:\/\/api.w.org\/{rel}","templated":true}]}}