{"id":3228,"date":"2026-01-04T03:46:41","date_gmt":"2026-01-04T03:46:41","guid":{"rendered":"https:\/\/www.yishengpack.com\/?post_type=product&#038;p=3228"},"modified":"2026-01-04T03:46:42","modified_gmt":"2026-01-04T03:46:42","slug":"wholesale-chocolate-candy-boxes","status":"publish","type":"product","link":"https:\/\/www.yishengpack.com\/pt\/product\/wholesale-chocolate-candy-boxes\/","title":{"rendered":"Caixas de bombons de chocolate por grosso, fornecimento de caixas de presente magn\u00e9ticas"},"content":{"rendered":"<div class=\"wp-block-columns is-layout-flex wp-container-core-columns-is-layout-9d6595d7 wp-block-columns-is-layout-flex\">\n<div class=\"wp-block-column is-layout-flow wp-block-column-is-layout-flow\">\n<h3 class=\"wp-block-heading\">Caracter\u00edsticas das caixas de bombons de chocolate por grosso<\/h3>\n\n\n\n<p><strong>Estrutura Flip-Top com veda\u00e7\u00e3o magn\u00e9tica:<\/strong> Estas caixas de bombons de chocolate por grosso integram um fecho magn\u00e9tico oculto no seu design flip-top. A tampa fecha com um clique seguro, proporcionando um aspeto elegante e uniforme, enquanto o movimento suave de abertura melhora a experi\u00eancia de desembalar.<\/p>\n\n\n\n<p><strong>Acentos de cor e decora\u00e7\u00e3o luxuosos: <\/strong>Estas luxuosas caixas magn\u00e9ticas para presentes s\u00e3o fornecidas em tons sofisticados (azul suave, coral, esmeralda) combinados com detalhes como padr\u00f5es em folha met\u00e1lica ou pain\u00e9is transparentes. Estes elementos real\u00e7am o aspeto premium da caixa para presentes.<\/p>\n\n\n\n<p><strong>Personaliza\u00e7\u00e3o alinhada \u00e0 marca: <\/strong>Estas luxuosas caixas magn\u00e9ticas para presentes s\u00e3o totalmente personaliz\u00e1veis para branding. Ajuste o tamanho, adicione log\u00f3tipos em relevo ou gr\u00e1ficos impressos, escolha acabamentos de superf\u00edcie (mate, brilhante) e ajuste os layouts das inser\u00e7\u00f5es para se adequarem \u00e0s necessidades do produto.<\/p>\n\n\n\n<p><strong>V\u00e1rios tamanhos e op\u00e7\u00f5es de inser\u00e7\u00e3o personalizadas:<\/strong> Estas caixas de bombons de chocolate por grosso podem ser personalizadas com tamanhos de caixa dispon\u00edveis, com inser\u00e7\u00f5es feitas de EVA, polpa moldada, cart\u00f5es de papel ou PET, adequadas para embalagens de chocolate individuais, m\u00faltiplas ou combinadas.<\/p>\n\n\n\n<p><strong>Adequado para fornecimento por grosso e a granel: <\/strong>Fornecimento direto da f\u00e1brica de caixas de bombons de chocolate por atacado, capacidade de produ\u00e7\u00e3o est\u00e1vel, aceita encomendas de grande volume, adequado para propriet\u00e1rios de marcas de chocolate, fabricantes de confeitaria, empresas de presentes e distribuidores.<\/p>\n<\/div>\n\n\n\n<div class=\"wp-block-column is-layout-flow wp-block-column-is-layout-flow\">\n<figure class=\"wp-block-image size-full\"><img decoding=\"async\" width=\"1838\" height=\"1838\" src=\"https:\/\/www.yishengpack.com\/wp-content\/uploads\/2025\/12\/Hot-Sale-Gift-Box-Wholesaler-Luxury-Custom-Chocolate-Packaging-Box-2.webp\" alt=\"caixas-de-chocolate-por-atacado-caixas-de-presente-magn\u00e9ticas-fornecimento-2\" class=\"wp-image-3230\" srcset=\"https:\/\/www.yishengpack.com\/wp-content\/uploads\/2025\/12\/Hot-Sale-Gift-Box-Wholesaler-Luxury-Custom-Chocolate-Packaging-Box-2.webp 1838w, https:\/\/www.yishengpack.com\/wp-content\/uploads\/2025\/12\/Hot-Sale-Gift-Box-Wholesaler-Luxury-Custom-Chocolate-Packaging-Box-2-300x300.webp 300w, https:\/\/www.yishengpack.com\/wp-content\/uploads\/2025\/12\/Hot-Sale-Gift-Box-Wholesaler-Luxury-Custom-Chocolate-Packaging-Box-2-150x150.webp 150w, https:\/\/www.yishengpack.com\/wp-content\/uploads\/2025\/12\/Hot-Sale-Gift-Box-Wholesaler-Luxury-Custom-Chocolate-Packaging-Box-2-768x768.webp 768w, https:\/\/www.yishengpack.com\/wp-content\/uploads\/2025\/12\/Hot-Sale-Gift-Box-Wholesaler-Luxury-Custom-Chocolate-Packaging-Box-2-12x12.webp 12w, https:\/\/www.yishengpack.com\/wp-content\/uploads\/2025\/12\/Hot-Sale-Gift-Box-Wholesaler-Luxury-Custom-Chocolate-Packaging-Box-2-1200x1200.webp 1200w, https:\/\/www.yishengpack.com\/wp-content\/uploads\/2025\/12\/Hot-Sale-Gift-Box-Wholesaler-Luxury-Custom-Chocolate-Packaging-Box-2-600x600.webp 600w, https:\/\/www.yishengpack.com\/wp-content\/uploads\/2025\/12\/Hot-Sale-Gift-Box-Wholesaler-Luxury-Custom-Chocolate-Packaging-Box-2-100x100.webp 100w\" sizes=\"(max-width: 1838px) 100vw, 1838px\" \/><\/figure>\n<\/div>\n<\/div>\n\n\n\n<div class=\"wp-block-columns is-layout-flex wp-container-core-columns-is-layout-9d6595d7 wp-block-columns-is-layout-flex\">\n<div class=\"wp-block-column is-layout-flow wp-block-column-is-layout-flow\">\n<figure class=\"wp-block-image size-full\"><img decoding=\"async\" width=\"4096\" height=\"4096\" src=\"https:\/\/www.yishengpack.com\/wp-content\/uploads\/2025\/12\/Hot-Sale-Gift-Box-Wholesaler-Luxury-Custom-Chocolate-Packaging-Box-6.webp\" alt=\"caixas-de-chocolate-por-atacado-caixas-de-presente-magn\u00e9ticas-fornecimento-6\" class=\"wp-image-3234\" srcset=\"https:\/\/www.yishengpack.com\/wp-content\/uploads\/2025\/12\/Hot-Sale-Gift-Box-Wholesaler-Luxury-Custom-Chocolate-Packaging-Box-6.webp 4096w, https:\/\/www.yishengpack.com\/wp-content\/uploads\/2025\/12\/Hot-Sale-Gift-Box-Wholesaler-Luxury-Custom-Chocolate-Packaging-Box-6-300x300.webp 300w, https:\/\/www.yishengpack.com\/wp-content\/uploads\/2025\/12\/Hot-Sale-Gift-Box-Wholesaler-Luxury-Custom-Chocolate-Packaging-Box-6-150x150.webp 150w, https:\/\/www.yishengpack.com\/wp-content\/uploads\/2025\/12\/Hot-Sale-Gift-Box-Wholesaler-Luxury-Custom-Chocolate-Packaging-Box-6-768x768.webp 768w, https:\/\/www.yishengpack.com\/wp-content\/uploads\/2025\/12\/Hot-Sale-Gift-Box-Wholesaler-Luxury-Custom-Chocolate-Packaging-Box-6-12x12.webp 12w, https:\/\/www.yishengpack.com\/wp-content\/uploads\/2025\/12\/Hot-Sale-Gift-Box-Wholesaler-Luxury-Custom-Chocolate-Packaging-Box-6-1200x1200.webp 1200w, https:\/\/www.yishengpack.com\/wp-content\/uploads\/2025\/12\/Hot-Sale-Gift-Box-Wholesaler-Luxury-Custom-Chocolate-Packaging-Box-6-600x600.webp 600w, https:\/\/www.yishengpack.com\/wp-content\/uploads\/2025\/12\/Hot-Sale-Gift-Box-Wholesaler-Luxury-Custom-Chocolate-Packaging-Box-6-100x100.webp 100w\" sizes=\"(max-width: 4096px) 100vw, 4096px\" \/><\/figure>\n\n\n\n<div class=\"wp-block-buttons has-custom-font-size has-small-font-size is-content-justification-center is-layout-flex wp-container-core-buttons-is-layout-16018d1d wp-block-buttons-is-layout-flex\">\n<div class=\"wp-block-button has-custom-width wp-block-button__width-75\"><a class=\"wp-block-button__link has-background has-small-font-size has-custom-font-size wp-element-button\" href=\"https:\/\/www.yishengpack.com\/pt\/custom-printed-box\/\" style=\"background:linear-gradient(135deg,rgb(254,205,165) 0%,rgb(254,45,45) 0%,rgb(94,15,15) 0%,rgb(94,15,15) 100%)\" target=\"_blank\" rel=\"noreferrer noopener\"><strong>Explorar caixas impressas personalizadas<\/strong><\/a><\/div>\n<\/div>\n<\/div>\n\n\n\n<div class=\"wp-block-column is-layout-flow wp-block-column-is-layout-flow\">\n<figure class=\"wp-block-image size-full\"><img decoding=\"async\" width=\"2048\" height=\"2048\" src=\"https:\/\/www.yishengpack.com\/wp-content\/uploads\/2025\/12\/Hot-Sale-Gift-Box-Wholesaler-Luxury-Custom-Chocolate-Packaging-Box-7.webp\" alt=\"caixas-de-chocolate-por-grossista-caixas-de-presente-magn\u00e9ticas-fornecimento-7\" class=\"wp-image-3235\" srcset=\"https:\/\/www.yishengpack.com\/wp-content\/uploads\/2025\/12\/Hot-Sale-Gift-Box-Wholesaler-Luxury-Custom-Chocolate-Packaging-Box-7.webp 2048w, https:\/\/www.yishengpack.com\/wp-content\/uploads\/2025\/12\/Hot-Sale-Gift-Box-Wholesaler-Luxury-Custom-Chocolate-Packaging-Box-7-300x300.webp 300w, https:\/\/www.yishengpack.com\/wp-content\/uploads\/2025\/12\/Hot-Sale-Gift-Box-Wholesaler-Luxury-Custom-Chocolate-Packaging-Box-7-150x150.webp 150w, https:\/\/www.yishengpack.com\/wp-content\/uploads\/2025\/12\/Hot-Sale-Gift-Box-Wholesaler-Luxury-Custom-Chocolate-Packaging-Box-7-768x768.webp 768w, https:\/\/www.yishengpack.com\/wp-content\/uploads\/2025\/12\/Hot-Sale-Gift-Box-Wholesaler-Luxury-Custom-Chocolate-Packaging-Box-7-12x12.webp 12w, https:\/\/www.yishengpack.com\/wp-content\/uploads\/2025\/12\/Hot-Sale-Gift-Box-Wholesaler-Luxury-Custom-Chocolate-Packaging-Box-7-1200x1200.webp 1200w, https:\/\/www.yishengpack.com\/wp-content\/uploads\/2025\/12\/Hot-Sale-Gift-Box-Wholesaler-Luxury-Custom-Chocolate-Packaging-Box-7-600x600.webp 600w, https:\/\/www.yishengpack.com\/wp-content\/uploads\/2025\/12\/Hot-Sale-Gift-Box-Wholesaler-Luxury-Custom-Chocolate-Packaging-Box-7-100x100.webp 100w\" sizes=\"(max-width: 2048px) 100vw, 2048px\" \/><\/figure>\n\n\n\n<div class=\"wp-block-buttons has-custom-font-size has-small-font-size is-content-justification-center is-layout-flex wp-container-core-buttons-is-layout-16018d1d wp-block-buttons-is-layout-flex\">\n<div class=\"wp-block-button has-custom-width wp-block-button__width-75\"><a class=\"wp-block-button__link has-background has-small-font-size has-custom-font-size wp-element-button\" href=\"https:\/\/www.yishengpack.com\/pt\/custom-product-boxes-types\/\" style=\"background:linear-gradient(135deg,rgb(254,205,165) 0%,rgb(254,45,45) 0%,rgb(94,15,15) 0%,rgb(94,15,15) 100%)\" target=\"_blank\" rel=\"noreferrer noopener\"><strong>Explore os tipos de caixas personalizadas<\/strong><\/a><\/div>\n<\/div>\n<\/div>\n<\/div>","protected":false},"excerpt":{"rendered":"<div data-page-id=\"XCEWfL77Gdj3N4cTPBOcY7TrnCh\" data-lark-html-role=\"root\" data-docx-has-block-data=\"false\">\n<div class=\"ace-line ace-line old-record-id-OuF1fnArGd9seVcLcH6cI33Wnzd\">\n<p>Bem-vindo \u00e0 compra das nossas caixas de bombons de chocolate por grosso com fornecimento de caixas de presente magn\u00e9ticas de luxo, concebidas para embalagens de confeitaria premium. Estas caixas magn\u00e9ticas r\u00edgidas oferecem seguran\u00e7a de qualidade alimentar, tamanhos personaliz\u00e1veis, inser\u00e7\u00f5es e acabamentos de impress\u00e3o de alta qualidade. Ideais para encomendas em grandes quantidades, elas melhoram a apresenta\u00e7\u00e3o da marca, ao mesmo tempo que fornecem prote\u00e7\u00e3o fi\u00e1vel \u2014 perfeitas para marcas de chocolate, fabricantes de doces e fornecedores de embalagens para presentes.<\/p>\n<h2>Destaques das caixas de bombons de chocolate por grosso<\/h2>\n<ul>\n<li>Design com fecho magn\u00e9tico<\/li>\n<li>Personaliza\u00e7\u00e3o topo de gama<\/li>\n<li>Materiais \u00e0 prova de \u00e1gua<\/li>\n<li>Processos de impress\u00e3o avan\u00e7ados<\/li>\n<li>V\u00e1rios tamanhos de caixas<\/li>\n<li>Grande variedade de cores<\/li>\n<li>Interior forrado premium<\/li>\n<li>Constru\u00e7\u00e3o robusta<\/li>\n<\/ul>\n<\/div>\n<\/div>","protected":false},"featured_media":3229,"comment_status":"closed","ping_status":"closed","template":"","meta":{"_acf_changed":false},"box-type":[54,57],"product_brand":[],"product_cat":[19,41,68,46,33,44],"product_tag":[],"class_list":{"0":"post-3228","1":"product","2":"type-product","3":"status-publish","4":"has-post-thumbnail","6":"box-type-custom-magnetic-closure-boxes","7":"box-type-custom-rigid-box-with-lid","8":"product_cat-luxury-gift-boxes-wholesale","9":"product_cat-candy-gift-boxes-wholesale","10":"product_cat-custom-dates-box","11":"product_cat-wholesale-paper-boxes","12":"product_cat-food-packaging-boxes-wholesale","13":"product_cat-custom-snack-box","15":"first","16":"instock","17":"shipping-taxable","18":"product-type-simple"},"acf":[],"_links":{"self":[{"href":"https:\/\/www.yishengpack.com\/pt\/wp-json\/wp\/v2\/product\/3228","targetHints":{"allow":["GET"]}}],"collection":[{"href":"https:\/\/www.yishengpack.com\/pt\/wp-json\/wp\/v2\/product"}],"about":[{"href":"https:\/\/www.yishengpack.com\/pt\/wp-json\/wp\/v2\/types\/product"}],"replies":[{"embeddable":true,"href":"https:\/\/www.yishengpack.com\/pt\/wp-json\/wp\/v2\/comments?post=3228"}],"wp:featuredmedia":[{"embeddable":true,"href":"https:\/\/www.yishengpack.com\/pt\/wp-json\/wp\/v2\/media\/3229"}],"wp:attachment":[{"href":"https:\/\/www.yishengpack.com\/pt\/wp-json\/wp\/v2\/media?parent=3228"}],"wp:term":[{"taxonomy":"box-type","embeddable":true,"href":"https:\/\/www.yishengpack.com\/pt\/wp-json\/wp\/v2\/box-type?post=3228"},{"taxonomy":"product_brand","embeddable":true,"href":"https:\/\/www.yishengpack.com\/pt\/wp-json\/wp\/v2\/product_brand?post=3228"},{"taxonomy":"product_cat","embeddable":true,"href":"https:\/\/www.yishengpack.com\/pt\/wp-json\/wp\/v2\/product_cat?post=3228"},{"taxonomy":"product_tag","embeddable":true,"href":"https:\/\/www.yishengpack.com\/pt\/wp-json\/wp\/v2\/product_tag?post=3228"}],"curies":[{"name":"wp","href":"https:\/\/api.w.org\/{rel}","templated":true}]}}