{"id":3219,"date":"2026-01-04T02:26:43","date_gmt":"2026-01-04T02:26:43","guid":{"rendered":"https:\/\/www.yishengpack.com\/?post_type=product&#038;p=3219"},"modified":"2026-01-04T02:26:45","modified_gmt":"2026-01-04T02:26:45","slug":"custom-lid-and-base-boxes","status":"publish","type":"product","link":"https:\/\/www.yishengpack.com\/pt\/product\/custom-lid-and-base-boxes\/","title":{"rendered":"Caixas personalizadas de luxo com tampa e base, caixas para presentes com datas, venda por grosso"},"content":{"rendered":"<div class=\"wp-block-columns is-layout-flex wp-container-core-columns-is-layout-9d6595d7 wp-block-columns-is-layout-flex\">\n<div class=\"wp-block-column is-layout-flow wp-block-column-is-layout-flow\">\n<h3 class=\"wp-block-heading\">Caracter\u00edsticas das caixas com tampa e base personalizadas<\/h3>\n\n\n\n<p><strong>Design Lift-Top Premium: <\/strong>Estas caixas personalizadas com tampa e base adotam uma estrutura elegante com tampa elev\u00e1vel. A tampa assenta perfeitamente sobre a base, criando uma silhueta elegante, enquanto a abertura suave e desobstru\u00edda exibe o conte\u00fado com eleg\u00e2ncia.<\/p>\n\n\n\n<p><strong>Compartimentos personalizados seguros para alimentos: <\/strong>Estas caixas personalizadas com tampa e base possuem compartimentos internos seguros para alimentos e que se ajustam perfeitamente ao seu conte\u00fado. S\u00e3o moldadas para acomodar chocolates, t\u00e2maras recheadas ou doces, garantindo que os itens permane\u00e7am intactos e bem apresentados.<\/p>\n\n\n\n<p><strong>Caixa r\u00edgida de luxo:<\/strong> Estas caixas personalizadas com tampa e base s\u00e3o feitas com cart\u00e3o cinzento espesso ou papel de embalagem exterior de qualidade alimentar. S\u00e3o resistentes \u00e0 press\u00e3o e dur\u00e1veis, adequadas para transporte de longa dist\u00e2ncia e exporta\u00e7\u00e3o a granel.<\/p>\n\n\n\n<p><strong>Detalhes luxuosos em cores e folhas met\u00e1licas: <\/strong>As nossas caixas de chocolate para presente por grosso est\u00e3o dispon\u00edveis nas melhores cores, incluindo azul royal, esmeralda e creme. S\u00e3o combinadas com detalhes em folha met\u00e1lica, por exemplo, arabescos em relevo ou motivos da marca, que adicionam um toque de sofistica\u00e7\u00e3o com um toque de cor.<\/p>\n\n\n\n<p><strong>Personaliza\u00e7\u00e3o focada na marca:<\/strong> As nossas caixas de chocolate para presente por grosso s\u00e3o totalmente personaliz\u00e1veis. Personalize o tamanho, adicione log\u00f3tipos gravados ou designs em folha met\u00e1lica, escolha entre acabamentos de superf\u00edcie, incluindo mate ou brilhante, e complete a sua embalagem com itens coordenados, como sacos de presente ou etiquetas, para transmitir da melhor forma a mensagem da sua marca.<\/p>\n\n\n\n<p><strong>Ideal para o mercado global de presentes:<\/strong> As nossas caixas de chocolate para presente por grosso s\u00e3o particularmente adequadas para caixas de presente para datas especiais, caixas de chocolate para presente, Ramad\u00e3o, Eid al-Fitr, mercados de presentes festivos e empresariais.<\/p>\n<\/div>\n\n\n\n<div class=\"wp-block-column is-layout-flow wp-block-column-is-layout-flow\">\n<figure class=\"wp-block-image size-full\"><img decoding=\"async\" width=\"2048\" height=\"2048\" src=\"https:\/\/www.yishengpack.com\/wp-content\/uploads\/2025\/12\/Wholesale-Box-Manufacturers-Customize-Luxury-Dates-Chocolate-Package-Gift-Box-2.webp\" alt=\"caixas-de-luxo-com-tampa-e-base-personalizadas-datas-caixas-para-presentes-atacado-2\" class=\"wp-image-3221\" srcset=\"https:\/\/www.yishengpack.com\/wp-content\/uploads\/2025\/12\/Wholesale-Box-Manufacturers-Customize-Luxury-Dates-Chocolate-Package-Gift-Box-2.webp 2048w, https:\/\/www.yishengpack.com\/wp-content\/uploads\/2025\/12\/Wholesale-Box-Manufacturers-Customize-Luxury-Dates-Chocolate-Package-Gift-Box-2-300x300.webp 300w, https:\/\/www.yishengpack.com\/wp-content\/uploads\/2025\/12\/Wholesale-Box-Manufacturers-Customize-Luxury-Dates-Chocolate-Package-Gift-Box-2-150x150.webp 150w, https:\/\/www.yishengpack.com\/wp-content\/uploads\/2025\/12\/Wholesale-Box-Manufacturers-Customize-Luxury-Dates-Chocolate-Package-Gift-Box-2-768x768.webp 768w, https:\/\/www.yishengpack.com\/wp-content\/uploads\/2025\/12\/Wholesale-Box-Manufacturers-Customize-Luxury-Dates-Chocolate-Package-Gift-Box-2-12x12.webp 12w, https:\/\/www.yishengpack.com\/wp-content\/uploads\/2025\/12\/Wholesale-Box-Manufacturers-Customize-Luxury-Dates-Chocolate-Package-Gift-Box-2-1200x1200.webp 1200w, https:\/\/www.yishengpack.com\/wp-content\/uploads\/2025\/12\/Wholesale-Box-Manufacturers-Customize-Luxury-Dates-Chocolate-Package-Gift-Box-2-600x600.webp 600w, https:\/\/www.yishengpack.com\/wp-content\/uploads\/2025\/12\/Wholesale-Box-Manufacturers-Customize-Luxury-Dates-Chocolate-Package-Gift-Box-2-100x100.webp 100w\" sizes=\"(max-width: 2048px) 100vw, 2048px\" \/><\/figure>\n<\/div>\n<\/div>\n\n\n\n<div class=\"wp-block-columns is-layout-flex wp-container-core-columns-is-layout-9d6595d7 wp-block-columns-is-layout-flex\">\n<div class=\"wp-block-column is-layout-flow wp-block-column-is-layout-flow\">\n<figure class=\"wp-block-image size-full\"><img decoding=\"async\" width=\"2048\" height=\"2048\" src=\"https:\/\/www.yishengpack.com\/wp-content\/uploads\/2025\/12\/Wholesale-Box-Manufacturers-Customize-Luxury-Dates-Chocolate-Package-Gift-Box-4.webp\" alt=\"caixas-de-luxo-com-tampa-e-base-personalizadas-datas-caixas-para-presentes-atacado-4\" class=\"wp-image-3223\" srcset=\"https:\/\/www.yishengpack.com\/wp-content\/uploads\/2025\/12\/Wholesale-Box-Manufacturers-Customize-Luxury-Dates-Chocolate-Package-Gift-Box-4.webp 2048w, https:\/\/www.yishengpack.com\/wp-content\/uploads\/2025\/12\/Wholesale-Box-Manufacturers-Customize-Luxury-Dates-Chocolate-Package-Gift-Box-4-300x300.webp 300w, https:\/\/www.yishengpack.com\/wp-content\/uploads\/2025\/12\/Wholesale-Box-Manufacturers-Customize-Luxury-Dates-Chocolate-Package-Gift-Box-4-150x150.webp 150w, https:\/\/www.yishengpack.com\/wp-content\/uploads\/2025\/12\/Wholesale-Box-Manufacturers-Customize-Luxury-Dates-Chocolate-Package-Gift-Box-4-768x768.webp 768w, https:\/\/www.yishengpack.com\/wp-content\/uploads\/2025\/12\/Wholesale-Box-Manufacturers-Customize-Luxury-Dates-Chocolate-Package-Gift-Box-4-12x12.webp 12w, https:\/\/www.yishengpack.com\/wp-content\/uploads\/2025\/12\/Wholesale-Box-Manufacturers-Customize-Luxury-Dates-Chocolate-Package-Gift-Box-4-1200x1200.webp 1200w, https:\/\/www.yishengpack.com\/wp-content\/uploads\/2025\/12\/Wholesale-Box-Manufacturers-Customize-Luxury-Dates-Chocolate-Package-Gift-Box-4-600x600.webp 600w, https:\/\/www.yishengpack.com\/wp-content\/uploads\/2025\/12\/Wholesale-Box-Manufacturers-Customize-Luxury-Dates-Chocolate-Package-Gift-Box-4-100x100.webp 100w\" sizes=\"(max-width: 2048px) 100vw, 2048px\" \/><\/figure>\n\n\n\n<div class=\"wp-block-buttons has-custom-font-size has-small-font-size is-content-justification-center is-layout-flex wp-container-core-buttons-is-layout-16018d1d wp-block-buttons-is-layout-flex\">\n<div class=\"wp-block-button has-custom-width wp-block-button__width-75\"><a class=\"wp-block-button__link has-background has-small-font-size has-custom-font-size wp-element-button\" href=\"https:\/\/www.yishengpack.com\/pt\/custom-printed-box\/\" style=\"background:linear-gradient(135deg,rgb(254,205,165) 0%,rgb(254,45,45) 0%,rgb(94,15,15) 0%,rgb(94,15,15) 100%)\" target=\"_blank\" rel=\"noreferrer noopener\"><strong>Explorar caixas impressas personalizadas<\/strong><\/a><\/div>\n<\/div>\n<\/div>\n\n\n\n<div class=\"wp-block-column is-layout-flow wp-block-column-is-layout-flow\">\n<figure class=\"wp-block-image size-full\"><img decoding=\"async\" width=\"2048\" height=\"2048\" src=\"https:\/\/www.yishengpack.com\/wp-content\/uploads\/2025\/12\/Wholesale-Box-Manufacturers-Customize-Luxury-Dates-Chocolate-Package-Gift-Box-7.webp\" alt=\"caixas-de-luxo-com-tampa-e-base-personalizadas-datas-caixas-para-presentes-atacado-7\" class=\"wp-image-3226\" srcset=\"https:\/\/www.yishengpack.com\/wp-content\/uploads\/2025\/12\/Wholesale-Box-Manufacturers-Customize-Luxury-Dates-Chocolate-Package-Gift-Box-7.webp 2048w, https:\/\/www.yishengpack.com\/wp-content\/uploads\/2025\/12\/Wholesale-Box-Manufacturers-Customize-Luxury-Dates-Chocolate-Package-Gift-Box-7-300x300.webp 300w, https:\/\/www.yishengpack.com\/wp-content\/uploads\/2025\/12\/Wholesale-Box-Manufacturers-Customize-Luxury-Dates-Chocolate-Package-Gift-Box-7-150x150.webp 150w, https:\/\/www.yishengpack.com\/wp-content\/uploads\/2025\/12\/Wholesale-Box-Manufacturers-Customize-Luxury-Dates-Chocolate-Package-Gift-Box-7-768x768.webp 768w, https:\/\/www.yishengpack.com\/wp-content\/uploads\/2025\/12\/Wholesale-Box-Manufacturers-Customize-Luxury-Dates-Chocolate-Package-Gift-Box-7-12x12.webp 12w, https:\/\/www.yishengpack.com\/wp-content\/uploads\/2025\/12\/Wholesale-Box-Manufacturers-Customize-Luxury-Dates-Chocolate-Package-Gift-Box-7-1200x1200.webp 1200w, https:\/\/www.yishengpack.com\/wp-content\/uploads\/2025\/12\/Wholesale-Box-Manufacturers-Customize-Luxury-Dates-Chocolate-Package-Gift-Box-7-600x600.webp 600w, https:\/\/www.yishengpack.com\/wp-content\/uploads\/2025\/12\/Wholesale-Box-Manufacturers-Customize-Luxury-Dates-Chocolate-Package-Gift-Box-7-100x100.webp 100w\" sizes=\"(max-width: 2048px) 100vw, 2048px\" \/><\/figure>\n\n\n\n<div class=\"wp-block-buttons has-custom-font-size has-small-font-size is-content-justification-center is-layout-flex wp-container-core-buttons-is-layout-16018d1d wp-block-buttons-is-layout-flex\">\n<div class=\"wp-block-button has-custom-width wp-block-button__width-75\"><a class=\"wp-block-button__link has-background has-small-font-size has-custom-font-size wp-element-button\" href=\"https:\/\/www.yishengpack.com\/pt\/custom-box-inserts-accessories\/\" style=\"background:linear-gradient(135deg,rgb(254,205,165) 0%,rgb(254,45,45) 0%,rgb(94,15,15) 0%,rgb(94,15,15) 100%)\" target=\"_blank\" rel=\"noreferrer noopener\"><strong>Explorar inser\u00e7\u00f5es de caixas personalizadas<\/strong><\/a><\/div>\n<\/div>\n<\/div>\n<\/div>","protected":false},"excerpt":{"rendered":"<p>Bem-vindo \u00e0 compra das nossas luxuosas caixas personalizadas com tampa e base para embalagens de t\u00e2maras e chocolates, concebidas para venda por grosso e personaliza\u00e7\u00e3o de marcas. Estas caixas de presente r\u00edgidas premium oferecem uma estrutura dur\u00e1vel, uma apresenta\u00e7\u00e3o elegante e impress\u00e3o e inser\u00e7\u00f5es personalizadas flex\u00edveis. Ideais para encomendas em grandes quantidades, aumentam o valor do produto, ao mesmo tempo que satisfazem as necessidades das marcas de t\u00e2maras, fabricantes de chocolates e grossistas de caixas de presente nos mercados globais.<\/p>\n<h2>Destaques das caixas com tampa e base personalizadas<\/h2>\n<ul>\n<li>Personaliza\u00e7\u00e3o personalizada<\/li>\n<li>Interior com foco gourmet<\/li>\n<li>Materiais amigos do ambiente<\/li>\n<li>Acabamentos texturizados premium<\/li>\n<li>Impress\u00e3o sofisticada<\/li>\n<li>V\u00e1rios tamanhos de caixas<\/li>\n<li>Grande variedade de cores<\/li>\n<li>Constru\u00e7\u00e3o premium dur\u00e1vel<\/li>\n<\/ul>","protected":false},"featured_media":3220,"comment_status":"closed","ping_status":"closed","template":"","meta":{"_acf_changed":false},"box-type":[55,57,61],"product_brand":[],"product_cat":[46,19,41,68,33,44],"product_tag":[],"class_list":{"0":"post-3219","1":"product","2":"type-product","3":"status-publish","4":"has-post-thumbnail","6":"box-type-custom-foldable-boxes","7":"box-type-custom-rigid-box-with-lid","8":"box-type-custom-two-piece-boxes","9":"product_cat-wholesale-paper-boxes","10":"product_cat-luxury-gift-boxes-wholesale","11":"product_cat-candy-gift-boxes-wholesale","12":"product_cat-custom-dates-box","13":"product_cat-food-packaging-boxes-wholesale","14":"product_cat-custom-snack-box","16":"first","17":"instock","18":"shipping-taxable","19":"product-type-simple"},"acf":[],"_links":{"self":[{"href":"https:\/\/www.yishengpack.com\/pt\/wp-json\/wp\/v2\/product\/3219","targetHints":{"allow":["GET"]}}],"collection":[{"href":"https:\/\/www.yishengpack.com\/pt\/wp-json\/wp\/v2\/product"}],"about":[{"href":"https:\/\/www.yishengpack.com\/pt\/wp-json\/wp\/v2\/types\/product"}],"replies":[{"embeddable":true,"href":"https:\/\/www.yishengpack.com\/pt\/wp-json\/wp\/v2\/comments?post=3219"}],"wp:featuredmedia":[{"embeddable":true,"href":"https:\/\/www.yishengpack.com\/pt\/wp-json\/wp\/v2\/media\/3220"}],"wp:attachment":[{"href":"https:\/\/www.yishengpack.com\/pt\/wp-json\/wp\/v2\/media?parent=3219"}],"wp:term":[{"taxonomy":"box-type","embeddable":true,"href":"https:\/\/www.yishengpack.com\/pt\/wp-json\/wp\/v2\/box-type?post=3219"},{"taxonomy":"product_brand","embeddable":true,"href":"https:\/\/www.yishengpack.com\/pt\/wp-json\/wp\/v2\/product_brand?post=3219"},{"taxonomy":"product_cat","embeddable":true,"href":"https:\/\/www.yishengpack.com\/pt\/wp-json\/wp\/v2\/product_cat?post=3219"},{"taxonomy":"product_tag","embeddable":true,"href":"https:\/\/www.yishengpack.com\/pt\/wp-json\/wp\/v2\/product_tag?post=3219"}],"curies":[{"name":"wp","href":"https:\/\/api.w.org\/{rel}","templated":true}]}}