{"id":3204,"date":"2025-12-27T08:25:22","date_gmt":"2025-12-27T08:25:22","guid":{"rendered":"https:\/\/www.yishengpack.com\/?post_type=product&#038;p=3204"},"modified":"2025-12-27T08:25:24","modified_gmt":"2025-12-27T08:25:24","slug":"bulk-dates-gift-boxes","status":"publish","type":"product","link":"https:\/\/www.yishengpack.com\/pt\/product\/bulk-dates-gift-boxes\/","title":{"rendered":"Caixas de presente de t\u00e2maras a granel de luxo, caixas magn\u00e9ticas com tampa flip-top por grosso"},"content":{"rendered":"<div class=\"wp-block-columns is-layout-flex wp-container-core-columns-is-layout-9d6595d7 wp-block-columns-is-layout-flex\">\n<div class=\"wp-block-column is-layout-flow wp-block-column-is-layout-flow\">\n<h3 class=\"wp-block-heading\">Caracter\u00edsticas das caixas de presente com t\u00e2maras a granel<\/h3>\n\n\n\n<p><strong>Design com tampa flip-top e veda\u00e7\u00e3o magn\u00e9tica: <\/strong>Estas caixas de presente para t\u00e2maras a granel integram um selo magn\u00e9tico oculto na sua estrutura flip-top, que fecha com seguran\u00e7a para um fecho perfeito e premium, enquanto o movimento suave de abertura eleva a experi\u00eancia de desembalar.<\/p>\n\n\n\n<p><strong>Bandejas para t\u00e2maras com encaixe preciso:<\/strong> Estas caixas de presente com t\u00e2maras a granel t\u00eam tabuleiros internos compartimentados, seguros para alimentos, adaptados ao formato das t\u00e2maras recheadas\/gourmet, garantindo uma apresenta\u00e7\u00e3o organizada e profissional.<\/p>\n\n\n\n<p><strong>Tom rico e branding tem\u00e1tico:<\/strong> Estas caixas de presente com t\u00e2maras a granel est\u00e3o dispon\u00edveis em tons luxuosos combinados com motivos inspirados em t\u00e2maras; a caixa est\u00e1 em sintonia com a est\u00e9tica artesanal dos presentes alimentares.<\/p>\n\n\n\n<p><strong>Coordenando complementos para presentes:<\/strong> Combine as caixas magn\u00e9ticas com tampa flip top por grosso com acess\u00f3rios personaliz\u00e1veis (sacos de papel a condizer, cart\u00f5es decorativos), todos configur\u00e1veis com log\u00f3tipos da marca ou designs festivos para melhorar a experi\u00eancia de oferecer presentes.<\/p>\n\n\n\n<p><strong>Suporta compras em grandes quantidades:<\/strong> Destinadas a grossistas, propriet\u00e1rios de marcas e importadores, as caixas magn\u00e9ticas com tampa flip top vendidas por grosso permitem uma produ\u00e7\u00e3o est\u00e1vel e em grande escala para satisfazer as necessidades de abastecimento durante as \u00e9pocas festivas e a longo prazo.<\/p>\n<\/div>\n\n\n\n<div class=\"wp-block-column is-layout-flow wp-block-column-is-layout-flow\">\n<figure class=\"wp-block-image size-full\"><img decoding=\"async\" width=\"990\" height=\"990\" src=\"https:\/\/www.yishengpack.com\/wp-content\/uploads\/2025\/12\/High-Quality-Gift-Box-Wholesaler-Custom-Luxury-Dates-Package-Box-2.webp\" alt=\"caixas-de-presente-em-grandes-quantidades-caixas-magn\u00e9ticas-com-tampa-basculante-atacado-2\" class=\"wp-image-3208\" srcset=\"https:\/\/www.yishengpack.com\/wp-content\/uploads\/2025\/12\/High-Quality-Gift-Box-Wholesaler-Custom-Luxury-Dates-Package-Box-2.webp 990w, https:\/\/www.yishengpack.com\/wp-content\/uploads\/2025\/12\/High-Quality-Gift-Box-Wholesaler-Custom-Luxury-Dates-Package-Box-2-300x300.webp 300w, https:\/\/www.yishengpack.com\/wp-content\/uploads\/2025\/12\/High-Quality-Gift-Box-Wholesaler-Custom-Luxury-Dates-Package-Box-2-150x150.webp 150w, https:\/\/www.yishengpack.com\/wp-content\/uploads\/2025\/12\/High-Quality-Gift-Box-Wholesaler-Custom-Luxury-Dates-Package-Box-2-768x768.webp 768w, https:\/\/www.yishengpack.com\/wp-content\/uploads\/2025\/12\/High-Quality-Gift-Box-Wholesaler-Custom-Luxury-Dates-Package-Box-2-12x12.webp 12w, https:\/\/www.yishengpack.com\/wp-content\/uploads\/2025\/12\/High-Quality-Gift-Box-Wholesaler-Custom-Luxury-Dates-Package-Box-2-600x600.webp 600w, https:\/\/www.yishengpack.com\/wp-content\/uploads\/2025\/12\/High-Quality-Gift-Box-Wholesaler-Custom-Luxury-Dates-Package-Box-2-100x100.webp 100w\" sizes=\"(max-width: 990px) 100vw, 990px\" \/><\/figure>\n<\/div>\n<\/div>\n\n\n\n<div class=\"wp-block-columns is-layout-flex wp-container-core-columns-is-layout-9d6595d7 wp-block-columns-is-layout-flex\">\n<div class=\"wp-block-column is-layout-flow wp-block-column-is-layout-flow\">\n<figure class=\"wp-block-image size-full\"><img decoding=\"async\" width=\"1109\" height=\"1109\" src=\"https:\/\/www.yishengpack.com\/wp-content\/uploads\/2025\/12\/High-Quality-Gift-Box-Wholesaler-Custom-Luxury-Dates-Package-Box-3.webp\" alt=\"caixas-de-presente-em-grandes-quantidades-caixas-magn\u00e9ticas-com-tampa-basculante-atacado-3\" class=\"wp-image-3209\" srcset=\"https:\/\/www.yishengpack.com\/wp-content\/uploads\/2025\/12\/High-Quality-Gift-Box-Wholesaler-Custom-Luxury-Dates-Package-Box-3.webp 1109w, https:\/\/www.yishengpack.com\/wp-content\/uploads\/2025\/12\/High-Quality-Gift-Box-Wholesaler-Custom-Luxury-Dates-Package-Box-3-300x300.webp 300w, https:\/\/www.yishengpack.com\/wp-content\/uploads\/2025\/12\/High-Quality-Gift-Box-Wholesaler-Custom-Luxury-Dates-Package-Box-3-150x150.webp 150w, https:\/\/www.yishengpack.com\/wp-content\/uploads\/2025\/12\/High-Quality-Gift-Box-Wholesaler-Custom-Luxury-Dates-Package-Box-3-768x768.webp 768w, https:\/\/www.yishengpack.com\/wp-content\/uploads\/2025\/12\/High-Quality-Gift-Box-Wholesaler-Custom-Luxury-Dates-Package-Box-3-12x12.webp 12w, https:\/\/www.yishengpack.com\/wp-content\/uploads\/2025\/12\/High-Quality-Gift-Box-Wholesaler-Custom-Luxury-Dates-Package-Box-3-600x600.webp 600w, https:\/\/www.yishengpack.com\/wp-content\/uploads\/2025\/12\/High-Quality-Gift-Box-Wholesaler-Custom-Luxury-Dates-Package-Box-3-100x100.webp 100w\" sizes=\"(max-width: 1109px) 100vw, 1109px\" \/><\/figure>\n\n\n\n<div class=\"wp-block-buttons has-custom-font-size has-small-font-size is-content-justification-center is-layout-flex wp-container-core-buttons-is-layout-16018d1d wp-block-buttons-is-layout-flex\">\n<div class=\"wp-block-button has-custom-width wp-block-button__width-75\"><a class=\"wp-block-button__link has-background has-small-font-size has-custom-font-size wp-element-button\" href=\"https:\/\/www.yishengpack.com\/pt\/custom-printed-box\/\" style=\"background:linear-gradient(135deg,rgb(254,205,165) 0%,rgb(254,45,45) 0%,rgb(94,15,15) 0%,rgb(94,15,15) 100%)\" target=\"_blank\" rel=\"noreferrer noopener\"><strong>Explorar caixas impressas personalizadas<\/strong><\/a><\/div>\n<\/div>\n<\/div>\n\n\n\n<div class=\"wp-block-column is-layout-flow wp-block-column-is-layout-flow\">\n<figure class=\"wp-block-image size-full\"><img decoding=\"async\" width=\"1058\" height=\"1058\" src=\"https:\/\/www.yishengpack.com\/wp-content\/uploads\/2025\/12\/High-Quality-Gift-Box-Wholesaler-Custom-Luxury-Dates-Package-Box-7.webp\" alt=\"caixas-de-presente-em-grandes-quantidades-caixas-mag\u00e9ticas-com-tampa-basculante-atacado-7\" class=\"wp-image-3213\" srcset=\"https:\/\/www.yishengpack.com\/wp-content\/uploads\/2025\/12\/High-Quality-Gift-Box-Wholesaler-Custom-Luxury-Dates-Package-Box-7.webp 1058w, https:\/\/www.yishengpack.com\/wp-content\/uploads\/2025\/12\/High-Quality-Gift-Box-Wholesaler-Custom-Luxury-Dates-Package-Box-7-300x300.webp 300w, https:\/\/www.yishengpack.com\/wp-content\/uploads\/2025\/12\/High-Quality-Gift-Box-Wholesaler-Custom-Luxury-Dates-Package-Box-7-150x150.webp 150w, https:\/\/www.yishengpack.com\/wp-content\/uploads\/2025\/12\/High-Quality-Gift-Box-Wholesaler-Custom-Luxury-Dates-Package-Box-7-768x768.webp 768w, https:\/\/www.yishengpack.com\/wp-content\/uploads\/2025\/12\/High-Quality-Gift-Box-Wholesaler-Custom-Luxury-Dates-Package-Box-7-12x12.webp 12w, https:\/\/www.yishengpack.com\/wp-content\/uploads\/2025\/12\/High-Quality-Gift-Box-Wholesaler-Custom-Luxury-Dates-Package-Box-7-600x600.webp 600w, https:\/\/www.yishengpack.com\/wp-content\/uploads\/2025\/12\/High-Quality-Gift-Box-Wholesaler-Custom-Luxury-Dates-Package-Box-7-100x100.webp 100w\" sizes=\"(max-width: 1058px) 100vw, 1058px\" \/><\/figure>\n\n\n\n<div class=\"wp-block-buttons has-custom-font-size has-small-font-size is-content-justification-center is-layout-flex wp-container-core-buttons-is-layout-16018d1d wp-block-buttons-is-layout-flex\">\n<div class=\"wp-block-button has-custom-width wp-block-button__width-75\"><a class=\"wp-block-button__link has-background has-small-font-size has-custom-font-size wp-element-button\" href=\"https:\/\/www.yishengpack.com\/pt\/custom-box-inserts-accessories\/\" style=\"background:linear-gradient(135deg,rgb(254,205,165) 0%,rgb(254,45,45) 0%,rgb(94,15,15) 0%,rgb(94,15,15) 100%)\" target=\"_blank\" rel=\"noreferrer noopener\"><strong>Explorar inser\u00e7\u00f5es de caixas personalizadas<\/strong><\/a><\/div>\n<\/div>\n<\/div>\n<\/div>","protected":false},"excerpt":{"rendered":"<p>Bem-vindo \u00e0 compra das nossas luxuosas caixas de presente para t\u00e2maras a granel com design magn\u00e9tico flip-top, criadas para embalagens premium de t\u00e2maras e fornecimento por grosso. Estas caixas magn\u00e9ticas flip-top por grosso apresentam uma estrutura r\u00edgida, inser\u00e7\u00f5es personalizadas de qualidade alimentar e impress\u00e3o e acabamentos totalmente personaliz\u00e1veis. Ideais para marcas, importadores e distribuidores de t\u00e2maras que procuram solu\u00e7\u00f5es de embalagem sofisticadas, escal\u00e1veis e prontas para a marca.<\/p>\n<h2>Destaques das caixas de presente com datas em massa<\/h2>\n<ul>\n<li>Personaliza\u00e7\u00e3o de alta qualidade<\/li>\n<li>Materiais \u00e0 prova de \u00e1gua<\/li>\n<li>Impress\u00e3o artesanal extensiva<\/li>\n<li>V\u00e1rios tipos de caixas<\/li>\n<li>Adaptabilidade a v\u00e1rias cores<\/li>\n<li>Constru\u00e7\u00e3o dur\u00e1vel<\/li>\n<li>Conjuntos de caixas empilh\u00e1veis\/em camadas<\/li>\n<li>Op\u00e7\u00f5es de inser\u00e7\u00f5es personalizadas<\/li>\n<\/ul>","protected":false},"featured_media":3207,"comment_status":"closed","ping_status":"closed","template":"","meta":{"_acf_changed":false},"box-type":[54,57],"product_brand":[],"product_cat":[19,41,68,46,33,44],"product_tag":[],"class_list":{"0":"post-3204","1":"product","2":"type-product","3":"status-publish","4":"has-post-thumbnail","6":"box-type-custom-magnetic-closure-boxes","7":"box-type-custom-rigid-box-with-lid","8":"product_cat-luxury-gift-boxes-wholesale","9":"product_cat-candy-gift-boxes-wholesale","10":"product_cat-custom-dates-box","11":"product_cat-wholesale-paper-boxes","12":"product_cat-food-packaging-boxes-wholesale","13":"product_cat-custom-snack-box","15":"first","16":"instock","17":"shipping-taxable","18":"product-type-simple"},"acf":[],"_links":{"self":[{"href":"https:\/\/www.yishengpack.com\/pt\/wp-json\/wp\/v2\/product\/3204","targetHints":{"allow":["GET"]}}],"collection":[{"href":"https:\/\/www.yishengpack.com\/pt\/wp-json\/wp\/v2\/product"}],"about":[{"href":"https:\/\/www.yishengpack.com\/pt\/wp-json\/wp\/v2\/types\/product"}],"replies":[{"embeddable":true,"href":"https:\/\/www.yishengpack.com\/pt\/wp-json\/wp\/v2\/comments?post=3204"}],"wp:featuredmedia":[{"embeddable":true,"href":"https:\/\/www.yishengpack.com\/pt\/wp-json\/wp\/v2\/media\/3207"}],"wp:attachment":[{"href":"https:\/\/www.yishengpack.com\/pt\/wp-json\/wp\/v2\/media?parent=3204"}],"wp:term":[{"taxonomy":"box-type","embeddable":true,"href":"https:\/\/www.yishengpack.com\/pt\/wp-json\/wp\/v2\/box-type?post=3204"},{"taxonomy":"product_brand","embeddable":true,"href":"https:\/\/www.yishengpack.com\/pt\/wp-json\/wp\/v2\/product_brand?post=3204"},{"taxonomy":"product_cat","embeddable":true,"href":"https:\/\/www.yishengpack.com\/pt\/wp-json\/wp\/v2\/product_cat?post=3204"},{"taxonomy":"product_tag","embeddable":true,"href":"https:\/\/www.yishengpack.com\/pt\/wp-json\/wp\/v2\/product_tag?post=3204"}],"curies":[{"name":"wp","href":"https:\/\/api.w.org\/{rel}","templated":true}]}}