{"id":3187,"date":"2025-12-17T10:11:40","date_gmt":"2025-12-17T10:11:40","guid":{"rendered":"https:\/\/www.yishengpack.com\/?post_type=product&#038;p=3187"},"modified":"2025-12-17T10:11:41","modified_gmt":"2025-12-17T10:11:41","slug":"customized-chocolate-box","status":"publish","type":"product","link":"https:\/\/www.yishengpack.com\/pt\/product\/customized-chocolate-box\/","title":{"rendered":"Caixa de chocolate personalizada, caixa de presente com t\u00e2maras do Ramad\u00e3 por grosso"},"content":{"rendered":"<div class=\"wp-block-columns is-layout-flex wp-container-core-columns-is-layout-9d6595d7 wp-block-columns-is-layout-flex\">\n<div class=\"wp-block-column is-layout-flow wp-block-column-is-layout-flow\">\n<h3 class=\"wp-block-heading\">Caracter\u00edsticas da caixa de chocolates personalizada<\/h3>\n\n\n\n<p><strong>Estrutura sofisticada com tampa elevat\u00f3ria:<\/strong> Esta caixa de chocolates personalizada adota um design premium com tampa elev\u00e1vel: a tampa encaixa perfeitamente na base, criando uma silhueta elegante e luxuosa, enquanto o movimento suave de abertura e fecho proporciona uma experi\u00eancia agrad\u00e1vel ao abrir a caixa.<\/p>\n\n\n\n<p><strong>Inser\u00e7\u00f5es internas personaliz\u00e1veis e seguras para alimentos:<\/strong> Esta caixa de chocolates personalizada possui inser\u00e7\u00f5es internas (bandejas) totalmente personaliz\u00e1veis e seguras para alimentos, dispon\u00edveis em tamanhos e formatos adaptados a t\u00e2maras recheadas, chocolates ou doces variados, para uma coloca\u00e7\u00e3o segura e uma apresenta\u00e7\u00e3o personalizada.<\/p>\n\n\n\n<p><strong>Designs de caixas de presente com tema do Ramad\u00e3o:<\/strong> O estilo geral desta caixa de chocolates personalizada incorpora elementos do Ramad\u00e3 e do Eid al-Fitr (como a lua, padr\u00f5es geom\u00e9tricos halal e enfeites dourados), alinhando-se com a est\u00e9tica dos mercados do M\u00e9dio Oriente e mu\u00e7ulmano.<\/p>\n\n\n\n<p><strong>Modelos mais vendidos:<\/strong> Estas caixas de presente com designs maduros para o Ramad\u00e3o t\u00eam alta aceita\u00e7\u00e3o no mercado e s\u00e3o adequadas para encomendas de grande volume. S\u00e3o op\u00e7\u00f5es populares de caixas de presente durante o Ramad\u00e3o e s\u00e3o amplamente utilizadas em promo\u00e7\u00f5es de feriados, retalho e mercados de presentes.<\/p>\n\n\n\n<p><strong>Compatibilidade com marcas personalizadas:<\/strong> Esta caixa de presente para o Ramad\u00e3 \u00e9 totalmente personaliz\u00e1vel para branding: as op\u00e7\u00f5es incluem log\u00f3tipos em relevo, combina\u00e7\u00e3o de cores personalizada, texturas de superf\u00edcie exclusivas (por exemplo, acetinado mate, relevo subtil) e configura\u00e7\u00f5es de forro personalizadas para se alinharem com a est\u00e9tica da marca.<\/p>\n<\/div>\n\n\n\n<div class=\"wp-block-column is-layout-flow wp-block-column-is-layout-flow\">\n<figure class=\"wp-block-image size-full\"><img decoding=\"async\" width=\"2048\" height=\"2048\" src=\"https:\/\/www.yishengpack.com\/wp-content\/uploads\/2025\/12\/Hot-Sale-Custom-Logo-Premium-Dates-Chocolate-Boxes-Wholesale-Rigid-Gift-Box-with-Lid-2.webp\" alt=\"caixa-de-chocolate-personalizada-em-alta-ramad\u00e3-d\u00e1tulas-caixa-para-presente-atacado-2\" class=\"wp-image-3189\" srcset=\"https:\/\/www.yishengpack.com\/wp-content\/uploads\/2025\/12\/Hot-Sale-Custom-Logo-Premium-Dates-Chocolate-Boxes-Wholesale-Rigid-Gift-Box-with-Lid-2.webp 2048w, https:\/\/www.yishengpack.com\/wp-content\/uploads\/2025\/12\/Hot-Sale-Custom-Logo-Premium-Dates-Chocolate-Boxes-Wholesale-Rigid-Gift-Box-with-Lid-2-300x300.webp 300w, https:\/\/www.yishengpack.com\/wp-content\/uploads\/2025\/12\/Hot-Sale-Custom-Logo-Premium-Dates-Chocolate-Boxes-Wholesale-Rigid-Gift-Box-with-Lid-2-150x150.webp 150w, https:\/\/www.yishengpack.com\/wp-content\/uploads\/2025\/12\/Hot-Sale-Custom-Logo-Premium-Dates-Chocolate-Boxes-Wholesale-Rigid-Gift-Box-with-Lid-2-768x768.webp 768w, https:\/\/www.yishengpack.com\/wp-content\/uploads\/2025\/12\/Hot-Sale-Custom-Logo-Premium-Dates-Chocolate-Boxes-Wholesale-Rigid-Gift-Box-with-Lid-2-12x12.webp 12w, https:\/\/www.yishengpack.com\/wp-content\/uploads\/2025\/12\/Hot-Sale-Custom-Logo-Premium-Dates-Chocolate-Boxes-Wholesale-Rigid-Gift-Box-with-Lid-2-1200x1200.webp 1200w, https:\/\/www.yishengpack.com\/wp-content\/uploads\/2025\/12\/Hot-Sale-Custom-Logo-Premium-Dates-Chocolate-Boxes-Wholesale-Rigid-Gift-Box-with-Lid-2-600x600.webp 600w, https:\/\/www.yishengpack.com\/wp-content\/uploads\/2025\/12\/Hot-Sale-Custom-Logo-Premium-Dates-Chocolate-Boxes-Wholesale-Rigid-Gift-Box-with-Lid-2-100x100.webp 100w\" sizes=\"(max-width: 2048px) 100vw, 2048px\" \/><\/figure>\n<\/div>\n<\/div>\n\n\n\n<div class=\"wp-block-columns is-layout-flex wp-container-core-columns-is-layout-9d6595d7 wp-block-columns-is-layout-flex\">\n<div class=\"wp-block-column is-layout-flow wp-block-column-is-layout-flow\">\n<figure class=\"wp-block-image size-full\"><img decoding=\"async\" width=\"2048\" height=\"2048\" src=\"https:\/\/www.yishengpack.com\/wp-content\/uploads\/2025\/12\/Hot-Sale-Custom-Logo-Premium-Dates-Chocolate-Boxes-Wholesale-Rigid-Gift-Box-with-Lid-7.webp\" alt=\"caixa-de-chocolate-personalizada-ramad\u00e3-7-em-alta-venda\" class=\"wp-image-3194\" srcset=\"https:\/\/www.yishengpack.com\/wp-content\/uploads\/2025\/12\/Hot-Sale-Custom-Logo-Premium-Dates-Chocolate-Boxes-Wholesale-Rigid-Gift-Box-with-Lid-7.webp 2048w, https:\/\/www.yishengpack.com\/wp-content\/uploads\/2025\/12\/Hot-Sale-Custom-Logo-Premium-Dates-Chocolate-Boxes-Wholesale-Rigid-Gift-Box-with-Lid-7-300x300.webp 300w, https:\/\/www.yishengpack.com\/wp-content\/uploads\/2025\/12\/Hot-Sale-Custom-Logo-Premium-Dates-Chocolate-Boxes-Wholesale-Rigid-Gift-Box-with-Lid-7-150x150.webp 150w, https:\/\/www.yishengpack.com\/wp-content\/uploads\/2025\/12\/Hot-Sale-Custom-Logo-Premium-Dates-Chocolate-Boxes-Wholesale-Rigid-Gift-Box-with-Lid-7-768x768.webp 768w, https:\/\/www.yishengpack.com\/wp-content\/uploads\/2025\/12\/Hot-Sale-Custom-Logo-Premium-Dates-Chocolate-Boxes-Wholesale-Rigid-Gift-Box-with-Lid-7-12x12.webp 12w, https:\/\/www.yishengpack.com\/wp-content\/uploads\/2025\/12\/Hot-Sale-Custom-Logo-Premium-Dates-Chocolate-Boxes-Wholesale-Rigid-Gift-Box-with-Lid-7-1200x1200.webp 1200w, https:\/\/www.yishengpack.com\/wp-content\/uploads\/2025\/12\/Hot-Sale-Custom-Logo-Premium-Dates-Chocolate-Boxes-Wholesale-Rigid-Gift-Box-with-Lid-7-600x600.webp 600w, https:\/\/www.yishengpack.com\/wp-content\/uploads\/2025\/12\/Hot-Sale-Custom-Logo-Premium-Dates-Chocolate-Boxes-Wholesale-Rigid-Gift-Box-with-Lid-7-100x100.webp 100w\" sizes=\"(max-width: 2048px) 100vw, 2048px\" \/><\/figure>\n\n\n\n<div class=\"wp-block-buttons has-custom-font-size has-small-font-size is-content-justification-center is-layout-flex wp-container-core-buttons-is-layout-16018d1d wp-block-buttons-is-layout-flex\">\n<div class=\"wp-block-button has-custom-width wp-block-button__width-75\"><a class=\"wp-block-button__link has-background has-small-font-size has-custom-font-size wp-element-button\" href=\"https:\/\/www.yishengpack.com\/pt\/custom-printed-box\/\" style=\"background:linear-gradient(135deg,rgb(254,205,165) 0%,rgb(254,45,45) 0%,rgb(94,15,15) 0%,rgb(94,15,15) 100%)\" target=\"_blank\" rel=\"noreferrer noopener\"><strong>Explorar caixas impressas personalizadas<\/strong><\/a><\/div>\n<\/div>\n<\/div>\n\n\n\n<div class=\"wp-block-column is-layout-flow wp-block-column-is-layout-flow\">\n<figure class=\"wp-block-image size-full\"><img decoding=\"async\" width=\"2048\" height=\"2048\" src=\"https:\/\/www.yishengpack.com\/wp-content\/uploads\/2025\/12\/Hot-Sale-Custom-Logo-Premium-Dates-Chocolate-Boxes-Wholesale-Rigid-Gift-Box-with-Lid-3.webp\" alt=\"caixa-de-chocolate-personalizada-em-alta-ramad\u00e3-datas-caixa-para-presente-atacado-3\" class=\"wp-image-3190\" srcset=\"https:\/\/www.yishengpack.com\/wp-content\/uploads\/2025\/12\/Hot-Sale-Custom-Logo-Premium-Dates-Chocolate-Boxes-Wholesale-Rigid-Gift-Box-with-Lid-3.webp 2048w, https:\/\/www.yishengpack.com\/wp-content\/uploads\/2025\/12\/Hot-Sale-Custom-Logo-Premium-Dates-Chocolate-Boxes-Wholesale-Rigid-Gift-Box-with-Lid-3-300x300.webp 300w, https:\/\/www.yishengpack.com\/wp-content\/uploads\/2025\/12\/Hot-Sale-Custom-Logo-Premium-Dates-Chocolate-Boxes-Wholesale-Rigid-Gift-Box-with-Lid-3-150x150.webp 150w, https:\/\/www.yishengpack.com\/wp-content\/uploads\/2025\/12\/Hot-Sale-Custom-Logo-Premium-Dates-Chocolate-Boxes-Wholesale-Rigid-Gift-Box-with-Lid-3-768x768.webp 768w, https:\/\/www.yishengpack.com\/wp-content\/uploads\/2025\/12\/Hot-Sale-Custom-Logo-Premium-Dates-Chocolate-Boxes-Wholesale-Rigid-Gift-Box-with-Lid-3-12x12.webp 12w, https:\/\/www.yishengpack.com\/wp-content\/uploads\/2025\/12\/Hot-Sale-Custom-Logo-Premium-Dates-Chocolate-Boxes-Wholesale-Rigid-Gift-Box-with-Lid-3-1200x1200.webp 1200w, https:\/\/www.yishengpack.com\/wp-content\/uploads\/2025\/12\/Hot-Sale-Custom-Logo-Premium-Dates-Chocolate-Boxes-Wholesale-Rigid-Gift-Box-with-Lid-3-600x600.webp 600w, https:\/\/www.yishengpack.com\/wp-content\/uploads\/2025\/12\/Hot-Sale-Custom-Logo-Premium-Dates-Chocolate-Boxes-Wholesale-Rigid-Gift-Box-with-Lid-3-100x100.webp 100w\" sizes=\"(max-width: 2048px) 100vw, 2048px\" \/><\/figure>\n\n\n\n<div class=\"wp-block-buttons has-custom-font-size has-small-font-size is-content-justification-center is-layout-flex wp-container-core-buttons-is-layout-16018d1d wp-block-buttons-is-layout-flex\">\n<div class=\"wp-block-button has-custom-width wp-block-button__width-75\"><a class=\"wp-block-button__link has-background has-small-font-size has-custom-font-size wp-element-button\" href=\"https:\/\/www.yishengpack.com\/pt\/custom-box-inserts-accessories\/\" style=\"background:linear-gradient(135deg,rgb(254,205,165) 0%,rgb(254,45,45) 0%,rgb(94,15,15) 0%,rgb(94,15,15) 100%)\" target=\"_blank\" rel=\"noreferrer noopener\"><strong>Explorar inser\u00e7\u00f5es de caixas personalizadas<\/strong><\/a><\/div>\n<\/div>\n<\/div>\n<\/div>","protected":false},"excerpt":{"rendered":"<p>Bem-vindo \u00e0 compra da nossa caixa de chocolates personalizada, com um design refinado com tampa elev\u00e1vel, detalhes decorativos em folha met\u00e1lica (estampagem em ouro\/prata) e inser\u00e7\u00f5es ajustadas e seguras para alimentos (para proteger cada guloseima), al\u00e9m de materiais r\u00edgidos de alta qualidade. Ideais para encomendas por grosso, estas caixas de presente suportam personaliza\u00e7\u00e3o OEM completa para melhorar a apresenta\u00e7\u00e3o da marca e o apelo sazonal do mercado.<\/p>\n<h2>Destaques da caixa de chocolates personalizada<\/h2>\n<ul>\n<li>Contextos vers\u00e1teis para oferecer presentes<\/li>\n<li>Personaliza\u00e7\u00e3o total<\/li>\n<li>Detalhes de forro premium<\/li>\n<li>Materiais ecol\u00f3gicos<\/li>\n<li>Artesanato requintado<\/li>\n<li>V\u00e1rios tamanhos de caixas<\/li>\n<li>Grande variedade de cores<\/li>\n<li>Constru\u00e7\u00e3o de caixas reutiliz\u00e1veis<\/li>\n<\/ul>","protected":false},"featured_media":3188,"comment_status":"closed","ping_status":"closed","template":"","meta":{"_acf_changed":false},"box-type":[57,61],"product_brand":[],"product_cat":[19,41,68,46,33,44],"product_tag":[],"class_list":{"0":"post-3187","1":"product","2":"type-product","3":"status-publish","4":"has-post-thumbnail","6":"box-type-custom-rigid-box-with-lid","7":"box-type-custom-two-piece-boxes","8":"product_cat-luxury-gift-boxes-wholesale","9":"product_cat-candy-gift-boxes-wholesale","10":"product_cat-custom-dates-box","11":"product_cat-wholesale-paper-boxes","12":"product_cat-food-packaging-boxes-wholesale","13":"product_cat-custom-snack-box","15":"first","16":"instock","17":"shipping-taxable","18":"product-type-simple"},"acf":[],"_links":{"self":[{"href":"https:\/\/www.yishengpack.com\/pt\/wp-json\/wp\/v2\/product\/3187","targetHints":{"allow":["GET"]}}],"collection":[{"href":"https:\/\/www.yishengpack.com\/pt\/wp-json\/wp\/v2\/product"}],"about":[{"href":"https:\/\/www.yishengpack.com\/pt\/wp-json\/wp\/v2\/types\/product"}],"replies":[{"embeddable":true,"href":"https:\/\/www.yishengpack.com\/pt\/wp-json\/wp\/v2\/comments?post=3187"}],"wp:featuredmedia":[{"embeddable":true,"href":"https:\/\/www.yishengpack.com\/pt\/wp-json\/wp\/v2\/media\/3188"}],"wp:attachment":[{"href":"https:\/\/www.yishengpack.com\/pt\/wp-json\/wp\/v2\/media?parent=3187"}],"wp:term":[{"taxonomy":"box-type","embeddable":true,"href":"https:\/\/www.yishengpack.com\/pt\/wp-json\/wp\/v2\/box-type?post=3187"},{"taxonomy":"product_brand","embeddable":true,"href":"https:\/\/www.yishengpack.com\/pt\/wp-json\/wp\/v2\/product_brand?post=3187"},{"taxonomy":"product_cat","embeddable":true,"href":"https:\/\/www.yishengpack.com\/pt\/wp-json\/wp\/v2\/product_cat?post=3187"},{"taxonomy":"product_tag","embeddable":true,"href":"https:\/\/www.yishengpack.com\/pt\/wp-json\/wp\/v2\/product_tag?post=3187"}],"curies":[{"name":"wp","href":"https:\/\/api.w.org\/{rel}","templated":true}]}}