{"id":3079,"date":"2025-12-13T01:21:56","date_gmt":"2025-12-13T01:21:56","guid":{"rendered":"https:\/\/www.yishengpack.com\/?post_type=product&#038;p=3079"},"modified":"2025-12-13T01:21:58","modified_gmt":"2025-12-13T01:21:58","slug":"custom-automotive-packaging-boxes","status":"publish","type":"product","link":"https:\/\/www.yishengpack.com\/pt\/product\/custom-automotive-packaging-boxes\/","title":{"rendered":"Caixas de embalagem autom\u00f3vel personalizadas, caixas de envio por atacado"},"content":{"rendered":"<div class=\"wp-block-columns is-layout-flex wp-container-core-columns-is-layout-9d6595d7 wp-block-columns-is-layout-flex\">\n<div class=\"wp-block-column is-layout-flow wp-block-column-is-layout-flow\">\n<h3 class=\"wp-block-heading\">Carater\u00edsticas das caixas de embalagem autom\u00f3vel personalizadas<\/h3>\n\n\n\n<p><strong>Marca e design totalmente personaliz\u00e1veis: <\/strong>As caixas de embalagem autom\u00f3vel personalizadas permitem a personaliza\u00e7\u00e3o total de motivos impressos (por exemplo, pist\u00f5es, engrenagens, discos de trav\u00e3o), cores, log\u00f3tipos e acabamentos de superf\u00edcie - alinhando perfeitamente a embalagem com a identidade da marca e a relev\u00e2ncia dos componentes.<\/p>\n\n\n\n<p><strong>Inser\u00e7\u00f5es de prote\u00e7\u00e3o personaliz\u00e1veis:<\/strong> Estas caixas de transporte em cart\u00e3o canelado suportam configura\u00e7\u00f5es de inser\u00e7\u00f5es de espuma\/papel personalizadas - concebidas para corresponderem \u00e0 forma exacta de pe\u00e7as de autom\u00f3vel espec\u00edficas (pist\u00f5es, conjuntos de trav\u00f5es, filtros) - para bloquear os componentes de forma segura e evitar danos durante o transporte.<\/p>\n\n\n\n<p><strong>Embalagem a granel que poupa espa\u00e7o:<\/strong> O design dobr\u00e1vel destas caixas de transporte onduladas por atacado economiza espa\u00e7o de armazenamento, e a estrutura externa robusta \u00e9 adequada para log\u00edstica dom\u00e9stica e transporte internacional de exporta\u00e7\u00e3o, permitindo uma r\u00e1pida montagem no local.<\/p>\n\n\n\n<p><strong>Adaptabilidade de tamanho modular: <\/strong>Estas caixas de embalagem autom\u00f3vel personalizadas oferecem tamanhos expans\u00edveis para acomodar v\u00e1rias pe\u00e7as autom\u00f3veis, garantindo um ajuste apertado e um funcionamento fi\u00e1vel com diferentes tipos de componentes. Suporta v\u00e1rios designs estruturais, incluindo caixas com ranhuras padr\u00e3o, caixas para servi\u00e7os pesados e caixas com divis\u00f3rias internas.<\/p>\n\n\n\n<p><strong>Constru\u00e7\u00e3o duradoura em cart\u00e3o canelado:<\/strong> As caixas de embalagem personalizadas para autom\u00f3veis Constru\u00eddas a partir de cart\u00e3o ondulado r\u00edgido, as caixas suportam as press\u00f5es de manuseamento em armaz\u00e9ns e expedi\u00e7\u00e3o, protegendo as pe\u00e7as autom\u00f3veis sem peso adicional.<\/p>\n<\/div>\n\n\n\n<div class=\"wp-block-column is-layout-flow wp-block-column-is-layout-flow\">\n<figure class=\"wp-block-image size-full\"><img decoding=\"async\" width=\"2048\" height=\"2048\" src=\"https:\/\/www.yishengpack.com\/wp-content\/uploads\/2025\/12\/Bulk-Eco-Friendly-Mailer-Boxes-Wholesale-Recyclable-Auto-Spare-Parts-Boxes-with-Custom-Logo-2.webp\" alt=\"caixas de embalagem autom\u00f3vel personalizadas-caixas de envio-caixas de venda por grosso-2\" class=\"wp-image-3081\" srcset=\"https:\/\/www.yishengpack.com\/wp-content\/uploads\/2025\/12\/Bulk-Eco-Friendly-Mailer-Boxes-Wholesale-Recyclable-Auto-Spare-Parts-Boxes-with-Custom-Logo-2.webp 2048w, https:\/\/www.yishengpack.com\/wp-content\/uploads\/2025\/12\/Bulk-Eco-Friendly-Mailer-Boxes-Wholesale-Recyclable-Auto-Spare-Parts-Boxes-with-Custom-Logo-2-300x300.webp 300w, https:\/\/www.yishengpack.com\/wp-content\/uploads\/2025\/12\/Bulk-Eco-Friendly-Mailer-Boxes-Wholesale-Recyclable-Auto-Spare-Parts-Boxes-with-Custom-Logo-2-150x150.webp 150w, https:\/\/www.yishengpack.com\/wp-content\/uploads\/2025\/12\/Bulk-Eco-Friendly-Mailer-Boxes-Wholesale-Recyclable-Auto-Spare-Parts-Boxes-with-Custom-Logo-2-768x768.webp 768w, https:\/\/www.yishengpack.com\/wp-content\/uploads\/2025\/12\/Bulk-Eco-Friendly-Mailer-Boxes-Wholesale-Recyclable-Auto-Spare-Parts-Boxes-with-Custom-Logo-2-12x12.webp 12w, https:\/\/www.yishengpack.com\/wp-content\/uploads\/2025\/12\/Bulk-Eco-Friendly-Mailer-Boxes-Wholesale-Recyclable-Auto-Spare-Parts-Boxes-with-Custom-Logo-2-1200x1200.webp 1200w, https:\/\/www.yishengpack.com\/wp-content\/uploads\/2025\/12\/Bulk-Eco-Friendly-Mailer-Boxes-Wholesale-Recyclable-Auto-Spare-Parts-Boxes-with-Custom-Logo-2-600x600.webp 600w, https:\/\/www.yishengpack.com\/wp-content\/uploads\/2025\/12\/Bulk-Eco-Friendly-Mailer-Boxes-Wholesale-Recyclable-Auto-Spare-Parts-Boxes-with-Custom-Logo-2-100x100.webp 100w\" sizes=\"(max-width: 2048px) 100vw, 2048px\" \/><\/figure>\n<\/div>\n<\/div>\n\n\n\n<div class=\"wp-block-columns is-layout-flex wp-container-core-columns-is-layout-9d6595d7 wp-block-columns-is-layout-flex\">\n<div class=\"wp-block-column is-layout-flow wp-block-column-is-layout-flow\">\n<figure class=\"wp-block-image size-full\"><img decoding=\"async\" width=\"1832\" height=\"1832\" src=\"https:\/\/www.yishengpack.com\/wp-content\/uploads\/2025\/12\/Bulk-Eco-Friendly-Mailer-Boxes-Wholesale-Recyclable-Auto-Spare-Parts-Boxes-with-Custom-Logo-6.webp\" alt=\"caixas de correio ecol\u00f3gicas a granel - caixas de correio recicl\u00e1veis para pe\u00e7as sobresselentes de autom\u00f3veis com log\u00f3tipo personalizado - 6\" class=\"wp-image-3085\" srcset=\"https:\/\/www.yishengpack.com\/wp-content\/uploads\/2025\/12\/Bulk-Eco-Friendly-Mailer-Boxes-Wholesale-Recyclable-Auto-Spare-Parts-Boxes-with-Custom-Logo-6.webp 1832w, https:\/\/www.yishengpack.com\/wp-content\/uploads\/2025\/12\/Bulk-Eco-Friendly-Mailer-Boxes-Wholesale-Recyclable-Auto-Spare-Parts-Boxes-with-Custom-Logo-6-300x300.webp 300w, https:\/\/www.yishengpack.com\/wp-content\/uploads\/2025\/12\/Bulk-Eco-Friendly-Mailer-Boxes-Wholesale-Recyclable-Auto-Spare-Parts-Boxes-with-Custom-Logo-6-150x150.webp 150w, https:\/\/www.yishengpack.com\/wp-content\/uploads\/2025\/12\/Bulk-Eco-Friendly-Mailer-Boxes-Wholesale-Recyclable-Auto-Spare-Parts-Boxes-with-Custom-Logo-6-768x768.webp 768w, https:\/\/www.yishengpack.com\/wp-content\/uploads\/2025\/12\/Bulk-Eco-Friendly-Mailer-Boxes-Wholesale-Recyclable-Auto-Spare-Parts-Boxes-with-Custom-Logo-6-12x12.webp 12w, https:\/\/www.yishengpack.com\/wp-content\/uploads\/2025\/12\/Bulk-Eco-Friendly-Mailer-Boxes-Wholesale-Recyclable-Auto-Spare-Parts-Boxes-with-Custom-Logo-6-1200x1200.webp 1200w, https:\/\/www.yishengpack.com\/wp-content\/uploads\/2025\/12\/Bulk-Eco-Friendly-Mailer-Boxes-Wholesale-Recyclable-Auto-Spare-Parts-Boxes-with-Custom-Logo-6-600x600.webp 600w, https:\/\/www.yishengpack.com\/wp-content\/uploads\/2025\/12\/Bulk-Eco-Friendly-Mailer-Boxes-Wholesale-Recyclable-Auto-Spare-Parts-Boxes-with-Custom-Logo-6-100x100.webp 100w\" sizes=\"(max-width: 1832px) 100vw, 1832px\" \/><\/figure>\n\n\n\n<div class=\"wp-block-buttons has-custom-font-size has-small-font-size is-content-justification-center is-layout-flex wp-container-core-buttons-is-layout-16018d1d wp-block-buttons-is-layout-flex\">\n<div class=\"wp-block-button has-custom-width wp-block-button__width-75\"><a class=\"wp-block-button__link has-background has-small-font-size has-custom-font-size wp-element-button\" href=\"https:\/\/www.yishengpack.com\/pt\/custom-printed-box\/\" style=\"background:linear-gradient(135deg,rgb(254,205,165) 0%,rgb(254,45,45) 0%,rgb(94,15,15) 0%,rgb(94,15,15) 100%)\" target=\"_blank\" rel=\"noreferrer noopener\"><strong>Explorar caixas impressas personalizadas<\/strong><\/a><\/div>\n<\/div>\n<\/div>\n\n\n\n<div class=\"wp-block-column is-layout-flow wp-block-column-is-layout-flow\">\n<figure class=\"wp-block-image size-full\"><img decoding=\"async\" width=\"1772\" height=\"1772\" src=\"https:\/\/www.yishengpack.com\/wp-content\/uploads\/2025\/12\/Bulk-Eco-Friendly-Mailer-Boxes-Wholesale-Recyclable-Auto-Spare-Parts-Boxes-with-Custom-Logo-4.webp\" alt=\"caixas de correio ecol\u00f3gicas a granel-caixas de correio por grosso recicl\u00e1veis para pe\u00e7as sobresselentes de autom\u00f3veis com log\u00f3tipo personalizado-4\" class=\"wp-image-3083\" srcset=\"https:\/\/www.yishengpack.com\/wp-content\/uploads\/2025\/12\/Bulk-Eco-Friendly-Mailer-Boxes-Wholesale-Recyclable-Auto-Spare-Parts-Boxes-with-Custom-Logo-4.webp 1772w, https:\/\/www.yishengpack.com\/wp-content\/uploads\/2025\/12\/Bulk-Eco-Friendly-Mailer-Boxes-Wholesale-Recyclable-Auto-Spare-Parts-Boxes-with-Custom-Logo-4-300x300.webp 300w, https:\/\/www.yishengpack.com\/wp-content\/uploads\/2025\/12\/Bulk-Eco-Friendly-Mailer-Boxes-Wholesale-Recyclable-Auto-Spare-Parts-Boxes-with-Custom-Logo-4-150x150.webp 150w, https:\/\/www.yishengpack.com\/wp-content\/uploads\/2025\/12\/Bulk-Eco-Friendly-Mailer-Boxes-Wholesale-Recyclable-Auto-Spare-Parts-Boxes-with-Custom-Logo-4-768x768.webp 768w, https:\/\/www.yishengpack.com\/wp-content\/uploads\/2025\/12\/Bulk-Eco-Friendly-Mailer-Boxes-Wholesale-Recyclable-Auto-Spare-Parts-Boxes-with-Custom-Logo-4-12x12.webp 12w, https:\/\/www.yishengpack.com\/wp-content\/uploads\/2025\/12\/Bulk-Eco-Friendly-Mailer-Boxes-Wholesale-Recyclable-Auto-Spare-Parts-Boxes-with-Custom-Logo-4-1200x1200.webp 1200w, https:\/\/www.yishengpack.com\/wp-content\/uploads\/2025\/12\/Bulk-Eco-Friendly-Mailer-Boxes-Wholesale-Recyclable-Auto-Spare-Parts-Boxes-with-Custom-Logo-4-600x600.webp 600w, https:\/\/www.yishengpack.com\/wp-content\/uploads\/2025\/12\/Bulk-Eco-Friendly-Mailer-Boxes-Wholesale-Recyclable-Auto-Spare-Parts-Boxes-with-Custom-Logo-4-100x100.webp 100w\" sizes=\"(max-width: 1772px) 100vw, 1772px\" \/><\/figure>\n\n\n\n<div class=\"wp-block-buttons has-custom-font-size has-small-font-size is-content-justification-center is-layout-flex wp-container-core-buttons-is-layout-16018d1d wp-block-buttons-is-layout-flex\">\n<div class=\"wp-block-button has-custom-width wp-block-button__width-75\"><a class=\"wp-block-button__link has-background has-small-font-size has-custom-font-size wp-element-button\" href=\"https:\/\/www.yishengpack.com\/pt\/custom-box-inserts-accessories\/\" style=\"background:linear-gradient(135deg,rgb(254,205,165) 0%,rgb(254,45,45) 0%,rgb(94,15,15) 0%,rgb(94,15,15) 100%)\" target=\"_blank\" rel=\"noreferrer noopener\"><strong>Explorar inser\u00e7\u00f5es de caixas personalizadas<\/strong><\/a><\/div>\n<\/div>\n<\/div>\n<\/div>","protected":false},"excerpt":{"rendered":"<p>Bem-vindo a comprar as nossas caixas de embalagem personalizadas para autom\u00f3veis, fabricadas em cart\u00e3o canelado de alta resist\u00eancia, que proporcionam uma prote\u00e7\u00e3o fi\u00e1vel para as pe\u00e7as de autom\u00f3vel durante o armazenamento e o transporte. Totalmente personaliz\u00e1veis em termos de tamanho, estrutura, inser\u00e7\u00f5es e impress\u00e3o, estas caixas de transporte em cart\u00e3o canelado por atacado combinam durabilidade, flexibilidade de marca e materiais ecol\u00f3gicos para satisfazer as necessidades exigentes da ind\u00fastria autom\u00f3vel.<\/p>\n<h2>Destaques das caixas de embalagem autom\u00f3vel personalizadas<\/h2>\n<ul>\n<li>Design de montagem r\u00e1pida em embalagem plana<\/li>\n<li>Personaliza\u00e7\u00e3o completa<\/li>\n<li>Materiais recicl\u00e1veis amigos do ambiente<\/li>\n<li>Processos de impress\u00e3o avan\u00e7ados<\/li>\n<li>Compatibilidade com v\u00e1rios tamanhos<\/li>\n<li>Forro interior de prote\u00e7\u00e3o<\/li>\n<li>Conce\u00e7\u00e3o estrutural empilh\u00e1vel<\/li>\n<li>Constru\u00e7\u00e3o robusta<\/li>\n<\/ul>","protected":false},"featured_media":3080,"comment_status":"closed","ping_status":"closed","template":"","meta":{"_acf_changed":false},"box-type":[55,59],"product_brand":[],"product_cat":[46,69,67,74],"product_tag":[],"class_list":{"0":"post-3079","1":"product","2":"type-product","3":"status-publish","4":"has-post-thumbnail","6":"box-type-custom-foldable-boxes","7":"box-type-custom-mailer-boxes","8":"product_cat-wholesale-paper-boxes","9":"product_cat-custom-retail-boxes","10":"product_cat-custom-shipping-boxes","11":"product_cat-custom-auto-parts-boxes","13":"first","14":"instock","15":"shipping-taxable","16":"product-type-simple"},"acf":[],"_links":{"self":[{"href":"https:\/\/www.yishengpack.com\/pt\/wp-json\/wp\/v2\/product\/3079","targetHints":{"allow":["GET"]}}],"collection":[{"href":"https:\/\/www.yishengpack.com\/pt\/wp-json\/wp\/v2\/product"}],"about":[{"href":"https:\/\/www.yishengpack.com\/pt\/wp-json\/wp\/v2\/types\/product"}],"replies":[{"embeddable":true,"href":"https:\/\/www.yishengpack.com\/pt\/wp-json\/wp\/v2\/comments?post=3079"}],"wp:featuredmedia":[{"embeddable":true,"href":"https:\/\/www.yishengpack.com\/pt\/wp-json\/wp\/v2\/media\/3080"}],"wp:attachment":[{"href":"https:\/\/www.yishengpack.com\/pt\/wp-json\/wp\/v2\/media?parent=3079"}],"wp:term":[{"taxonomy":"box-type","embeddable":true,"href":"https:\/\/www.yishengpack.com\/pt\/wp-json\/wp\/v2\/box-type?post=3079"},{"taxonomy":"product_brand","embeddable":true,"href":"https:\/\/www.yishengpack.com\/pt\/wp-json\/wp\/v2\/product_brand?post=3079"},{"taxonomy":"product_cat","embeddable":true,"href":"https:\/\/www.yishengpack.com\/pt\/wp-json\/wp\/v2\/product_cat?post=3079"},{"taxonomy":"product_tag","embeddable":true,"href":"https:\/\/www.yishengpack.com\/pt\/wp-json\/wp\/v2\/product_tag?post=3079"}],"curies":[{"name":"wp","href":"https:\/\/api.w.org\/{rel}","templated":true}]}}