{"id":3063,"date":"2025-12-12T16:30:04","date_gmt":"2025-12-12T16:30:04","guid":{"rendered":"https:\/\/www.yishengpack.com\/?post_type=product&#038;p=3063"},"modified":"2025-12-12T16:30:53","modified_gmt":"2025-12-12T16:30:53","slug":"dates-gift-boxes-wholesale","status":"publish","type":"product","link":"https:\/\/www.yishengpack.com\/pt\/product\/dates-gift-boxes-wholesale\/","title":{"rendered":"Caixas para presentes com t\u00e2maras por grosso, caixa de papel com tampa e base personalizadas"},"content":{"rendered":"<div class=\"wp-block-columns is-layout-flex wp-container-core-columns-is-layout-9d6595d7 wp-block-columns-is-layout-flex\">\n<div class=\"wp-block-column is-layout-flow wp-block-column-is-layout-flow\">\n<h3 class=\"wp-block-heading\">Carater\u00edsticas das caixas de oferta com datas personalizadas<\/h3>\n\n\n\n<p><strong>Estrutura de eleva\u00e7\u00e3o elegante:<\/strong> Estas caixas de oferta para t\u00e2maras por atacado adoptam o design cl\u00e1ssico, com uma parte superior sem costuras e f\u00e1cil de levantar, que proporciona uma experi\u00eancia de desembalagem premium e elegante, ao mesmo tempo que protege de forma segura o conte\u00fado da t\u00e2mara.<\/p>\n\n\n\n<p><strong>Tabuleiro interior compartimentado e seguro:<\/strong> Estas caixas de oferta de t\u00e2maras para venda por grosso incluem um tabuleiro de papel \u00e0 medida, seguro para alimentos, com ranhuras individuais, que encaixa perfeitamente as t\u00e2maras para evitar que se desloquem durante o transporte, mantendo as guloseimas bem organizadas para apresenta\u00e7\u00e3o.<\/p>\n\n\n\n<p><strong>Constru\u00e7\u00e3o em papel dobr\u00e1vel resistente:<\/strong> Estas caixas de oferta de datas por atacado s\u00e3o fabricadas a partir de cart\u00e3o dur\u00e1vel; o design dobr\u00e1vel destas caixas de oferta de datas minimiza o volume de envio e o espa\u00e7o de armazenamento, reduzindo os custos log\u00edsticos sem comprometer a integridade estrutural.<\/p>\n\n\n\n<p><strong>Paletas de cores tem\u00e1ticas ricas:<\/strong> A nossa caixa de papel com tampa e base personalizadas com impress\u00f5es complexas. Desde o azul-marinho profundo com detalhes dourados at\u00e9 aos past\u00e9is suaves, as caixas utilizam esquemas de cores sofisticados que se alinham com as ocasi\u00f5es de oferta (por exemplo, festivas, comemorativas) para aumentar o fasc\u00ednio dos presentes de data.<\/p>\n\n\n\n<p><strong>Op\u00e7\u00f5es de personaliza\u00e7\u00e3o vers\u00e1teis: <\/strong>As nossas caixas de papel com tampa e base personalizadas oferecem dimens\u00f5es, motivos de impress\u00e3o, coloca\u00e7\u00e3o do log\u00f3tipo, acabamento (por exemplo, estampagem em folha) e disposi\u00e7\u00e3o do tabuleiro totalmente personaliz\u00e1veis. Estas caixas de papel para datas podem ser adaptadas para corresponder \u00e0 identidade da marca ou a temas espec\u00edficos de presentes.<\/p>\n\n\n\n<p><strong>Adequado para grandes volumes de vendas por grosso:<\/strong> Estas caixas de presente de datas por atacado na f\u00e1brica de Yisheng t\u00eam linhas de produ\u00e7\u00e3o maduras, apoiando o fornecimento est\u00e1vel em grandes quantidades com consist\u00eancia de alta qualidade, adequado para propriet\u00e1rios de marcas e importadores.<\/p>\n<\/div>\n\n\n\n<div class=\"wp-block-column is-layout-flow wp-block-column-is-layout-flow\">\n<figure class=\"wp-block-image size-full\"><img decoding=\"async\" width=\"1148\" height=\"1148\" src=\"https:\/\/www.yishengpack.com\/wp-content\/uploads\/2025\/12\/High-End-Custom-Luxury-Dates-Gift-Boxes-Eco-Friendly-Divided-Food-Package-Boxes-with-Logo-Wholesale-2.webp\" alt=\"dates-gift-boxes-wholesale-custom-lid-and-base-paper-box-2\" class=\"wp-image-3065\" srcset=\"https:\/\/www.yishengpack.com\/wp-content\/uploads\/2025\/12\/High-End-Custom-Luxury-Dates-Gift-Boxes-Eco-Friendly-Divided-Food-Package-Boxes-with-Logo-Wholesale-2.webp 1148w, https:\/\/www.yishengpack.com\/wp-content\/uploads\/2025\/12\/High-End-Custom-Luxury-Dates-Gift-Boxes-Eco-Friendly-Divided-Food-Package-Boxes-with-Logo-Wholesale-2-300x300.webp 300w, https:\/\/www.yishengpack.com\/wp-content\/uploads\/2025\/12\/High-End-Custom-Luxury-Dates-Gift-Boxes-Eco-Friendly-Divided-Food-Package-Boxes-with-Logo-Wholesale-2-150x150.webp 150w, https:\/\/www.yishengpack.com\/wp-content\/uploads\/2025\/12\/High-End-Custom-Luxury-Dates-Gift-Boxes-Eco-Friendly-Divided-Food-Package-Boxes-with-Logo-Wholesale-2-768x768.webp 768w, https:\/\/www.yishengpack.com\/wp-content\/uploads\/2025\/12\/High-End-Custom-Luxury-Dates-Gift-Boxes-Eco-Friendly-Divided-Food-Package-Boxes-with-Logo-Wholesale-2-12x12.webp 12w, https:\/\/www.yishengpack.com\/wp-content\/uploads\/2025\/12\/High-End-Custom-Luxury-Dates-Gift-Boxes-Eco-Friendly-Divided-Food-Package-Boxes-with-Logo-Wholesale-2-600x600.webp 600w, https:\/\/www.yishengpack.com\/wp-content\/uploads\/2025\/12\/High-End-Custom-Luxury-Dates-Gift-Boxes-Eco-Friendly-Divided-Food-Package-Boxes-with-Logo-Wholesale-2-100x100.webp 100w\" sizes=\"(max-width: 1148px) 100vw, 1148px\" \/><\/figure>\n<\/div>\n<\/div>\n\n\n\n<div class=\"wp-block-columns is-layout-flex wp-container-core-columns-is-layout-9d6595d7 wp-block-columns-is-layout-flex\">\n<div class=\"wp-block-column is-layout-flow wp-block-column-is-layout-flow\">\n<figure class=\"wp-block-image size-full\"><img decoding=\"async\" width=\"2048\" height=\"2048\" src=\"https:\/\/www.yishengpack.com\/wp-content\/uploads\/2025\/12\/High-End-Custom-Luxury-Dates-Gift-Boxes-Eco-Friendly-Divided-Food-Package-Boxes-with-Logo-Wholesale-6.webp\" alt=\"dates-gift-boxes-wholesale-custom-lid-and-base-paper-box-6\" class=\"wp-image-3069\" srcset=\"https:\/\/www.yishengpack.com\/wp-content\/uploads\/2025\/12\/High-End-Custom-Luxury-Dates-Gift-Boxes-Eco-Friendly-Divided-Food-Package-Boxes-with-Logo-Wholesale-6.webp 2048w, https:\/\/www.yishengpack.com\/wp-content\/uploads\/2025\/12\/High-End-Custom-Luxury-Dates-Gift-Boxes-Eco-Friendly-Divided-Food-Package-Boxes-with-Logo-Wholesale-6-300x300.webp 300w, https:\/\/www.yishengpack.com\/wp-content\/uploads\/2025\/12\/High-End-Custom-Luxury-Dates-Gift-Boxes-Eco-Friendly-Divided-Food-Package-Boxes-with-Logo-Wholesale-6-150x150.webp 150w, https:\/\/www.yishengpack.com\/wp-content\/uploads\/2025\/12\/High-End-Custom-Luxury-Dates-Gift-Boxes-Eco-Friendly-Divided-Food-Package-Boxes-with-Logo-Wholesale-6-768x768.webp 768w, https:\/\/www.yishengpack.com\/wp-content\/uploads\/2025\/12\/High-End-Custom-Luxury-Dates-Gift-Boxes-Eco-Friendly-Divided-Food-Package-Boxes-with-Logo-Wholesale-6-12x12.webp 12w, https:\/\/www.yishengpack.com\/wp-content\/uploads\/2025\/12\/High-End-Custom-Luxury-Dates-Gift-Boxes-Eco-Friendly-Divided-Food-Package-Boxes-with-Logo-Wholesale-6-1200x1200.webp 1200w, https:\/\/www.yishengpack.com\/wp-content\/uploads\/2025\/12\/High-End-Custom-Luxury-Dates-Gift-Boxes-Eco-Friendly-Divided-Food-Package-Boxes-with-Logo-Wholesale-6-600x600.webp 600w, https:\/\/www.yishengpack.com\/wp-content\/uploads\/2025\/12\/High-End-Custom-Luxury-Dates-Gift-Boxes-Eco-Friendly-Divided-Food-Package-Boxes-with-Logo-Wholesale-6-100x100.webp 100w\" sizes=\"(max-width: 2048px) 100vw, 2048px\" \/><\/figure>\n\n\n\n<div class=\"wp-block-buttons has-custom-font-size has-small-font-size is-content-justification-center is-layout-flex wp-container-core-buttons-is-layout-16018d1d wp-block-buttons-is-layout-flex\">\n<div class=\"wp-block-button has-custom-width wp-block-button__width-75\"><a class=\"wp-block-button__link has-background has-small-font-size has-custom-font-size wp-element-button\" href=\"https:\/\/www.yishengpack.com\/pt\/custom-printed-box\/\" style=\"background:linear-gradient(135deg,rgb(254,205,165) 0%,rgb(254,45,45) 0%,rgb(94,15,15) 0%,rgb(94,15,15) 100%)\" target=\"_blank\" rel=\"noreferrer noopener\"><strong>Explorar caixas impressas personalizadas<\/strong><\/a><\/div>\n<\/div>\n<\/div>\n\n\n\n<div class=\"wp-block-column is-layout-flow wp-block-column-is-layout-flow\">\n<figure class=\"wp-block-image size-full\"><img decoding=\"async\" width=\"1574\" height=\"1574\" src=\"https:\/\/www.yishengpack.com\/wp-content\/uploads\/2025\/12\/High-End-Custom-Luxury-Dates-Gift-Boxes-Eco-Friendly-Divided-Food-Package-Boxes-with-Logo-Wholesale-7.webp\" alt=\"dates-gift-boxes-wholesale-custom-lid-and-base-paper-box-7\" class=\"wp-image-3070\" srcset=\"https:\/\/www.yishengpack.com\/wp-content\/uploads\/2025\/12\/High-End-Custom-Luxury-Dates-Gift-Boxes-Eco-Friendly-Divided-Food-Package-Boxes-with-Logo-Wholesale-7.webp 1574w, https:\/\/www.yishengpack.com\/wp-content\/uploads\/2025\/12\/High-End-Custom-Luxury-Dates-Gift-Boxes-Eco-Friendly-Divided-Food-Package-Boxes-with-Logo-Wholesale-7-300x300.webp 300w, https:\/\/www.yishengpack.com\/wp-content\/uploads\/2025\/12\/High-End-Custom-Luxury-Dates-Gift-Boxes-Eco-Friendly-Divided-Food-Package-Boxes-with-Logo-Wholesale-7-150x150.webp 150w, https:\/\/www.yishengpack.com\/wp-content\/uploads\/2025\/12\/High-End-Custom-Luxury-Dates-Gift-Boxes-Eco-Friendly-Divided-Food-Package-Boxes-with-Logo-Wholesale-7-768x768.webp 768w, https:\/\/www.yishengpack.com\/wp-content\/uploads\/2025\/12\/High-End-Custom-Luxury-Dates-Gift-Boxes-Eco-Friendly-Divided-Food-Package-Boxes-with-Logo-Wholesale-7-12x12.webp 12w, https:\/\/www.yishengpack.com\/wp-content\/uploads\/2025\/12\/High-End-Custom-Luxury-Dates-Gift-Boxes-Eco-Friendly-Divided-Food-Package-Boxes-with-Logo-Wholesale-7-1200x1200.webp 1200w, https:\/\/www.yishengpack.com\/wp-content\/uploads\/2025\/12\/High-End-Custom-Luxury-Dates-Gift-Boxes-Eco-Friendly-Divided-Food-Package-Boxes-with-Logo-Wholesale-7-600x600.webp 600w, https:\/\/www.yishengpack.com\/wp-content\/uploads\/2025\/12\/High-End-Custom-Luxury-Dates-Gift-Boxes-Eco-Friendly-Divided-Food-Package-Boxes-with-Logo-Wholesale-7-100x100.webp 100w\" sizes=\"(max-width: 1574px) 100vw, 1574px\" \/><\/figure>\n\n\n\n<div class=\"wp-block-buttons has-custom-font-size has-small-font-size is-content-justification-center is-layout-flex wp-container-core-buttons-is-layout-16018d1d wp-block-buttons-is-layout-flex\">\n<div class=\"wp-block-button has-custom-width wp-block-button__width-75\"><a class=\"wp-block-button__link has-background has-small-font-size has-custom-font-size wp-element-button\" href=\"https:\/\/www.yishengpack.com\/pt\/custom-box-inserts-accessories\/\" style=\"background:linear-gradient(135deg,rgb(254,205,165) 0%,rgb(254,45,45) 0%,rgb(94,15,15) 0%,rgb(94,15,15) 100%)\" target=\"_blank\" rel=\"noreferrer noopener\"><strong>Explorar inser\u00e7\u00f5es de caixas personalizadas<\/strong><\/a><\/div>\n<\/div>\n<\/div>\n<\/div>","protected":false},"excerpt":{"rendered":"<p>Bem-vindo ao comprar as nossas caixas de oferta para t\u00e2maras por grosso, adornadas com padr\u00f5es intrincados em paletas de cores ricas, perfeitas para t\u00e2maras de primeira qualidade, produtos de confeitaria ou guloseimas gourmet. Com um tabuleiro interior compartimentado (para proteger itens individuais), constru\u00e7\u00e3o em papel dur\u00e1vel e acabamentos decorativos elegantes, \u00e9 opul\u00eancia e praticidade combinadas. Oferecemos tamanhos, padr\u00f5es e esquemas de cores personalizados para log\u00f3tipos personalizados ou detalhes em folha de alum\u00ednio premium para corresponder \u00e0 sua marca.<\/p>\n<h2>Destaques das caixas de presente Luxury Dates por atacado<\/h2>\n<ul>\n<li>Possibilidade de personaliza\u00e7\u00e3o completa<\/li>\n<li>Armazenamento compartimentado<\/li>\n<li>Materiais reciclados<\/li>\n<li>Impress\u00e3o requintada<\/li>\n<li>Adaptabilidade de tamanho vers\u00e1til<\/li>\n<li>Grande variedade de cores<\/li>\n<li>Estrutura est\u00e1vel<\/li>\n<li>Visor de datas protetor e pr\u00e1tico<\/li>\n<\/ul>","protected":false},"featured_media":3064,"comment_status":"closed","ping_status":"closed","template":"","meta":{"_acf_changed":false},"box-type":[57,61],"product_brand":[],"product_cat":[46,19,41,68,33,44],"product_tag":[],"class_list":{"0":"post-3063","1":"product","2":"type-product","3":"status-publish","4":"has-post-thumbnail","6":"box-type-custom-rigid-box-with-lid","7":"box-type-custom-two-piece-boxes","8":"product_cat-wholesale-paper-boxes","9":"product_cat-luxury-gift-boxes-wholesale","10":"product_cat-candy-gift-boxes-wholesale","11":"product_cat-custom-dates-box","12":"product_cat-food-packaging-boxes-wholesale","13":"product_cat-custom-snack-box","15":"first","16":"instock","17":"shipping-taxable","18":"product-type-simple"},"acf":[],"_links":{"self":[{"href":"https:\/\/www.yishengpack.com\/pt\/wp-json\/wp\/v2\/product\/3063","targetHints":{"allow":["GET"]}}],"collection":[{"href":"https:\/\/www.yishengpack.com\/pt\/wp-json\/wp\/v2\/product"}],"about":[{"href":"https:\/\/www.yishengpack.com\/pt\/wp-json\/wp\/v2\/types\/product"}],"replies":[{"embeddable":true,"href":"https:\/\/www.yishengpack.com\/pt\/wp-json\/wp\/v2\/comments?post=3063"}],"wp:featuredmedia":[{"embeddable":true,"href":"https:\/\/www.yishengpack.com\/pt\/wp-json\/wp\/v2\/media\/3064"}],"wp:attachment":[{"href":"https:\/\/www.yishengpack.com\/pt\/wp-json\/wp\/v2\/media?parent=3063"}],"wp:term":[{"taxonomy":"box-type","embeddable":true,"href":"https:\/\/www.yishengpack.com\/pt\/wp-json\/wp\/v2\/box-type?post=3063"},{"taxonomy":"product_brand","embeddable":true,"href":"https:\/\/www.yishengpack.com\/pt\/wp-json\/wp\/v2\/product_brand?post=3063"},{"taxonomy":"product_cat","embeddable":true,"href":"https:\/\/www.yishengpack.com\/pt\/wp-json\/wp\/v2\/product_cat?post=3063"},{"taxonomy":"product_tag","embeddable":true,"href":"https:\/\/www.yishengpack.com\/pt\/wp-json\/wp\/v2\/product_tag?post=3063"}],"curies":[{"name":"wp","href":"https:\/\/api.w.org\/{rel}","templated":true}]}}