{"id":3029,"date":"2025-12-12T10:49:48","date_gmt":"2025-12-12T10:49:48","guid":{"rendered":"https:\/\/www.yishengpack.com\/?post_type=product&#038;p=3029"},"modified":"2025-12-12T10:49:49","modified_gmt":"2025-12-12T10:49:49","slug":"folding-cake-boxes-wholesale","status":"publish","type":"product","link":"https:\/\/www.yishengpack.com\/pt\/product\/folding-cake-boxes-wholesale\/","title":{"rendered":"Caixas dobr\u00e1veis para bolos por grosso, caixas personalizadas para sobremesas"},"content":{"rendered":"<div class=\"wp-block-columns is-layout-flex wp-container-core-columns-is-layout-9d6595d7 wp-block-columns-is-layout-flex\">\n<div class=\"wp-block-column is-layout-flow wp-block-column-is-layout-flow\">\n<h3 class=\"wp-block-heading\">Carater\u00edsticas das caixas para bolos dobr\u00e1veis por atacado<\/h3>\n\n\n\n<p><strong>Veda\u00e7\u00e3o segura com fecho de press\u00e3o:<\/strong> A tampa destas caixas para bolos dobr\u00e1veis para venda por grosso \u00e9 bem ajustada e tem um fecho de press\u00e3o para a fechar, mantendo a frescura e garantindo que n\u00e3o h\u00e1 derrames durante a viagem, e abrindo facilmente para um acesso r\u00e1pido ao conte\u00fado.<\/p>\n\n\n\n<p><strong>Op\u00e7\u00f5es de divis\u00f3rias interiores flex\u00edveis: <\/strong>Estas caixas para bolos dobr\u00e1veis para venda por grosso selecionam sec\u00e7\u00f5es interiores pr\u00e9-divididas ou personalizadas (juntamente com revestimentos opcionais seguros para alimentos) para organizar os seus artigos de forma ordenada, evitar que se desloquem e ainda lhes dar um bom aspeto para uma variedade de guloseimas.<\/p>\n\n\n\n<p><strong>Design dobr\u00e1vel:<\/strong> As caixas personalizadas para sobremesa com uma estrutura dobr\u00e1vel facilitam a arruma\u00e7\u00e3o e o transporte, poupando espa\u00e7o no armaz\u00e9m. Montagem f\u00e1cil e r\u00e1pida, conveniente para levar, entregar e embalar presentes.<\/p>\n\n\n\n<p><strong>Material dur\u00e1vel e resistente: <\/strong>As caixas personalizadas para sobremesa s\u00e3o feitas de cart\u00e3o de qualidade alimentar de alta qualidade, com forte capacidade de carga, resistentes ao \u00f3leo e \u00e0 humidade, garantindo um transporte seguro.<\/p>\n\n\n\n<p><strong>Personaliza\u00e7\u00e3o \u00e0 medida da empresa:<\/strong> Estas caixas para bolos dobr\u00e1veis ajustam o tamanho da caixa por atacado para diferentes tipos de artigos, adicionam log\u00f3tipos impressos ou detalhes de marca, trocam padr\u00f5es de superf\u00edcie ou incluem revestimentos personalizados para se alinharem com a identidade \u00fanica da sua empresa.<\/p>\n<\/div>\n\n\n\n<div class=\"wp-block-column is-layout-flow wp-block-column-is-layout-flow\">\n<figure class=\"wp-block-image size-full\"><img decoding=\"async\" width=\"2048\" height=\"2048\" src=\"https:\/\/www.yishengpack.com\/wp-content\/uploads\/2025\/12\/Custom-Paper-Dessert-Take-Out-Boxes-Cardboard-Cake-Pastry-Packaging-Boxes-Design-Wholesale-2.webp\" alt=\"caixas para bolos dobr\u00e1veis - venda por grosso de caixas personalizadas para sobremesas - 2\" class=\"wp-image-3031\" srcset=\"https:\/\/www.yishengpack.com\/wp-content\/uploads\/2025\/12\/Custom-Paper-Dessert-Take-Out-Boxes-Cardboard-Cake-Pastry-Packaging-Boxes-Design-Wholesale-2.webp 2048w, https:\/\/www.yishengpack.com\/wp-content\/uploads\/2025\/12\/Custom-Paper-Dessert-Take-Out-Boxes-Cardboard-Cake-Pastry-Packaging-Boxes-Design-Wholesale-2-300x300.webp 300w, https:\/\/www.yishengpack.com\/wp-content\/uploads\/2025\/12\/Custom-Paper-Dessert-Take-Out-Boxes-Cardboard-Cake-Pastry-Packaging-Boxes-Design-Wholesale-2-150x150.webp 150w, https:\/\/www.yishengpack.com\/wp-content\/uploads\/2025\/12\/Custom-Paper-Dessert-Take-Out-Boxes-Cardboard-Cake-Pastry-Packaging-Boxes-Design-Wholesale-2-768x768.webp 768w, https:\/\/www.yishengpack.com\/wp-content\/uploads\/2025\/12\/Custom-Paper-Dessert-Take-Out-Boxes-Cardboard-Cake-Pastry-Packaging-Boxes-Design-Wholesale-2-12x12.webp 12w, https:\/\/www.yishengpack.com\/wp-content\/uploads\/2025\/12\/Custom-Paper-Dessert-Take-Out-Boxes-Cardboard-Cake-Pastry-Packaging-Boxes-Design-Wholesale-2-1200x1200.webp 1200w, https:\/\/www.yishengpack.com\/wp-content\/uploads\/2025\/12\/Custom-Paper-Dessert-Take-Out-Boxes-Cardboard-Cake-Pastry-Packaging-Boxes-Design-Wholesale-2-600x600.webp 600w, https:\/\/www.yishengpack.com\/wp-content\/uploads\/2025\/12\/Custom-Paper-Dessert-Take-Out-Boxes-Cardboard-Cake-Pastry-Packaging-Boxes-Design-Wholesale-2-100x100.webp 100w\" sizes=\"(max-width: 2048px) 100vw, 2048px\" \/><\/figure>\n<\/div>\n<\/div>\n\n\n\n<div class=\"wp-block-columns is-layout-flex wp-container-core-columns-is-layout-9d6595d7 wp-block-columns-is-layout-flex\">\n<div class=\"wp-block-column is-layout-flow wp-block-column-is-layout-flow\">\n<figure class=\"wp-block-image size-full\"><img decoding=\"async\" width=\"1773\" height=\"1773\" src=\"https:\/\/www.yishengpack.com\/wp-content\/uploads\/2025\/12\/Custom-Paper-Dessert-Take-Out-Boxes-Cardboard-Cake-Pastry-Packaging-Boxes-Design-Wholesale-4.webp\" alt=\"caixas para bolos dobr\u00e1veis - venda por grosso de caixas personalizadas para sobremesas - 4\" class=\"wp-image-3033\" srcset=\"https:\/\/www.yishengpack.com\/wp-content\/uploads\/2025\/12\/Custom-Paper-Dessert-Take-Out-Boxes-Cardboard-Cake-Pastry-Packaging-Boxes-Design-Wholesale-4.webp 1773w, https:\/\/www.yishengpack.com\/wp-content\/uploads\/2025\/12\/Custom-Paper-Dessert-Take-Out-Boxes-Cardboard-Cake-Pastry-Packaging-Boxes-Design-Wholesale-4-300x300.webp 300w, https:\/\/www.yishengpack.com\/wp-content\/uploads\/2025\/12\/Custom-Paper-Dessert-Take-Out-Boxes-Cardboard-Cake-Pastry-Packaging-Boxes-Design-Wholesale-4-150x150.webp 150w, https:\/\/www.yishengpack.com\/wp-content\/uploads\/2025\/12\/Custom-Paper-Dessert-Take-Out-Boxes-Cardboard-Cake-Pastry-Packaging-Boxes-Design-Wholesale-4-768x768.webp 768w, https:\/\/www.yishengpack.com\/wp-content\/uploads\/2025\/12\/Custom-Paper-Dessert-Take-Out-Boxes-Cardboard-Cake-Pastry-Packaging-Boxes-Design-Wholesale-4-12x12.webp 12w, https:\/\/www.yishengpack.com\/wp-content\/uploads\/2025\/12\/Custom-Paper-Dessert-Take-Out-Boxes-Cardboard-Cake-Pastry-Packaging-Boxes-Design-Wholesale-4-1200x1200.webp 1200w, https:\/\/www.yishengpack.com\/wp-content\/uploads\/2025\/12\/Custom-Paper-Dessert-Take-Out-Boxes-Cardboard-Cake-Pastry-Packaging-Boxes-Design-Wholesale-4-600x600.webp 600w, https:\/\/www.yishengpack.com\/wp-content\/uploads\/2025\/12\/Custom-Paper-Dessert-Take-Out-Boxes-Cardboard-Cake-Pastry-Packaging-Boxes-Design-Wholesale-4-100x100.webp 100w\" sizes=\"(max-width: 1773px) 100vw, 1773px\" \/><\/figure>\n\n\n\n<div class=\"wp-block-buttons has-custom-font-size has-small-font-size is-content-justification-center is-layout-flex wp-container-core-buttons-is-layout-16018d1d wp-block-buttons-is-layout-flex\">\n<div class=\"wp-block-button has-custom-width wp-block-button__width-75\"><a class=\"wp-block-button__link has-background has-small-font-size has-custom-font-size wp-element-button\" href=\"https:\/\/www.yishengpack.com\/pt\/custom-printed-box\/\" style=\"background:linear-gradient(135deg,rgb(254,205,165) 0%,rgb(254,45,45) 0%,rgb(94,15,15) 0%,rgb(94,15,15) 100%)\" target=\"_blank\" rel=\"noreferrer noopener\"><strong>Explorar caixas impressas personalizadas<\/strong><\/a><\/div>\n<\/div>\n<\/div>\n\n\n\n<div class=\"wp-block-column is-layout-flow wp-block-column-is-layout-flow\">\n<figure class=\"wp-block-image size-full\"><img decoding=\"async\" width=\"2031\" height=\"2031\" src=\"https:\/\/www.yishengpack.com\/wp-content\/uploads\/2025\/12\/Custom-Paper-Dessert-Take-Out-Boxes-Cardboard-Cake-Pastry-Packaging-Boxes-Design-Wholesale-3.webp\" alt=\"caixas para bolos dobr\u00e1veis - venda por grosso de caixas personalizadas para sobremesas - 3\" class=\"wp-image-3032\" srcset=\"https:\/\/www.yishengpack.com\/wp-content\/uploads\/2025\/12\/Custom-Paper-Dessert-Take-Out-Boxes-Cardboard-Cake-Pastry-Packaging-Boxes-Design-Wholesale-3.webp 2031w, https:\/\/www.yishengpack.com\/wp-content\/uploads\/2025\/12\/Custom-Paper-Dessert-Take-Out-Boxes-Cardboard-Cake-Pastry-Packaging-Boxes-Design-Wholesale-3-300x300.webp 300w, https:\/\/www.yishengpack.com\/wp-content\/uploads\/2025\/12\/Custom-Paper-Dessert-Take-Out-Boxes-Cardboard-Cake-Pastry-Packaging-Boxes-Design-Wholesale-3-150x150.webp 150w, https:\/\/www.yishengpack.com\/wp-content\/uploads\/2025\/12\/Custom-Paper-Dessert-Take-Out-Boxes-Cardboard-Cake-Pastry-Packaging-Boxes-Design-Wholesale-3-768x768.webp 768w, https:\/\/www.yishengpack.com\/wp-content\/uploads\/2025\/12\/Custom-Paper-Dessert-Take-Out-Boxes-Cardboard-Cake-Pastry-Packaging-Boxes-Design-Wholesale-3-12x12.webp 12w, https:\/\/www.yishengpack.com\/wp-content\/uploads\/2025\/12\/Custom-Paper-Dessert-Take-Out-Boxes-Cardboard-Cake-Pastry-Packaging-Boxes-Design-Wholesale-3-1200x1200.webp 1200w, https:\/\/www.yishengpack.com\/wp-content\/uploads\/2025\/12\/Custom-Paper-Dessert-Take-Out-Boxes-Cardboard-Cake-Pastry-Packaging-Boxes-Design-Wholesale-3-600x600.webp 600w, https:\/\/www.yishengpack.com\/wp-content\/uploads\/2025\/12\/Custom-Paper-Dessert-Take-Out-Boxes-Cardboard-Cake-Pastry-Packaging-Boxes-Design-Wholesale-3-100x100.webp 100w\" sizes=\"(max-width: 2031px) 100vw, 2031px\" \/><\/figure>\n\n\n\n<div class=\"wp-block-buttons has-custom-font-size has-small-font-size is-content-justification-center is-layout-flex wp-container-core-buttons-is-layout-16018d1d wp-block-buttons-is-layout-flex\">\n<div class=\"wp-block-button has-custom-width wp-block-button__width-75\"><a class=\"wp-block-button__link has-background has-small-font-size has-custom-font-size wp-element-button\" href=\"https:\/\/www.yishengpack.com\/pt\/custom-box-inserts-accessories\/\" style=\"background:linear-gradient(135deg,rgb(254,205,165) 0%,rgb(254,45,45) 0%,rgb(94,15,15) 0%,rgb(94,15,15) 100%)\" target=\"_blank\" rel=\"noreferrer noopener\"><strong>Explorar inser\u00e7\u00f5es de caixas personalizadas<\/strong><\/a><\/div>\n<\/div>\n<\/div>\n<\/div>","protected":false},"excerpt":{"rendered":"<p>As nossas caixas para bolos dobr\u00e1veis s\u00e3o perfeitas para sobremesas e para levar, apresentando uma constru\u00e7\u00e3o robusta em cart\u00e3o de qualidade alimentar com um design dobr\u00e1vel para f\u00e1cil armazenamento e transporte. Personaliz\u00e1veis em tamanho, cor e impress\u00e3o, melhoram a apresenta\u00e7\u00e3o da marca ao mesmo tempo que proporcionam uma embalagem conveniente e ecol\u00f3gica para bolos, pastelaria e doces.<\/p>\n<h2>Destaques das caixas para bolos dobr\u00e1veis por atacado<\/h2>\n<ul>\n<li>Design dobr\u00e1vel<\/li>\n<li>Personaliza\u00e7\u00e3o pessoal<\/li>\n<li>Materiais de qualidade alimentar<\/li>\n<li>Trabalho meticuloso<\/li>\n<li>V\u00e1rios tamanhos de caixas<\/li>\n<li>V\u00e1rias op\u00e7\u00f5es de cores<\/li>\n<li>Design do compartimento de encaixe para pastelaria<\/li>\n<li>Protetor e pr\u00e1tico<\/li>\n<\/ul>","protected":false},"featured_media":3030,"comment_status":"closed","ping_status":"closed","template":"","meta":{"_acf_changed":false},"box-type":[55,59,48],"product_brand":[],"product_cat":[30,19,41,46,32,33,71],"product_tag":[],"class_list":{"0":"post-3029","1":"product","2":"type-product","3":"status-publish","4":"has-post-thumbnail","6":"box-type-custom-foldable-boxes","7":"box-type-custom-mailer-boxes","8":"box-type-custom-tuck-top-boxes","9":"product_cat-cake-containers-wholesale","10":"product_cat-luxury-gift-boxes-wholesale","11":"product_cat-candy-gift-boxes-wholesale","12":"product_cat-wholesale-paper-boxes","13":"product_cat-bakery-packaging-wholesale","14":"product_cat-food-packaging-boxes-wholesale","15":"product_cat-custom-takeout-boxes","17":"first","18":"instock","19":"shipping-taxable","20":"product-type-simple"},"acf":[],"_links":{"self":[{"href":"https:\/\/www.yishengpack.com\/pt\/wp-json\/wp\/v2\/product\/3029","targetHints":{"allow":["GET"]}}],"collection":[{"href":"https:\/\/www.yishengpack.com\/pt\/wp-json\/wp\/v2\/product"}],"about":[{"href":"https:\/\/www.yishengpack.com\/pt\/wp-json\/wp\/v2\/types\/product"}],"replies":[{"embeddable":true,"href":"https:\/\/www.yishengpack.com\/pt\/wp-json\/wp\/v2\/comments?post=3029"}],"wp:featuredmedia":[{"embeddable":true,"href":"https:\/\/www.yishengpack.com\/pt\/wp-json\/wp\/v2\/media\/3030"}],"wp:attachment":[{"href":"https:\/\/www.yishengpack.com\/pt\/wp-json\/wp\/v2\/media?parent=3029"}],"wp:term":[{"taxonomy":"box-type","embeddable":true,"href":"https:\/\/www.yishengpack.com\/pt\/wp-json\/wp\/v2\/box-type?post=3029"},{"taxonomy":"product_brand","embeddable":true,"href":"https:\/\/www.yishengpack.com\/pt\/wp-json\/wp\/v2\/product_brand?post=3029"},{"taxonomy":"product_cat","embeddable":true,"href":"https:\/\/www.yishengpack.com\/pt\/wp-json\/wp\/v2\/product_cat?post=3029"},{"taxonomy":"product_tag","embeddable":true,"href":"https:\/\/www.yishengpack.com\/pt\/wp-json\/wp\/v2\/product_tag?post=3029"}],"curies":[{"name":"wp","href":"https:\/\/api.w.org\/{rel}","templated":true}]}}