{"id":3013,"date":"2025-12-12T10:14:52","date_gmt":"2025-12-12T10:14:52","guid":{"rendered":"https:\/\/www.yishengpack.com\/?post_type=product&#038;p=3013"},"modified":"2025-12-12T10:14:54","modified_gmt":"2025-12-12T10:14:54","slug":"gift-paper-boxes-wholesale","status":"publish","type":"product","link":"https:\/\/www.yishengpack.com\/pt\/product\/gift-paper-boxes-wholesale\/","title":{"rendered":"Caixas de papel para presentes por grosso, caixas com fecho magn\u00e9tico personalizadas"},"content":{"rendered":"<div class=\"wp-block-columns is-layout-flex wp-container-core-columns-is-layout-9d6595d7 wp-block-columns-is-layout-flex\">\n<div class=\"wp-block-column is-layout-flow wp-block-column-is-layout-flow\">\n<h3 class=\"wp-block-heading\">Carater\u00edsticas das caixas de papel para oferta por grosso<\/h3>\n\n\n\n<p><strong>Mecanismo de veda\u00e7\u00e3o magn\u00e9tico confort\u00e1vel:<\/strong> Estas caixas de papel para oferta por atacado t\u00eam um fecho magn\u00e9tico secreto e potente que se fecha sem esfor\u00e7o - proporcionando um equil\u00edbrio perfeito entre uma prote\u00e7\u00e3o segura e sem chocalhos e uma experi\u00eancia de desembalagem suave e de qualidade superior.<\/p>\n\n\n\n<p><strong>Forros personaliz\u00e1veis:<\/strong> Estas caixas de papel de presente por atacado podem ser personalizadas com forros como EVA, veludo e bandejas de papel para manter os produtos seguros e adicionar mais beleza. \u00d3timo para embalar cigarros, ch\u00e1, vinho, chocolate e presentes de luxo.<\/p>\n\n\n\n<p><strong>Constru\u00e7\u00e3o robusta:<\/strong> Estas caixas personalizadas com fecho magn\u00e9tico s\u00e3o feitas de cart\u00e3o grosso e pesado. A caixa mant\u00e9m uma forma firme e robusta - garantimos que a caixa n\u00e3o \u00e9 fr\u00e1gil, o que pode proteger o seu conte\u00fado quando a caixa \u00e9 aberta muitas vezes ou manuseada durante a entrega.<\/p>\n\n\n\n<p><strong>Personaliza\u00e7\u00e3o flex\u00edvel:<\/strong> Estas caixas de papel de oferta por grosso suportam a impress\u00e3o de log\u00f3tipos, estampagem a quente (ouro, prata), revestimento UV, acabamentos mate\/brilhante e outros processos para satisfazer as necessidades personalizadas das marcas.<\/p>\n\n\n\n<p><strong>Suporta a produ\u00e7\u00e3o em massa:<\/strong> As linhas de produ\u00e7\u00e3o industrializadas destas caixas de fecho magn\u00e9tico personalizadas garantem uma produ\u00e7\u00e3o est\u00e1vel para grandes encomendas, adequadas para propriet\u00e1rios de marcas, grossistas e clientes OEM\/ODM.<\/p>\n<\/div>\n\n\n\n<div class=\"wp-block-column is-layout-flow wp-block-column-is-layout-flow\">\n<figure class=\"wp-block-image size-full\"><img decoding=\"async\" width=\"1991\" height=\"1991\" src=\"https:\/\/www.yishengpack.com\/wp-content\/uploads\/2025\/12\/Wholesale-High-End-Magnetic-Closure-Boxes-with-Dividers-Customized-Rigid-Pack-Boxes-with-Lid-2.webp\" alt=\"caixas de papel para oferta - venda por grosso - caixas de fecho magn\u00e9tico personalizadas - 2\" class=\"wp-image-3015\" srcset=\"https:\/\/www.yishengpack.com\/wp-content\/uploads\/2025\/12\/Wholesale-High-End-Magnetic-Closure-Boxes-with-Dividers-Customized-Rigid-Pack-Boxes-with-Lid-2.webp 1991w, https:\/\/www.yishengpack.com\/wp-content\/uploads\/2025\/12\/Wholesale-High-End-Magnetic-Closure-Boxes-with-Dividers-Customized-Rigid-Pack-Boxes-with-Lid-2-300x300.webp 300w, https:\/\/www.yishengpack.com\/wp-content\/uploads\/2025\/12\/Wholesale-High-End-Magnetic-Closure-Boxes-with-Dividers-Customized-Rigid-Pack-Boxes-with-Lid-2-150x150.webp 150w, https:\/\/www.yishengpack.com\/wp-content\/uploads\/2025\/12\/Wholesale-High-End-Magnetic-Closure-Boxes-with-Dividers-Customized-Rigid-Pack-Boxes-with-Lid-2-768x768.webp 768w, https:\/\/www.yishengpack.com\/wp-content\/uploads\/2025\/12\/Wholesale-High-End-Magnetic-Closure-Boxes-with-Dividers-Customized-Rigid-Pack-Boxes-with-Lid-2-12x12.webp 12w, https:\/\/www.yishengpack.com\/wp-content\/uploads\/2025\/12\/Wholesale-High-End-Magnetic-Closure-Boxes-with-Dividers-Customized-Rigid-Pack-Boxes-with-Lid-2-1200x1200.webp 1200w, https:\/\/www.yishengpack.com\/wp-content\/uploads\/2025\/12\/Wholesale-High-End-Magnetic-Closure-Boxes-with-Dividers-Customized-Rigid-Pack-Boxes-with-Lid-2-600x600.webp 600w, https:\/\/www.yishengpack.com\/wp-content\/uploads\/2025\/12\/Wholesale-High-End-Magnetic-Closure-Boxes-with-Dividers-Customized-Rigid-Pack-Boxes-with-Lid-2-100x100.webp 100w\" sizes=\"(max-width: 1991px) 100vw, 1991px\" \/><\/figure>\n<\/div>\n<\/div>\n\n\n\n<div class=\"wp-block-columns is-layout-flex wp-container-core-columns-is-layout-9d6595d7 wp-block-columns-is-layout-flex\">\n<div class=\"wp-block-column is-layout-flow wp-block-column-is-layout-flow\">\n<figure class=\"wp-block-image size-full\"><img decoding=\"async\" width=\"1712\" height=\"1712\" src=\"https:\/\/www.yishengpack.com\/wp-content\/uploads\/2025\/12\/Wholesale-High-End-Magnetic-Closure-Boxes-with-Dividers-Customized-Rigid-Pack-Boxes-with-Lid-5.webp\" alt=\"caixas de papel para oferta - venda por grosso - caixas de fecho magn\u00e9tico personalizadas - 5\" class=\"wp-image-3018\" srcset=\"https:\/\/www.yishengpack.com\/wp-content\/uploads\/2025\/12\/Wholesale-High-End-Magnetic-Closure-Boxes-with-Dividers-Customized-Rigid-Pack-Boxes-with-Lid-5.webp 1712w, https:\/\/www.yishengpack.com\/wp-content\/uploads\/2025\/12\/Wholesale-High-End-Magnetic-Closure-Boxes-with-Dividers-Customized-Rigid-Pack-Boxes-with-Lid-5-300x300.webp 300w, https:\/\/www.yishengpack.com\/wp-content\/uploads\/2025\/12\/Wholesale-High-End-Magnetic-Closure-Boxes-with-Dividers-Customized-Rigid-Pack-Boxes-with-Lid-5-150x150.webp 150w, https:\/\/www.yishengpack.com\/wp-content\/uploads\/2025\/12\/Wholesale-High-End-Magnetic-Closure-Boxes-with-Dividers-Customized-Rigid-Pack-Boxes-with-Lid-5-768x768.webp 768w, https:\/\/www.yishengpack.com\/wp-content\/uploads\/2025\/12\/Wholesale-High-End-Magnetic-Closure-Boxes-with-Dividers-Customized-Rigid-Pack-Boxes-with-Lid-5-12x12.webp 12w, https:\/\/www.yishengpack.com\/wp-content\/uploads\/2025\/12\/Wholesale-High-End-Magnetic-Closure-Boxes-with-Dividers-Customized-Rigid-Pack-Boxes-with-Lid-5-1200x1200.webp 1200w, https:\/\/www.yishengpack.com\/wp-content\/uploads\/2025\/12\/Wholesale-High-End-Magnetic-Closure-Boxes-with-Dividers-Customized-Rigid-Pack-Boxes-with-Lid-5-600x600.webp 600w, https:\/\/www.yishengpack.com\/wp-content\/uploads\/2025\/12\/Wholesale-High-End-Magnetic-Closure-Boxes-with-Dividers-Customized-Rigid-Pack-Boxes-with-Lid-5-100x100.webp 100w\" sizes=\"(max-width: 1712px) 100vw, 1712px\" \/><\/figure>\n\n\n\n<div class=\"wp-block-buttons has-custom-font-size has-small-font-size is-content-justification-center is-layout-flex wp-container-core-buttons-is-layout-16018d1d wp-block-buttons-is-layout-flex\">\n<div class=\"wp-block-button has-custom-width wp-block-button__width-75\"><a class=\"wp-block-button__link has-background has-small-font-size has-custom-font-size wp-element-button\" href=\"https:\/\/www.yishengpack.com\/pt\/custom-printed-box\/\" style=\"background:linear-gradient(135deg,rgb(254,205,165) 0%,rgb(254,45,45) 0%,rgb(94,15,15) 0%,rgb(94,15,15) 100%)\" target=\"_blank\" rel=\"noreferrer noopener\"><strong>Explorar caixas impressas personalizadas<\/strong><\/a><\/div>\n<\/div>\n<\/div>\n\n\n\n<div class=\"wp-block-column is-layout-flow wp-block-column-is-layout-flow\">\n<figure class=\"wp-block-image size-full\"><img decoding=\"async\" width=\"1856\" height=\"1856\" src=\"https:\/\/www.yishengpack.com\/wp-content\/uploads\/2025\/12\/Wholesale-High-End-Magnetic-Closure-Boxes-with-Dividers-Customized-Rigid-Pack-Boxes-with-Lid-6.webp\" alt=\"caixas de papel para oferta - venda por grosso - caixas de fecho magn\u00e9tico personalizadas - 6\" class=\"wp-image-3019\" srcset=\"https:\/\/www.yishengpack.com\/wp-content\/uploads\/2025\/12\/Wholesale-High-End-Magnetic-Closure-Boxes-with-Dividers-Customized-Rigid-Pack-Boxes-with-Lid-6.webp 1856w, https:\/\/www.yishengpack.com\/wp-content\/uploads\/2025\/12\/Wholesale-High-End-Magnetic-Closure-Boxes-with-Dividers-Customized-Rigid-Pack-Boxes-with-Lid-6-300x300.webp 300w, https:\/\/www.yishengpack.com\/wp-content\/uploads\/2025\/12\/Wholesale-High-End-Magnetic-Closure-Boxes-with-Dividers-Customized-Rigid-Pack-Boxes-with-Lid-6-150x150.webp 150w, https:\/\/www.yishengpack.com\/wp-content\/uploads\/2025\/12\/Wholesale-High-End-Magnetic-Closure-Boxes-with-Dividers-Customized-Rigid-Pack-Boxes-with-Lid-6-768x768.webp 768w, https:\/\/www.yishengpack.com\/wp-content\/uploads\/2025\/12\/Wholesale-High-End-Magnetic-Closure-Boxes-with-Dividers-Customized-Rigid-Pack-Boxes-with-Lid-6-12x12.webp 12w, https:\/\/www.yishengpack.com\/wp-content\/uploads\/2025\/12\/Wholesale-High-End-Magnetic-Closure-Boxes-with-Dividers-Customized-Rigid-Pack-Boxes-with-Lid-6-1200x1200.webp 1200w, https:\/\/www.yishengpack.com\/wp-content\/uploads\/2025\/12\/Wholesale-High-End-Magnetic-Closure-Boxes-with-Dividers-Customized-Rigid-Pack-Boxes-with-Lid-6-600x600.webp 600w, https:\/\/www.yishengpack.com\/wp-content\/uploads\/2025\/12\/Wholesale-High-End-Magnetic-Closure-Boxes-with-Dividers-Customized-Rigid-Pack-Boxes-with-Lid-6-100x100.webp 100w\" sizes=\"(max-width: 1856px) 100vw, 1856px\" \/><\/figure>\n\n\n\n<div class=\"wp-block-buttons has-custom-font-size has-small-font-size is-content-justification-center is-layout-flex wp-container-core-buttons-is-layout-16018d1d wp-block-buttons-is-layout-flex\">\n<div class=\"wp-block-button has-custom-width wp-block-button__width-75\"><a class=\"wp-block-button__link has-background has-small-font-size has-custom-font-size wp-element-button\" href=\"https:\/\/www.yishengpack.com\/pt\/custom-box-inserts-accessories\/\" style=\"background:linear-gradient(135deg,rgb(254,205,165) 0%,rgb(254,45,45) 0%,rgb(94,15,15) 0%,rgb(94,15,15) 100%)\" target=\"_blank\" rel=\"noreferrer noopener\"><strong>Explorar inser\u00e7\u00f5es de caixas personalizadas<\/strong><\/a><\/div>\n<\/div>\n<\/div>\n<\/div>","protected":false},"excerpt":{"rendered":"<p>Bem-vindo \u00e0 compra por grosso das nossas caixas de papel para presentes de alta qualidade, com fecho magn\u00e9tico e forro interior personaliz\u00e1vel, proporcionando prote\u00e7\u00e3o e eleg\u00e2ncia. Perfeitas para embalar artigos de luxo, como cigarros, ch\u00e1, vinho e outros presentes premium, permitem uma personaliza\u00e7\u00e3o total, incluindo log\u00f3tipo, tabuleiro interior e op\u00e7\u00f5es de acabamento.<\/p>\n<h2>Destaques das caixas de papel para presentes por grosso<\/h2>\n<ul>\n<li>Personaliza\u00e7\u00e3o personalizada<\/li>\n<li>Materiais de alta qualidade<\/li>\n<li>Impress\u00e3o requintada<\/li>\n<li>V\u00e1rios tipos de caixas<\/li>\n<li>V\u00e1rias op\u00e7\u00f5es de cores<\/li>\n<li>V\u00e1rios tamanhos de caixas<\/li>\n<li>Constru\u00e7\u00e3o r\u00edgida e leve<\/li>\n<li>Compartimentos personalizados em grade<\/li>\n<\/ul>","protected":false},"featured_media":3014,"comment_status":"closed","ping_status":"closed","template":"","meta":{"_acf_changed":false},"box-type":[54,57],"product_brand":[],"product_cat":[46,19,41,36,33,43,69,72],"product_tag":[],"class_list":{"0":"post-3013","1":"product","2":"type-product","3":"status-publish","4":"has-post-thumbnail","6":"box-type-custom-magnetic-closure-boxes","7":"box-type-custom-rigid-box-with-lid","8":"product_cat-wholesale-paper-boxes","9":"product_cat-luxury-gift-boxes-wholesale","10":"product_cat-candy-gift-boxes-wholesale","11":"product_cat-wine-boxes-wholesale","12":"product_cat-food-packaging-boxes-wholesale","13":"product_cat-coffee-and-tea-packaging-boxes-wholesale","14":"product_cat-custom-retail-boxes","15":"product_cat-custom-cigarette-boxes","17":"first","18":"instock","19":"shipping-taxable","20":"product-type-simple"},"acf":[],"_links":{"self":[{"href":"https:\/\/www.yishengpack.com\/pt\/wp-json\/wp\/v2\/product\/3013","targetHints":{"allow":["GET"]}}],"collection":[{"href":"https:\/\/www.yishengpack.com\/pt\/wp-json\/wp\/v2\/product"}],"about":[{"href":"https:\/\/www.yishengpack.com\/pt\/wp-json\/wp\/v2\/types\/product"}],"replies":[{"embeddable":true,"href":"https:\/\/www.yishengpack.com\/pt\/wp-json\/wp\/v2\/comments?post=3013"}],"wp:featuredmedia":[{"embeddable":true,"href":"https:\/\/www.yishengpack.com\/pt\/wp-json\/wp\/v2\/media\/3014"}],"wp:attachment":[{"href":"https:\/\/www.yishengpack.com\/pt\/wp-json\/wp\/v2\/media?parent=3013"}],"wp:term":[{"taxonomy":"box-type","embeddable":true,"href":"https:\/\/www.yishengpack.com\/pt\/wp-json\/wp\/v2\/box-type?post=3013"},{"taxonomy":"product_brand","embeddable":true,"href":"https:\/\/www.yishengpack.com\/pt\/wp-json\/wp\/v2\/product_brand?post=3013"},{"taxonomy":"product_cat","embeddable":true,"href":"https:\/\/www.yishengpack.com\/pt\/wp-json\/wp\/v2\/product_cat?post=3013"},{"taxonomy":"product_tag","embeddable":true,"href":"https:\/\/www.yishengpack.com\/pt\/wp-json\/wp\/v2\/product_tag?post=3013"}],"curies":[{"name":"wp","href":"https:\/\/api.w.org\/{rel}","templated":true}]}}