{"id":2935,"date":"2025-12-12T06:34:55","date_gmt":"2025-12-12T06:34:55","guid":{"rendered":"https:\/\/www.yishengpack.com\/?post_type=product&#038;p=2935"},"modified":"2025-12-12T06:34:56","modified_gmt":"2025-12-12T06:34:56","slug":"window-cake-boxes-wholesale","status":"publish","type":"product","link":"https:\/\/www.yishengpack.com\/pt\/product\/window-cake-boxes-wholesale\/","title":{"rendered":"Caixas para bolos com janela por grosso, caixas para sobremesas com impress\u00e3o personalizada"},"content":{"rendered":"<div class=\"wp-block-columns is-layout-flex wp-container-core-columns-is-layout-9d6595d7 wp-block-columns-is-layout-flex\">\n<div class=\"wp-block-column is-layout-flow wp-block-column-is-layout-flow\">\n<h3 class=\"wp-block-heading\">Caracter\u00edsticas das caixas personaliz\u00e1veis para pastelaria<\/h3>\n\n\n\n<p><strong>Efici\u00eancia de armazenamento dobr\u00e1vel:<\/strong> Estas caixas para bolos com janela, vendidas por grosso, apresentam um design dobr\u00e1vel que economiza espa\u00e7o durante o transporte ou armazenamento a granel e podem ser montadas rapidamente para uso com doces congelados, como mochi ou bolos de mousse.<\/p>\n\n\n\n<p><strong>Versatilidade em v\u00e1rios tamanhos: <\/strong>Estas caixas para bolos com janela, vendidas por grosso, foram concebidas para acomodar v\u00e1rios tipos de pastelaria congelada \u2014 desde bolos inteiros a miniaturas \u2014, adaptando-se a diferentes necessidades de porcionamento sem comprometer a prote\u00e7\u00e3o.<\/p>\n\n\n\n<p><strong>Reten\u00e7\u00e3o segura do tratamento: <\/strong>Essas caixas personalizadas para sobremesas t\u00eam uma estrutura interna que mant\u00e9m os doces congelados est\u00e1veis (evitando deslocamentos ou danos) durante o transporte, mesmo para itens delicados como mochi macio ou bolos de mousse em camadas.<\/p>\n\n\n\n<p><strong>Vitrine com janela panor\u00e2mica:<\/strong> Estas caixas personalizadas para sobremesas t\u00eam pain\u00e9is transparentes que permitem aos clientes ver claramente a textura e a apar\u00eancia dos produtos congelados, ao mesmo tempo que protegem o conte\u00fado de contaminantes externos.<\/p>\n\n\n\n<p><strong>Personaliza\u00e7\u00e3o alinhada ao tema:<\/strong> Estas caixas para bolos com janela vendidas por grosso podem ser personalizadas para combinar com sobremesas congeladas espec\u00edficas. Ajuste as impress\u00f5es, altere os tamanhos ou inclua log\u00f3tipos de marcas para refletir a sua linha de sobremesas congeladas.<\/p>\n<\/div>\n\n\n\n<div class=\"wp-block-column is-layout-flow wp-block-column-is-layout-flow\">\n<figure class=\"wp-block-image size-full\"><img decoding=\"async\" width=\"2048\" height=\"2048\" src=\"https:\/\/www.yishengpack.com\/wp-content\/uploads\/2025\/11\/Customizable-Clear-Windowed-Pastry-Boxes-Paper-Boxes-for-Frozen-Dessert-Packaging-Wholesale-2.webp\" alt=\"caixas-para-bolos-com-janela-por-atacado-personalizadas-caixas-para-sobremesas-impressas-2\" class=\"wp-image-2937\" srcset=\"https:\/\/www.yishengpack.com\/wp-content\/uploads\/2025\/11\/Customizable-Clear-Windowed-Pastry-Boxes-Paper-Boxes-for-Frozen-Dessert-Packaging-Wholesale-2.webp 2048w, https:\/\/www.yishengpack.com\/wp-content\/uploads\/2025\/11\/Customizable-Clear-Windowed-Pastry-Boxes-Paper-Boxes-for-Frozen-Dessert-Packaging-Wholesale-2-300x300.webp 300w, https:\/\/www.yishengpack.com\/wp-content\/uploads\/2025\/11\/Customizable-Clear-Windowed-Pastry-Boxes-Paper-Boxes-for-Frozen-Dessert-Packaging-Wholesale-2-150x150.webp 150w, https:\/\/www.yishengpack.com\/wp-content\/uploads\/2025\/11\/Customizable-Clear-Windowed-Pastry-Boxes-Paper-Boxes-for-Frozen-Dessert-Packaging-Wholesale-2-768x768.webp 768w, https:\/\/www.yishengpack.com\/wp-content\/uploads\/2025\/11\/Customizable-Clear-Windowed-Pastry-Boxes-Paper-Boxes-for-Frozen-Dessert-Packaging-Wholesale-2-12x12.webp 12w, https:\/\/www.yishengpack.com\/wp-content\/uploads\/2025\/11\/Customizable-Clear-Windowed-Pastry-Boxes-Paper-Boxes-for-Frozen-Dessert-Packaging-Wholesale-2-1200x1200.webp 1200w, https:\/\/www.yishengpack.com\/wp-content\/uploads\/2025\/11\/Customizable-Clear-Windowed-Pastry-Boxes-Paper-Boxes-for-Frozen-Dessert-Packaging-Wholesale-2-600x600.webp 600w, https:\/\/www.yishengpack.com\/wp-content\/uploads\/2025\/11\/Customizable-Clear-Windowed-Pastry-Boxes-Paper-Boxes-for-Frozen-Dessert-Packaging-Wholesale-2-100x100.webp 100w\" sizes=\"(max-width: 2048px) 100vw, 2048px\" \/><\/figure>\n<\/div>\n<\/div>\n\n\n\n<div class=\"wp-block-columns is-layout-flex wp-container-core-columns-is-layout-9d6595d7 wp-block-columns-is-layout-flex\">\n<div class=\"wp-block-column is-layout-flow wp-block-column-is-layout-flow\">\n<figure class=\"wp-block-image size-full\"><img decoding=\"async\" width=\"2048\" height=\"2048\" src=\"https:\/\/www.yishengpack.com\/wp-content\/uploads\/2025\/11\/Customizable-Clear-Windowed-Pastry-Boxes-Paper-Boxes-for-Frozen-Dessert-Packaging-Wholesale-5.webp\" alt=\"caixas-para-bolos-com-janela-por-grande-quantidade-caixas-para-sobremesas-personalizadas-5\" class=\"wp-image-2940\" srcset=\"https:\/\/www.yishengpack.com\/wp-content\/uploads\/2025\/11\/Customizable-Clear-Windowed-Pastry-Boxes-Paper-Boxes-for-Frozen-Dessert-Packaging-Wholesale-5.webp 2048w, https:\/\/www.yishengpack.com\/wp-content\/uploads\/2025\/11\/Customizable-Clear-Windowed-Pastry-Boxes-Paper-Boxes-for-Frozen-Dessert-Packaging-Wholesale-5-300x300.webp 300w, https:\/\/www.yishengpack.com\/wp-content\/uploads\/2025\/11\/Customizable-Clear-Windowed-Pastry-Boxes-Paper-Boxes-for-Frozen-Dessert-Packaging-Wholesale-5-150x150.webp 150w, https:\/\/www.yishengpack.com\/wp-content\/uploads\/2025\/11\/Customizable-Clear-Windowed-Pastry-Boxes-Paper-Boxes-for-Frozen-Dessert-Packaging-Wholesale-5-768x768.webp 768w, https:\/\/www.yishengpack.com\/wp-content\/uploads\/2025\/11\/Customizable-Clear-Windowed-Pastry-Boxes-Paper-Boxes-for-Frozen-Dessert-Packaging-Wholesale-5-12x12.webp 12w, https:\/\/www.yishengpack.com\/wp-content\/uploads\/2025\/11\/Customizable-Clear-Windowed-Pastry-Boxes-Paper-Boxes-for-Frozen-Dessert-Packaging-Wholesale-5-1200x1200.webp 1200w, https:\/\/www.yishengpack.com\/wp-content\/uploads\/2025\/11\/Customizable-Clear-Windowed-Pastry-Boxes-Paper-Boxes-for-Frozen-Dessert-Packaging-Wholesale-5-600x600.webp 600w, https:\/\/www.yishengpack.com\/wp-content\/uploads\/2025\/11\/Customizable-Clear-Windowed-Pastry-Boxes-Paper-Boxes-for-Frozen-Dessert-Packaging-Wholesale-5-100x100.webp 100w\" sizes=\"(max-width: 2048px) 100vw, 2048px\" \/><\/figure>\n\n\n\n<div class=\"wp-block-buttons has-custom-font-size has-small-font-size is-content-justification-center is-layout-flex wp-container-core-buttons-is-layout-16018d1d wp-block-buttons-is-layout-flex\">\n<div class=\"wp-block-button has-custom-width wp-block-button__width-75\"><a class=\"wp-block-button__link has-background has-small-font-size has-custom-font-size wp-element-button\" href=\"https:\/\/www.yishengpack.com\/pt\/custom-printed-box\/\" style=\"background:linear-gradient(135deg,rgb(254,205,165) 0%,rgb(254,45,45) 0%,rgb(94,15,15) 0%,rgb(94,15,15) 100%)\" target=\"_blank\" rel=\"noreferrer noopener\"><strong>Explorar caixas impressas personalizadas<\/strong><\/a><\/div>\n<\/div>\n<\/div>\n\n\n\n<div class=\"wp-block-column is-layout-flow wp-block-column-is-layout-flow\">\n<figure class=\"wp-block-image size-full\"><img decoding=\"async\" width=\"2048\" height=\"2048\" src=\"https:\/\/www.yishengpack.com\/wp-content\/uploads\/2025\/11\/Customizable-Clear-Windowed-Pastry-Boxes-Paper-Boxes-for-Frozen-Dessert-Packaging-Wholesale-4.webp\" alt=\"caixas-para-bolos-com-janela-por-atacado-caixas-para-sobremesas-personalizadas-4\" class=\"wp-image-2939\" srcset=\"https:\/\/www.yishengpack.com\/wp-content\/uploads\/2025\/11\/Customizable-Clear-Windowed-Pastry-Boxes-Paper-Boxes-for-Frozen-Dessert-Packaging-Wholesale-4.webp 2048w, https:\/\/www.yishengpack.com\/wp-content\/uploads\/2025\/11\/Customizable-Clear-Windowed-Pastry-Boxes-Paper-Boxes-for-Frozen-Dessert-Packaging-Wholesale-4-300x300.webp 300w, https:\/\/www.yishengpack.com\/wp-content\/uploads\/2025\/11\/Customizable-Clear-Windowed-Pastry-Boxes-Paper-Boxes-for-Frozen-Dessert-Packaging-Wholesale-4-150x150.webp 150w, https:\/\/www.yishengpack.com\/wp-content\/uploads\/2025\/11\/Customizable-Clear-Windowed-Pastry-Boxes-Paper-Boxes-for-Frozen-Dessert-Packaging-Wholesale-4-768x768.webp 768w, https:\/\/www.yishengpack.com\/wp-content\/uploads\/2025\/11\/Customizable-Clear-Windowed-Pastry-Boxes-Paper-Boxes-for-Frozen-Dessert-Packaging-Wholesale-4-12x12.webp 12w, https:\/\/www.yishengpack.com\/wp-content\/uploads\/2025\/11\/Customizable-Clear-Windowed-Pastry-Boxes-Paper-Boxes-for-Frozen-Dessert-Packaging-Wholesale-4-1200x1200.webp 1200w, https:\/\/www.yishengpack.com\/wp-content\/uploads\/2025\/11\/Customizable-Clear-Windowed-Pastry-Boxes-Paper-Boxes-for-Frozen-Dessert-Packaging-Wholesale-4-600x600.webp 600w, https:\/\/www.yishengpack.com\/wp-content\/uploads\/2025\/11\/Customizable-Clear-Windowed-Pastry-Boxes-Paper-Boxes-for-Frozen-Dessert-Packaging-Wholesale-4-100x100.webp 100w\" sizes=\"(max-width: 2048px) 100vw, 2048px\" \/><\/figure>\n\n\n\n<div class=\"wp-block-buttons has-custom-font-size has-small-font-size is-content-justification-center is-layout-flex wp-container-core-buttons-is-layout-16018d1d wp-block-buttons-is-layout-flex\">\n<div class=\"wp-block-button has-custom-width wp-block-button__width-75\"><a class=\"wp-block-button__link has-background has-small-font-size has-custom-font-size wp-element-button\" href=\"https:\/\/www.yishengpack.com\/pt\/custom-product-boxes-types\/\" style=\"background:linear-gradient(135deg,rgb(254,205,165) 0%,rgb(254,45,45) 0%,rgb(94,15,15) 0%,rgb(94,15,15) 100%)\" target=\"_blank\" rel=\"noreferrer noopener\"><strong>Explore os tipos de caixas personalizadas<\/strong><\/a><\/div>\n<\/div>\n<\/div>\n<\/div>","protected":false},"excerpt":{"rendered":"<p>Bem-vindo a adquirir as nossas caixas para bolos com janela por grosso, fabricadas com cart\u00e3o resistente \u00e0 humidade e adequado para uso alimentar. Estas caixas proporcionam uma visibilidade clara do produto e uma prote\u00e7\u00e3o robusta, sendo perfeitas para o embalamento de tiramisu congelado, past\u00e9is de coco, cheesecakes e profiteroles. Oferecemos personaliza\u00e7\u00e3o completa OEM\/ODM para necessidades de branding e embalagem.<\/p>\n<h2>Destaques das caixas para bolos com janela por grosso<\/h2>\n<ul>\n<li>Janela de exibi\u00e7\u00e3o transparente<\/li>\n<li>Possibilidade de personaliza\u00e7\u00e3o completa<\/li>\n<li>Materiais de alta qualidade<\/li>\n<li>Artesanato requintado<\/li>\n<li>V\u00e1rios tipos de caixas<\/li>\n<li>Op\u00e7\u00f5es de cores diversas<\/li>\n<li>V\u00e1rios tamanhos de caixas<\/li>\n<li>Dur\u00e1vel e altamente protetor<\/li>\n<\/ul>","protected":false},"featured_media":2936,"comment_status":"closed","ping_status":"closed","template":"","meta":{"_acf_changed":false},"box-type":[55,48,58],"product_brand":[],"product_cat":[19,41,46,30,32,33,42],"product_tag":[],"class_list":{"0":"post-2935","1":"product","2":"type-product","3":"status-publish","4":"has-post-thumbnail","6":"box-type-custom-foldable-boxes","7":"box-type-custom-tuck-top-boxes","8":"box-type-custom-window-gift-box","9":"product_cat-luxury-gift-boxes-wholesale","10":"product_cat-candy-gift-boxes-wholesale","11":"product_cat-wholesale-paper-boxes","12":"product_cat-cake-containers-wholesale","13":"product_cat-bakery-packaging-wholesale","14":"product_cat-food-packaging-boxes-wholesale","15":"product_cat-custom-frozen-food-boxes","17":"first","18":"instock","19":"shipping-taxable","20":"product-type-simple"},"acf":[],"_links":{"self":[{"href":"https:\/\/www.yishengpack.com\/pt\/wp-json\/wp\/v2\/product\/2935","targetHints":{"allow":["GET"]}}],"collection":[{"href":"https:\/\/www.yishengpack.com\/pt\/wp-json\/wp\/v2\/product"}],"about":[{"href":"https:\/\/www.yishengpack.com\/pt\/wp-json\/wp\/v2\/types\/product"}],"replies":[{"embeddable":true,"href":"https:\/\/www.yishengpack.com\/pt\/wp-json\/wp\/v2\/comments?post=2935"}],"wp:featuredmedia":[{"embeddable":true,"href":"https:\/\/www.yishengpack.com\/pt\/wp-json\/wp\/v2\/media\/2936"}],"wp:attachment":[{"href":"https:\/\/www.yishengpack.com\/pt\/wp-json\/wp\/v2\/media?parent=2935"}],"wp:term":[{"taxonomy":"box-type","embeddable":true,"href":"https:\/\/www.yishengpack.com\/pt\/wp-json\/wp\/v2\/box-type?post=2935"},{"taxonomy":"product_brand","embeddable":true,"href":"https:\/\/www.yishengpack.com\/pt\/wp-json\/wp\/v2\/product_brand?post=2935"},{"taxonomy":"product_cat","embeddable":true,"href":"https:\/\/www.yishengpack.com\/pt\/wp-json\/wp\/v2\/product_cat?post=2935"},{"taxonomy":"product_tag","embeddable":true,"href":"https:\/\/www.yishengpack.com\/pt\/wp-json\/wp\/v2\/product_tag?post=2935"}],"curies":[{"name":"wp","href":"https:\/\/api.w.org\/{rel}","templated":true}]}}