{"id":285,"date":"2025-01-07T06:52:49","date_gmt":"2025-01-07T06:52:49","guid":{"rendered":"https:\/\/www.yishengpack.com\/?post_type=product&#038;p=285"},"modified":"2025-12-13T06:31:49","modified_gmt":"2025-12-13T06:31:49","slug":"clear-plastic-cake-box-wholesale","status":"publish","type":"product","link":"https:\/\/www.yishengpack.com\/pt\/product\/clear-plastic-cake-box-wholesale\/","title":{"rendered":"Caixa de pl\u00e1stico transparente para bolos de 2 polegadas por grosso, recipiente para bolos a granel"},"content":{"rendered":"<div class=\"wp-block-columns is-layout-flex wp-container-core-columns-is-layout-9d6595d7 wp-block-columns-is-layout-flex\">\n<div class=\"wp-block-column is-layout-flow wp-block-column-is-layout-flow\">\n<h3 class=\"wp-block-heading\">Carater\u00edsticas da Caixa para Bolo de Pl\u00e1stico Transparente por atacado<\/h3>\n\n\n\n<p><strong>Pl\u00e1stico transparente de alta qualidade:<\/strong> Esta caixa de pl\u00e1stico transparente para bolos por atacado \u00e9 feita de material PET\/PVC de qualidade alimentar para uma excelente clareza e prote\u00e7\u00e3o.<\/p>\n\n\n\n<p><strong>Pega c\u00f3moda:<\/strong> A caixa de pl\u00e1stico transparente para bolos por atacado tem pegas f\u00e1ceis de transportar que permitem um transporte seguro e confort\u00e1vel dos bolos.<\/p>\n\n\n\n<p><strong>T\u00e1bua para bolos branca e resistente: <\/strong>Esta caixa de pl\u00e1stico transparente para bolos por atacado tamb\u00e9m inclui uma t\u00e1bua para bolos branca de qualidade superior para a manter est\u00e1vel e alinhada dentro da embalagem, evitando deslizamentos indesej\u00e1veis.<\/p>\n\n\n\n<p><strong>Servi\u00e7os personalizados: <\/strong>Podem ser personalizados de acordo com a sua marca, com o log\u00f3tipo e o design da sua empresa, juntamente com requisitos de tamanho espec\u00edficos.<\/p>\n\n\n\n<p>Design quadrado: Esta caixa para mini bolos \u00e9 adequada para mini bolos, cupcakes e pequenas sobremesas.<\/p>\n\n\n\n<p><strong>Fecho seguro:<\/strong> Esta caixa de pl\u00e1stico transparente para bolos por atacado garante que os bolos est\u00e3o seguros e frescos durante o transporte.<\/p>\n<\/div>\n\n\n\n<div class=\"wp-block-column is-layout-flow wp-block-column-is-layout-flow\">\n<figure class=\"wp-block-image size-full\"><img decoding=\"async\" width=\"800\" height=\"800\" src=\"https:\/\/www.yishengpack.com\/wp-content\/uploads\/2025\/01\/2-inch-Clear-Plastic-Cake-Box-Wholesale-Square-Mini-Cake-Container.webp\" alt=\"Caixa para bolo de pl\u00e1stico transparente de 2 polegadas Recipiente para mini bolo quadrado por atacado\" class=\"wp-image-549\" srcset=\"https:\/\/www.yishengpack.com\/wp-content\/uploads\/2025\/01\/2-inch-Clear-Plastic-Cake-Box-Wholesale-Square-Mini-Cake-Container.webp 800w, https:\/\/www.yishengpack.com\/wp-content\/uploads\/2025\/01\/2-inch-Clear-Plastic-Cake-Box-Wholesale-Square-Mini-Cake-Container-300x300.webp 300w, https:\/\/www.yishengpack.com\/wp-content\/uploads\/2025\/01\/2-inch-Clear-Plastic-Cake-Box-Wholesale-Square-Mini-Cake-Container-150x150.webp 150w, https:\/\/www.yishengpack.com\/wp-content\/uploads\/2025\/01\/2-inch-Clear-Plastic-Cake-Box-Wholesale-Square-Mini-Cake-Container-768x768.webp 768w, https:\/\/www.yishengpack.com\/wp-content\/uploads\/2025\/01\/2-inch-Clear-Plastic-Cake-Box-Wholesale-Square-Mini-Cake-Container-600x600.webp 600w, https:\/\/www.yishengpack.com\/wp-content\/uploads\/2025\/01\/2-inch-Clear-Plastic-Cake-Box-Wholesale-Square-Mini-Cake-Container-100x100.webp 100w\" sizes=\"(max-width: 800px) 100vw, 800px\" \/><\/figure>\n<\/div>\n<\/div>\n\n\n\n<div class=\"wp-block-columns is-layout-flex wp-container-core-columns-is-layout-9d6595d7 wp-block-columns-is-layout-flex\">\n<div class=\"wp-block-column is-layout-flow wp-block-column-is-layout-flow\">\n<figure class=\"wp-block-image size-full\"><img decoding=\"async\" width=\"800\" height=\"800\" src=\"https:\/\/www.yishengpack.com\/wp-content\/uploads\/2025\/01\/Customized-Clear-Cake-Boxes-wholesale-2.webp\" alt=\"Caixas para bolos transparentes personalizadas por atacado (2)\" class=\"wp-image-541\" srcset=\"https:\/\/www.yishengpack.com\/wp-content\/uploads\/2025\/01\/Customized-Clear-Cake-Boxes-wholesale-2.webp 800w, https:\/\/www.yishengpack.com\/wp-content\/uploads\/2025\/01\/Customized-Clear-Cake-Boxes-wholesale-2-300x300.webp 300w, https:\/\/www.yishengpack.com\/wp-content\/uploads\/2025\/01\/Customized-Clear-Cake-Boxes-wholesale-2-150x150.webp 150w, https:\/\/www.yishengpack.com\/wp-content\/uploads\/2025\/01\/Customized-Clear-Cake-Boxes-wholesale-2-768x768.webp 768w, https:\/\/www.yishengpack.com\/wp-content\/uploads\/2025\/01\/Customized-Clear-Cake-Boxes-wholesale-2-600x600.webp 600w, https:\/\/www.yishengpack.com\/wp-content\/uploads\/2025\/01\/Customized-Clear-Cake-Boxes-wholesale-2-100x100.webp 100w\" sizes=\"(max-width: 800px) 100vw, 800px\" \/><\/figure>\n\n\n\n<div class=\"wp-block-buttons has-custom-font-size has-small-font-size is-content-justification-center is-layout-flex wp-container-core-buttons-is-layout-16018d1d wp-block-buttons-is-layout-flex\">\n<div class=\"wp-block-button has-custom-width wp-block-button__width-75\"><a class=\"wp-block-button__link has-background has-small-font-size has-custom-font-size wp-element-button\" href=\"https:\/\/www.yishengpack.com\/pt\/custom-product-boxes-types\/\" style=\"background:linear-gradient(135deg,rgb(254,205,165) 0%,rgb(254,45,45) 0%,rgb(94,15,15) 0%,rgb(94,15,15) 100%)\" target=\"_blank\" rel=\"noreferrer noopener\"><strong>Explore os tipos de caixas personalizadas<\/strong><\/a><\/div>\n<\/div>\n<\/div>\n\n\n\n<div class=\"wp-block-column is-layout-flow wp-block-column-is-layout-flow\">\n<figure class=\"wp-block-image size-full\"><img decoding=\"async\" width=\"694\" height=\"684\" src=\"https:\/\/www.yishengpack.com\/wp-content\/uploads\/2025\/01\/Customized-Clear-Cake-Boxes-wholesale-5.webp\" alt=\"Caixas para bolos transparentes personalizadas por atacado (5)\" class=\"wp-image-543\" srcset=\"https:\/\/www.yishengpack.com\/wp-content\/uploads\/2025\/01\/Customized-Clear-Cake-Boxes-wholesale-5.webp 694w, https:\/\/www.yishengpack.com\/wp-content\/uploads\/2025\/01\/Customized-Clear-Cake-Boxes-wholesale-5-300x296.webp 300w, https:\/\/www.yishengpack.com\/wp-content\/uploads\/2025\/01\/Customized-Clear-Cake-Boxes-wholesale-5-600x591.webp 600w, https:\/\/www.yishengpack.com\/wp-content\/uploads\/2025\/01\/Customized-Clear-Cake-Boxes-wholesale-5-100x100.webp 100w\" sizes=\"(max-width: 694px) 100vw, 694px\" \/><\/figure>\n\n\n\n<div class=\"wp-block-buttons has-custom-font-size has-small-font-size is-content-justification-center is-layout-flex wp-container-core-buttons-is-layout-16018d1d wp-block-buttons-is-layout-flex\">\n<div class=\"wp-block-button has-custom-width wp-block-button__width-75\"><a class=\"wp-block-button__link has-background has-small-font-size has-custom-font-size wp-element-button\" href=\"https:\/\/www.yishengpack.com\/pt\/custom-box-inserts-accessories\/\" style=\"background:linear-gradient(135deg,rgb(254,205,165) 0%,rgb(254,45,45) 0%,rgb(94,15,15) 0%,rgb(94,15,15) 100%)\" target=\"_blank\" rel=\"noreferrer noopener\"><strong>Explorar inser\u00e7\u00f5es de caixas personalizadas<\/strong><\/a><\/div>\n<\/div>\n<\/div>\n<\/div>","protected":false},"excerpt":{"rendered":"<p>A caixa de bolo de pl\u00e1stico transparente de 2 polegadas da Yisheng Wholesale Supply \u00e9 ideal para embalar mini bolos, cupcakes e outras pequenas sobremesas. Feito de pl\u00e1stico dur\u00e1vel e seguro para alimentos, o design quadrado permite uma exibi\u00e7\u00e3o clara de seus produtos, garantindo seguran\u00e7a e estabilidade durante o transporte. Concebida para mini-bolos, esta caixa para bolos \u00e9 perfeita para padarias, servi\u00e7os de catering e eventos de todos os tipos.<\/p>\n<h2>Caixa de pl\u00e1stico transparente para bolo Especifica\u00e7\u00f5es por atacado:<\/h2>\n<table width=\"528\">\n<tbody>\n<tr>\n<td width=\"215\">Fabricante:<\/td>\n<td colspan=\"2\" width=\"313\">Yisheng<\/td>\n<\/tr>\n<tr>\n<td>Modelo:<\/td>\n<td colspan=\"2\">CakeBox-2<\/td>\n<\/tr>\n<tr>\n<td>Material:\u00a0<\/td>\n<td colspan=\"2\">PET + cart\u00e3o branco<\/td>\n<\/tr>\n<tr>\n<td>Cor:\u00a0<\/td>\n<td colspan=\"2\">CLear<\/td>\n<\/tr>\n<tr>\n<td>Tamanho:\u00a0<\/td>\n<td colspan=\"2\" width=\"313\">8,5cm*8,5cm*8,5cm<\/td>\n<\/tr>\n<tr>\n<td>Peso:\u00a0<\/td>\n<td colspan=\"2\" width=\"313\">23g\/pc<\/td>\n<\/tr>\n<tr>\n<td>Forma:\u00a0<\/td>\n<td colspan=\"2\" width=\"313\">Quadrado<\/td>\n<\/tr>\n<tr>\n<td>Embalagem:\u00a0<\/td>\n<td colspan=\"2\">Boxe direto<\/td>\n<\/tr>\n<tr>\n<td>MOQ:\u00a0<\/td>\n<td colspan=\"2\">1000pcs<\/td>\n<\/tr>\n<tr>\n<td>OEM&amp;ODM:\u00a0<\/td>\n<td colspan=\"2\">Personalizado, bem-vindo OEM&amp;ODM<\/td>\n<\/tr>\n<tr>\n<td>Amostra\uff1a<\/td>\n<td colspan=\"2\">10 unidades de amostra gr\u00e1tis podem ser solicitadas<\/td>\n<\/tr>\n<\/tbody>\n<\/table>\n<p><script src=\"chrome-extension:\/\/fpelahbljekknahkcaegamhcndkfpfnc\/iFrame.js\" type=\"text\/javascript\"><\/script><\/p>","protected":false},"featured_media":550,"comment_status":"closed","ping_status":"closed","template":"","meta":{"_acf_changed":false},"box-type":[55],"product_brand":[],"product_cat":[21,46,30,33,45],"product_tag":[],"class_list":{"0":"post-285","1":"product","2":"type-product","3":"status-publish","4":"has-post-thumbnail","6":"box-type-custom-foldable-boxes","7":"product_cat-plastic-cake-containers-wholesale","8":"product_cat-wholesale-paper-boxes","9":"product_cat-cake-containers-wholesale","10":"product_cat-food-packaging-boxes-wholesale","11":"product_cat-bulk-disposable-food-containers","13":"first","14":"instock","15":"shipping-taxable","16":"product-type-simple"},"acf":[],"_links":{"self":[{"href":"https:\/\/www.yishengpack.com\/pt\/wp-json\/wp\/v2\/product\/285","targetHints":{"allow":["GET"]}}],"collection":[{"href":"https:\/\/www.yishengpack.com\/pt\/wp-json\/wp\/v2\/product"}],"about":[{"href":"https:\/\/www.yishengpack.com\/pt\/wp-json\/wp\/v2\/types\/product"}],"replies":[{"embeddable":true,"href":"https:\/\/www.yishengpack.com\/pt\/wp-json\/wp\/v2\/comments?post=285"}],"wp:featuredmedia":[{"embeddable":true,"href":"https:\/\/www.yishengpack.com\/pt\/wp-json\/wp\/v2\/media\/550"}],"wp:attachment":[{"href":"https:\/\/www.yishengpack.com\/pt\/wp-json\/wp\/v2\/media?parent=285"}],"wp:term":[{"taxonomy":"box-type","embeddable":true,"href":"https:\/\/www.yishengpack.com\/pt\/wp-json\/wp\/v2\/box-type?post=285"},{"taxonomy":"product_brand","embeddable":true,"href":"https:\/\/www.yishengpack.com\/pt\/wp-json\/wp\/v2\/product_brand?post=285"},{"taxonomy":"product_cat","embeddable":true,"href":"https:\/\/www.yishengpack.com\/pt\/wp-json\/wp\/v2\/product_cat?post=285"},{"taxonomy":"product_tag","embeddable":true,"href":"https:\/\/www.yishengpack.com\/pt\/wp-json\/wp\/v2\/product_tag?post=285"}],"curies":[{"name":"wp","href":"https:\/\/api.w.org\/{rel}","templated":true}]}}