{"id":2814,"date":"2025-12-11T08:59:16","date_gmt":"2025-12-11T08:59:16","guid":{"rendered":"https:\/\/www.yishengpack.com\/?post_type=product&#038;p=2814"},"modified":"2025-12-15T01:08:23","modified_gmt":"2025-12-15T01:08:23","slug":"custom-wine-gift-box","status":"publish","type":"product","link":"https:\/\/www.yishengpack.com\/pt\/product\/custom-wine-gift-box\/","title":{"rendered":"Caixa de oferta de vinho personalizada de alta qualidade, caixas magn\u00e9ticas por atacado"},"content":{"rendered":"<div class=\"wp-block-columns is-layout-flex wp-container-core-columns-is-layout-9d6595d7 wp-block-columns-is-layout-flex\">\n<div class=\"wp-block-column is-layout-flow wp-block-column-is-layout-flow\">\n<h3 class=\"wp-block-heading\">Carater\u00edsticas da Caixa de oferta personalizada para vinho<\/h3>\n\n\n\n<p><strong>Fecho magn\u00e9tico para um desencaixotamento sofisticado:<\/strong> A caixa para oferta de vinho personalizada possui um fecho magn\u00e9tico que assegura uma experi\u00eancia de desembalagem suave e de qualidade para ofertas de vinho e licor. \u00c9 elegante e limpa, segurando firmemente as garrafas.<\/p>\n\n\n\n<p><strong>Tabuleiro interior personaliz\u00e1vel:<\/strong> A caixa para oferta de vinho personalizada suporta v\u00e1rios materiais de tabuleiro interior, como EVA, espuma, cart\u00e3o ondulado e forro de tecido de seda, segurando com seguran\u00e7a garrafas de vinho, champanhe, u\u00edsque e outros tipos de bebidas.<\/p>\n\n\n\n<p><strong>Dobr\u00e1vel para uma arruma\u00e7\u00e3o eficiente em termos de espa\u00e7o:<\/strong> A caixa de oferta de vinho personalizada com um design dobr\u00e1vel, a caixa pode ser facilmente dobrada quando n\u00e3o est\u00e1 a ser utilizada, reduzindo o espa\u00e7o de armazenamento para a empresa. A praticidade do tamanho do pacote de presente \u00e9 \u00f3ptima para a distribui\u00e7\u00e3o de presentes em massa.<\/p>\n\n\n\n<p><strong>Fortes atributos de prenda topo de gama:<\/strong> As caixas magn\u00e9ticas por atacado t\u00eam um aspeto elegante, profissional e luxuoso, o que as torna adequadas para marcas de bebidas alco\u00f3licas de alta qualidade, ocasi\u00f5es de oferta, caixas de oferta festivas e ofertas empresariais.<\/p>\n\n\n\n<p><strong>Suporte OEM\/ODM dispon\u00edvel:<\/strong> Oferecemos servi\u00e7os de personaliza\u00e7\u00e3o em grande escala, otimiza\u00e7\u00e3o estrutural e design de marca, ideais para adegas, empresas de brindes, vendedores transfronteiri\u00e7os e grossistas. As caixas magn\u00e9ticas para venda por grosso s\u00e3o adequadas para grandes encomendas, com ciclos de produ\u00e7\u00e3o curtos e qualidade consistente, satisfazendo as necessidades da venda por grosso B2B.<\/p>\n<\/div>\n\n\n\n<div class=\"wp-block-column is-layout-flow wp-block-column-is-layout-flow\">\n<figure class=\"wp-block-image size-full\"><img decoding=\"async\" width=\"2048\" height=\"2048\" src=\"https:\/\/www.yishengpack.com\/wp-content\/uploads\/2025\/11\/High-End-Luxury-Magnetic-Gift-Boxes-Wholesale-Custom-Design-Foldable-Wine-Package-Boxes-2.webp\" alt=\"Caixa de oferta de vinho personalizada de alta qualidade - caixas magn\u00e9ticas de venda por grosso - 2\" class=\"wp-image-2816\" srcset=\"https:\/\/www.yishengpack.com\/wp-content\/uploads\/2025\/11\/High-End-Luxury-Magnetic-Gift-Boxes-Wholesale-Custom-Design-Foldable-Wine-Package-Boxes-2.webp 2048w, https:\/\/www.yishengpack.com\/wp-content\/uploads\/2025\/11\/High-End-Luxury-Magnetic-Gift-Boxes-Wholesale-Custom-Design-Foldable-Wine-Package-Boxes-2-300x300.webp 300w, https:\/\/www.yishengpack.com\/wp-content\/uploads\/2025\/11\/High-End-Luxury-Magnetic-Gift-Boxes-Wholesale-Custom-Design-Foldable-Wine-Package-Boxes-2-150x150.webp 150w, https:\/\/www.yishengpack.com\/wp-content\/uploads\/2025\/11\/High-End-Luxury-Magnetic-Gift-Boxes-Wholesale-Custom-Design-Foldable-Wine-Package-Boxes-2-768x768.webp 768w, https:\/\/www.yishengpack.com\/wp-content\/uploads\/2025\/11\/High-End-Luxury-Magnetic-Gift-Boxes-Wholesale-Custom-Design-Foldable-Wine-Package-Boxes-2-12x12.webp 12w, https:\/\/www.yishengpack.com\/wp-content\/uploads\/2025\/11\/High-End-Luxury-Magnetic-Gift-Boxes-Wholesale-Custom-Design-Foldable-Wine-Package-Boxes-2-1200x1200.webp 1200w, https:\/\/www.yishengpack.com\/wp-content\/uploads\/2025\/11\/High-End-Luxury-Magnetic-Gift-Boxes-Wholesale-Custom-Design-Foldable-Wine-Package-Boxes-2-600x600.webp 600w, https:\/\/www.yishengpack.com\/wp-content\/uploads\/2025\/11\/High-End-Luxury-Magnetic-Gift-Boxes-Wholesale-Custom-Design-Foldable-Wine-Package-Boxes-2-100x100.webp 100w\" sizes=\"(max-width: 2048px) 100vw, 2048px\" \/><\/figure>\n<\/div>\n<\/div>\n\n\n\n<div class=\"wp-block-columns is-layout-flex wp-container-core-columns-is-layout-9d6595d7 wp-block-columns-is-layout-flex\">\n<div class=\"wp-block-column is-layout-flow wp-block-column-is-layout-flow\">\n<figure class=\"wp-block-image size-full\"><img decoding=\"async\" width=\"2048\" height=\"2048\" src=\"https:\/\/www.yishengpack.com\/wp-content\/uploads\/2025\/11\/High-End-Luxury-Magnetic-Gift-Boxes-Wholesale-Custom-Design-Foldable-Wine-Package-Boxes-3.webp\" alt=\"Caixa de oferta de vinho personalizada de alta qualidade - caixas magn\u00e9ticas de venda por grosso - 3\" class=\"wp-image-2817\" srcset=\"https:\/\/www.yishengpack.com\/wp-content\/uploads\/2025\/11\/High-End-Luxury-Magnetic-Gift-Boxes-Wholesale-Custom-Design-Foldable-Wine-Package-Boxes-3.webp 2048w, https:\/\/www.yishengpack.com\/wp-content\/uploads\/2025\/11\/High-End-Luxury-Magnetic-Gift-Boxes-Wholesale-Custom-Design-Foldable-Wine-Package-Boxes-3-300x300.webp 300w, https:\/\/www.yishengpack.com\/wp-content\/uploads\/2025\/11\/High-End-Luxury-Magnetic-Gift-Boxes-Wholesale-Custom-Design-Foldable-Wine-Package-Boxes-3-150x150.webp 150w, https:\/\/www.yishengpack.com\/wp-content\/uploads\/2025\/11\/High-End-Luxury-Magnetic-Gift-Boxes-Wholesale-Custom-Design-Foldable-Wine-Package-Boxes-3-768x768.webp 768w, https:\/\/www.yishengpack.com\/wp-content\/uploads\/2025\/11\/High-End-Luxury-Magnetic-Gift-Boxes-Wholesale-Custom-Design-Foldable-Wine-Package-Boxes-3-12x12.webp 12w, https:\/\/www.yishengpack.com\/wp-content\/uploads\/2025\/11\/High-End-Luxury-Magnetic-Gift-Boxes-Wholesale-Custom-Design-Foldable-Wine-Package-Boxes-3-1200x1200.webp 1200w, https:\/\/www.yishengpack.com\/wp-content\/uploads\/2025\/11\/High-End-Luxury-Magnetic-Gift-Boxes-Wholesale-Custom-Design-Foldable-Wine-Package-Boxes-3-600x600.webp 600w, https:\/\/www.yishengpack.com\/wp-content\/uploads\/2025\/11\/High-End-Luxury-Magnetic-Gift-Boxes-Wholesale-Custom-Design-Foldable-Wine-Package-Boxes-3-100x100.webp 100w\" sizes=\"(max-width: 2048px) 100vw, 2048px\" \/><\/figure>\n\n\n\n<div class=\"wp-block-buttons has-custom-font-size has-small-font-size is-content-justification-center is-layout-flex wp-container-core-buttons-is-layout-16018d1d wp-block-buttons-is-layout-flex\">\n<div class=\"wp-block-button has-custom-width wp-block-button__width-75\"><a class=\"wp-block-button__link has-background has-small-font-size has-custom-font-size wp-element-button\" href=\"https:\/\/www.yishengpack.com\/pt\/custom-printed-box\/\" style=\"background:linear-gradient(135deg,rgb(254,205,165) 0%,rgb(254,45,45) 0%,rgb(94,15,15) 0%,rgb(94,15,15) 100%)\" target=\"_blank\" rel=\"noreferrer noopener\"><strong>Explorar caixas impressas personalizadas<\/strong><\/a><\/div>\n<\/div>\n<\/div>\n\n\n\n<div class=\"wp-block-column is-layout-flow wp-block-column-is-layout-flow\">\n<figure class=\"wp-block-image size-full\"><img decoding=\"async\" width=\"2048\" height=\"2048\" src=\"https:\/\/www.yishengpack.com\/wp-content\/uploads\/2025\/11\/High-End-Luxury-Magnetic-Gift-Boxes-Wholesale-Custom-Design-Foldable-Wine-Package-Boxes-6.webp\" alt=\"Caixa de oferta de vinho personalizada de alta qualidade - caixas magn\u00e9ticas de venda por grosso - 6\" class=\"wp-image-2820\" srcset=\"https:\/\/www.yishengpack.com\/wp-content\/uploads\/2025\/11\/High-End-Luxury-Magnetic-Gift-Boxes-Wholesale-Custom-Design-Foldable-Wine-Package-Boxes-6.webp 2048w, https:\/\/www.yishengpack.com\/wp-content\/uploads\/2025\/11\/High-End-Luxury-Magnetic-Gift-Boxes-Wholesale-Custom-Design-Foldable-Wine-Package-Boxes-6-300x300.webp 300w, https:\/\/www.yishengpack.com\/wp-content\/uploads\/2025\/11\/High-End-Luxury-Magnetic-Gift-Boxes-Wholesale-Custom-Design-Foldable-Wine-Package-Boxes-6-150x150.webp 150w, https:\/\/www.yishengpack.com\/wp-content\/uploads\/2025\/11\/High-End-Luxury-Magnetic-Gift-Boxes-Wholesale-Custom-Design-Foldable-Wine-Package-Boxes-6-768x768.webp 768w, https:\/\/www.yishengpack.com\/wp-content\/uploads\/2025\/11\/High-End-Luxury-Magnetic-Gift-Boxes-Wholesale-Custom-Design-Foldable-Wine-Package-Boxes-6-12x12.webp 12w, https:\/\/www.yishengpack.com\/wp-content\/uploads\/2025\/11\/High-End-Luxury-Magnetic-Gift-Boxes-Wholesale-Custom-Design-Foldable-Wine-Package-Boxes-6-1200x1200.webp 1200w, https:\/\/www.yishengpack.com\/wp-content\/uploads\/2025\/11\/High-End-Luxury-Magnetic-Gift-Boxes-Wholesale-Custom-Design-Foldable-Wine-Package-Boxes-6-600x600.webp 600w, https:\/\/www.yishengpack.com\/wp-content\/uploads\/2025\/11\/High-End-Luxury-Magnetic-Gift-Boxes-Wholesale-Custom-Design-Foldable-Wine-Package-Boxes-6-100x100.webp 100w\" sizes=\"(max-width: 2048px) 100vw, 2048px\" \/><\/figure>\n\n\n\n<div class=\"wp-block-buttons has-custom-font-size has-small-font-size is-content-justification-center is-layout-flex wp-container-core-buttons-is-layout-16018d1d wp-block-buttons-is-layout-flex\">\n<div class=\"wp-block-button has-custom-width wp-block-button__width-75\"><a class=\"wp-block-button__link has-background has-small-font-size has-custom-font-size wp-element-button\" href=\"https:\/\/www.yishengpack.com\/pt\/custom-box-inserts-accessories\/\" style=\"background:linear-gradient(135deg,rgb(254,205,165) 0%,rgb(254,45,45) 0%,rgb(94,15,15) 0%,rgb(94,15,15) 100%)\" target=\"_blank\" rel=\"noreferrer noopener\"><strong>Explorar inser\u00e7\u00f5es de caixas personalizadas<\/strong><\/a><\/div>\n<\/div>\n<\/div>\n<\/div>","protected":false},"excerpt":{"rendered":"<p>Bem-vindo ao comprar as nossas caixas para oferta de vinho personalizadas de alta qualidade, concebidas com um fecho magn\u00e9tico de primeira qualidade, uma constru\u00e7\u00e3o r\u00edgida duradoura e op\u00e7\u00f5es de marca totalmente personaliz\u00e1veis. Estas elegantes caixas magn\u00e9ticas para presentes s\u00e3o perfeitas para embalar artigos como vinho, bebidas espirituosas de primeira qualidade e s\u00e3o totalmente personaliz\u00e1veis para corresponder \u00e0 sua marca.<\/p>\n<h2>Destaques da caixa de oferta de vinho personalizada topo de gama<\/h2>\n<ul>\n<li>Estrutura de fecho magn\u00e9tico<\/li>\n<li>Op\u00e7\u00f5es de inser\u00e7\u00f5es<\/li>\n<li>Personaliza\u00e7\u00e3o personalizada<\/li>\n<li>Materiais de alta qualidade<\/li>\n<li>Trabalho meticuloso<\/li>\n<li>V\u00e1rios tamanhos de caixas<\/li>\n<li>Grande variedade de cores<\/li>\n<li>Marca e motivos personaliz\u00e1veis<\/li>\n<\/ul>","protected":false},"featured_media":2815,"comment_status":"closed","ping_status":"closed","template":"","meta":{"_acf_changed":false},"box-type":[54,57],"product_brand":[],"product_cat":[19,36,46,33,43],"product_tag":[],"class_list":{"0":"post-2814","1":"product","2":"type-product","3":"status-publish","4":"has-post-thumbnail","6":"box-type-custom-magnetic-closure-boxes","7":"box-type-custom-rigid-box-with-lid","8":"product_cat-luxury-gift-boxes-wholesale","9":"product_cat-wine-boxes-wholesale","10":"product_cat-wholesale-paper-boxes","11":"product_cat-food-packaging-boxes-wholesale","12":"product_cat-coffee-and-tea-packaging-boxes-wholesale","14":"first","15":"instock","16":"shipping-taxable","17":"product-type-simple"},"acf":[],"_links":{"self":[{"href":"https:\/\/www.yishengpack.com\/pt\/wp-json\/wp\/v2\/product\/2814","targetHints":{"allow":["GET"]}}],"collection":[{"href":"https:\/\/www.yishengpack.com\/pt\/wp-json\/wp\/v2\/product"}],"about":[{"href":"https:\/\/www.yishengpack.com\/pt\/wp-json\/wp\/v2\/types\/product"}],"replies":[{"embeddable":true,"href":"https:\/\/www.yishengpack.com\/pt\/wp-json\/wp\/v2\/comments?post=2814"}],"wp:featuredmedia":[{"embeddable":true,"href":"https:\/\/www.yishengpack.com\/pt\/wp-json\/wp\/v2\/media\/2815"}],"wp:attachment":[{"href":"https:\/\/www.yishengpack.com\/pt\/wp-json\/wp\/v2\/media?parent=2814"}],"wp:term":[{"taxonomy":"box-type","embeddable":true,"href":"https:\/\/www.yishengpack.com\/pt\/wp-json\/wp\/v2\/box-type?post=2814"},{"taxonomy":"product_brand","embeddable":true,"href":"https:\/\/www.yishengpack.com\/pt\/wp-json\/wp\/v2\/product_brand?post=2814"},{"taxonomy":"product_cat","embeddable":true,"href":"https:\/\/www.yishengpack.com\/pt\/wp-json\/wp\/v2\/product_cat?post=2814"},{"taxonomy":"product_tag","embeddable":true,"href":"https:\/\/www.yishengpack.com\/pt\/wp-json\/wp\/v2\/product_tag?post=2814"}],"curies":[{"name":"wp","href":"https:\/\/api.w.org\/{rel}","templated":true}]}}