{"id":2700,"date":"2025-12-08T10:35:38","date_gmt":"2025-12-08T10:35:38","guid":{"rendered":"https:\/\/www.yishengpack.com\/?post_type=product&#038;p=2700"},"modified":"2025-12-08T10:36:29","modified_gmt":"2025-12-08T10:36:29","slug":"wholesale-corrugated-mailer-boxes","status":"publish","type":"product","link":"https:\/\/www.yishengpack.com\/pt\/product\/wholesale-corrugated-mailer-boxes\/","title":{"rendered":"Caixas de papel\u00e3o ondulado por atacado para embalagem de acess\u00f3rios"},"content":{"rendered":"<div class=\"wp-block-columns is-layout-flex wp-container-core-columns-is-layout-9d6595d7 wp-block-columns-is-layout-flex\">\n<div class=\"wp-block-column is-layout-flow wp-block-column-is-layout-flow\">\n<h3 class=\"wp-block-heading\">Caracter\u00edsticas das caixas r\u00edgidas para envio postal em papel\u00e3o ondulado para venda por grosso<\/h3>\n\n\n\n<p><strong>Constru\u00e7\u00e3o resistente em papel\u00e3o ondulado:<\/strong> As caixas de papel\u00e3o ondulado para envio por correio s\u00e3o projetadas com uma estrutura resistente, que protege acess\u00f3rios automotivos, como miniaturas de carros e pe\u00e7as automotivas, bem como cargas, garantindo que n\u00e3o sejam danificados durante o transporte.<\/p>\n\n\n\n<p><strong>Estrutura da caixa postal com fecho autom\u00e1tico:<\/strong> As caixas de papel\u00e3o ondulado para correspond\u00eancia vendidas por atacado s\u00e3o feitas de papel\u00e3o ondulado resistente; o design dobr\u00e1vel n\u00e3o requer fita adesiva, permitindo uma montagem r\u00e1pida e maior efici\u00eancia na embalagem.<\/p>\n\n\n\n<p><strong>Bandeja interna personaliz\u00e1vel: <\/strong>As caixas de papel\u00e3o ondulado para envio por correio vendidas por atacado podem acomodar muitos tipos diferentes de bandejas internas, incluindo bandejas de EVA, bandejas de papel e bandejas de espuma, para permitir uma apresenta\u00e7\u00e3o atraente do item, al\u00e9m de proporcionar estabilidade para o transporte.<\/p>\n\n\n\n<p><strong>Personaliz\u00e1vel para branding autom\u00e1tico:<\/strong> Estas caixas de correio onduladas por grosso est\u00e3o equipadas com superf\u00edcies personaliz\u00e1veis; esta caixa pode ser impressa com gr\u00e1ficos com temas autom\u00f3veis, log\u00f3tipos de marcas ou informa\u00e7\u00f5es sobre produtos. \u00c9 perfeita para expor produtos autom\u00f3veis, transmitindo uma imagem de marca coesa para empresas do setor autom\u00f3vel.<\/p>\n\n\n\n<p><strong>Sele\u00e7\u00f5es de cores vibrantes: <\/strong>Estas caixas de embalagem para acess\u00f3rios por grosso est\u00e3o dispon\u00edveis em cores vibrantes, incluindo verde, azul e preto, o que permitir\u00e1 \u00e0 empresa autom\u00f3vel estabelecer a identidade da marca e diferenciar os seus produtos, proporcionando ao mesmo tempo uma excelente visibilidade ao cliente.<\/p>\n\n\n\n<p><strong>Suporta personaliza\u00e7\u00e3o da marca:<\/strong> Estas caixas de embalagem para acess\u00f3rios por grosso est\u00e3o equipadas com superf\u00edcies personaliz\u00e1veis; esta caixa pode ser impressa com gr\u00e1ficos com temas autom\u00f3veis, log\u00f3tipos de marcas ou informa\u00e7\u00f5es sobre os produtos. \u00c9 perfeita para expor produtos autom\u00f3veis, transmitindo uma imagem de marca coesa para as empresas do setor autom\u00f3vel.<\/p>\n<\/div>\n\n\n\n<div class=\"wp-block-column is-layout-flow wp-block-column-is-layout-flow\">\n<figure class=\"wp-block-image size-full\"><img decoding=\"async\" width=\"2048\" height=\"2048\" src=\"https:\/\/www.yishengpack.com\/wp-content\/uploads\/2025\/11\/Wholesale-Rigid-Corrugated-Mailer-Boxes-Customize-Paper-Boxes-with-Lid-for-Accessories-Packaging-2.webp\" alt=\"caixas-de-correio-onduladas-por-grande-varejo-para-embalagem-de-acess\u00f3rios-2\" class=\"wp-image-2702\" srcset=\"https:\/\/www.yishengpack.com\/wp-content\/uploads\/2025\/11\/Wholesale-Rigid-Corrugated-Mailer-Boxes-Customize-Paper-Boxes-with-Lid-for-Accessories-Packaging-2.webp 2048w, https:\/\/www.yishengpack.com\/wp-content\/uploads\/2025\/11\/Wholesale-Rigid-Corrugated-Mailer-Boxes-Customize-Paper-Boxes-with-Lid-for-Accessories-Packaging-2-300x300.webp 300w, https:\/\/www.yishengpack.com\/wp-content\/uploads\/2025\/11\/Wholesale-Rigid-Corrugated-Mailer-Boxes-Customize-Paper-Boxes-with-Lid-for-Accessories-Packaging-2-150x150.webp 150w, https:\/\/www.yishengpack.com\/wp-content\/uploads\/2025\/11\/Wholesale-Rigid-Corrugated-Mailer-Boxes-Customize-Paper-Boxes-with-Lid-for-Accessories-Packaging-2-768x768.webp 768w, https:\/\/www.yishengpack.com\/wp-content\/uploads\/2025\/11\/Wholesale-Rigid-Corrugated-Mailer-Boxes-Customize-Paper-Boxes-with-Lid-for-Accessories-Packaging-2-12x12.webp 12w, https:\/\/www.yishengpack.com\/wp-content\/uploads\/2025\/11\/Wholesale-Rigid-Corrugated-Mailer-Boxes-Customize-Paper-Boxes-with-Lid-for-Accessories-Packaging-2-1200x1200.webp 1200w, https:\/\/www.yishengpack.com\/wp-content\/uploads\/2025\/11\/Wholesale-Rigid-Corrugated-Mailer-Boxes-Customize-Paper-Boxes-with-Lid-for-Accessories-Packaging-2-600x600.webp 600w, https:\/\/www.yishengpack.com\/wp-content\/uploads\/2025\/11\/Wholesale-Rigid-Corrugated-Mailer-Boxes-Customize-Paper-Boxes-with-Lid-for-Accessories-Packaging-2-100x100.webp 100w\" sizes=\"(max-width: 2048px) 100vw, 2048px\" \/><\/figure>\n<\/div>\n<\/div>\n\n\n\n<div class=\"wp-block-columns is-layout-flex wp-container-core-columns-is-layout-9d6595d7 wp-block-columns-is-layout-flex\">\n<div class=\"wp-block-column is-layout-flow wp-block-column-is-layout-flow\">\n<figure class=\"wp-block-image size-full\"><img decoding=\"async\" width=\"2048\" height=\"2048\" src=\"https:\/\/www.yishengpack.com\/wp-content\/uploads\/2025\/11\/Wholesale-Rigid-Corrugated-Mailer-Boxes-Customize-Paper-Boxes-with-Lid-for-Accessories-Packaging-5.webp\" alt=\"caixas-de-correio-onduladas-por-grande-volume-para-embalagem-de-acess\u00f3rios-5\" class=\"wp-image-2705\" srcset=\"https:\/\/www.yishengpack.com\/wp-content\/uploads\/2025\/11\/Wholesale-Rigid-Corrugated-Mailer-Boxes-Customize-Paper-Boxes-with-Lid-for-Accessories-Packaging-5.webp 2048w, https:\/\/www.yishengpack.com\/wp-content\/uploads\/2025\/11\/Wholesale-Rigid-Corrugated-Mailer-Boxes-Customize-Paper-Boxes-with-Lid-for-Accessories-Packaging-5-300x300.webp 300w, https:\/\/www.yishengpack.com\/wp-content\/uploads\/2025\/11\/Wholesale-Rigid-Corrugated-Mailer-Boxes-Customize-Paper-Boxes-with-Lid-for-Accessories-Packaging-5-150x150.webp 150w, https:\/\/www.yishengpack.com\/wp-content\/uploads\/2025\/11\/Wholesale-Rigid-Corrugated-Mailer-Boxes-Customize-Paper-Boxes-with-Lid-for-Accessories-Packaging-5-768x768.webp 768w, https:\/\/www.yishengpack.com\/wp-content\/uploads\/2025\/11\/Wholesale-Rigid-Corrugated-Mailer-Boxes-Customize-Paper-Boxes-with-Lid-for-Accessories-Packaging-5-12x12.webp 12w, https:\/\/www.yishengpack.com\/wp-content\/uploads\/2025\/11\/Wholesale-Rigid-Corrugated-Mailer-Boxes-Customize-Paper-Boxes-with-Lid-for-Accessories-Packaging-5-1200x1200.webp 1200w, https:\/\/www.yishengpack.com\/wp-content\/uploads\/2025\/11\/Wholesale-Rigid-Corrugated-Mailer-Boxes-Customize-Paper-Boxes-with-Lid-for-Accessories-Packaging-5-600x600.webp 600w, https:\/\/www.yishengpack.com\/wp-content\/uploads\/2025\/11\/Wholesale-Rigid-Corrugated-Mailer-Boxes-Customize-Paper-Boxes-with-Lid-for-Accessories-Packaging-5-100x100.webp 100w\" sizes=\"(max-width: 2048px) 100vw, 2048px\" \/><\/figure>\n\n\n\n<div class=\"wp-block-buttons has-custom-font-size has-small-font-size is-content-justification-center is-layout-flex wp-container-core-buttons-is-layout-16018d1d wp-block-buttons-is-layout-flex\">\n<div class=\"wp-block-button has-custom-width wp-block-button__width-75\"><a class=\"wp-block-button__link has-background has-small-font-size has-custom-font-size wp-element-button\" href=\"https:\/\/www.yishengpack.com\/pt\/custom-printed-box\/\" style=\"background:linear-gradient(135deg,rgb(254,205,165) 0%,rgb(254,45,45) 0%,rgb(94,15,15) 0%,rgb(94,15,15) 100%)\" target=\"_blank\" rel=\"noreferrer noopener\"><strong>Explorar caixas impressas personalizadas<\/strong><\/a><\/div>\n<\/div>\n<\/div>\n\n\n\n<div class=\"wp-block-column is-layout-flow wp-block-column-is-layout-flow\">\n<figure class=\"wp-block-image size-full\"><img decoding=\"async\" width=\"2048\" height=\"2048\" src=\"https:\/\/www.yishengpack.com\/wp-content\/uploads\/2025\/11\/Wholesale-Rigid-Corrugated-Mailer-Boxes-Customize-Paper-Boxes-with-Lid-for-Accessories-Packaging-4.webp\" alt=\"caixas-de-correio-onduladas-por-grande-varejo-para-embalagem-de-acess\u00f3rios-4\" class=\"wp-image-2704\" srcset=\"https:\/\/www.yishengpack.com\/wp-content\/uploads\/2025\/11\/Wholesale-Rigid-Corrugated-Mailer-Boxes-Customize-Paper-Boxes-with-Lid-for-Accessories-Packaging-4.webp 2048w, https:\/\/www.yishengpack.com\/wp-content\/uploads\/2025\/11\/Wholesale-Rigid-Corrugated-Mailer-Boxes-Customize-Paper-Boxes-with-Lid-for-Accessories-Packaging-4-300x300.webp 300w, https:\/\/www.yishengpack.com\/wp-content\/uploads\/2025\/11\/Wholesale-Rigid-Corrugated-Mailer-Boxes-Customize-Paper-Boxes-with-Lid-for-Accessories-Packaging-4-150x150.webp 150w, https:\/\/www.yishengpack.com\/wp-content\/uploads\/2025\/11\/Wholesale-Rigid-Corrugated-Mailer-Boxes-Customize-Paper-Boxes-with-Lid-for-Accessories-Packaging-4-768x768.webp 768w, https:\/\/www.yishengpack.com\/wp-content\/uploads\/2025\/11\/Wholesale-Rigid-Corrugated-Mailer-Boxes-Customize-Paper-Boxes-with-Lid-for-Accessories-Packaging-4-12x12.webp 12w, https:\/\/www.yishengpack.com\/wp-content\/uploads\/2025\/11\/Wholesale-Rigid-Corrugated-Mailer-Boxes-Customize-Paper-Boxes-with-Lid-for-Accessories-Packaging-4-1200x1200.webp 1200w, https:\/\/www.yishengpack.com\/wp-content\/uploads\/2025\/11\/Wholesale-Rigid-Corrugated-Mailer-Boxes-Customize-Paper-Boxes-with-Lid-for-Accessories-Packaging-4-600x600.webp 600w, https:\/\/www.yishengpack.com\/wp-content\/uploads\/2025\/11\/Wholesale-Rigid-Corrugated-Mailer-Boxes-Customize-Paper-Boxes-with-Lid-for-Accessories-Packaging-4-100x100.webp 100w\" sizes=\"(max-width: 2048px) 100vw, 2048px\" \/><\/figure>\n\n\n\n<div class=\"wp-block-buttons has-custom-font-size has-small-font-size is-content-justification-center is-layout-flex wp-container-core-buttons-is-layout-16018d1d wp-block-buttons-is-layout-flex\">\n<div class=\"wp-block-button has-custom-width wp-block-button__width-75\"><a class=\"wp-block-button__link has-background has-small-font-size has-custom-font-size wp-element-button\" href=\"https:\/\/www.yishengpack.com\/pt\/custom-box-inserts-accessories\/\" style=\"background:linear-gradient(135deg,rgb(254,205,165) 0%,rgb(254,45,45) 0%,rgb(94,15,15) 0%,rgb(94,15,15) 100%)\" target=\"_blank\" rel=\"noreferrer noopener\"><strong>Explorar inser\u00e7\u00f5es de caixas personalizadas<\/strong><\/a><\/div>\n<\/div>\n<\/div>\n<\/div>","protected":false},"excerpt":{"rendered":"<p>Bem-vindo a adquirir as nossas caixas r\u00edgidas de papel\u00e3o ondulado para envio postal, concebidas para o embalamento seguro e profissional de acess\u00f3rios, com uma estrutura dur\u00e1vel, design leve e op\u00e7\u00f5es de personaliza\u00e7\u00e3o da marca. Com uma estrutura robusta e design protetor, elas combinam resist\u00eancia e confiabilidade para o transporte e armazenamento seguros de acess\u00f3rios automotivos. Suportam personaliza\u00e7\u00e3o completa OEM\/ODM.<\/p>\n<h2>Destaques das caixas r\u00edgidas para envio postal em papel\u00e3o ondulado para venda por grosso<\/h2>\n<ul>\n<li>Estrutura robusta<\/li>\n<li>Possibilidade de personaliza\u00e7\u00e3o completa<\/li>\n<li>Materiais de alta qualidade<\/li>\n<li>Impress\u00e3o requintada<\/li>\n<li>V\u00e1rios tipos de caixas<\/li>\n<li>Grande variedade de cores<\/li>\n<li>Trabalho cuidadoso<\/li>\n<li>V\u00e1rios tamanhos de caixas<\/li>\n<li>Design de fecho seguro<\/li>\n<li>Op\u00e7\u00f5es de inser\u00e7\u00e3o<\/li>\n<\/ul>","protected":false},"featured_media":2701,"comment_status":"closed","ping_status":"closed","template":"","meta":{"_acf_changed":false},"box-type":[59],"product_brand":[],"product_cat":[46,69,73,74],"product_tag":[],"class_list":{"0":"post-2700","1":"product","2":"type-product","3":"status-publish","4":"has-post-thumbnail","6":"box-type-custom-mailer-boxes","7":"product_cat-wholesale-paper-boxes","8":"product_cat-custom-retail-boxes","9":"product_cat-custom-electronic-packaging","10":"product_cat-custom-auto-parts-boxes","12":"first","13":"instock","14":"shipping-taxable","15":"product-type-simple"},"acf":[],"_links":{"self":[{"href":"https:\/\/www.yishengpack.com\/pt\/wp-json\/wp\/v2\/product\/2700","targetHints":{"allow":["GET"]}}],"collection":[{"href":"https:\/\/www.yishengpack.com\/pt\/wp-json\/wp\/v2\/product"}],"about":[{"href":"https:\/\/www.yishengpack.com\/pt\/wp-json\/wp\/v2\/types\/product"}],"replies":[{"embeddable":true,"href":"https:\/\/www.yishengpack.com\/pt\/wp-json\/wp\/v2\/comments?post=2700"}],"wp:featuredmedia":[{"embeddable":true,"href":"https:\/\/www.yishengpack.com\/pt\/wp-json\/wp\/v2\/media\/2701"}],"wp:attachment":[{"href":"https:\/\/www.yishengpack.com\/pt\/wp-json\/wp\/v2\/media?parent=2700"}],"wp:term":[{"taxonomy":"box-type","embeddable":true,"href":"https:\/\/www.yishengpack.com\/pt\/wp-json\/wp\/v2\/box-type?post=2700"},{"taxonomy":"product_brand","embeddable":true,"href":"https:\/\/www.yishengpack.com\/pt\/wp-json\/wp\/v2\/product_brand?post=2700"},{"taxonomy":"product_cat","embeddable":true,"href":"https:\/\/www.yishengpack.com\/pt\/wp-json\/wp\/v2\/product_cat?post=2700"},{"taxonomy":"product_tag","embeddable":true,"href":"https:\/\/www.yishengpack.com\/pt\/wp-json\/wp\/v2\/product_tag?post=2700"}],"curies":[{"name":"wp","href":"https:\/\/api.w.org\/{rel}","templated":true}]}}