{"id":2692,"date":"2025-12-08T09:34:18","date_gmt":"2025-12-08T09:34:18","guid":{"rendered":"https:\/\/www.yishengpack.com\/?post_type=product&#038;p=2692"},"modified":"2025-12-08T09:34:19","modified_gmt":"2025-12-08T09:34:19","slug":"custom-printed-folding-cartons","status":"publish","type":"product","link":"https:\/\/www.yishengpack.com\/pt\/product\/custom-printed-folding-cartons\/","title":{"rendered":"Caixas dobr\u00e1veis personalizadas impressas por grosso para caf\u00e9 e ch\u00e1"},"content":{"rendered":"<div class=\"wp-block-columns is-layout-flex wp-container-core-columns-is-layout-9d6595d7 wp-block-columns-is-layout-flex\">\n<div class=\"wp-block-column is-layout-flow wp-block-column-is-layout-flow\">\n<h3 class=\"wp-block-heading\">Caracter\u00edsticas das caixas dobr\u00e1veis biodegrad\u00e1veis com impress\u00e3o personalizada<\/h3>\n\n\n\n<p><strong>Narra\u00e7\u00e3o visual tem\u00e1tica:<\/strong> Estas caixas dobr\u00e1veis personalizadas de alta qualidade apresentam designs tem\u00e1ticos, como arte em caf\u00e9 com leite, folhas de ch\u00e1 e motivos c\u00edtricos. S\u00e3o perfeitas para transmitir a identidade do produto, proporcionando uma narrativa envolvente da marca para itens de caf\u00e9, ch\u00e1 e bebidas.<\/p>\n\n\n\n<p><strong>Material de qualidade alimentar: <\/strong>Estas caixas dobr\u00e1veis personalizadas para caf\u00e9 e ch\u00e1, fabricadas com material de qualidade alimentar, s\u00e3o ideais para armazenar caf\u00e9, saquinhos de ch\u00e1 e outros produtos de consumo. Isso as torna uma escolha confi\u00e1vel para embalagens de produtos aliment\u00edcios e bebidas.<\/p>\n\n\n\n<p><strong>Design da caixa com tampa dobr\u00e1vel: <\/strong>Estas caixas dobr\u00e1veis personalizadas t\u00eam uma estrutura cl\u00e1ssica com tampa dobr\u00e1vel para facilitar a abertura e o fecho, adequadas para produtos leves, como caf\u00e9 em p\u00f3, folhas de ch\u00e1, saquinhos de caf\u00e9 e saquinhos de ch\u00e1 pequenos.<\/p>\n\n\n\n<p><strong>Op\u00e7\u00f5es de materiais: <\/strong>Estas caixas de papel dobr\u00e1veis por grosso est\u00e3o dispon\u00edveis em v\u00e1rios tipos de papel, incluindo cart\u00e3o branco, papel kraft, papel branco com verso cinzento, cart\u00e3o dourado\/prateado e pap\u00e9is especiais para satisfazer diferentes necessidades. Estrutura de alta resist\u00eancia, est\u00e1vel e resistente \u00e0 press\u00e3o, adequada para envios de com\u00e9rcio eletr\u00f3nico e exposi\u00e7\u00e3o no retalho.<\/p>\n\n\n\n<p><strong>Impress\u00e3o personalizada:<\/strong> Estas caixas de papel dobr\u00e1veis vendidas por grosso suportam log\u00f3tipos de marcas, padr\u00f5es, cores e impress\u00e3o de cobertura total, alcan\u00e7ando efeitos de embalagem de caf\u00e9 e ch\u00e1 de alta qualidade e aumentando a visibilidade nas prateleiras.<\/p>\n<\/div>\n\n\n\n<div class=\"wp-block-column is-layout-flow wp-block-column-is-layout-flow\">\n<figure class=\"wp-block-image size-full\"><img decoding=\"async\" width=\"1880\" height=\"1880\" src=\"https:\/\/www.yishengpack.com\/wp-content\/uploads\/2025\/11\/Customization-Premium-Foldable-Boxes-Biodegrade-Coffee-Tea-Package-Boxes-Wholesale-2.webp\" alt=\"caixas dobr\u00e1veis personalizadas por atacado para caf\u00e9 e ch\u00e1 2\" class=\"wp-image-2694\" srcset=\"https:\/\/www.yishengpack.com\/wp-content\/uploads\/2025\/11\/Customization-Premium-Foldable-Boxes-Biodegrade-Coffee-Tea-Package-Boxes-Wholesale-2.webp 1880w, https:\/\/www.yishengpack.com\/wp-content\/uploads\/2025\/11\/Customization-Premium-Foldable-Boxes-Biodegrade-Coffee-Tea-Package-Boxes-Wholesale-2-300x300.webp 300w, https:\/\/www.yishengpack.com\/wp-content\/uploads\/2025\/11\/Customization-Premium-Foldable-Boxes-Biodegrade-Coffee-Tea-Package-Boxes-Wholesale-2-150x150.webp 150w, https:\/\/www.yishengpack.com\/wp-content\/uploads\/2025\/11\/Customization-Premium-Foldable-Boxes-Biodegrade-Coffee-Tea-Package-Boxes-Wholesale-2-768x768.webp 768w, https:\/\/www.yishengpack.com\/wp-content\/uploads\/2025\/11\/Customization-Premium-Foldable-Boxes-Biodegrade-Coffee-Tea-Package-Boxes-Wholesale-2-12x12.webp 12w, https:\/\/www.yishengpack.com\/wp-content\/uploads\/2025\/11\/Customization-Premium-Foldable-Boxes-Biodegrade-Coffee-Tea-Package-Boxes-Wholesale-2-1200x1200.webp 1200w, https:\/\/www.yishengpack.com\/wp-content\/uploads\/2025\/11\/Customization-Premium-Foldable-Boxes-Biodegrade-Coffee-Tea-Package-Boxes-Wholesale-2-600x600.webp 600w, https:\/\/www.yishengpack.com\/wp-content\/uploads\/2025\/11\/Customization-Premium-Foldable-Boxes-Biodegrade-Coffee-Tea-Package-Boxes-Wholesale-2-100x100.webp 100w\" sizes=\"(max-width: 1880px) 100vw, 1880px\" \/><\/figure>\n<\/div>\n<\/div>\n\n\n\n<div class=\"wp-block-columns is-layout-flex wp-container-core-columns-is-layout-9d6595d7 wp-block-columns-is-layout-flex\">\n<div class=\"wp-block-column is-layout-flow wp-block-column-is-layout-flow\">\n<figure class=\"wp-block-image size-full\"><img decoding=\"async\" width=\"2048\" height=\"2048\" src=\"https:\/\/www.yishengpack.com\/wp-content\/uploads\/2025\/11\/Customization-Premium-Foldable-Boxes-Biodegrade-Coffee-Tea-Package-Boxes-Wholesale-6.webp\" alt=\"caixas dobr\u00e1veis personalizadas por atacado para caf\u00e9 e ch\u00e1 6\" class=\"wp-image-2698\" srcset=\"https:\/\/www.yishengpack.com\/wp-content\/uploads\/2025\/11\/Customization-Premium-Foldable-Boxes-Biodegrade-Coffee-Tea-Package-Boxes-Wholesale-6.webp 2048w, https:\/\/www.yishengpack.com\/wp-content\/uploads\/2025\/11\/Customization-Premium-Foldable-Boxes-Biodegrade-Coffee-Tea-Package-Boxes-Wholesale-6-300x300.webp 300w, https:\/\/www.yishengpack.com\/wp-content\/uploads\/2025\/11\/Customization-Premium-Foldable-Boxes-Biodegrade-Coffee-Tea-Package-Boxes-Wholesale-6-150x150.webp 150w, https:\/\/www.yishengpack.com\/wp-content\/uploads\/2025\/11\/Customization-Premium-Foldable-Boxes-Biodegrade-Coffee-Tea-Package-Boxes-Wholesale-6-768x768.webp 768w, https:\/\/www.yishengpack.com\/wp-content\/uploads\/2025\/11\/Customization-Premium-Foldable-Boxes-Biodegrade-Coffee-Tea-Package-Boxes-Wholesale-6-12x12.webp 12w, https:\/\/www.yishengpack.com\/wp-content\/uploads\/2025\/11\/Customization-Premium-Foldable-Boxes-Biodegrade-Coffee-Tea-Package-Boxes-Wholesale-6-1200x1200.webp 1200w, https:\/\/www.yishengpack.com\/wp-content\/uploads\/2025\/11\/Customization-Premium-Foldable-Boxes-Biodegrade-Coffee-Tea-Package-Boxes-Wholesale-6-600x600.webp 600w, https:\/\/www.yishengpack.com\/wp-content\/uploads\/2025\/11\/Customization-Premium-Foldable-Boxes-Biodegrade-Coffee-Tea-Package-Boxes-Wholesale-6-100x100.webp 100w\" sizes=\"(max-width: 2048px) 100vw, 2048px\" \/><\/figure>\n\n\n\n<div class=\"wp-block-buttons has-custom-font-size has-small-font-size is-content-justification-center is-layout-flex wp-container-core-buttons-is-layout-16018d1d wp-block-buttons-is-layout-flex\">\n<div class=\"wp-block-button has-custom-width wp-block-button__width-75\"><a class=\"wp-block-button__link has-background has-small-font-size has-custom-font-size wp-element-button\" href=\"https:\/\/www.yishengpack.com\/pt\/custom-printed-box\/\" style=\"background:linear-gradient(135deg,rgb(254,205,165) 0%,rgb(254,45,45) 0%,rgb(94,15,15) 0%,rgb(94,15,15) 100%)\" target=\"_blank\" rel=\"noreferrer noopener\"><strong>Explorar caixas impressas personalizadas<\/strong><\/a><\/div>\n<\/div>\n<\/div>\n\n\n\n<div class=\"wp-block-column is-layout-flow wp-block-column-is-layout-flow\">\n<figure class=\"wp-block-image size-full\"><img decoding=\"async\" width=\"2048\" height=\"2048\" src=\"https:\/\/www.yishengpack.com\/wp-content\/uploads\/2025\/11\/Customization-Premium-Foldable-Boxes-Biodegrade-Coffee-Tea-Package-Boxes-Wholesale-7.webp\" alt=\"caixas dobr\u00e1veis personalizadas por atacado para caf\u00e9 e ch\u00e1 7\" class=\"wp-image-2699\" srcset=\"https:\/\/www.yishengpack.com\/wp-content\/uploads\/2025\/11\/Customization-Premium-Foldable-Boxes-Biodegrade-Coffee-Tea-Package-Boxes-Wholesale-7.webp 2048w, https:\/\/www.yishengpack.com\/wp-content\/uploads\/2025\/11\/Customization-Premium-Foldable-Boxes-Biodegrade-Coffee-Tea-Package-Boxes-Wholesale-7-300x300.webp 300w, https:\/\/www.yishengpack.com\/wp-content\/uploads\/2025\/11\/Customization-Premium-Foldable-Boxes-Biodegrade-Coffee-Tea-Package-Boxes-Wholesale-7-150x150.webp 150w, https:\/\/www.yishengpack.com\/wp-content\/uploads\/2025\/11\/Customization-Premium-Foldable-Boxes-Biodegrade-Coffee-Tea-Package-Boxes-Wholesale-7-768x768.webp 768w, https:\/\/www.yishengpack.com\/wp-content\/uploads\/2025\/11\/Customization-Premium-Foldable-Boxes-Biodegrade-Coffee-Tea-Package-Boxes-Wholesale-7-12x12.webp 12w, https:\/\/www.yishengpack.com\/wp-content\/uploads\/2025\/11\/Customization-Premium-Foldable-Boxes-Biodegrade-Coffee-Tea-Package-Boxes-Wholesale-7-1200x1200.webp 1200w, https:\/\/www.yishengpack.com\/wp-content\/uploads\/2025\/11\/Customization-Premium-Foldable-Boxes-Biodegrade-Coffee-Tea-Package-Boxes-Wholesale-7-600x600.webp 600w, https:\/\/www.yishengpack.com\/wp-content\/uploads\/2025\/11\/Customization-Premium-Foldable-Boxes-Biodegrade-Coffee-Tea-Package-Boxes-Wholesale-7-100x100.webp 100w\" sizes=\"(max-width: 2048px) 100vw, 2048px\" \/><\/figure>\n\n\n\n<div class=\"wp-block-buttons has-custom-font-size has-small-font-size is-content-justification-center is-layout-flex wp-container-core-buttons-is-layout-16018d1d wp-block-buttons-is-layout-flex\">\n<div class=\"wp-block-button has-custom-width wp-block-button__width-75\"><a class=\"wp-block-button__link has-background has-small-font-size has-custom-font-size wp-element-button\" href=\"https:\/\/www.yishengpack.com\/pt\/custom-paper-box-plastic-containers\/\" style=\"background:linear-gradient(135deg,rgb(254,205,165) 0%,rgb(254,45,45) 0%,rgb(94,15,15) 0%,rgb(94,15,15) 100%)\" target=\"_blank\" rel=\"noreferrer noopener\"><strong>Explore materiais personalizados para caixas<\/strong><\/a><\/div>\n<\/div>\n<\/div>\n<\/div>","protected":false},"excerpt":{"rendered":"<p>Bem-vindo a adquirir as nossas caixas dobr\u00e1veis personalizadas, feitas de papel biodegrad\u00e1vel e seguro para alimentos, com uma estrutura pr\u00e1tica de tampa dobr\u00e1vel, perfeita para gr\u00e3os de caf\u00e9, caf\u00e9 mo\u00eddo, saquinhos de ch\u00e1 e ch\u00e1 a granel. Leves, mas dur\u00e1veis, as caixas permitem personaliza\u00e7\u00e3o total OEM\/ODM em tamanho, impress\u00e3o e acabamentos especiais, tornando-as uma solu\u00e7\u00e3o de embalagem ecol\u00f3gica ideal para marcas de caf\u00e9 e ch\u00e1.<\/p>\n<h2>Destaques das caixas dobr\u00e1veis personalizadas para caf\u00e9 e ch\u00e1<\/h2>\n<ul>\n<li>Personaliza\u00e7\u00e3o personalizada<\/li>\n<li>Design da caixa com tampa dobr\u00e1vel<\/li>\n<li>Materiais de qualidade superior<\/li>\n<li>Processo de impress\u00e3o requintado<\/li>\n<li>V\u00e1rios tipos de caixas<\/li>\n<li>V\u00e1rias op\u00e7\u00f5es de cores<\/li>\n<li>V\u00e1rios tamanhos de caixas<\/li>\n<li>Estrutura est\u00e1vel<\/li>\n<\/ul>","protected":false},"featured_media":2693,"comment_status":"closed","ping_status":"closed","template":"","meta":{"_acf_changed":false},"box-type":[55,48],"product_brand":[],"product_cat":[46,33,43,44],"product_tag":[],"class_list":{"0":"post-2692","1":"product","2":"type-product","3":"status-publish","4":"has-post-thumbnail","6":"box-type-custom-foldable-boxes","7":"box-type-custom-tuck-top-boxes","8":"product_cat-wholesale-paper-boxes","9":"product_cat-food-packaging-boxes-wholesale","10":"product_cat-coffee-and-tea-packaging-boxes-wholesale","11":"product_cat-custom-snack-box","13":"first","14":"instock","15":"shipping-taxable","16":"product-type-simple"},"acf":[],"_links":{"self":[{"href":"https:\/\/www.yishengpack.com\/pt\/wp-json\/wp\/v2\/product\/2692","targetHints":{"allow":["GET"]}}],"collection":[{"href":"https:\/\/www.yishengpack.com\/pt\/wp-json\/wp\/v2\/product"}],"about":[{"href":"https:\/\/www.yishengpack.com\/pt\/wp-json\/wp\/v2\/types\/product"}],"replies":[{"embeddable":true,"href":"https:\/\/www.yishengpack.com\/pt\/wp-json\/wp\/v2\/comments?post=2692"}],"wp:featuredmedia":[{"embeddable":true,"href":"https:\/\/www.yishengpack.com\/pt\/wp-json\/wp\/v2\/media\/2693"}],"wp:attachment":[{"href":"https:\/\/www.yishengpack.com\/pt\/wp-json\/wp\/v2\/media?parent=2692"}],"wp:term":[{"taxonomy":"box-type","embeddable":true,"href":"https:\/\/www.yishengpack.com\/pt\/wp-json\/wp\/v2\/box-type?post=2692"},{"taxonomy":"product_brand","embeddable":true,"href":"https:\/\/www.yishengpack.com\/pt\/wp-json\/wp\/v2\/product_brand?post=2692"},{"taxonomy":"product_cat","embeddable":true,"href":"https:\/\/www.yishengpack.com\/pt\/wp-json\/wp\/v2\/product_cat?post=2692"},{"taxonomy":"product_tag","embeddable":true,"href":"https:\/\/www.yishengpack.com\/pt\/wp-json\/wp\/v2\/product_tag?post=2692"}],"curies":[{"name":"wp","href":"https:\/\/api.w.org\/{rel}","templated":true}]}}