{"id":2684,"date":"2025-12-08T08:48:06","date_gmt":"2025-12-08T08:48:06","guid":{"rendered":"https:\/\/www.yishengpack.com\/?post_type=product&#038;p=2684"},"modified":"2025-12-08T09:40:08","modified_gmt":"2025-12-08T09:40:08","slug":"electronic-boxes-wholesale","status":"publish","type":"product","link":"https:\/\/www.yishengpack.com\/pt\/product\/electronic-boxes-wholesale\/","title":{"rendered":"Caixas eletr\u00f3nicas por grosso, caixas personalizadas para produtos de retalho"},"content":{"rendered":"<div class=\"wp-block-columns is-layout-flex wp-container-core-columns-is-layout-9d6595d7 wp-block-columns-is-layout-flex\">\n<div class=\"wp-block-column is-layout-flow wp-block-column-is-layout-flow\">\n<h3 class=\"wp-block-heading\">Caracter\u00edsticas das caixas eletr\u00f3nicas retangulares por grosso<\/h3>\n\n\n\n<p><strong>Inser\u00e7\u00e3o moldada personalizada: <\/strong>Estas caixas eletr\u00f3nicas retangulares r\u00edgidas vendidas por grosso est\u00e3o equipadas com um encaixe moldado personalizado, que segura com seguran\u00e7a aparelhos eletr\u00f3nicos como telem\u00f3veis, auriculares e carregadores. Impede deslizamentos e riscos, garantindo que os dispositivos permane\u00e7am em perfeitas condi\u00e7\u00f5es, tornando-a uma escolha fi\u00e1vel para embalagens de produtos tecnol\u00f3gicos.<\/p>\n\n\n\n<p><strong>Op\u00e7\u00f5es de paleta de cores vibrantes:<\/strong> Estas caixas eletr\u00f3nicas retangulares est\u00e3o dispon\u00edveis por grosso numa paleta de cores vibrantes, como verde, vermelho, bege e azul, e v\u00e1rias op\u00e7\u00f5es de impress\u00e3o est\u00e3o dispon\u00edveis para aumentar o reconhecimento da marca.<\/p>\n\n\n\n<p><strong>Design de estrutura retangular:<\/strong> As nossas caixas personalizadas para produtos de retalho utilizam um design retangular padr\u00e3o. Esta estrutura \u00e9 est\u00e1vel e possui uma tampa e uma base separadas, proporcionando uma experi\u00eancia de abertura elegante e suave. \u00c9 adequada para a maioria dos produtos eletr\u00f3nicos de consumo, como auscultadores, carregadores e pequenos dispositivos.<\/p>\n\n\n\n<p><strong>Empilh\u00e1vel para armazenamento eficiente: <\/strong>As nossas caixas personalizadas para produtos de retalho com um design empilh\u00e1vel podem ser organizadas de forma organizada para armazenamento e envio, atendendo \u00e0s necessidades de gest\u00e3o eficiente de invent\u00e1rio e entrega econ\u00f3mica para marcas de tecnologia.<\/p>\n\n\n\n<p><strong>Adequado para embalagens de retalho e de presentes:<\/strong> Estas caixas eletr\u00f3nicas retangulares vendidas por grosso oferecem uma apar\u00eancia sofisticada e resistente, atendendo aos requisitos de embalagem de alta qualidade da ind\u00fastria de eletr\u00f3nica de consumo. Podem ser utilizadas diretamente para venda a retalho online, brindes de marca e embalagens promocionais. Suportam personaliza\u00e7\u00e3o com base nas dimens\u00f5es do produto para um ajuste preciso, reduzindo o movimento e melhorando a experi\u00eancia de desembalar.<\/p>\n<\/div>\n\n\n\n<div class=\"wp-block-column is-layout-flow wp-block-column-is-layout-flow\">\n<figure class=\"wp-block-image size-full\"><img decoding=\"async\" width=\"2048\" height=\"2048\" src=\"https:\/\/www.yishengpack.com\/wp-content\/uploads\/2025\/11\/Wholesale-Rigid-Rectangle-Boxes-Paper-Boxes-for-Consumer-Electronic-with-Custom-Logo-2.webp\" alt=\"caixas-eletr\u00f3nicas-retangulares-por-grosso-personalizadas-caixas-para-produtos-de-retalho-2\" class=\"wp-image-2686\" srcset=\"https:\/\/www.yishengpack.com\/wp-content\/uploads\/2025\/11\/Wholesale-Rigid-Rectangle-Boxes-Paper-Boxes-for-Consumer-Electronic-with-Custom-Logo-2.webp 2048w, https:\/\/www.yishengpack.com\/wp-content\/uploads\/2025\/11\/Wholesale-Rigid-Rectangle-Boxes-Paper-Boxes-for-Consumer-Electronic-with-Custom-Logo-2-300x300.webp 300w, https:\/\/www.yishengpack.com\/wp-content\/uploads\/2025\/11\/Wholesale-Rigid-Rectangle-Boxes-Paper-Boxes-for-Consumer-Electronic-with-Custom-Logo-2-150x150.webp 150w, https:\/\/www.yishengpack.com\/wp-content\/uploads\/2025\/11\/Wholesale-Rigid-Rectangle-Boxes-Paper-Boxes-for-Consumer-Electronic-with-Custom-Logo-2-768x768.webp 768w, https:\/\/www.yishengpack.com\/wp-content\/uploads\/2025\/11\/Wholesale-Rigid-Rectangle-Boxes-Paper-Boxes-for-Consumer-Electronic-with-Custom-Logo-2-12x12.webp 12w, https:\/\/www.yishengpack.com\/wp-content\/uploads\/2025\/11\/Wholesale-Rigid-Rectangle-Boxes-Paper-Boxes-for-Consumer-Electronic-with-Custom-Logo-2-1200x1200.webp 1200w, https:\/\/www.yishengpack.com\/wp-content\/uploads\/2025\/11\/Wholesale-Rigid-Rectangle-Boxes-Paper-Boxes-for-Consumer-Electronic-with-Custom-Logo-2-600x600.webp 600w, https:\/\/www.yishengpack.com\/wp-content\/uploads\/2025\/11\/Wholesale-Rigid-Rectangle-Boxes-Paper-Boxes-for-Consumer-Electronic-with-Custom-Logo-2-100x100.webp 100w\" sizes=\"(max-width: 2048px) 100vw, 2048px\" \/><\/figure>\n<\/div>\n<\/div>\n\n\n\n<div class=\"wp-block-columns is-layout-flex wp-container-core-columns-is-layout-9d6595d7 wp-block-columns-is-layout-flex\">\n<div class=\"wp-block-column is-layout-flow wp-block-column-is-layout-flow\">\n<figure class=\"wp-block-image size-full\"><img decoding=\"async\" width=\"2048\" height=\"2048\" src=\"https:\/\/www.yishengpack.com\/wp-content\/uploads\/2025\/11\/Wholesale-Rigid-Rectangle-Boxes-Paper-Boxes-for-Consumer-Electronic-with-Custom-Logo-7.webp\" alt=\"caixas-eletr\u00f3nicas-retangulares-atacado-personalizadas-varejo-caixas-para-produtos-7\" class=\"wp-image-2691\" srcset=\"https:\/\/www.yishengpack.com\/wp-content\/uploads\/2025\/11\/Wholesale-Rigid-Rectangle-Boxes-Paper-Boxes-for-Consumer-Electronic-with-Custom-Logo-7.webp 2048w, https:\/\/www.yishengpack.com\/wp-content\/uploads\/2025\/11\/Wholesale-Rigid-Rectangle-Boxes-Paper-Boxes-for-Consumer-Electronic-with-Custom-Logo-7-300x300.webp 300w, https:\/\/www.yishengpack.com\/wp-content\/uploads\/2025\/11\/Wholesale-Rigid-Rectangle-Boxes-Paper-Boxes-for-Consumer-Electronic-with-Custom-Logo-7-150x150.webp 150w, https:\/\/www.yishengpack.com\/wp-content\/uploads\/2025\/11\/Wholesale-Rigid-Rectangle-Boxes-Paper-Boxes-for-Consumer-Electronic-with-Custom-Logo-7-768x768.webp 768w, https:\/\/www.yishengpack.com\/wp-content\/uploads\/2025\/11\/Wholesale-Rigid-Rectangle-Boxes-Paper-Boxes-for-Consumer-Electronic-with-Custom-Logo-7-12x12.webp 12w, https:\/\/www.yishengpack.com\/wp-content\/uploads\/2025\/11\/Wholesale-Rigid-Rectangle-Boxes-Paper-Boxes-for-Consumer-Electronic-with-Custom-Logo-7-1200x1200.webp 1200w, https:\/\/www.yishengpack.com\/wp-content\/uploads\/2025\/11\/Wholesale-Rigid-Rectangle-Boxes-Paper-Boxes-for-Consumer-Electronic-with-Custom-Logo-7-600x600.webp 600w, https:\/\/www.yishengpack.com\/wp-content\/uploads\/2025\/11\/Wholesale-Rigid-Rectangle-Boxes-Paper-Boxes-for-Consumer-Electronic-with-Custom-Logo-7-100x100.webp 100w\" sizes=\"(max-width: 2048px) 100vw, 2048px\" \/><\/figure>\n\n\n\n<div class=\"wp-block-buttons has-custom-font-size has-small-font-size is-content-justification-center is-layout-flex wp-container-core-buttons-is-layout-16018d1d wp-block-buttons-is-layout-flex\">\n<div class=\"wp-block-button has-custom-width wp-block-button__width-75\"><a class=\"wp-block-button__link has-background has-small-font-size has-custom-font-size wp-element-button\" href=\"https:\/\/www.yishengpack.com\/pt\/custom-printed-box\/\" style=\"background:linear-gradient(135deg,rgb(254,205,165) 0%,rgb(254,45,45) 0%,rgb(94,15,15) 0%,rgb(94,15,15) 100%)\" target=\"_blank\" rel=\"noreferrer noopener\"><strong>Explorar caixas impressas personalizadas<\/strong><\/a><\/div>\n<\/div>\n<\/div>\n\n\n\n<div class=\"wp-block-column is-layout-flow wp-block-column-is-layout-flow\">\n<figure class=\"wp-block-image size-full\"><img decoding=\"async\" width=\"2048\" height=\"2048\" src=\"https:\/\/www.yishengpack.com\/wp-content\/uploads\/2025\/11\/Wholesale-Rigid-Rectangle-Boxes-Paper-Boxes-for-Consumer-Electronic-with-Custom-Logo-5.webp\" alt=\"caixas-eletr\u00f3nicas-retangulares-por-grosso-personalizadas-caixas-para-produtos-de-retalho-5\" class=\"wp-image-2689\" srcset=\"https:\/\/www.yishengpack.com\/wp-content\/uploads\/2025\/11\/Wholesale-Rigid-Rectangle-Boxes-Paper-Boxes-for-Consumer-Electronic-with-Custom-Logo-5.webp 2048w, https:\/\/www.yishengpack.com\/wp-content\/uploads\/2025\/11\/Wholesale-Rigid-Rectangle-Boxes-Paper-Boxes-for-Consumer-Electronic-with-Custom-Logo-5-300x300.webp 300w, https:\/\/www.yishengpack.com\/wp-content\/uploads\/2025\/11\/Wholesale-Rigid-Rectangle-Boxes-Paper-Boxes-for-Consumer-Electronic-with-Custom-Logo-5-150x150.webp 150w, https:\/\/www.yishengpack.com\/wp-content\/uploads\/2025\/11\/Wholesale-Rigid-Rectangle-Boxes-Paper-Boxes-for-Consumer-Electronic-with-Custom-Logo-5-768x768.webp 768w, https:\/\/www.yishengpack.com\/wp-content\/uploads\/2025\/11\/Wholesale-Rigid-Rectangle-Boxes-Paper-Boxes-for-Consumer-Electronic-with-Custom-Logo-5-12x12.webp 12w, https:\/\/www.yishengpack.com\/wp-content\/uploads\/2025\/11\/Wholesale-Rigid-Rectangle-Boxes-Paper-Boxes-for-Consumer-Electronic-with-Custom-Logo-5-1200x1200.webp 1200w, https:\/\/www.yishengpack.com\/wp-content\/uploads\/2025\/11\/Wholesale-Rigid-Rectangle-Boxes-Paper-Boxes-for-Consumer-Electronic-with-Custom-Logo-5-600x600.webp 600w, https:\/\/www.yishengpack.com\/wp-content\/uploads\/2025\/11\/Wholesale-Rigid-Rectangle-Boxes-Paper-Boxes-for-Consumer-Electronic-with-Custom-Logo-5-100x100.webp 100w\" sizes=\"(max-width: 2048px) 100vw, 2048px\" \/><\/figure>\n\n\n\n<div class=\"wp-block-buttons has-custom-font-size has-small-font-size is-content-justification-center is-layout-flex wp-container-core-buttons-is-layout-16018d1d wp-block-buttons-is-layout-flex\">\n<div class=\"wp-block-button has-custom-width wp-block-button__width-75\"><a class=\"wp-block-button__link has-background has-small-font-size has-custom-font-size wp-element-button\" href=\"https:\/\/www.yishengpack.com\/pt\/custom-box-inserts-accessories\/\" style=\"background:linear-gradient(135deg,rgb(254,205,165) 0%,rgb(254,45,45) 0%,rgb(94,15,15) 0%,rgb(94,15,15) 100%)\" target=\"_blank\" rel=\"noreferrer noopener\"><strong>Explorar inser\u00e7\u00f5es de caixas personalizadas<\/strong><\/a><\/div>\n<\/div>\n<\/div>\n<\/div>","protected":false},"excerpt":{"rendered":"<p>Bem-vindo \u00e0 compra por grosso das nossas caixas eletr\u00f3nicas retangulares, perfeitas para embalar diferentes produtos eletr\u00f3nicos, como cabos de carregamento, auriculares sem fios, carregadores e muito mais. Fabricadas com materiais dur\u00e1veis e totalmente personaliz\u00e1veis com log\u00f3tipos, impress\u00e3o, tabuleiros internos e acabamentos premium, oferecem uma solu\u00e7\u00e3o OEM\/ODM ideal para compradores por grosso e necessidades modernas de embalagem de retalho.<\/p>\n<h2>Destaques das caixas eletr\u00f3nicas retangulares por grosso<\/h2>\n<ul>\n<li>Design da tampa e da base<\/li>\n<li>Personaliza\u00e7\u00e3o completa<\/li>\n<li>V\u00e1rios tamanhos de caixas<\/li>\n<li>Op\u00e7\u00f5es de cores vibrantes<\/li>\n<li>Constru\u00e7\u00e3o robusta<\/li>\n<li>Impress\u00e3o sofisticada<\/li>\n<li>Artesanato requintado<\/li>\n<li>Op\u00e7\u00f5es de inser\u00e7\u00e3o<\/li>\n<\/ul>","protected":false},"featured_media":2685,"comment_status":"closed","ping_status":"closed","template":"","meta":{"_acf_changed":false},"box-type":[57],"product_brand":[],"product_cat":[19,69,73],"product_tag":[],"class_list":{"0":"post-2684","1":"product","2":"type-product","3":"status-publish","4":"has-post-thumbnail","6":"box-type-custom-rigid-box-with-lid","7":"product_cat-luxury-gift-boxes-wholesale","8":"product_cat-custom-retail-boxes","9":"product_cat-custom-electronic-packaging","11":"first","12":"instock","13":"shipping-taxable","14":"product-type-simple"},"acf":[],"_links":{"self":[{"href":"https:\/\/www.yishengpack.com\/pt\/wp-json\/wp\/v2\/product\/2684","targetHints":{"allow":["GET"]}}],"collection":[{"href":"https:\/\/www.yishengpack.com\/pt\/wp-json\/wp\/v2\/product"}],"about":[{"href":"https:\/\/www.yishengpack.com\/pt\/wp-json\/wp\/v2\/types\/product"}],"replies":[{"embeddable":true,"href":"https:\/\/www.yishengpack.com\/pt\/wp-json\/wp\/v2\/comments?post=2684"}],"wp:featuredmedia":[{"embeddable":true,"href":"https:\/\/www.yishengpack.com\/pt\/wp-json\/wp\/v2\/media\/2685"}],"wp:attachment":[{"href":"https:\/\/www.yishengpack.com\/pt\/wp-json\/wp\/v2\/media?parent=2684"}],"wp:term":[{"taxonomy":"box-type","embeddable":true,"href":"https:\/\/www.yishengpack.com\/pt\/wp-json\/wp\/v2\/box-type?post=2684"},{"taxonomy":"product_brand","embeddable":true,"href":"https:\/\/www.yishengpack.com\/pt\/wp-json\/wp\/v2\/product_brand?post=2684"},{"taxonomy":"product_cat","embeddable":true,"href":"https:\/\/www.yishengpack.com\/pt\/wp-json\/wp\/v2\/product_cat?post=2684"},{"taxonomy":"product_tag","embeddable":true,"href":"https:\/\/www.yishengpack.com\/pt\/wp-json\/wp\/v2\/product_tag?post=2684"}],"curies":[{"name":"wp","href":"https:\/\/api.w.org\/{rel}","templated":true}]}}