{"id":2654,"date":"2025-12-08T03:43:28","date_gmt":"2025-12-08T03:43:28","guid":{"rendered":"https:\/\/www.yishengpack.com\/?post_type=product&#038;p=2654"},"modified":"2025-12-08T03:43:29","modified_gmt":"2025-12-08T03:43:29","slug":"wholesale-rigid-packaging-boxes","status":"publish","type":"product","link":"https:\/\/www.yishengpack.com\/pt\/product\/wholesale-rigid-packaging-boxes\/","title":{"rendered":"Caixas r\u00edgidas para embalagem por grosso, caixas personalizadas para pe\u00e7as automotivas"},"content":{"rendered":"<div class=\"wp-block-columns is-layout-flex wp-container-core-columns-is-layout-9d6595d7 wp-block-columns-is-layout-flex\">\n<div class=\"wp-block-column is-layout-flow wp-block-column-is-layout-flow\">\n<h3 class=\"wp-block-heading\">Caracter\u00edsticas das caixas r\u00edgidas para embalagem por grosso<\/h3>\n\n\n\n<p><strong>Mecanismo suave de abertura da tampa:<\/strong> O novo design de abertura suave da tampa destas caixas de embalagem r\u00edgidas por grosso proporciona uma experi\u00eancia de desembalagem f\u00e1cil e satisfat\u00f3ria, que confere uma sensa\u00e7\u00e3o de qualidade superior ao apresentar produtos de acess\u00f3rios autom\u00f3veis, tais como rodas de carro, polidores e ferramentas de limpeza.<\/p>\n\n\n\n<p><strong>Estrutura interna personaliz\u00e1vel:<\/strong> Estas caixas de embalagem r\u00edgidas por grosso podem ser equipadas com suportes internos feitos de EVA, esponja, polpa moldada ou cart\u00e3o ondulado para aumentar a prote\u00e7\u00e3o. Adequadas para embalar pe\u00e7as autom\u00f3veis, produtos de manuten\u00e7\u00e3o autom\u00f3vel, produtos eletr\u00f3nicos, kits de ferramentas, etc.<\/p>\n\n\n\n<p><strong>Sele\u00e7\u00f5es de cores vibrantes:<\/strong> Com caixas para pe\u00e7as automotivas personalizadas dispon\u00edveis em azul, roxo e preto, as op\u00e7\u00f5es de cores vibrantes ajudam a destacar os seus produtos automotivos, ao mesmo tempo que refor\u00e7am a identidade da sua marca.<\/p>\n\n\n\n<p><strong>Efeitos de exibi\u00e7\u00e3o da marca premium: <\/strong>As caixas personalizadas para pe\u00e7as automotivas suportam processos como lamina\u00e7\u00e3o, estampagem a quente (ouro e prata), revestimento UV, grava\u00e7\u00e3o em relevo e grava\u00e7\u00e3o em baixo relevo para aumentar o reconhecimento da marca. Padr\u00f5es de alta resolu\u00e7\u00e3o, cores de marcas automotivas ou imagens eletr\u00f3nicas do produto podem ser impressos para aumentar o apelo nas prateleiras do retalho.<\/p>\n\n\n\n<p><strong>Adequado para v\u00e1rios setores e altamente escal\u00e1vel: <\/strong>Estas caixas de embalagem r\u00edgidas por grosso n\u00e3o s\u00e3o aplic\u00e1veis apenas a pe\u00e7as automotivas, mas tamb\u00e9m a produtos de retalho, como ferramentas, eletr\u00f3nica, cosm\u00e9ticos, presentes, perfumes e artigos para o lar, permitindo que uma \u00fanica cadeia de abastecimento abranja v\u00e1rios setores.<\/p>\n<\/div>\n\n\n\n<div class=\"wp-block-column is-layout-flow wp-block-column-is-layout-flow\">\n<figure class=\"wp-block-image size-full\"><img decoding=\"async\" width=\"1823\" height=\"1823\" src=\"https:\/\/www.yishengpack.com\/wp-content\/uploads\/2025\/11\/Wholesale-Eco-Friendly-Rigid-Packaging-Boxes-auto-Parts-Storage-Boxes-with-Custom-Logo-2.webp\" alt=\"caixas-de-embalagem-r\u00edgidas-por-atacado-caixas-personalizadas-para-pe\u00e7as-automotivas-2\" class=\"wp-image-2659\" srcset=\"https:\/\/www.yishengpack.com\/wp-content\/uploads\/2025\/11\/Wholesale-Eco-Friendly-Rigid-Packaging-Boxes-auto-Parts-Storage-Boxes-with-Custom-Logo-2.webp 1823w, https:\/\/www.yishengpack.com\/wp-content\/uploads\/2025\/11\/Wholesale-Eco-Friendly-Rigid-Packaging-Boxes-auto-Parts-Storage-Boxes-with-Custom-Logo-2-300x300.webp 300w, https:\/\/www.yishengpack.com\/wp-content\/uploads\/2025\/11\/Wholesale-Eco-Friendly-Rigid-Packaging-Boxes-auto-Parts-Storage-Boxes-with-Custom-Logo-2-150x150.webp 150w, https:\/\/www.yishengpack.com\/wp-content\/uploads\/2025\/11\/Wholesale-Eco-Friendly-Rigid-Packaging-Boxes-auto-Parts-Storage-Boxes-with-Custom-Logo-2-768x768.webp 768w, https:\/\/www.yishengpack.com\/wp-content\/uploads\/2025\/11\/Wholesale-Eco-Friendly-Rigid-Packaging-Boxes-auto-Parts-Storage-Boxes-with-Custom-Logo-2-12x12.webp 12w, https:\/\/www.yishengpack.com\/wp-content\/uploads\/2025\/11\/Wholesale-Eco-Friendly-Rigid-Packaging-Boxes-auto-Parts-Storage-Boxes-with-Custom-Logo-2-1200x1200.webp 1200w, https:\/\/www.yishengpack.com\/wp-content\/uploads\/2025\/11\/Wholesale-Eco-Friendly-Rigid-Packaging-Boxes-auto-Parts-Storage-Boxes-with-Custom-Logo-2-600x600.webp 600w, https:\/\/www.yishengpack.com\/wp-content\/uploads\/2025\/11\/Wholesale-Eco-Friendly-Rigid-Packaging-Boxes-auto-Parts-Storage-Boxes-with-Custom-Logo-2-100x100.webp 100w\" sizes=\"(max-width: 1823px) 100vw, 1823px\" \/><\/figure>\n<\/div>\n<\/div>\n\n\n\n<div class=\"wp-block-columns is-layout-flex wp-container-core-columns-is-layout-9d6595d7 wp-block-columns-is-layout-flex\">\n<div class=\"wp-block-column is-layout-flow wp-block-column-is-layout-flow\">\n<figure class=\"wp-block-image size-full\"><img decoding=\"async\" width=\"2048\" height=\"2048\" src=\"https:\/\/www.yishengpack.com\/wp-content\/uploads\/2025\/11\/Wholesale-Eco-Friendly-Rigid-Packaging-Boxes-auto-Parts-Storage-Boxes-with-Custom-Logo-6.webp\" alt=\"caixas-de-embalagem-r\u00edgidas-por-atacado-caixas-personalizadas-para-pe\u00e7as-automotivas-6\" class=\"wp-image-2663\" srcset=\"https:\/\/www.yishengpack.com\/wp-content\/uploads\/2025\/11\/Wholesale-Eco-Friendly-Rigid-Packaging-Boxes-auto-Parts-Storage-Boxes-with-Custom-Logo-6.webp 2048w, https:\/\/www.yishengpack.com\/wp-content\/uploads\/2025\/11\/Wholesale-Eco-Friendly-Rigid-Packaging-Boxes-auto-Parts-Storage-Boxes-with-Custom-Logo-6-300x300.webp 300w, https:\/\/www.yishengpack.com\/wp-content\/uploads\/2025\/11\/Wholesale-Eco-Friendly-Rigid-Packaging-Boxes-auto-Parts-Storage-Boxes-with-Custom-Logo-6-150x150.webp 150w, https:\/\/www.yishengpack.com\/wp-content\/uploads\/2025\/11\/Wholesale-Eco-Friendly-Rigid-Packaging-Boxes-auto-Parts-Storage-Boxes-with-Custom-Logo-6-768x768.webp 768w, https:\/\/www.yishengpack.com\/wp-content\/uploads\/2025\/11\/Wholesale-Eco-Friendly-Rigid-Packaging-Boxes-auto-Parts-Storage-Boxes-with-Custom-Logo-6-12x12.webp 12w, https:\/\/www.yishengpack.com\/wp-content\/uploads\/2025\/11\/Wholesale-Eco-Friendly-Rigid-Packaging-Boxes-auto-Parts-Storage-Boxes-with-Custom-Logo-6-1200x1200.webp 1200w, https:\/\/www.yishengpack.com\/wp-content\/uploads\/2025\/11\/Wholesale-Eco-Friendly-Rigid-Packaging-Boxes-auto-Parts-Storage-Boxes-with-Custom-Logo-6-600x600.webp 600w, https:\/\/www.yishengpack.com\/wp-content\/uploads\/2025\/11\/Wholesale-Eco-Friendly-Rigid-Packaging-Boxes-auto-Parts-Storage-Boxes-with-Custom-Logo-6-100x100.webp 100w\" sizes=\"(max-width: 2048px) 100vw, 2048px\" \/><\/figure>\n\n\n\n<div class=\"wp-block-buttons has-custom-font-size has-small-font-size is-content-justification-center is-layout-flex wp-container-core-buttons-is-layout-16018d1d wp-block-buttons-is-layout-flex\">\n<div class=\"wp-block-button has-custom-width wp-block-button__width-75\"><a class=\"wp-block-button__link has-background has-small-font-size has-custom-font-size wp-element-button\" href=\"https:\/\/www.yishengpack.com\/pt\/custom-printed-box\/\" style=\"background:linear-gradient(135deg,rgb(254,205,165) 0%,rgb(254,45,45) 0%,rgb(94,15,15) 0%,rgb(94,15,15) 100%)\" target=\"_blank\" rel=\"noreferrer noopener\"><strong>Explorar caixas impressas personalizadas<\/strong><\/a><\/div>\n<\/div>\n<\/div>\n\n\n\n<div class=\"wp-block-column is-layout-flow wp-block-column-is-layout-flow\">\n<figure class=\"wp-block-image size-full\"><img decoding=\"async\" width=\"2048\" height=\"2048\" src=\"https:\/\/www.yishengpack.com\/wp-content\/uploads\/2025\/11\/Wholesale-Eco-Friendly-Rigid-Packaging-Boxes-auto-Parts-Storage-Boxes-with-Custom-Logo-5.webp\" alt=\"caixas-de-embalagem-r\u00edgidas-por-atacado-caixas-personalizadas-para-pe\u00e7as-automotivas-5\" class=\"wp-image-2662\" srcset=\"https:\/\/www.yishengpack.com\/wp-content\/uploads\/2025\/11\/Wholesale-Eco-Friendly-Rigid-Packaging-Boxes-auto-Parts-Storage-Boxes-with-Custom-Logo-5.webp 2048w, https:\/\/www.yishengpack.com\/wp-content\/uploads\/2025\/11\/Wholesale-Eco-Friendly-Rigid-Packaging-Boxes-auto-Parts-Storage-Boxes-with-Custom-Logo-5-300x300.webp 300w, https:\/\/www.yishengpack.com\/wp-content\/uploads\/2025\/11\/Wholesale-Eco-Friendly-Rigid-Packaging-Boxes-auto-Parts-Storage-Boxes-with-Custom-Logo-5-150x150.webp 150w, https:\/\/www.yishengpack.com\/wp-content\/uploads\/2025\/11\/Wholesale-Eco-Friendly-Rigid-Packaging-Boxes-auto-Parts-Storage-Boxes-with-Custom-Logo-5-768x768.webp 768w, https:\/\/www.yishengpack.com\/wp-content\/uploads\/2025\/11\/Wholesale-Eco-Friendly-Rigid-Packaging-Boxes-auto-Parts-Storage-Boxes-with-Custom-Logo-5-12x12.webp 12w, https:\/\/www.yishengpack.com\/wp-content\/uploads\/2025\/11\/Wholesale-Eco-Friendly-Rigid-Packaging-Boxes-auto-Parts-Storage-Boxes-with-Custom-Logo-5-1200x1200.webp 1200w, https:\/\/www.yishengpack.com\/wp-content\/uploads\/2025\/11\/Wholesale-Eco-Friendly-Rigid-Packaging-Boxes-auto-Parts-Storage-Boxes-with-Custom-Logo-5-600x600.webp 600w, https:\/\/www.yishengpack.com\/wp-content\/uploads\/2025\/11\/Wholesale-Eco-Friendly-Rigid-Packaging-Boxes-auto-Parts-Storage-Boxes-with-Custom-Logo-5-100x100.webp 100w\" sizes=\"(max-width: 2048px) 100vw, 2048px\" \/><\/figure>\n\n\n\n<div class=\"wp-block-buttons has-custom-font-size has-small-font-size is-content-justification-center is-layout-flex wp-container-core-buttons-is-layout-16018d1d wp-block-buttons-is-layout-flex\">\n<div class=\"wp-block-button has-custom-width wp-block-button__width-75\"><a class=\"wp-block-button__link has-background has-small-font-size has-custom-font-size wp-element-button\" href=\"https:\/\/www.yishengpack.com\/pt\/custom-box-inserts-accessories\/\" style=\"background:linear-gradient(135deg,rgb(254,205,165) 0%,rgb(254,45,45) 0%,rgb(94,15,15) 0%,rgb(94,15,15) 100%)\" target=\"_blank\" rel=\"noreferrer noopener\"><strong>Explorar inser\u00e7\u00f5es de caixas personalizadas<\/strong><\/a><\/div>\n<\/div>\n<\/div>\n<\/div>","protected":false},"excerpt":{"rendered":"<p>Bem-vindo \u00e0 compra das nossas caixas de embalagem r\u00edgidas por grosso para organizar e embalar v\u00e1rios acess\u00f3rios autom\u00f3veis, tais como rodas, polidores de autom\u00f3veis, emblemas e ferramentas de manuten\u00e7\u00e3o autom\u00f3vel. Com uma estrutura robusta e compartimentos personalizados ou enchimentos protetores, elas combinam organiza\u00e7\u00e3o e prote\u00e7\u00e3o para o armazenamento e entrega de pe\u00e7as autom\u00f3veis. Deixe-nos ajudar as suas caixas de pe\u00e7as autom\u00f3veis personalizadas a se destacarem!<\/p>\n<h2>Destaques das caixas r\u00edgidas para embalagem por grosso<\/h2>\n<ul>\n<li>Personaliza\u00e7\u00e3o total<\/li>\n<li>Design de abertura suave da tampa<\/li>\n<li>Impress\u00e3o sofisticada<\/li>\n<li>Artesanato requintado<\/li>\n<li>V\u00e1rios tipos de caixas<\/li>\n<li>V\u00e1rias op\u00e7\u00f5es de cores<\/li>\n<li>Op\u00e7\u00f5es de inser\u00e7\u00e3o<\/li>\n<li>MOQ flex\u00edvel<\/li>\n<\/ul>","protected":false},"featured_media":2658,"comment_status":"closed","ping_status":"closed","template":"","meta":{"_acf_changed":false},"box-type":[59,57],"product_brand":[],"product_cat":[46,69,67,74],"product_tag":[],"class_list":{"0":"post-2654","1":"product","2":"type-product","3":"status-publish","4":"has-post-thumbnail","6":"box-type-custom-mailer-boxes","7":"box-type-custom-rigid-box-with-lid","8":"product_cat-wholesale-paper-boxes","9":"product_cat-custom-retail-boxes","10":"product_cat-custom-shipping-boxes","11":"product_cat-custom-auto-parts-boxes","13":"first","14":"instock","15":"shipping-taxable","16":"product-type-simple"},"acf":[],"_links":{"self":[{"href":"https:\/\/www.yishengpack.com\/pt\/wp-json\/wp\/v2\/product\/2654","targetHints":{"allow":["GET"]}}],"collection":[{"href":"https:\/\/www.yishengpack.com\/pt\/wp-json\/wp\/v2\/product"}],"about":[{"href":"https:\/\/www.yishengpack.com\/pt\/wp-json\/wp\/v2\/types\/product"}],"replies":[{"embeddable":true,"href":"https:\/\/www.yishengpack.com\/pt\/wp-json\/wp\/v2\/comments?post=2654"}],"wp:featuredmedia":[{"embeddable":true,"href":"https:\/\/www.yishengpack.com\/pt\/wp-json\/wp\/v2\/media\/2658"}],"wp:attachment":[{"href":"https:\/\/www.yishengpack.com\/pt\/wp-json\/wp\/v2\/media?parent=2654"}],"wp:term":[{"taxonomy":"box-type","embeddable":true,"href":"https:\/\/www.yishengpack.com\/pt\/wp-json\/wp\/v2\/box-type?post=2654"},{"taxonomy":"product_brand","embeddable":true,"href":"https:\/\/www.yishengpack.com\/pt\/wp-json\/wp\/v2\/product_brand?post=2654"},{"taxonomy":"product_cat","embeddable":true,"href":"https:\/\/www.yishengpack.com\/pt\/wp-json\/wp\/v2\/product_cat?post=2654"},{"taxonomy":"product_tag","embeddable":true,"href":"https:\/\/www.yishengpack.com\/pt\/wp-json\/wp\/v2\/product_tag?post=2654"}],"curies":[{"name":"wp","href":"https:\/\/api.w.org\/{rel}","templated":true}]}}