{"id":2643,"date":"2025-12-08T03:16:47","date_gmt":"2025-12-08T03:16:47","guid":{"rendered":"https:\/\/www.yishengpack.com\/?post_type=product&#038;p=2643"},"modified":"2025-12-08T03:44:54","modified_gmt":"2025-12-08T03:44:54","slug":"custom-automotive-boxes","status":"publish","type":"product","link":"https:\/\/www.yishengpack.com\/pt\/product\/custom-automotive-boxes\/","title":{"rendered":"Caixas personalizadas para autom\u00f3veis, fornecimento de caixas r\u00edgidas para embalagens de retalho"},"content":{"rendered":"<div class=\"wp-block-columns is-layout-flex wp-container-core-columns-is-layout-9d6595d7 wp-block-columns-is-layout-flex\">\n<div class=\"wp-block-column is-layout-flow wp-block-column-is-layout-flow\">\n<h3 class=\"wp-block-heading\">Caracter\u00edsticas das caixas automotivas personalizadas<\/h3>\n\n\n\n<p><strong>Organiza\u00e7\u00e3o em compartimentos divididos:<\/strong> Estas caixas personalizadas para autom\u00f3veis utilizam um espa\u00e7o dividido com o objetivo de guardar diferentes tipos de itens relacionados com autom\u00f3veis, tais como embraiagens, engrenagens e rolamentos, separadamente, para os manter organizados e sem danos, ao mesmo tempo que proporcionam uma solu\u00e7\u00e3o para armazenar itens relacionados com autom\u00f3veis.<\/p>\n\n\n\n<p><strong>Amortecimento protetor para seguran\u00e7a dos componentes: <\/strong>O amortecimento dentro das caixas automotivas personalizadas mant\u00e9m todos os componentes seguros durante o transporte ou armazenamento, permitindo a prote\u00e7\u00e3o dos componentes contra impactos e arranh\u00f5es resultantes do processo de transporte. Assim, as caixas automotivas personalizadas s\u00e3o uma excelente escolha para embalar produtos automotivos.<\/p>\n\n\n\n<p><strong>Estrutura de cart\u00e3o r\u00edgido de alta resist\u00eancia:<\/strong> Estas caixas personalizadas para autom\u00f3veis s\u00e3o fabricadas com cart\u00e3o cinzento ou cart\u00e3o de alta densidade. Esta estrutura \u00e9 resistente \u00e0 press\u00e3o e \u00e0 deforma\u00e7\u00e3o, tornando-a adequada para embalar produtos mais pesados, como pe\u00e7as automotivas. A sua estrutura robusta pode suportar a press\u00e3o do transporte e do empilhamento.<\/p>\n\n\n\n<p><strong>Codifica\u00e7\u00e3o por cores para categoriza\u00e7\u00e3o de pe\u00e7as:<\/strong> Estas caixas de embalagem para retalho por grosso est\u00e3o dispon\u00edveis em op\u00e7\u00f5es codificadas por cores, tais como cinzento, azul e vermelho. Estas cores ajudam a categorizar diferentes tipos de pe\u00e7as autom\u00f3veis, facilitando a gest\u00e3o de invent\u00e1rio e a identifica\u00e7\u00e3o para oficinas e marcas.<\/p>\n\n\n\n<p><strong>Totalmente personaliz\u00e1vel (OEM\/ODM): <\/strong>Estas caixas de embalagem para retalho por grosso suportam o design personalizado de tamanho, forma, estrutura, conectores e m\u00e9todos de embalagem. Podem ser personalizadas de acordo com as especifica\u00e7\u00f5es das pe\u00e7as autom\u00f3veis e oferecem op\u00e7\u00f5es de impress\u00e3o de alta qualidade.<\/p>\n\n\n\n<p><strong>Vantagem do pre\u00e7o por grosso:<\/strong> Fornecimento direto da f\u00e1brica, estas caixas automotivas personalizadas suportam produ\u00e7\u00e3o por atacado de grande volume e produ\u00e7\u00e3o personalizada. Prazos de entrega est\u00e1veis, ideais para clientes OEM\/ODM. V\u00e1rias op\u00e7\u00f5es de custo dispon\u00edveis para se adequar a diferentes or\u00e7amentos.<\/p>\n<\/div>\n\n\n\n<div class=\"wp-block-column is-layout-flow wp-block-column-is-layout-flow\">\n<figure class=\"wp-block-image size-full\"><img decoding=\"async\" width=\"2048\" height=\"2048\" src=\"https:\/\/www.yishengpack.com\/wp-content\/uploads\/2025\/11\/Customized-High-Quality-Auto-Parts-Boxes-Rigid-Package-Paper-Boxes-with-Lid-Wholesale-5.webp\" alt=\"caixas-automotivas-personalizadas-caixas-de-embalagem-r\u00edgidas-para-varejo-fornecimento-5\" class=\"wp-image-2650\" srcset=\"https:\/\/www.yishengpack.com\/wp-content\/uploads\/2025\/11\/Customized-High-Quality-Auto-Parts-Boxes-Rigid-Package-Paper-Boxes-with-Lid-Wholesale-5.webp 2048w, https:\/\/www.yishengpack.com\/wp-content\/uploads\/2025\/11\/Customized-High-Quality-Auto-Parts-Boxes-Rigid-Package-Paper-Boxes-with-Lid-Wholesale-5-300x300.webp 300w, https:\/\/www.yishengpack.com\/wp-content\/uploads\/2025\/11\/Customized-High-Quality-Auto-Parts-Boxes-Rigid-Package-Paper-Boxes-with-Lid-Wholesale-5-150x150.webp 150w, https:\/\/www.yishengpack.com\/wp-content\/uploads\/2025\/11\/Customized-High-Quality-Auto-Parts-Boxes-Rigid-Package-Paper-Boxes-with-Lid-Wholesale-5-768x768.webp 768w, https:\/\/www.yishengpack.com\/wp-content\/uploads\/2025\/11\/Customized-High-Quality-Auto-Parts-Boxes-Rigid-Package-Paper-Boxes-with-Lid-Wholesale-5-12x12.webp 12w, https:\/\/www.yishengpack.com\/wp-content\/uploads\/2025\/11\/Customized-High-Quality-Auto-Parts-Boxes-Rigid-Package-Paper-Boxes-with-Lid-Wholesale-5-1200x1200.webp 1200w, https:\/\/www.yishengpack.com\/wp-content\/uploads\/2025\/11\/Customized-High-Quality-Auto-Parts-Boxes-Rigid-Package-Paper-Boxes-with-Lid-Wholesale-5-600x600.webp 600w, https:\/\/www.yishengpack.com\/wp-content\/uploads\/2025\/11\/Customized-High-Quality-Auto-Parts-Boxes-Rigid-Package-Paper-Boxes-with-Lid-Wholesale-5-100x100.webp 100w\" sizes=\"(max-width: 2048px) 100vw, 2048px\" \/><\/figure>\n<\/div>\n<\/div>\n\n\n\n<div class=\"wp-block-columns is-layout-flex wp-container-core-columns-is-layout-9d6595d7 wp-block-columns-is-layout-flex\">\n<div class=\"wp-block-column is-layout-flow wp-block-column-is-layout-flow\">\n<figure class=\"wp-block-image size-full\"><img decoding=\"async\" width=\"2048\" height=\"2048\" src=\"https:\/\/www.yishengpack.com\/wp-content\/uploads\/2025\/11\/Customized-High-Quality-Auto-Parts-Boxes-Rigid-Package-Paper-Boxes-with-Lid-Wholesale-7.webp\" alt=\"caixas-automotivas-personalizadas-caixas-de-embalagem-r\u00edgidas-para-varejo-fornecimento-7\" class=\"wp-image-2652\" srcset=\"https:\/\/www.yishengpack.com\/wp-content\/uploads\/2025\/11\/Customized-High-Quality-Auto-Parts-Boxes-Rigid-Package-Paper-Boxes-with-Lid-Wholesale-7.webp 2048w, https:\/\/www.yishengpack.com\/wp-content\/uploads\/2025\/11\/Customized-High-Quality-Auto-Parts-Boxes-Rigid-Package-Paper-Boxes-with-Lid-Wholesale-7-300x300.webp 300w, https:\/\/www.yishengpack.com\/wp-content\/uploads\/2025\/11\/Customized-High-Quality-Auto-Parts-Boxes-Rigid-Package-Paper-Boxes-with-Lid-Wholesale-7-150x150.webp 150w, https:\/\/www.yishengpack.com\/wp-content\/uploads\/2025\/11\/Customized-High-Quality-Auto-Parts-Boxes-Rigid-Package-Paper-Boxes-with-Lid-Wholesale-7-768x768.webp 768w, https:\/\/www.yishengpack.com\/wp-content\/uploads\/2025\/11\/Customized-High-Quality-Auto-Parts-Boxes-Rigid-Package-Paper-Boxes-with-Lid-Wholesale-7-12x12.webp 12w, https:\/\/www.yishengpack.com\/wp-content\/uploads\/2025\/11\/Customized-High-Quality-Auto-Parts-Boxes-Rigid-Package-Paper-Boxes-with-Lid-Wholesale-7-1200x1200.webp 1200w, https:\/\/www.yishengpack.com\/wp-content\/uploads\/2025\/11\/Customized-High-Quality-Auto-Parts-Boxes-Rigid-Package-Paper-Boxes-with-Lid-Wholesale-7-600x600.webp 600w, https:\/\/www.yishengpack.com\/wp-content\/uploads\/2025\/11\/Customized-High-Quality-Auto-Parts-Boxes-Rigid-Package-Paper-Boxes-with-Lid-Wholesale-7-100x100.webp 100w\" sizes=\"(max-width: 2048px) 100vw, 2048px\" \/><\/figure>\n\n\n\n<div class=\"wp-block-buttons has-custom-font-size has-small-font-size is-content-justification-center is-layout-flex wp-container-core-buttons-is-layout-16018d1d wp-block-buttons-is-layout-flex\">\n<div class=\"wp-block-button has-custom-width wp-block-button__width-75\"><a class=\"wp-block-button__link has-background has-small-font-size has-custom-font-size wp-element-button\" href=\"https:\/\/www.yishengpack.com\/pt\/custom-printed-box\/\" style=\"background:linear-gradient(135deg,rgb(254,205,165) 0%,rgb(254,45,45) 0%,rgb(94,15,15) 0%,rgb(94,15,15) 100%)\" target=\"_blank\" rel=\"noreferrer noopener\"><strong>Explorar caixas impressas personalizadas<\/strong><\/a><\/div>\n<\/div>\n<\/div>\n\n\n\n<div class=\"wp-block-column is-layout-flow wp-block-column-is-layout-flow\">\n<figure class=\"wp-block-image size-full\"><img decoding=\"async\" width=\"2048\" height=\"2048\" src=\"https:\/\/www.yishengpack.com\/wp-content\/uploads\/2025\/11\/Customized-High-Quality-Auto-Parts-Boxes-Rigid-Package-Paper-Boxes-with-Lid-Wholesale-4.webp\" alt=\"caixas-automotivas-personalizadas-caixas-de-embalagem-r\u00edgidas-para-varejo-fornecimento-4\" class=\"wp-image-2648\" srcset=\"https:\/\/www.yishengpack.com\/wp-content\/uploads\/2025\/11\/Customized-High-Quality-Auto-Parts-Boxes-Rigid-Package-Paper-Boxes-with-Lid-Wholesale-4.webp 2048w, https:\/\/www.yishengpack.com\/wp-content\/uploads\/2025\/11\/Customized-High-Quality-Auto-Parts-Boxes-Rigid-Package-Paper-Boxes-with-Lid-Wholesale-4-300x300.webp 300w, https:\/\/www.yishengpack.com\/wp-content\/uploads\/2025\/11\/Customized-High-Quality-Auto-Parts-Boxes-Rigid-Package-Paper-Boxes-with-Lid-Wholesale-4-150x150.webp 150w, https:\/\/www.yishengpack.com\/wp-content\/uploads\/2025\/11\/Customized-High-Quality-Auto-Parts-Boxes-Rigid-Package-Paper-Boxes-with-Lid-Wholesale-4-768x768.webp 768w, https:\/\/www.yishengpack.com\/wp-content\/uploads\/2025\/11\/Customized-High-Quality-Auto-Parts-Boxes-Rigid-Package-Paper-Boxes-with-Lid-Wholesale-4-12x12.webp 12w, https:\/\/www.yishengpack.com\/wp-content\/uploads\/2025\/11\/Customized-High-Quality-Auto-Parts-Boxes-Rigid-Package-Paper-Boxes-with-Lid-Wholesale-4-1200x1200.webp 1200w, https:\/\/www.yishengpack.com\/wp-content\/uploads\/2025\/11\/Customized-High-Quality-Auto-Parts-Boxes-Rigid-Package-Paper-Boxes-with-Lid-Wholesale-4-600x600.webp 600w, https:\/\/www.yishengpack.com\/wp-content\/uploads\/2025\/11\/Customized-High-Quality-Auto-Parts-Boxes-Rigid-Package-Paper-Boxes-with-Lid-Wholesale-4-100x100.webp 100w\" sizes=\"(max-width: 2048px) 100vw, 2048px\" \/><\/figure>\n\n\n\n<div class=\"wp-block-buttons has-custom-font-size has-small-font-size is-content-justification-center is-layout-flex wp-container-core-buttons-is-layout-16018d1d wp-block-buttons-is-layout-flex\">\n<div class=\"wp-block-button has-custom-width wp-block-button__width-75\"><a class=\"wp-block-button__link has-background has-small-font-size has-custom-font-size wp-element-button\" href=\"https:\/\/www.yishengpack.com\/pt\/custom-box-inserts-accessories\/\" style=\"background:linear-gradient(135deg,rgb(254,205,165) 0%,rgb(254,45,45) 0%,rgb(94,15,15) 0%,rgb(94,15,15) 100%)\" target=\"_blank\" rel=\"noreferrer noopener\"><strong>Explorar inser\u00e7\u00f5es de caixas personalizadas<\/strong><\/a><\/div>\n<\/div>\n<\/div>\n<\/div>","protected":false},"excerpt":{"rendered":"<p>Bem-vindo \u00e0 compra das nossas caixas automotivas personalizadas, perfeitas para embalar v\u00e1rios acess\u00f3rios automotivos, como rolamentos, placas de embraiagem, engrenagens, parafusos e velas de igni\u00e7\u00e3o. Com uma estrutura robusta e enchimento protetor, elas combinam durabilidade e praticidade para armazenamento e entrega de pe\u00e7as automotivas. Desde o tamanho, cores, at\u00e9 o log\u00f3tipo e impress\u00e3o, elas s\u00e3o totalmente personaliz\u00e1veis para combinar com a sua marca.<\/p>\n<h2>Destaques das caixas personalizadas para autom\u00f3veis<\/h2>\n<ul>\n<li>Estrutura est\u00e1vel<\/li>\n<li>Possibilidade de personaliza\u00e7\u00e3o completa<\/li>\n<li>Materiais de alta qualidade<\/li>\n<li>Impress\u00e3o sofisticada<\/li>\n<li>Artesanato requintado<\/li>\n<li>V\u00e1rios tamanhos<\/li>\n<li>Op\u00e7\u00f5es de cores<\/li>\n<li>V\u00e1rios tipos de caixas<\/li>\n<li>Op\u00e7\u00f5es de inser\u00e7\u00e3o<\/li>\n<li>MOQ flex\u00edvel<\/li>\n<\/ul>","protected":false},"featured_media":2645,"comment_status":"closed","ping_status":"closed","template":"","meta":{"_acf_changed":false},"box-type":[59,57],"product_brand":[],"product_cat":[46,69,67,74],"product_tag":[],"class_list":{"0":"post-2643","1":"product","2":"type-product","3":"status-publish","4":"has-post-thumbnail","6":"box-type-custom-mailer-boxes","7":"box-type-custom-rigid-box-with-lid","8":"product_cat-wholesale-paper-boxes","9":"product_cat-custom-retail-boxes","10":"product_cat-custom-shipping-boxes","11":"product_cat-custom-auto-parts-boxes","13":"first","14":"instock","15":"shipping-taxable","16":"product-type-simple"},"acf":[],"_links":{"self":[{"href":"https:\/\/www.yishengpack.com\/pt\/wp-json\/wp\/v2\/product\/2643","targetHints":{"allow":["GET"]}}],"collection":[{"href":"https:\/\/www.yishengpack.com\/pt\/wp-json\/wp\/v2\/product"}],"about":[{"href":"https:\/\/www.yishengpack.com\/pt\/wp-json\/wp\/v2\/types\/product"}],"replies":[{"embeddable":true,"href":"https:\/\/www.yishengpack.com\/pt\/wp-json\/wp\/v2\/comments?post=2643"}],"wp:featuredmedia":[{"embeddable":true,"href":"https:\/\/www.yishengpack.com\/pt\/wp-json\/wp\/v2\/media\/2645"}],"wp:attachment":[{"href":"https:\/\/www.yishengpack.com\/pt\/wp-json\/wp\/v2\/media?parent=2643"}],"wp:term":[{"taxonomy":"box-type","embeddable":true,"href":"https:\/\/www.yishengpack.com\/pt\/wp-json\/wp\/v2\/box-type?post=2643"},{"taxonomy":"product_brand","embeddable":true,"href":"https:\/\/www.yishengpack.com\/pt\/wp-json\/wp\/v2\/product_brand?post=2643"},{"taxonomy":"product_cat","embeddable":true,"href":"https:\/\/www.yishengpack.com\/pt\/wp-json\/wp\/v2\/product_cat?post=2643"},{"taxonomy":"product_tag","embeddable":true,"href":"https:\/\/www.yishengpack.com\/pt\/wp-json\/wp\/v2\/product_tag?post=2643"}],"curies":[{"name":"wp","href":"https:\/\/api.w.org\/{rel}","templated":true}]}}