{"id":2635,"date":"2025-11-25T10:23:51","date_gmt":"2025-11-25T10:23:51","guid":{"rendered":"https:\/\/www.yishengpack.com\/?post_type=product&#038;p=2635"},"modified":"2025-11-25T10:23:53","modified_gmt":"2025-11-25T10:23:53","slug":"wholesale-electronic-packaging-box","status":"publish","type":"product","link":"https:\/\/www.yishengpack.com\/pt\/product\/wholesale-electronic-packaging-box\/","title":{"rendered":"Caixa de embalagem eletr\u00f3nica por grosso para acess\u00f3rios de telem\u00f3vel"},"content":{"rendered":"<div class=\"wp-block-columns is-layout-flex wp-container-core-columns-is-layout-9d6595d7 wp-block-columns-is-layout-flex\">\n<div class=\"wp-block-column is-layout-flow wp-block-column-is-layout-flow\">\n<h3 class=\"wp-block-heading\">Carater\u00edsticas da caixa de embalagem eletr\u00f3nica por atacado<\/h3>\n\n\n\n<p><strong>Estrutura de seguran\u00e7a concebida:<\/strong> A nossa caixa de embalagem eletr\u00f3nica por grosso criou uma estrutura de seguran\u00e7a forte utilizando um cart\u00e3o mais espesso e um material composto constitu\u00eddo por v\u00e1rias camadas. O material de papel protege artigos como caixas de telem\u00f3veis e cabos de dados, bem como protege os artigos de serem espremidos ou colidirem durante o transporte e garante que chegam ao seu destino em boas condi\u00e7\u00f5es.<\/p>\n\n\n\n<p><strong>Fecho magn\u00e9tico para um desencaixotamento sem esfor\u00e7o: <\/strong>A caixa de embalagem eletr\u00f3nica por atacado possui um fecho magn\u00e9tico, permitindo uma experi\u00eancia de abertura sem esfor\u00e7o e satisfat\u00f3ria. \u00c9 perfeita para proporcionar uma sensa\u00e7\u00e3o de desembalagem de primeira qualidade para acess\u00f3rios electr\u00f3nicos como cabos de carregamento, auriculares e protectores de ecr\u00e3.<\/p>\n\n\n\n<p><strong>Suporta v\u00e1rias personaliza\u00e7\u00f5es de tamanho:<\/strong> Os tabuleiros internos da nossa caixa de fecho magn\u00e9tico a granel podem utilizar muitos tipos diferentes de materiais, como EVA, espuma, pasta de papel e cart\u00e3o, para se adaptarem a qualquer acess\u00f3rio eletr\u00f3nico. Os tabuleiros internos proporcionam um armazenamento seguro e uma prote\u00e7\u00e3o est\u00e1vel contra danos no acess\u00f3rio eletr\u00f3nico e podem ser utilizados para artigos individuais, conjuntos ou conjuntos de oferta.<\/p>\n\n\n\n<p><strong>Selec\u00e7\u00f5es de paletas de cores vibrantes: <\/strong>A caixa com fecho magn\u00e9tico est\u00e1 dispon\u00edvel em paletas de cores vibrantes, como o verde menta, o turquesa e o bordeaux. Estas selec\u00e7\u00f5es aumentam o apelo visual, tornando a caixa adequada para apresentar diversos acess\u00f3rios electr\u00f3nicos e para se alinhar com a identidade da marca.<\/p>\n\n\n\n<p><strong>Elevada rela\u00e7\u00e3o custo\/desempenho:<\/strong> Estas caixas de embalagem eletr\u00f3nica por atacado s\u00e3o produzidas em massa pela f\u00e1brica Yisheng, suportam OEM\/ODM, baixa quantidade m\u00ednima de encomenda, tempo de entrega control\u00e1vel, adequado para necessidades de encomendas de grande volume de comerciantes, marcas de com\u00e9rcio eletr\u00f3nico, marcas de acess\u00f3rios 3C, etc.<\/p>\n\n\n\n<p><strong>Servi\u00e7os de conce\u00e7\u00e3o de embalagens:<\/strong> Fornecemos servi\u00e7os personalizados, incluindo design estrutural, design de corte e vinco, layout e design de apar\u00eancia para atender ao estilo visual e aos requisitos de or\u00e7amento de diferentes marcas.<\/p>\n<\/div>\n\n\n\n<div class=\"wp-block-column is-layout-flow wp-block-column-is-layout-flow\">\n<figure class=\"wp-block-image size-full\"><img decoding=\"async\" width=\"2048\" height=\"2048\" src=\"https:\/\/www.yishengpack.com\/wp-content\/uploads\/2025\/11\/Bulk-Hot-Selling-Magnetic-Closure-Boxes-Wholesale-Customized-Mobile-Phone-Accessories-Packaging-Boxes-6.webp\" alt=\"caixa-embalagem-eletr\u00f3nica-por-grosso-para-acess\u00f3rios-do-telefone-6\" class=\"wp-image-2641\" srcset=\"https:\/\/www.yishengpack.com\/wp-content\/uploads\/2025\/11\/Bulk-Hot-Selling-Magnetic-Closure-Boxes-Wholesale-Customized-Mobile-Phone-Accessories-Packaging-Boxes-6.webp 2048w, https:\/\/www.yishengpack.com\/wp-content\/uploads\/2025\/11\/Bulk-Hot-Selling-Magnetic-Closure-Boxes-Wholesale-Customized-Mobile-Phone-Accessories-Packaging-Boxes-6-300x300.webp 300w, https:\/\/www.yishengpack.com\/wp-content\/uploads\/2025\/11\/Bulk-Hot-Selling-Magnetic-Closure-Boxes-Wholesale-Customized-Mobile-Phone-Accessories-Packaging-Boxes-6-150x150.webp 150w, https:\/\/www.yishengpack.com\/wp-content\/uploads\/2025\/11\/Bulk-Hot-Selling-Magnetic-Closure-Boxes-Wholesale-Customized-Mobile-Phone-Accessories-Packaging-Boxes-6-768x768.webp 768w, https:\/\/www.yishengpack.com\/wp-content\/uploads\/2025\/11\/Bulk-Hot-Selling-Magnetic-Closure-Boxes-Wholesale-Customized-Mobile-Phone-Accessories-Packaging-Boxes-6-12x12.webp 12w, https:\/\/www.yishengpack.com\/wp-content\/uploads\/2025\/11\/Bulk-Hot-Selling-Magnetic-Closure-Boxes-Wholesale-Customized-Mobile-Phone-Accessories-Packaging-Boxes-6-1200x1200.webp 1200w, https:\/\/www.yishengpack.com\/wp-content\/uploads\/2025\/11\/Bulk-Hot-Selling-Magnetic-Closure-Boxes-Wholesale-Customized-Mobile-Phone-Accessories-Packaging-Boxes-6-600x600.webp 600w, https:\/\/www.yishengpack.com\/wp-content\/uploads\/2025\/11\/Bulk-Hot-Selling-Magnetic-Closure-Boxes-Wholesale-Customized-Mobile-Phone-Accessories-Packaging-Boxes-6-100x100.webp 100w\" sizes=\"(max-width: 2048px) 100vw, 2048px\" \/><\/figure>\n<\/div>\n<\/div>\n\n\n\n<div class=\"wp-block-columns is-layout-flex wp-container-core-columns-is-layout-9d6595d7 wp-block-columns-is-layout-flex\">\n<div class=\"wp-block-column is-layout-flow wp-block-column-is-layout-flow\">\n<figure class=\"wp-block-image size-full\"><img decoding=\"async\" width=\"2048\" height=\"2048\" src=\"https:\/\/www.yishengpack.com\/wp-content\/uploads\/2025\/11\/Bulk-Hot-Selling-Magnetic-Closure-Boxes-Wholesale-Customized-Mobile-Phone-Accessories-Packaging-Boxes-7.webp\" alt=\"caixa-embalagem-eletr\u00f3nica-por-grosso-para-acess\u00f3rios-do-telefone-7\" class=\"wp-image-2642\" srcset=\"https:\/\/www.yishengpack.com\/wp-content\/uploads\/2025\/11\/Bulk-Hot-Selling-Magnetic-Closure-Boxes-Wholesale-Customized-Mobile-Phone-Accessories-Packaging-Boxes-7.webp 2048w, https:\/\/www.yishengpack.com\/wp-content\/uploads\/2025\/11\/Bulk-Hot-Selling-Magnetic-Closure-Boxes-Wholesale-Customized-Mobile-Phone-Accessories-Packaging-Boxes-7-300x300.webp 300w, https:\/\/www.yishengpack.com\/wp-content\/uploads\/2025\/11\/Bulk-Hot-Selling-Magnetic-Closure-Boxes-Wholesale-Customized-Mobile-Phone-Accessories-Packaging-Boxes-7-150x150.webp 150w, https:\/\/www.yishengpack.com\/wp-content\/uploads\/2025\/11\/Bulk-Hot-Selling-Magnetic-Closure-Boxes-Wholesale-Customized-Mobile-Phone-Accessories-Packaging-Boxes-7-768x768.webp 768w, https:\/\/www.yishengpack.com\/wp-content\/uploads\/2025\/11\/Bulk-Hot-Selling-Magnetic-Closure-Boxes-Wholesale-Customized-Mobile-Phone-Accessories-Packaging-Boxes-7-12x12.webp 12w, https:\/\/www.yishengpack.com\/wp-content\/uploads\/2025\/11\/Bulk-Hot-Selling-Magnetic-Closure-Boxes-Wholesale-Customized-Mobile-Phone-Accessories-Packaging-Boxes-7-1200x1200.webp 1200w, https:\/\/www.yishengpack.com\/wp-content\/uploads\/2025\/11\/Bulk-Hot-Selling-Magnetic-Closure-Boxes-Wholesale-Customized-Mobile-Phone-Accessories-Packaging-Boxes-7-600x600.webp 600w, https:\/\/www.yishengpack.com\/wp-content\/uploads\/2025\/11\/Bulk-Hot-Selling-Magnetic-Closure-Boxes-Wholesale-Customized-Mobile-Phone-Accessories-Packaging-Boxes-7-100x100.webp 100w\" sizes=\"(max-width: 2048px) 100vw, 2048px\" \/><\/figure>\n\n\n\n<div class=\"wp-block-buttons has-custom-font-size has-small-font-size is-content-justification-center is-layout-flex wp-container-core-buttons-is-layout-16018d1d wp-block-buttons-is-layout-flex\">\n<div class=\"wp-block-button has-custom-width wp-block-button__width-75\"><a class=\"wp-block-button__link has-background has-small-font-size has-custom-font-size wp-element-button\" href=\"https:\/\/www.yishengpack.com\/pt\/custom-printed-box\/\" style=\"background:linear-gradient(135deg,rgb(254,205,165) 0%,rgb(254,45,45) 0%,rgb(94,15,15) 0%,rgb(94,15,15) 100%)\" target=\"_blank\" rel=\"noreferrer noopener\"><strong>Explorar caixas impressas personalizadas<\/strong><\/a><\/div>\n<\/div>\n<\/div>\n\n\n\n<div class=\"wp-block-column is-layout-flow wp-block-column-is-layout-flow\">\n<figure class=\"wp-block-image size-full\"><img decoding=\"async\" width=\"2048\" height=\"2048\" src=\"https:\/\/www.yishengpack.com\/wp-content\/uploads\/2025\/11\/Bulk-Hot-Selling-Magnetic-Closure-Boxes-Wholesale-Customized-Mobile-Phone-Accessories-Packaging-Boxes-5.webp\" alt=\"caixa-embalagem-eletr\u00f3nica-por-grosso-para-acess\u00f3rios-do-telefone-5\" class=\"wp-image-2640\" srcset=\"https:\/\/www.yishengpack.com\/wp-content\/uploads\/2025\/11\/Bulk-Hot-Selling-Magnetic-Closure-Boxes-Wholesale-Customized-Mobile-Phone-Accessories-Packaging-Boxes-5.webp 2048w, https:\/\/www.yishengpack.com\/wp-content\/uploads\/2025\/11\/Bulk-Hot-Selling-Magnetic-Closure-Boxes-Wholesale-Customized-Mobile-Phone-Accessories-Packaging-Boxes-5-300x300.webp 300w, https:\/\/www.yishengpack.com\/wp-content\/uploads\/2025\/11\/Bulk-Hot-Selling-Magnetic-Closure-Boxes-Wholesale-Customized-Mobile-Phone-Accessories-Packaging-Boxes-5-150x150.webp 150w, https:\/\/www.yishengpack.com\/wp-content\/uploads\/2025\/11\/Bulk-Hot-Selling-Magnetic-Closure-Boxes-Wholesale-Customized-Mobile-Phone-Accessories-Packaging-Boxes-5-768x768.webp 768w, https:\/\/www.yishengpack.com\/wp-content\/uploads\/2025\/11\/Bulk-Hot-Selling-Magnetic-Closure-Boxes-Wholesale-Customized-Mobile-Phone-Accessories-Packaging-Boxes-5-12x12.webp 12w, https:\/\/www.yishengpack.com\/wp-content\/uploads\/2025\/11\/Bulk-Hot-Selling-Magnetic-Closure-Boxes-Wholesale-Customized-Mobile-Phone-Accessories-Packaging-Boxes-5-1200x1200.webp 1200w, https:\/\/www.yishengpack.com\/wp-content\/uploads\/2025\/11\/Bulk-Hot-Selling-Magnetic-Closure-Boxes-Wholesale-Customized-Mobile-Phone-Accessories-Packaging-Boxes-5-600x600.webp 600w, https:\/\/www.yishengpack.com\/wp-content\/uploads\/2025\/11\/Bulk-Hot-Selling-Magnetic-Closure-Boxes-Wholesale-Customized-Mobile-Phone-Accessories-Packaging-Boxes-5-100x100.webp 100w\" sizes=\"(max-width: 2048px) 100vw, 2048px\" \/><\/figure>\n\n\n\n<div class=\"wp-block-buttons has-custom-font-size has-small-font-size is-content-justification-center is-layout-flex wp-container-core-buttons-is-layout-16018d1d wp-block-buttons-is-layout-flex\">\n<div class=\"wp-block-button has-custom-width wp-block-button__width-75\"><a class=\"wp-block-button__link has-background has-small-font-size has-custom-font-size wp-element-button\" href=\"https:\/\/www.yishengpack.com\/pt\/custom-box-inserts-accessories\/\" style=\"background:linear-gradient(135deg,rgb(254,205,165) 0%,rgb(254,45,45) 0%,rgb(94,15,15) 0%,rgb(94,15,15) 100%)\" target=\"_blank\" rel=\"noreferrer noopener\"><strong>Explorar inser\u00e7\u00f5es de caixas personalizadas<\/strong><\/a><\/div>\n<\/div>\n<\/div>\n<\/div>","protected":false},"excerpt":{"rendered":"<p>Bem-vindo a comprar as nossas caixas de embalagem eletr\u00f3nica por atacado para acess\u00f3rios para telem\u00f3veis. Esta caixa de fecho magn\u00e9tico a granel, com uma estrutura robusta e interiores de espuma ou papel personalizados, combina prote\u00e7\u00e3o e eleg\u00e2ncia para oferecer e armazenar acess\u00f3rios electr\u00f3nicos. Suporta tamanhos personalizados e personaliza\u00e7\u00e3o total da marca - ideal para marcas de acess\u00f3rios 3C, distribuidores e compradores OEM\/ODM que procuram solu\u00e7\u00f5es de embalagem personalizadas de alta qualidade.<\/p>\n<h2>Destaques da caixa de embalagem eletr\u00f3nica por grosso<\/h2>\n<ul>\n<li>Design com fecho magn\u00e9tico<\/li>\n<li>Personaliza\u00e7\u00e3o completa<\/li>\n<li>Materiais de alta qualidade<\/li>\n<li>Impress\u00e3o artesanal extensiva<\/li>\n<li>V\u00e1rios tipos de caixas<\/li>\n<li>Tamanhos m\u00faltiplos<\/li>\n<li>Cores vivas<\/li>\n<li>Inserir personalizado<\/li>\n<li>Constru\u00e7\u00e3o robusta<\/li>\n<\/ul>","protected":false},"featured_media":2636,"comment_status":"closed","ping_status":"closed","template":"","meta":{"_acf_changed":false},"box-type":[54],"product_brand":[],"product_cat":[46,69,73],"product_tag":[],"class_list":{"0":"post-2635","1":"product","2":"type-product","3":"status-publish","4":"has-post-thumbnail","6":"box-type-custom-magnetic-closure-boxes","7":"product_cat-wholesale-paper-boxes","8":"product_cat-custom-retail-boxes","9":"product_cat-custom-electronic-packaging","11":"first","12":"instock","13":"shipping-taxable","14":"product-type-simple"},"acf":[],"_links":{"self":[{"href":"https:\/\/www.yishengpack.com\/pt\/wp-json\/wp\/v2\/product\/2635","targetHints":{"allow":["GET"]}}],"collection":[{"href":"https:\/\/www.yishengpack.com\/pt\/wp-json\/wp\/v2\/product"}],"about":[{"href":"https:\/\/www.yishengpack.com\/pt\/wp-json\/wp\/v2\/types\/product"}],"replies":[{"embeddable":true,"href":"https:\/\/www.yishengpack.com\/pt\/wp-json\/wp\/v2\/comments?post=2635"}],"wp:featuredmedia":[{"embeddable":true,"href":"https:\/\/www.yishengpack.com\/pt\/wp-json\/wp\/v2\/media\/2636"}],"wp:attachment":[{"href":"https:\/\/www.yishengpack.com\/pt\/wp-json\/wp\/v2\/media?parent=2635"}],"wp:term":[{"taxonomy":"box-type","embeddable":true,"href":"https:\/\/www.yishengpack.com\/pt\/wp-json\/wp\/v2\/box-type?post=2635"},{"taxonomy":"product_brand","embeddable":true,"href":"https:\/\/www.yishengpack.com\/pt\/wp-json\/wp\/v2\/product_brand?post=2635"},{"taxonomy":"product_cat","embeddable":true,"href":"https:\/\/www.yishengpack.com\/pt\/wp-json\/wp\/v2\/product_cat?post=2635"},{"taxonomy":"product_tag","embeddable":true,"href":"https:\/\/www.yishengpack.com\/pt\/wp-json\/wp\/v2\/product_tag?post=2635"}],"curies":[{"name":"wp","href":"https:\/\/api.w.org\/{rel}","templated":true}]}}