{"id":2627,"date":"2025-11-25T08:43:26","date_gmt":"2025-11-25T08:43:26","guid":{"rendered":"https:\/\/www.yishengpack.com\/?post_type=product&#038;p=2627"},"modified":"2025-11-25T08:43:27","modified_gmt":"2025-11-25T08:43:27","slug":"custom-electronic-boxes","status":"publish","type":"product","link":"https:\/\/www.yishengpack.com\/pt\/product\/custom-electronic-boxes\/","title":{"rendered":"Caixas eletr\u00f3nicas personalizadas premium, caixas magn\u00e9ticas a granel com inser\u00e7\u00e3o"},"content":{"rendered":"<div class=\"wp-block-columns is-layout-flex wp-container-core-columns-is-layout-9d6595d7 wp-block-columns-is-layout-flex\">\n<div class=\"wp-block-column is-layout-flow wp-block-column-is-layout-flow\">\n<h3 class=\"wp-block-heading\">Carater\u00edsticas das caixas electr\u00f3nicas personalizadas<\/h3>\n\n\n\n<p><strong>Design com fecho magn\u00e9tico: <\/strong>Estas caixas electr\u00f3nicas personalizadas de qualidade superior possuem um fecho magn\u00e9tico, permitindo um mecanismo de abertura suave e satisfat\u00f3rio. \u00c9 perfeita para proporcionar uma experi\u00eancia de unboxing refinada para produtos electr\u00f3nicos como bancos de pot\u00eancia, term\u00f3metros e projectores.<\/p>\n\n\n\n<p><strong>Inser\u00e7\u00e3o de espuma personalizada:<\/strong> As nossas caixas electr\u00f3nicas personalizadas est\u00e3o equipadas com uma inser\u00e7\u00e3o de espuma personalizada. Esta caixa acondiciona de forma segura v\u00e1rios produtos electr\u00f3nicos, desde pequenos aparelhos a dispositivos maiores. Evita movimentos e danos, assegurando que os artigos permanecem intactos, o que a torna uma escolha fi\u00e1vel para embalar produtos electr\u00f3nicos.<\/p>\n\n\n\n<p><strong>Selec\u00e7\u00f5es Premium: <\/strong>As nossas caixas electr\u00f3nicas personalizadas s\u00e3o feitas de produtos de papel de primeira qualidade e est\u00e3o dispon\u00edveis em cores e texturas como o azul profundo, o preto mate e o ouro rosa. Estas t\u00eam um atrativo visual e ajudam a criar marcas de luxo que mostram a qualidade dos seus produtos.<\/p>\n\n\n\n<p><strong>Armazenamento da cole\u00e7\u00e3o:<\/strong> As caixas magn\u00e9ticas a granel com v\u00e1rias ranhuras permitem aos clientes organizar a sua cole\u00e7\u00e3o de produtos, tais como v\u00e1rias unidades USB e\/ou kits de acess\u00f3rios. As caixas servem como solu\u00e7\u00e3o de embalagem para produtos agrupados e permitem aos clientes armazenar v\u00e1rios produtos em conjunto, mantendo a ordem.<\/p>\n\n\n\n<p><strong>Totalmente personaliz\u00e1vel para marcas de tecnologia:<\/strong> A caixa para produtos electr\u00f3nicos por grosso oferece total personaliza\u00e7\u00e3o. Pode ajustar o tamanho, imprimir log\u00f3tipos da marca ou gr\u00e1ficos com temas tecnol\u00f3gicos e escolher acabamentos de superf\u00edcie para se alinhar com as necessidades de marca exclusivas das empresas tecnol\u00f3gicas.<\/p>\n<\/div>\n\n\n\n<div class=\"wp-block-column is-layout-flow wp-block-column-is-layout-flow\">\n<figure class=\"wp-block-image size-full\"><img decoding=\"async\" width=\"2048\" height=\"2048\" src=\"https:\/\/www.yishengpack.com\/wp-content\/uploads\/2025\/11\/Wholesale-Premium-Electronic-Product-Boxes-Bulk-Magnetic-Boxes-with-Custom-Insert-2.webp\" alt=\"caixas electr\u00f3nicas personalizadas-caixas magn\u00e9ticas a granel-com-inser\u00e7\u00e3o-2\" class=\"wp-image-2629\" srcset=\"https:\/\/www.yishengpack.com\/wp-content\/uploads\/2025\/11\/Wholesale-Premium-Electronic-Product-Boxes-Bulk-Magnetic-Boxes-with-Custom-Insert-2.webp 2048w, https:\/\/www.yishengpack.com\/wp-content\/uploads\/2025\/11\/Wholesale-Premium-Electronic-Product-Boxes-Bulk-Magnetic-Boxes-with-Custom-Insert-2-300x300.webp 300w, https:\/\/www.yishengpack.com\/wp-content\/uploads\/2025\/11\/Wholesale-Premium-Electronic-Product-Boxes-Bulk-Magnetic-Boxes-with-Custom-Insert-2-150x150.webp 150w, https:\/\/www.yishengpack.com\/wp-content\/uploads\/2025\/11\/Wholesale-Premium-Electronic-Product-Boxes-Bulk-Magnetic-Boxes-with-Custom-Insert-2-768x768.webp 768w, https:\/\/www.yishengpack.com\/wp-content\/uploads\/2025\/11\/Wholesale-Premium-Electronic-Product-Boxes-Bulk-Magnetic-Boxes-with-Custom-Insert-2-12x12.webp 12w, https:\/\/www.yishengpack.com\/wp-content\/uploads\/2025\/11\/Wholesale-Premium-Electronic-Product-Boxes-Bulk-Magnetic-Boxes-with-Custom-Insert-2-1200x1200.webp 1200w, https:\/\/www.yishengpack.com\/wp-content\/uploads\/2025\/11\/Wholesale-Premium-Electronic-Product-Boxes-Bulk-Magnetic-Boxes-with-Custom-Insert-2-600x600.webp 600w, https:\/\/www.yishengpack.com\/wp-content\/uploads\/2025\/11\/Wholesale-Premium-Electronic-Product-Boxes-Bulk-Magnetic-Boxes-with-Custom-Insert-2-100x100.webp 100w\" sizes=\"(max-width: 2048px) 100vw, 2048px\" \/><\/figure>\n<\/div>\n<\/div>\n\n\n\n<div class=\"wp-block-columns is-layout-flex wp-container-core-columns-is-layout-9d6595d7 wp-block-columns-is-layout-flex\">\n<div class=\"wp-block-column is-layout-flow wp-block-column-is-layout-flow\">\n<figure class=\"wp-block-image size-full\"><img decoding=\"async\" width=\"2048\" height=\"2048\" src=\"https:\/\/www.yishengpack.com\/wp-content\/uploads\/2025\/11\/Wholesale-Premium-Electronic-Product-Boxes-Bulk-Magnetic-Boxes-with-Custom-Insert-3.webp\" alt=\"caixas electr\u00f3nicas personalizadas-caixas magn\u00e9ticas a granel-com-inser\u00e7\u00e3o-3\" class=\"wp-image-2630\" srcset=\"https:\/\/www.yishengpack.com\/wp-content\/uploads\/2025\/11\/Wholesale-Premium-Electronic-Product-Boxes-Bulk-Magnetic-Boxes-with-Custom-Insert-3.webp 2048w, https:\/\/www.yishengpack.com\/wp-content\/uploads\/2025\/11\/Wholesale-Premium-Electronic-Product-Boxes-Bulk-Magnetic-Boxes-with-Custom-Insert-3-300x300.webp 300w, https:\/\/www.yishengpack.com\/wp-content\/uploads\/2025\/11\/Wholesale-Premium-Electronic-Product-Boxes-Bulk-Magnetic-Boxes-with-Custom-Insert-3-150x150.webp 150w, https:\/\/www.yishengpack.com\/wp-content\/uploads\/2025\/11\/Wholesale-Premium-Electronic-Product-Boxes-Bulk-Magnetic-Boxes-with-Custom-Insert-3-768x768.webp 768w, https:\/\/www.yishengpack.com\/wp-content\/uploads\/2025\/11\/Wholesale-Premium-Electronic-Product-Boxes-Bulk-Magnetic-Boxes-with-Custom-Insert-3-12x12.webp 12w, https:\/\/www.yishengpack.com\/wp-content\/uploads\/2025\/11\/Wholesale-Premium-Electronic-Product-Boxes-Bulk-Magnetic-Boxes-with-Custom-Insert-3-1200x1200.webp 1200w, https:\/\/www.yishengpack.com\/wp-content\/uploads\/2025\/11\/Wholesale-Premium-Electronic-Product-Boxes-Bulk-Magnetic-Boxes-with-Custom-Insert-3-600x600.webp 600w, https:\/\/www.yishengpack.com\/wp-content\/uploads\/2025\/11\/Wholesale-Premium-Electronic-Product-Boxes-Bulk-Magnetic-Boxes-with-Custom-Insert-3-100x100.webp 100w\" sizes=\"(max-width: 2048px) 100vw, 2048px\" \/><\/figure>\n\n\n\n<div class=\"wp-block-buttons has-custom-font-size has-small-font-size is-content-justification-center is-layout-flex wp-container-core-buttons-is-layout-16018d1d wp-block-buttons-is-layout-flex\">\n<div class=\"wp-block-button has-custom-width wp-block-button__width-75\"><a class=\"wp-block-button__link has-background has-small-font-size has-custom-font-size wp-element-button\" href=\"https:\/\/www.yishengpack.com\/pt\/custom-printed-box\/\" style=\"background:linear-gradient(135deg,rgb(254,205,165) 0%,rgb(254,45,45) 0%,rgb(94,15,15) 0%,rgb(94,15,15) 100%)\" target=\"_blank\" rel=\"noreferrer noopener\"><strong>Explorar caixas impressas personalizadas<\/strong><\/a><\/div>\n<\/div>\n<\/div>\n\n\n\n<div class=\"wp-block-column is-layout-flow wp-block-column-is-layout-flow\">\n<figure class=\"wp-block-image size-full\"><img decoding=\"async\" width=\"2048\" height=\"2048\" src=\"https:\/\/www.yishengpack.com\/wp-content\/uploads\/2025\/11\/Wholesale-Premium-Electronic-Product-Boxes-Bulk-Magnetic-Boxes-with-Custom-Insert-6.webp\" alt=\"caixas electr\u00f3nicas personalizadas-caixas magn\u00e9ticas a granel-com-inser\u00e7\u00e3o-6\" class=\"wp-image-2633\" srcset=\"https:\/\/www.yishengpack.com\/wp-content\/uploads\/2025\/11\/Wholesale-Premium-Electronic-Product-Boxes-Bulk-Magnetic-Boxes-with-Custom-Insert-6.webp 2048w, https:\/\/www.yishengpack.com\/wp-content\/uploads\/2025\/11\/Wholesale-Premium-Electronic-Product-Boxes-Bulk-Magnetic-Boxes-with-Custom-Insert-6-300x300.webp 300w, https:\/\/www.yishengpack.com\/wp-content\/uploads\/2025\/11\/Wholesale-Premium-Electronic-Product-Boxes-Bulk-Magnetic-Boxes-with-Custom-Insert-6-150x150.webp 150w, https:\/\/www.yishengpack.com\/wp-content\/uploads\/2025\/11\/Wholesale-Premium-Electronic-Product-Boxes-Bulk-Magnetic-Boxes-with-Custom-Insert-6-768x768.webp 768w, https:\/\/www.yishengpack.com\/wp-content\/uploads\/2025\/11\/Wholesale-Premium-Electronic-Product-Boxes-Bulk-Magnetic-Boxes-with-Custom-Insert-6-12x12.webp 12w, https:\/\/www.yishengpack.com\/wp-content\/uploads\/2025\/11\/Wholesale-Premium-Electronic-Product-Boxes-Bulk-Magnetic-Boxes-with-Custom-Insert-6-1200x1200.webp 1200w, https:\/\/www.yishengpack.com\/wp-content\/uploads\/2025\/11\/Wholesale-Premium-Electronic-Product-Boxes-Bulk-Magnetic-Boxes-with-Custom-Insert-6-600x600.webp 600w, https:\/\/www.yishengpack.com\/wp-content\/uploads\/2025\/11\/Wholesale-Premium-Electronic-Product-Boxes-Bulk-Magnetic-Boxes-with-Custom-Insert-6-100x100.webp 100w\" sizes=\"(max-width: 2048px) 100vw, 2048px\" \/><\/figure>\n\n\n\n<div class=\"wp-block-buttons has-custom-font-size has-small-font-size is-content-justification-center is-layout-flex wp-container-core-buttons-is-layout-16018d1d wp-block-buttons-is-layout-flex\">\n<div class=\"wp-block-button has-custom-width wp-block-button__width-75\"><a class=\"wp-block-button__link has-background has-small-font-size has-custom-font-size wp-element-button\" href=\"https:\/\/www.yishengpack.com\/pt\/custom-box-inserts-accessories\/\" style=\"background:linear-gradient(135deg,rgb(254,205,165) 0%,rgb(254,45,45) 0%,rgb(94,15,15) 0%,rgb(94,15,15) 100%)\" target=\"_blank\" rel=\"noreferrer noopener\"><strong>Explorar inser\u00e7\u00f5es de caixas personalizadas<\/strong><\/a><\/div>\n<\/div>\n<\/div>\n<\/div>","protected":false},"excerpt":{"rendered":"<p>Bem-vindo a comprar as nossas caixas electr\u00f3nicas personalizadas com fecho magn\u00e9tico e inser\u00e7\u00f5es de prote\u00e7\u00e3o, ideais para a oferta e armazenamento de produtos electr\u00f3nicos. Estas caixas magn\u00e9ticas a granel para produtos electr\u00f3nicos s\u00e3o feitas de cart\u00e3o espesso e cart\u00e3o cinzento de alta resist\u00eancia, que tem uma forte resist\u00eancia \u00e0 compress\u00e3o, e s\u00e3o concebidas para marcas e distribuidores que necessitam de embalagens topo de gama, duradouras e totalmente personaliz\u00e1veis. Ideal para encomendas a granel e projectos de embalagem eletr\u00f3nica OEM\/ODM.<\/p>\n<h2>Destaques das caixas electr\u00f3nicas personalizadas<\/h2>\n<ul>\n<li>Design com fecho magn\u00e9tico<\/li>\n<li>Personaliza\u00e7\u00e3o total<\/li>\n<li>Materiais \u00e0 prova de \u00e1gua<\/li>\n<li>In\u00fameros processos de impress\u00e3o<\/li>\n<li>V\u00e1rios tipos de caixas<\/li>\n<li>V\u00e1rios tamanhos<\/li>\n<li>V\u00e1rias op\u00e7\u00f5es de cores<\/li>\n<li>Artesanato duradouro<\/li>\n<\/ul>","protected":false},"featured_media":2628,"comment_status":"closed","ping_status":"closed","template":"","meta":{"_acf_changed":false},"box-type":[54],"product_brand":[],"product_cat":[46,69,73],"product_tag":[],"class_list":{"0":"post-2627","1":"product","2":"type-product","3":"status-publish","4":"has-post-thumbnail","6":"box-type-custom-magnetic-closure-boxes","7":"product_cat-wholesale-paper-boxes","8":"product_cat-custom-retail-boxes","9":"product_cat-custom-electronic-packaging","11":"first","12":"instock","13":"shipping-taxable","14":"product-type-simple"},"acf":[],"_links":{"self":[{"href":"https:\/\/www.yishengpack.com\/pt\/wp-json\/wp\/v2\/product\/2627","targetHints":{"allow":["GET"]}}],"collection":[{"href":"https:\/\/www.yishengpack.com\/pt\/wp-json\/wp\/v2\/product"}],"about":[{"href":"https:\/\/www.yishengpack.com\/pt\/wp-json\/wp\/v2\/types\/product"}],"replies":[{"embeddable":true,"href":"https:\/\/www.yishengpack.com\/pt\/wp-json\/wp\/v2\/comments?post=2627"}],"wp:featuredmedia":[{"embeddable":true,"href":"https:\/\/www.yishengpack.com\/pt\/wp-json\/wp\/v2\/media\/2628"}],"wp:attachment":[{"href":"https:\/\/www.yishengpack.com\/pt\/wp-json\/wp\/v2\/media?parent=2627"}],"wp:term":[{"taxonomy":"box-type","embeddable":true,"href":"https:\/\/www.yishengpack.com\/pt\/wp-json\/wp\/v2\/box-type?post=2627"},{"taxonomy":"product_brand","embeddable":true,"href":"https:\/\/www.yishengpack.com\/pt\/wp-json\/wp\/v2\/product_brand?post=2627"},{"taxonomy":"product_cat","embeddable":true,"href":"https:\/\/www.yishengpack.com\/pt\/wp-json\/wp\/v2\/product_cat?post=2627"},{"taxonomy":"product_tag","embeddable":true,"href":"https:\/\/www.yishengpack.com\/pt\/wp-json\/wp\/v2\/product_tag?post=2627"}],"curies":[{"name":"wp","href":"https:\/\/api.w.org\/{rel}","templated":true}]}}