{"id":2619,"date":"2025-11-25T08:00:42","date_gmt":"2025-11-25T08:00:42","guid":{"rendered":"https:\/\/www.yishengpack.com\/?post_type=product&#038;p=2619"},"modified":"2025-11-25T08:00:43","modified_gmt":"2025-11-25T08:00:43","slug":"watch-gift-boxes-wholesale","status":"publish","type":"product","link":"https:\/\/www.yishengpack.com\/pt\/product\/watch-gift-boxes-wholesale\/","title":{"rendered":"Caixas de presente de rel\u00f3gio de alta qualidade por atacado, caixas r\u00edgidas impressas personalizadas"},"content":{"rendered":"<div class=\"wp-block-columns is-layout-flex wp-container-core-columns-is-layout-9d6595d7 wp-block-columns-is-layout-flex\">\n<div class=\"wp-block-column is-layout-flow wp-block-column-is-layout-flow\">\n<h3 class=\"wp-block-heading\">Carater\u00edsticas das caixas de oferta de rel\u00f3gios por grosso<\/h3>\n\n\n\n<p><strong>Abertura suave com dobradi\u00e7as: <\/strong>As nossas caixas para oferta de rel\u00f3gios por grosso apresentam um design de dobradi\u00e7a suave para um acesso f\u00e1cil a diferentes estilos de rel\u00f3gios. Oferece aos entusiastas de rel\u00f3gios uma experi\u00eancia de desembalagem refinada e proporciona uma solu\u00e7\u00e3o universal para exposi\u00e7\u00e3o a retalho e embalagem de presentes.<\/p>\n\n\n\n<p><strong>Forro macio em forma de almofada:<\/strong> Estas caixas para oferta de rel\u00f3gios por grosso t\u00eam uma forma de almofada almofadada para garantir que todos os tipos de rel\u00f3gios (desde digitais a mec\u00e2nicos) permanecem seguros durante o envio. Uma vez que o rel\u00f3gio permanece est\u00e1vel, n\u00e3o ter\u00e1 de se preocupar com riscos ou outros danos durante o envio.<\/p>\n\n\n\n<p><strong>Varia\u00e7\u00f5es de desenhos tem\u00e1ticos:<\/strong> Estas caixas r\u00edgidas com impress\u00e3o personalizada oferecem muitas varia\u00e7\u00f5es de design tem\u00e1tico (desde nuvens a estrelas e ondas texturadas). Os v\u00e1rios designs aumentam o atrativo visual da caixa, permitindo que as diferentes marcas de marketing apresentem os seus diferentes estilos de rel\u00f3gios e continuem a estar em sintonia com o seu aspeto geral.<\/p>\n\n\n\n<p><strong>Sele\u00e7\u00e3o de cores de luxo:<\/strong> Estas caixas r\u00edgidas impressas por medida s\u00e3o metalizadas, criando um efeito visual bom e sofisticado. As v\u00e1rias op\u00e7\u00f5es de cores luxuosas dispon\u00edveis (do vermelho ao laranja e ao roxo) conferem um n\u00edvel adicional de luxo \u00e0 caixa, o que \u00e9 muito apropriado para uma empresa de rel\u00f3gios de luxo ou para fins de oferta, refor\u00e7ando a imagem de marca da empresa.<\/p>\n\n\n\n<p><strong>Marca personalizada dispon\u00edvel:<\/strong> As nossas caixas de oferta de rel\u00f3gios por atacado est\u00e3o dispon\u00edveis para log\u00f3tipos, cores, tamanhos e materiais de revestimento personalizados, satisfazendo as necessidades de embalagem OEM\/ODM. O seu aspeto premium e a sua estrutura robusta tornam-na ideal para embalagens de presentes, expositores de boutiques ou envios de com\u00e9rcio eletr\u00f3nico premium.<\/p>\n<\/div>\n\n\n\n<div class=\"wp-block-column is-layout-flow wp-block-column-is-layout-flow\">\n<figure class=\"wp-block-image size-full\"><img decoding=\"async\" width=\"2048\" height=\"2048\" src=\"https:\/\/www.yishengpack.com\/wp-content\/uploads\/2025\/11\/Custom-Luxury-High-End-Watch-Gift-Boxes-Wholesale-Rigid-Electronic-Package-Boxes-2.webp\" alt=\"caixas-presente para rel\u00f3gios de luxo - atacado - caixa r\u00edgida com impress\u00e3o personalizada - 2\" class=\"wp-image-2621\" srcset=\"https:\/\/www.yishengpack.com\/wp-content\/uploads\/2025\/11\/Custom-Luxury-High-End-Watch-Gift-Boxes-Wholesale-Rigid-Electronic-Package-Boxes-2.webp 2048w, https:\/\/www.yishengpack.com\/wp-content\/uploads\/2025\/11\/Custom-Luxury-High-End-Watch-Gift-Boxes-Wholesale-Rigid-Electronic-Package-Boxes-2-300x300.webp 300w, https:\/\/www.yishengpack.com\/wp-content\/uploads\/2025\/11\/Custom-Luxury-High-End-Watch-Gift-Boxes-Wholesale-Rigid-Electronic-Package-Boxes-2-150x150.webp 150w, https:\/\/www.yishengpack.com\/wp-content\/uploads\/2025\/11\/Custom-Luxury-High-End-Watch-Gift-Boxes-Wholesale-Rigid-Electronic-Package-Boxes-2-768x768.webp 768w, https:\/\/www.yishengpack.com\/wp-content\/uploads\/2025\/11\/Custom-Luxury-High-End-Watch-Gift-Boxes-Wholesale-Rigid-Electronic-Package-Boxes-2-12x12.webp 12w, https:\/\/www.yishengpack.com\/wp-content\/uploads\/2025\/11\/Custom-Luxury-High-End-Watch-Gift-Boxes-Wholesale-Rigid-Electronic-Package-Boxes-2-1200x1200.webp 1200w, https:\/\/www.yishengpack.com\/wp-content\/uploads\/2025\/11\/Custom-Luxury-High-End-Watch-Gift-Boxes-Wholesale-Rigid-Electronic-Package-Boxes-2-600x600.webp 600w, https:\/\/www.yishengpack.com\/wp-content\/uploads\/2025\/11\/Custom-Luxury-High-End-Watch-Gift-Boxes-Wholesale-Rigid-Electronic-Package-Boxes-2-100x100.webp 100w\" sizes=\"(max-width: 2048px) 100vw, 2048px\" \/><\/figure>\n<\/div>\n<\/div>\n\n\n\n<div class=\"wp-block-columns is-layout-flex wp-container-core-columns-is-layout-9d6595d7 wp-block-columns-is-layout-flex\">\n<div class=\"wp-block-column is-layout-flow wp-block-column-is-layout-flow\">\n<figure class=\"wp-block-image size-full\"><img decoding=\"async\" width=\"2048\" height=\"2048\" src=\"https:\/\/www.yishengpack.com\/wp-content\/uploads\/2025\/11\/Custom-Luxury-High-End-Watch-Gift-Boxes-Wholesale-Rigid-Electronic-Package-Boxes-5.webp\" alt=\"caixas-presente para rel\u00f3gios de luxo - atacado - caixas r\u00edgidas com impress\u00e3o personalizada - 5\" class=\"wp-image-2624\" srcset=\"https:\/\/www.yishengpack.com\/wp-content\/uploads\/2025\/11\/Custom-Luxury-High-End-Watch-Gift-Boxes-Wholesale-Rigid-Electronic-Package-Boxes-5.webp 2048w, https:\/\/www.yishengpack.com\/wp-content\/uploads\/2025\/11\/Custom-Luxury-High-End-Watch-Gift-Boxes-Wholesale-Rigid-Electronic-Package-Boxes-5-300x300.webp 300w, https:\/\/www.yishengpack.com\/wp-content\/uploads\/2025\/11\/Custom-Luxury-High-End-Watch-Gift-Boxes-Wholesale-Rigid-Electronic-Package-Boxes-5-150x150.webp 150w, https:\/\/www.yishengpack.com\/wp-content\/uploads\/2025\/11\/Custom-Luxury-High-End-Watch-Gift-Boxes-Wholesale-Rigid-Electronic-Package-Boxes-5-768x768.webp 768w, https:\/\/www.yishengpack.com\/wp-content\/uploads\/2025\/11\/Custom-Luxury-High-End-Watch-Gift-Boxes-Wholesale-Rigid-Electronic-Package-Boxes-5-12x12.webp 12w, https:\/\/www.yishengpack.com\/wp-content\/uploads\/2025\/11\/Custom-Luxury-High-End-Watch-Gift-Boxes-Wholesale-Rigid-Electronic-Package-Boxes-5-1200x1200.webp 1200w, https:\/\/www.yishengpack.com\/wp-content\/uploads\/2025\/11\/Custom-Luxury-High-End-Watch-Gift-Boxes-Wholesale-Rigid-Electronic-Package-Boxes-5-600x600.webp 600w, https:\/\/www.yishengpack.com\/wp-content\/uploads\/2025\/11\/Custom-Luxury-High-End-Watch-Gift-Boxes-Wholesale-Rigid-Electronic-Package-Boxes-5-100x100.webp 100w\" sizes=\"(max-width: 2048px) 100vw, 2048px\" \/><\/figure>\n\n\n\n<div class=\"wp-block-buttons has-custom-font-size has-small-font-size is-content-justification-center is-layout-flex wp-container-core-buttons-is-layout-16018d1d wp-block-buttons-is-layout-flex\">\n<div class=\"wp-block-button has-custom-width wp-block-button__width-75\"><a class=\"wp-block-button__link has-background has-small-font-size has-custom-font-size wp-element-button\" href=\"https:\/\/www.yishengpack.com\/pt\/custom-printed-box\/\" style=\"background:linear-gradient(135deg,rgb(254,205,165) 0%,rgb(254,45,45) 0%,rgb(94,15,15) 0%,rgb(94,15,15) 100%)\" target=\"_blank\" rel=\"noreferrer noopener\"><strong>Explorar caixas impressas personalizadas<\/strong><\/a><\/div>\n<\/div>\n<\/div>\n\n\n\n<div class=\"wp-block-column is-layout-flow wp-block-column-is-layout-flow\">\n<figure class=\"wp-block-image size-full\"><img decoding=\"async\" width=\"2048\" height=\"2048\" src=\"https:\/\/www.yishengpack.com\/wp-content\/uploads\/2025\/11\/Custom-Luxury-High-End-Watch-Gift-Boxes-Wholesale-Rigid-Electronic-Package-Boxes-7.webp\" alt=\"caixas-presente para rel\u00f3gios de luxo - atacado - caixa r\u00edgida com impress\u00e3o personalizada - 7\" class=\"wp-image-2626\" srcset=\"https:\/\/www.yishengpack.com\/wp-content\/uploads\/2025\/11\/Custom-Luxury-High-End-Watch-Gift-Boxes-Wholesale-Rigid-Electronic-Package-Boxes-7.webp 2048w, https:\/\/www.yishengpack.com\/wp-content\/uploads\/2025\/11\/Custom-Luxury-High-End-Watch-Gift-Boxes-Wholesale-Rigid-Electronic-Package-Boxes-7-300x300.webp 300w, https:\/\/www.yishengpack.com\/wp-content\/uploads\/2025\/11\/Custom-Luxury-High-End-Watch-Gift-Boxes-Wholesale-Rigid-Electronic-Package-Boxes-7-150x150.webp 150w, https:\/\/www.yishengpack.com\/wp-content\/uploads\/2025\/11\/Custom-Luxury-High-End-Watch-Gift-Boxes-Wholesale-Rigid-Electronic-Package-Boxes-7-768x768.webp 768w, https:\/\/www.yishengpack.com\/wp-content\/uploads\/2025\/11\/Custom-Luxury-High-End-Watch-Gift-Boxes-Wholesale-Rigid-Electronic-Package-Boxes-7-12x12.webp 12w, https:\/\/www.yishengpack.com\/wp-content\/uploads\/2025\/11\/Custom-Luxury-High-End-Watch-Gift-Boxes-Wholesale-Rigid-Electronic-Package-Boxes-7-1200x1200.webp 1200w, https:\/\/www.yishengpack.com\/wp-content\/uploads\/2025\/11\/Custom-Luxury-High-End-Watch-Gift-Boxes-Wholesale-Rigid-Electronic-Package-Boxes-7-600x600.webp 600w, https:\/\/www.yishengpack.com\/wp-content\/uploads\/2025\/11\/Custom-Luxury-High-End-Watch-Gift-Boxes-Wholesale-Rigid-Electronic-Package-Boxes-7-100x100.webp 100w\" sizes=\"(max-width: 2048px) 100vw, 2048px\" \/><\/figure>\n\n\n\n<div class=\"wp-block-buttons has-custom-font-size has-small-font-size is-content-justification-center is-layout-flex wp-container-core-buttons-is-layout-16018d1d wp-block-buttons-is-layout-flex\">\n<div class=\"wp-block-button has-custom-width wp-block-button__width-75\"><a class=\"wp-block-button__link has-background has-small-font-size has-custom-font-size wp-element-button\" href=\"https:\/\/www.yishengpack.com\/pt\/custom-box-inserts-accessories\/\" style=\"background:linear-gradient(135deg,rgb(254,205,165) 0%,rgb(254,45,45) 0%,rgb(94,15,15) 0%,rgb(94,15,15) 100%)\" target=\"_blank\" rel=\"noreferrer noopener\"><strong>Explorar inser\u00e7\u00f5es de caixas personalizadas<\/strong><\/a><\/div>\n<\/div>\n<\/div>\n<\/div>","protected":false},"excerpt":{"rendered":"<p>Bem-vindo ao comprar as nossas caixas de oferta de rel\u00f3gios personalizadas por grosso, com uma estrutura r\u00edgida de primeira qualidade, interior em veludo macio e acabamento met\u00e1lico elegante, tornando-as ideais para embalagens de rel\u00f3gios topo de gama, ofertas e exposi\u00e7\u00e3o a retalho. O seu design personaliz\u00e1vel suporta op\u00e7\u00f5es de marca completas, oferecendo uma apresenta\u00e7\u00e3o refinada e protetora para qualquer rel\u00f3gio.<\/p>\n<h2>Destaques das caixas de oferta de rel\u00f3gios por grosso<\/h2>\n<ul>\n<li>Design de caixa r\u00edgida<\/li>\n<li>Personaliza\u00e7\u00e3o personalizada<\/li>\n<li>Materiais de primeira qualidade<\/li>\n<li>Artesanato de impress\u00e3o requintado<\/li>\n<li>V\u00e1rios tipos de caixas<\/li>\n<li>Cores vivas<\/li>\n<li>Interior personalizado<\/li>\n<li>Estrutura est\u00e1vel<\/li>\n<li>Dur\u00e1vel e protetora<\/li>\n<li>Servi\u00e7o OEM\/ODM<\/li>\n<\/ul>","protected":false},"featured_media":2620,"comment_status":"closed","ping_status":"closed","template":"","meta":{"_acf_changed":false},"box-type":[57],"product_brand":[],"product_cat":[19,40],"product_tag":[],"class_list":{"0":"post-2619","1":"product","2":"type-product","3":"status-publish","4":"has-post-thumbnail","6":"box-type-custom-rigid-box-with-lid","7":"product_cat-luxury-gift-boxes-wholesale","8":"product_cat-custom-jewelry-boxes","10":"first","11":"instock","12":"shipping-taxable","13":"product-type-simple"},"acf":[],"_links":{"self":[{"href":"https:\/\/www.yishengpack.com\/pt\/wp-json\/wp\/v2\/product\/2619","targetHints":{"allow":["GET"]}}],"collection":[{"href":"https:\/\/www.yishengpack.com\/pt\/wp-json\/wp\/v2\/product"}],"about":[{"href":"https:\/\/www.yishengpack.com\/pt\/wp-json\/wp\/v2\/types\/product"}],"replies":[{"embeddable":true,"href":"https:\/\/www.yishengpack.com\/pt\/wp-json\/wp\/v2\/comments?post=2619"}],"wp:featuredmedia":[{"embeddable":true,"href":"https:\/\/www.yishengpack.com\/pt\/wp-json\/wp\/v2\/media\/2620"}],"wp:attachment":[{"href":"https:\/\/www.yishengpack.com\/pt\/wp-json\/wp\/v2\/media?parent=2619"}],"wp:term":[{"taxonomy":"box-type","embeddable":true,"href":"https:\/\/www.yishengpack.com\/pt\/wp-json\/wp\/v2\/box-type?post=2619"},{"taxonomy":"product_brand","embeddable":true,"href":"https:\/\/www.yishengpack.com\/pt\/wp-json\/wp\/v2\/product_brand?post=2619"},{"taxonomy":"product_cat","embeddable":true,"href":"https:\/\/www.yishengpack.com\/pt\/wp-json\/wp\/v2\/product_cat?post=2619"},{"taxonomy":"product_tag","embeddable":true,"href":"https:\/\/www.yishengpack.com\/pt\/wp-json\/wp\/v2\/product_tag?post=2619"}],"curies":[{"name":"wp","href":"https:\/\/api.w.org\/{rel}","templated":true}]}}