{"id":2609,"date":"2025-12-08T07:30:18","date_gmt":"2025-12-08T07:30:18","guid":{"rendered":"https:\/\/www.yishengpack.com\/?post_type=product&#038;p=2609"},"modified":"2025-12-08T07:30:19","modified_gmt":"2025-12-08T07:30:19","slug":"clothing-packaging-boxes-wholesale","status":"publish","type":"product","link":"https:\/\/www.yishengpack.com\/pt\/product\/clothing-packaging-boxes-wholesale\/","title":{"rendered":"Caixas para embalagem de roupas por grosso, caixas personalizadas para vestu\u00e1rio"},"content":{"rendered":"<div class=\"wp-block-columns is-layout-flex wp-container-core-columns-is-layout-9d6595d7 wp-block-columns-is-layout-flex\">\n<div class=\"wp-block-column is-layout-flow wp-block-column-is-layout-flow\">\n<h3 class=\"wp-block-heading\">Caracter\u00edsticas das caixas para embalagem de roupas por atacado<\/h3>\n\n\n\n<p><strong>Desembalagem suave com tampa flip-top:<\/strong> Estas caixas para embalagem de roupas por atacado apresentam um design flip-top suave, permitindo f\u00e1cil acesso a itens como camisas, vestidos e len\u00e7os. \u00c9 perfeita para proporcionar uma experi\u00eancia satisfat\u00f3ria de desembalagem para os amantes da moda.<\/p>\n\n\n\n<p><strong>Constru\u00e7\u00e3o robusta para vestu\u00e1rio: <\/strong>Estas caixas para embalagem de roupas s\u00e3o fabricadas com cart\u00e3o de alta qualidade, estrutura resistente, resistentes \u00e0 press\u00e3o e \u00e0 deforma\u00e7\u00e3o, adequadas para marcas de roupas de alta qualidade.<\/p>\n\n\n\n<p><strong>Sele\u00e7\u00f5es de cores vibrantes:<\/strong> A caixa personalizada para vestu\u00e1rio oferece uma ampla variedade de cores diferentes, incluindo roxo, laranja e vermelho. Essas cores conferem um toque elegante \u00e0 embalagem e podem ser usadas para real\u00e7ar a marca e\/ou como embalagem para presente de vestu\u00e1rio.<\/p>\n\n\n\n<p><strong>Personaliza\u00e7\u00e3o exclusiva da marca:<\/strong> Estas caixas de embalagem para vestu\u00e1rio por grosso suportam processos como estampagem a quente de log\u00f3tipos, impress\u00e3o UV, grava\u00e7\u00e3o em relevo, serigrafia e impress\u00e3o a cores, criando uma identidade visual forte da marca e aumentando o valor da embalagem do produto.<\/p>\n\n\n\n<p><strong>V\u00e1rios tamanhos e estruturas dispon\u00edveis:<\/strong> A caixa personalizada para v\u00e1rias categorias de vestu\u00e1rio, como camisetas, casacos, camisolas, cal\u00e7as e roupa interior, com suporte para tamanhos e estruturas personalizados.<\/p>\n<\/div>\n\n\n\n<div class=\"wp-block-column is-layout-flow wp-block-column-is-layout-flow\">\n<figure class=\"wp-block-image size-full\"><img decoding=\"async\" width=\"2048\" height=\"2048\" src=\"https:\/\/www.yishengpack.com\/wp-content\/uploads\/2025\/11\/Bulk-Clothing-Package-Boxes-Wholesale-High-Quality-Rigid-Paper-Boxes-for-Skirts-Jeans-Packaging-4.webp\" alt=\"caixas-para-embalagem-de-roupas-atacado-caixas-personalizadas-para-roupas-4\" class=\"wp-image-2615\" srcset=\"https:\/\/www.yishengpack.com\/wp-content\/uploads\/2025\/11\/Bulk-Clothing-Package-Boxes-Wholesale-High-Quality-Rigid-Paper-Boxes-for-Skirts-Jeans-Packaging-4.webp 2048w, https:\/\/www.yishengpack.com\/wp-content\/uploads\/2025\/11\/Bulk-Clothing-Package-Boxes-Wholesale-High-Quality-Rigid-Paper-Boxes-for-Skirts-Jeans-Packaging-4-300x300.webp 300w, https:\/\/www.yishengpack.com\/wp-content\/uploads\/2025\/11\/Bulk-Clothing-Package-Boxes-Wholesale-High-Quality-Rigid-Paper-Boxes-for-Skirts-Jeans-Packaging-4-150x150.webp 150w, https:\/\/www.yishengpack.com\/wp-content\/uploads\/2025\/11\/Bulk-Clothing-Package-Boxes-Wholesale-High-Quality-Rigid-Paper-Boxes-for-Skirts-Jeans-Packaging-4-768x768.webp 768w, https:\/\/www.yishengpack.com\/wp-content\/uploads\/2025\/11\/Bulk-Clothing-Package-Boxes-Wholesale-High-Quality-Rigid-Paper-Boxes-for-Skirts-Jeans-Packaging-4-12x12.webp 12w, https:\/\/www.yishengpack.com\/wp-content\/uploads\/2025\/11\/Bulk-Clothing-Package-Boxes-Wholesale-High-Quality-Rigid-Paper-Boxes-for-Skirts-Jeans-Packaging-4-1200x1200.webp 1200w, https:\/\/www.yishengpack.com\/wp-content\/uploads\/2025\/11\/Bulk-Clothing-Package-Boxes-Wholesale-High-Quality-Rigid-Paper-Boxes-for-Skirts-Jeans-Packaging-4-600x600.webp 600w, https:\/\/www.yishengpack.com\/wp-content\/uploads\/2025\/11\/Bulk-Clothing-Package-Boxes-Wholesale-High-Quality-Rigid-Paper-Boxes-for-Skirts-Jeans-Packaging-4-100x100.webp 100w\" sizes=\"(max-width: 2048px) 100vw, 2048px\" \/><\/figure>\n<\/div>\n<\/div>\n\n\n\n<div class=\"wp-block-columns is-layout-flex wp-container-core-columns-is-layout-9d6595d7 wp-block-columns-is-layout-flex\">\n<div class=\"wp-block-column is-layout-flow wp-block-column-is-layout-flow\">\n<figure class=\"wp-block-image size-full\"><img decoding=\"async\" width=\"2048\" height=\"2048\" src=\"https:\/\/www.yishengpack.com\/wp-content\/uploads\/2025\/11\/Bulk-Clothing-Package-Boxes-Wholesale-High-Quality-Rigid-Paper-Boxes-for-Skirts-Jeans-Packaging-6.webp\" alt=\"caixas-para-embalagem-de-roupas-atacado-caixas-personalizadas-para-roupas-6\" class=\"wp-image-2617\" srcset=\"https:\/\/www.yishengpack.com\/wp-content\/uploads\/2025\/11\/Bulk-Clothing-Package-Boxes-Wholesale-High-Quality-Rigid-Paper-Boxes-for-Skirts-Jeans-Packaging-6.webp 2048w, https:\/\/www.yishengpack.com\/wp-content\/uploads\/2025\/11\/Bulk-Clothing-Package-Boxes-Wholesale-High-Quality-Rigid-Paper-Boxes-for-Skirts-Jeans-Packaging-6-300x300.webp 300w, https:\/\/www.yishengpack.com\/wp-content\/uploads\/2025\/11\/Bulk-Clothing-Package-Boxes-Wholesale-High-Quality-Rigid-Paper-Boxes-for-Skirts-Jeans-Packaging-6-150x150.webp 150w, https:\/\/www.yishengpack.com\/wp-content\/uploads\/2025\/11\/Bulk-Clothing-Package-Boxes-Wholesale-High-Quality-Rigid-Paper-Boxes-for-Skirts-Jeans-Packaging-6-768x768.webp 768w, https:\/\/www.yishengpack.com\/wp-content\/uploads\/2025\/11\/Bulk-Clothing-Package-Boxes-Wholesale-High-Quality-Rigid-Paper-Boxes-for-Skirts-Jeans-Packaging-6-12x12.webp 12w, https:\/\/www.yishengpack.com\/wp-content\/uploads\/2025\/11\/Bulk-Clothing-Package-Boxes-Wholesale-High-Quality-Rigid-Paper-Boxes-for-Skirts-Jeans-Packaging-6-1200x1200.webp 1200w, https:\/\/www.yishengpack.com\/wp-content\/uploads\/2025\/11\/Bulk-Clothing-Package-Boxes-Wholesale-High-Quality-Rigid-Paper-Boxes-for-Skirts-Jeans-Packaging-6-600x600.webp 600w, https:\/\/www.yishengpack.com\/wp-content\/uploads\/2025\/11\/Bulk-Clothing-Package-Boxes-Wholesale-High-Quality-Rigid-Paper-Boxes-for-Skirts-Jeans-Packaging-6-100x100.webp 100w\" sizes=\"(max-width: 2048px) 100vw, 2048px\" \/><\/figure>\n\n\n\n<div class=\"wp-block-buttons has-custom-font-size has-small-font-size is-content-justification-center is-layout-flex wp-container-core-buttons-is-layout-16018d1d wp-block-buttons-is-layout-flex\">\n<div class=\"wp-block-button has-custom-width wp-block-button__width-75\"><a class=\"wp-block-button__link has-background has-small-font-size has-custom-font-size wp-element-button\" href=\"https:\/\/www.yishengpack.com\/pt\/custom-printed-box\/\" style=\"background:linear-gradient(135deg,rgb(254,205,165) 0%,rgb(254,45,45) 0%,rgb(94,15,15) 0%,rgb(94,15,15) 100%)\" target=\"_blank\" rel=\"noreferrer noopener\"><strong>Explorar caixas impressas personalizadas<\/strong><\/a><\/div>\n<\/div>\n<\/div>\n\n\n\n<div class=\"wp-block-column is-layout-flow wp-block-column-is-layout-flow\">\n<figure class=\"wp-block-image size-full\"><img decoding=\"async\" width=\"2048\" height=\"2048\" src=\"https:\/\/www.yishengpack.com\/wp-content\/uploads\/2025\/11\/Bulk-Clothing-Package-Boxes-Wholesale-High-Quality-Rigid-Paper-Boxes-for-Skirts-Jeans-Packaging-7.webp\" alt=\"caixas-para-embalagem-de-roupas-atacado-caixas-personalizadas-para-roupas-7\" class=\"wp-image-2618\" srcset=\"https:\/\/www.yishengpack.com\/wp-content\/uploads\/2025\/11\/Bulk-Clothing-Package-Boxes-Wholesale-High-Quality-Rigid-Paper-Boxes-for-Skirts-Jeans-Packaging-7.webp 2048w, https:\/\/www.yishengpack.com\/wp-content\/uploads\/2025\/11\/Bulk-Clothing-Package-Boxes-Wholesale-High-Quality-Rigid-Paper-Boxes-for-Skirts-Jeans-Packaging-7-300x300.webp 300w, https:\/\/www.yishengpack.com\/wp-content\/uploads\/2025\/11\/Bulk-Clothing-Package-Boxes-Wholesale-High-Quality-Rigid-Paper-Boxes-for-Skirts-Jeans-Packaging-7-150x150.webp 150w, https:\/\/www.yishengpack.com\/wp-content\/uploads\/2025\/11\/Bulk-Clothing-Package-Boxes-Wholesale-High-Quality-Rigid-Paper-Boxes-for-Skirts-Jeans-Packaging-7-768x768.webp 768w, https:\/\/www.yishengpack.com\/wp-content\/uploads\/2025\/11\/Bulk-Clothing-Package-Boxes-Wholesale-High-Quality-Rigid-Paper-Boxes-for-Skirts-Jeans-Packaging-7-12x12.webp 12w, https:\/\/www.yishengpack.com\/wp-content\/uploads\/2025\/11\/Bulk-Clothing-Package-Boxes-Wholesale-High-Quality-Rigid-Paper-Boxes-for-Skirts-Jeans-Packaging-7-1200x1200.webp 1200w, https:\/\/www.yishengpack.com\/wp-content\/uploads\/2025\/11\/Bulk-Clothing-Package-Boxes-Wholesale-High-Quality-Rigid-Paper-Boxes-for-Skirts-Jeans-Packaging-7-600x600.webp 600w, https:\/\/www.yishengpack.com\/wp-content\/uploads\/2025\/11\/Bulk-Clothing-Package-Boxes-Wholesale-High-Quality-Rigid-Paper-Boxes-for-Skirts-Jeans-Packaging-7-100x100.webp 100w\" sizes=\"(max-width: 2048px) 100vw, 2048px\" \/><\/figure>\n\n\n\n<div class=\"wp-block-buttons has-custom-font-size has-small-font-size is-content-justification-center is-layout-flex wp-container-core-buttons-is-layout-16018d1d wp-block-buttons-is-layout-flex\">\n<div class=\"wp-block-button has-custom-width wp-block-button__width-75\"><a class=\"wp-block-button__link has-background has-small-font-size has-custom-font-size wp-element-button\" href=\"https:\/\/www.yishengpack.com\/pt\/custom-product-boxes-types\/\" style=\"background:linear-gradient(135deg,rgb(254,205,165) 0%,rgb(254,45,45) 0%,rgb(94,15,15) 0%,rgb(94,15,15) 100%)\" target=\"_blank\" rel=\"noreferrer noopener\"><strong>Explore os tipos de caixas personalizadas<\/strong><\/a><\/div>\n<\/div>\n<\/div>\n<\/div>","protected":false},"excerpt":{"rendered":"<p>Bem-vindo \u00e0 compra por grosso das nossas caixas de embalagem para vestu\u00e1rio, com estruturas r\u00edgidas dobr\u00e1veis premium e op\u00e7\u00f5es de impress\u00e3o totalmente personalizadas, permitindo que a sua marca ofere\u00e7a uma experi\u00eancia de desembalagem luxuosa, reduzindo os custos de envio e armazenamento. Perfeito para marcas de vestu\u00e1rio que procuram solu\u00e7\u00f5es de embalagem sofisticadas, dur\u00e1veis e totalmente personaliz\u00e1veis.<\/p>\n<h2>Destaques das caixas de embalagem para roupas por atacado<\/h2>\n<ul>\n<li>Constru\u00e7\u00e3o em cart\u00e3o de alta resist\u00eancia<\/li>\n<li>Design dobr\u00e1vel<\/li>\n<li>Experi\u00eancia premium de desembalagem<\/li>\n<li>Constru\u00e7\u00e3o robusta<\/li>\n<li>Personaliza\u00e7\u00e3o total<\/li>\n<li>Trabalho cuidadoso<\/li>\n<li>V\u00e1rios tamanhos de caixas<\/li>\n<li>Op\u00e7\u00f5es de cores m\u00faltiplas<\/li>\n<\/ul>","protected":false},"featured_media":2612,"comment_status":"closed","ping_status":"closed","template":"","meta":{"_acf_changed":false},"box-type":[55],"product_brand":[],"product_cat":[19,66,46,69,67],"product_tag":[],"class_list":{"0":"post-2609","1":"product","2":"type-product","3":"status-publish","4":"has-post-thumbnail","6":"box-type-custom-foldable-boxes","7":"product_cat-luxury-gift-boxes-wholesale","8":"product_cat-custom-apparel-boxes","9":"product_cat-wholesale-paper-boxes","10":"product_cat-custom-retail-boxes","11":"product_cat-custom-shipping-boxes","13":"first","14":"instock","15":"shipping-taxable","16":"product-type-simple"},"acf":[],"_links":{"self":[{"href":"https:\/\/www.yishengpack.com\/pt\/wp-json\/wp\/v2\/product\/2609","targetHints":{"allow":["GET"]}}],"collection":[{"href":"https:\/\/www.yishengpack.com\/pt\/wp-json\/wp\/v2\/product"}],"about":[{"href":"https:\/\/www.yishengpack.com\/pt\/wp-json\/wp\/v2\/types\/product"}],"replies":[{"embeddable":true,"href":"https:\/\/www.yishengpack.com\/pt\/wp-json\/wp\/v2\/comments?post=2609"}],"wp:featuredmedia":[{"embeddable":true,"href":"https:\/\/www.yishengpack.com\/pt\/wp-json\/wp\/v2\/media\/2612"}],"wp:attachment":[{"href":"https:\/\/www.yishengpack.com\/pt\/wp-json\/wp\/v2\/media?parent=2609"}],"wp:term":[{"taxonomy":"box-type","embeddable":true,"href":"https:\/\/www.yishengpack.com\/pt\/wp-json\/wp\/v2\/box-type?post=2609"},{"taxonomy":"product_brand","embeddable":true,"href":"https:\/\/www.yishengpack.com\/pt\/wp-json\/wp\/v2\/product_brand?post=2609"},{"taxonomy":"product_cat","embeddable":true,"href":"https:\/\/www.yishengpack.com\/pt\/wp-json\/wp\/v2\/product_cat?post=2609"},{"taxonomy":"product_tag","embeddable":true,"href":"https:\/\/www.yishengpack.com\/pt\/wp-json\/wp\/v2\/product_tag?post=2609"}],"curies":[{"name":"wp","href":"https:\/\/api.w.org\/{rel}","templated":true}]}}