{"id":2600,"date":"2025-11-25T07:02:28","date_gmt":"2025-11-25T07:02:28","guid":{"rendered":"https:\/\/www.yishengpack.com\/?post_type=product&#038;p=2600"},"modified":"2025-11-25T07:02:28","modified_gmt":"2025-11-25T07:02:28","slug":"apparel-paper-bags-wholesale","status":"publish","type":"product","link":"https:\/\/www.yishengpack.com\/pt\/product\/apparel-paper-bags-wholesale\/","title":{"rendered":"Sacos de papel para vestu\u00e1rio por grosso, sacos de papel personalizados"},"content":{"rendered":"<div class=\"wp-block-columns is-layout-flex wp-container-core-columns-is-layout-9d6595d7 wp-block-columns-is-layout-flex\">\n<div class=\"wp-block-column is-layout-flow wp-block-column-is-layout-flow\">\n<h3 class=\"wp-block-heading\">Carater\u00edsticas dos sacos de papel para vestu\u00e1rio por grosso<\/h3>\n\n\n\n<p><strong>Material de papel de qualidade superior:<\/strong> Estes sacos de papel para vestu\u00e1rio s\u00e3o fabricados com papel kraft, cart\u00e3o branco, papel especial, papel resistente e dur\u00e1vel, constituindo uma excelente base r\u00edgida para transportar artigos de retalho, como vestu\u00e1rio ou acess\u00f3rios. Estes sacos mant\u00eam bem a sua forma.<\/p>\n\n\n\n<p><strong>Constru\u00e7\u00e3o refor\u00e7ada:<\/strong> Estes sacos de papel para vestu\u00e1rio por atacado t\u00eam uma base de cart\u00e3o refor\u00e7ada emparelhada com pegas robustas que aumentam a capacidade de carga e a durabilidade gerais, adequadas para lojas de vestu\u00e1rio, expedi\u00e7\u00e3o de com\u00e9rcio eletr\u00f3nico e embalagens para boutiques.<\/p>\n\n\n\n<p><strong>Pega de corda para um transporte confort\u00e1vel:<\/strong> Estes sacos de papel para vestu\u00e1rio por atacado possuem uma pega de corda, proporcionando uma experi\u00eancia de transporte confort\u00e1vel e elegante. \u00c9 perfeito para guardar roupa como camisolas, cal\u00e7as de ganga e cachec\u00f3is, garantindo um transporte f\u00e1cil e uma apresenta\u00e7\u00e3o de qualidade.<\/p>\n\n\n\n<p><strong>Estrutura dobr\u00e1vel:<\/strong> Estes sacos de transporte de papel impressos personalizados t\u00eam um design dobr\u00e1vel, permitindo uma f\u00e1cil arruma\u00e7\u00e3o e transporte de v\u00e1rios tipos de artigos de vestu\u00e1rio e foram concebidos para serem facilmente dobrados e guardados quando n\u00e3o est\u00e3o a ser utilizados, proporcionando uma solu\u00e7\u00e3o de arruma\u00e7\u00e3o compacta e tamb\u00e9m a solu\u00e7\u00e3o perfeita para a embalagem de vestu\u00e1rio.<\/p>\n\n\n\n<p><strong>Impress\u00e3o de log\u00f3tipo personalizado: <\/strong>Estes sacos de transporte de papel impressos personalizados permitem a personaliza\u00e7\u00e3o a cores de log\u00f3tipos, cores da marca e padr\u00f5es. Est\u00e3o dispon\u00edveis v\u00e1rios processos, incluindo estampagem a quente, revestimento UV, grava\u00e7\u00e3o em relevo e lamina\u00e7\u00e3o, apresentando um efeito visual de marca topo de gama.<\/p>\n\n\n\n<p><strong>Suporte por atacado e OEM\/ODM:<\/strong> Fornecimento direto da f\u00e1brica de sacos de papel para vestu\u00e1rio, fornecendo personaliza\u00e7\u00e3o de grande volume e servi\u00e7os OEM\/ODM, produ\u00e7\u00e3o est\u00e1vel, amostragem r\u00e1pida, adequada para coopera\u00e7\u00e3o a longo prazo entre marcas e grossistas.<\/p>\n<\/div>\n\n\n\n<div class=\"wp-block-column is-layout-flow wp-block-column-is-layout-flow\">\n<figure class=\"wp-block-image size-full\"><img decoding=\"async\" width=\"2048\" height=\"2048\" src=\"https:\/\/www.yishengpack.com\/wp-content\/uploads\/2025\/11\/Wholesale-Foldable-Apparel-Bags-Custom-Handled-Paper-Bags-with-Unique-Print-Pattern-2.webp\" alt=\"sacos de papel para vestu\u00e1rio - venda por grosso de sacos de papel personalizados - 2\" class=\"wp-image-2602\" srcset=\"https:\/\/www.yishengpack.com\/wp-content\/uploads\/2025\/11\/Wholesale-Foldable-Apparel-Bags-Custom-Handled-Paper-Bags-with-Unique-Print-Pattern-2.webp 2048w, https:\/\/www.yishengpack.com\/wp-content\/uploads\/2025\/11\/Wholesale-Foldable-Apparel-Bags-Custom-Handled-Paper-Bags-with-Unique-Print-Pattern-2-300x300.webp 300w, https:\/\/www.yishengpack.com\/wp-content\/uploads\/2025\/11\/Wholesale-Foldable-Apparel-Bags-Custom-Handled-Paper-Bags-with-Unique-Print-Pattern-2-150x150.webp 150w, https:\/\/www.yishengpack.com\/wp-content\/uploads\/2025\/11\/Wholesale-Foldable-Apparel-Bags-Custom-Handled-Paper-Bags-with-Unique-Print-Pattern-2-768x768.webp 768w, https:\/\/www.yishengpack.com\/wp-content\/uploads\/2025\/11\/Wholesale-Foldable-Apparel-Bags-Custom-Handled-Paper-Bags-with-Unique-Print-Pattern-2-12x12.webp 12w, https:\/\/www.yishengpack.com\/wp-content\/uploads\/2025\/11\/Wholesale-Foldable-Apparel-Bags-Custom-Handled-Paper-Bags-with-Unique-Print-Pattern-2-1200x1200.webp 1200w, https:\/\/www.yishengpack.com\/wp-content\/uploads\/2025\/11\/Wholesale-Foldable-Apparel-Bags-Custom-Handled-Paper-Bags-with-Unique-Print-Pattern-2-600x600.webp 600w, https:\/\/www.yishengpack.com\/wp-content\/uploads\/2025\/11\/Wholesale-Foldable-Apparel-Bags-Custom-Handled-Paper-Bags-with-Unique-Print-Pattern-2-100x100.webp 100w\" sizes=\"(max-width: 2048px) 100vw, 2048px\" \/><\/figure>\n<\/div>\n<\/div>\n\n\n\n<div class=\"wp-block-columns is-layout-flex wp-container-core-columns-is-layout-9d6595d7 wp-block-columns-is-layout-flex\">\n<div class=\"wp-block-column is-layout-flow wp-block-column-is-layout-flow\">\n<figure class=\"wp-block-image size-full\"><img decoding=\"async\" width=\"2048\" height=\"2048\" src=\"https:\/\/www.yishengpack.com\/wp-content\/uploads\/2025\/11\/Wholesale-Foldable-Apparel-Bags-Custom-Handled-Paper-Bags-with-Unique-Print-Pattern-6.webp\" alt=\"sacos de papel para vestu\u00e1rio - venda por grosso de sacos de papel personalizados - 6\" class=\"wp-image-2606\" srcset=\"https:\/\/www.yishengpack.com\/wp-content\/uploads\/2025\/11\/Wholesale-Foldable-Apparel-Bags-Custom-Handled-Paper-Bags-with-Unique-Print-Pattern-6.webp 2048w, https:\/\/www.yishengpack.com\/wp-content\/uploads\/2025\/11\/Wholesale-Foldable-Apparel-Bags-Custom-Handled-Paper-Bags-with-Unique-Print-Pattern-6-300x300.webp 300w, https:\/\/www.yishengpack.com\/wp-content\/uploads\/2025\/11\/Wholesale-Foldable-Apparel-Bags-Custom-Handled-Paper-Bags-with-Unique-Print-Pattern-6-150x150.webp 150w, https:\/\/www.yishengpack.com\/wp-content\/uploads\/2025\/11\/Wholesale-Foldable-Apparel-Bags-Custom-Handled-Paper-Bags-with-Unique-Print-Pattern-6-768x768.webp 768w, https:\/\/www.yishengpack.com\/wp-content\/uploads\/2025\/11\/Wholesale-Foldable-Apparel-Bags-Custom-Handled-Paper-Bags-with-Unique-Print-Pattern-6-12x12.webp 12w, https:\/\/www.yishengpack.com\/wp-content\/uploads\/2025\/11\/Wholesale-Foldable-Apparel-Bags-Custom-Handled-Paper-Bags-with-Unique-Print-Pattern-6-1200x1200.webp 1200w, https:\/\/www.yishengpack.com\/wp-content\/uploads\/2025\/11\/Wholesale-Foldable-Apparel-Bags-Custom-Handled-Paper-Bags-with-Unique-Print-Pattern-6-600x600.webp 600w, https:\/\/www.yishengpack.com\/wp-content\/uploads\/2025\/11\/Wholesale-Foldable-Apparel-Bags-Custom-Handled-Paper-Bags-with-Unique-Print-Pattern-6-100x100.webp 100w\" sizes=\"(max-width: 2048px) 100vw, 2048px\" \/><\/figure>\n\n\n\n<div class=\"wp-block-buttons has-custom-font-size has-small-font-size is-content-justification-center is-layout-flex wp-container-core-buttons-is-layout-16018d1d wp-block-buttons-is-layout-flex\">\n<div class=\"wp-block-button has-custom-width wp-block-button__width-75\"><a class=\"wp-block-button__link has-background has-small-font-size has-custom-font-size wp-element-button\" href=\"https:\/\/www.yishengpack.com\/pt\/custom-printed-box\/\" style=\"background:linear-gradient(135deg,rgb(254,205,165) 0%,rgb(254,45,45) 0%,rgb(94,15,15) 0%,rgb(94,15,15) 100%)\" target=\"_blank\" rel=\"noreferrer noopener\"><strong>Explorar caixas impressas personalizadas<\/strong><\/a><\/div>\n<\/div>\n<\/div>\n\n\n\n<div class=\"wp-block-column is-layout-flow wp-block-column-is-layout-flow\">\n<figure class=\"wp-block-image size-full\"><img decoding=\"async\" width=\"2048\" height=\"2048\" src=\"https:\/\/www.yishengpack.com\/wp-content\/uploads\/2025\/11\/Wholesale-Foldable-Apparel-Bags-Custom-Handled-Paper-Bags-with-Unique-Print-Pattern-7.webp\" alt=\"sacos de papel para vestu\u00e1rio - grossistas - personalizados-7\" class=\"wp-image-2607\" srcset=\"https:\/\/www.yishengpack.com\/wp-content\/uploads\/2025\/11\/Wholesale-Foldable-Apparel-Bags-Custom-Handled-Paper-Bags-with-Unique-Print-Pattern-7.webp 2048w, https:\/\/www.yishengpack.com\/wp-content\/uploads\/2025\/11\/Wholesale-Foldable-Apparel-Bags-Custom-Handled-Paper-Bags-with-Unique-Print-Pattern-7-300x300.webp 300w, https:\/\/www.yishengpack.com\/wp-content\/uploads\/2025\/11\/Wholesale-Foldable-Apparel-Bags-Custom-Handled-Paper-Bags-with-Unique-Print-Pattern-7-150x150.webp 150w, https:\/\/www.yishengpack.com\/wp-content\/uploads\/2025\/11\/Wholesale-Foldable-Apparel-Bags-Custom-Handled-Paper-Bags-with-Unique-Print-Pattern-7-768x768.webp 768w, https:\/\/www.yishengpack.com\/wp-content\/uploads\/2025\/11\/Wholesale-Foldable-Apparel-Bags-Custom-Handled-Paper-Bags-with-Unique-Print-Pattern-7-12x12.webp 12w, https:\/\/www.yishengpack.com\/wp-content\/uploads\/2025\/11\/Wholesale-Foldable-Apparel-Bags-Custom-Handled-Paper-Bags-with-Unique-Print-Pattern-7-1200x1200.webp 1200w, https:\/\/www.yishengpack.com\/wp-content\/uploads\/2025\/11\/Wholesale-Foldable-Apparel-Bags-Custom-Handled-Paper-Bags-with-Unique-Print-Pattern-7-600x600.webp 600w, https:\/\/www.yishengpack.com\/wp-content\/uploads\/2025\/11\/Wholesale-Foldable-Apparel-Bags-Custom-Handled-Paper-Bags-with-Unique-Print-Pattern-7-100x100.webp 100w\" sizes=\"(max-width: 2048px) 100vw, 2048px\" \/><\/figure>\n\n\n\n<div class=\"wp-block-buttons has-custom-font-size has-small-font-size is-content-justification-center is-layout-flex wp-container-core-buttons-is-layout-16018d1d wp-block-buttons-is-layout-flex\">\n<div class=\"wp-block-button has-custom-width wp-block-button__width-75\"><a class=\"wp-block-button__link has-background has-small-font-size has-custom-font-size wp-element-button\" href=\"https:\/\/www.yishengpack.com\/pt\/custom-product-boxes-types\/\" style=\"background:linear-gradient(135deg,rgb(254,205,165) 0%,rgb(254,45,45) 0%,rgb(94,15,15) 0%,rgb(94,15,15) 100%)\" target=\"_blank\" rel=\"noreferrer noopener\"><strong>Explorar o Custom B<\/strong>ag<strong> Tipos<\/strong><\/a><\/div>\n<\/div>\n<\/div>\n<\/div>","protected":false},"excerpt":{"rendered":"<p>Bem-vindo ao comprar os nossos sacos de papel para vestu\u00e1rio por atacado, concebidos para marcas de moda e lojas de retalho, oferecendo materiais duradouros e ecol\u00f3gicos e um log\u00f3tipo totalmente personalizado. Com op\u00e7\u00f5es de impress\u00e3o de alta qualidade, constru\u00e7\u00e3o robusta e v\u00e1rias op\u00e7\u00f5es de estilo, estes sacos de papel personalizados elevam a apresenta\u00e7\u00e3o da marca ao mesmo tempo que proporcionam um desempenho fi\u00e1vel para embalagens de vestu\u00e1rio e boutiques.<\/p>\n<h2>Destaques dos sacos de papel para vestu\u00e1rio por grosso<\/h2>\n<ul>\n<li>Trabalho meticuloso<\/li>\n<li>Possibilidade de personaliza\u00e7\u00e3o completa<\/li>\n<li>Materiais de alta qualidade<\/li>\n<li>V\u00e1rios tamanhos de sacos<\/li>\n<li>Dur\u00e1vel e resistente<\/li>\n<li>Desenho impresso exclusivo<\/li>\n<li>V\u00e1rias pegas<\/li>\n<li>Suporte OEM\/ODM<\/li>\n<\/ul>","protected":false},"featured_media":2601,"comment_status":"closed","ping_status":"closed","template":"","meta":{"_acf_changed":false},"box-type":[52],"product_brand":[],"product_cat":[34,70],"product_tag":[],"class_list":{"0":"post-2600","1":"product","2":"type-product","3":"status-publish","4":"has-post-thumbnail","6":"box-type-custom-rope-handle-paper-bags","7":"product_cat-paper-bags-wholesale","8":"product_cat-custom-clothing-bags","10":"first","11":"instock","12":"shipping-taxable","13":"product-type-simple"},"acf":[],"_links":{"self":[{"href":"https:\/\/www.yishengpack.com\/pt\/wp-json\/wp\/v2\/product\/2600","targetHints":{"allow":["GET"]}}],"collection":[{"href":"https:\/\/www.yishengpack.com\/pt\/wp-json\/wp\/v2\/product"}],"about":[{"href":"https:\/\/www.yishengpack.com\/pt\/wp-json\/wp\/v2\/types\/product"}],"replies":[{"embeddable":true,"href":"https:\/\/www.yishengpack.com\/pt\/wp-json\/wp\/v2\/comments?post=2600"}],"wp:featuredmedia":[{"embeddable":true,"href":"https:\/\/www.yishengpack.com\/pt\/wp-json\/wp\/v2\/media\/2601"}],"wp:attachment":[{"href":"https:\/\/www.yishengpack.com\/pt\/wp-json\/wp\/v2\/media?parent=2600"}],"wp:term":[{"taxonomy":"box-type","embeddable":true,"href":"https:\/\/www.yishengpack.com\/pt\/wp-json\/wp\/v2\/box-type?post=2600"},{"taxonomy":"product_brand","embeddable":true,"href":"https:\/\/www.yishengpack.com\/pt\/wp-json\/wp\/v2\/product_brand?post=2600"},{"taxonomy":"product_cat","embeddable":true,"href":"https:\/\/www.yishengpack.com\/pt\/wp-json\/wp\/v2\/product_cat?post=2600"},{"taxonomy":"product_tag","embeddable":true,"href":"https:\/\/www.yishengpack.com\/pt\/wp-json\/wp\/v2\/product_tag?post=2600"}],"curies":[{"name":"wp","href":"https:\/\/api.w.org\/{rel}","templated":true}]}}