{"id":2592,"date":"2025-11-25T03:34:38","date_gmt":"2025-11-25T03:34:38","guid":{"rendered":"https:\/\/www.yishengpack.com\/?post_type=product&#038;p=2592"},"modified":"2025-11-25T03:34:39","modified_gmt":"2025-11-25T03:34:39","slug":"food-gift-boxes-wholesale","status":"publish","type":"product","link":"https:\/\/www.yishengpack.com\/pt\/product\/food-gift-boxes-wholesale\/","title":{"rendered":"Caixas de presente para alimentos por atacado, caixas dobr\u00e1veis personalizadas com bandeja interna"},"content":{"rendered":"<div class=\"wp-block-columns is-layout-flex wp-container-core-columns-is-layout-9d6595d7 wp-block-columns-is-layout-flex\">\n<div class=\"wp-block-column is-layout-flow wp-block-column-is-layout-flow\">\n<h3 class=\"wp-block-heading\">Carater\u00edsticas das caixas de oferta para alimentos Caixa por grosso<\/h3>\n\n\n\n<p><strong>Disposi\u00e7\u00e3o dos compartimentos seccionados: <\/strong>Estas caixas de oferta de alimentos por atacado apresentam uma disposi\u00e7\u00e3o de compartimentos seccionados, ideal para guardar separadamente diferentes alimentos, como pastelaria, sandes e artigos fritos. Garante que cada item alimentar permanece intacto, proporcionando uma experi\u00eancia gastron\u00f3mica organizada.<\/p>\n\n\n\n<p><strong>Materiais de qualidade alimentar:<\/strong> Estas caixas dobr\u00e1veis personalizadas s\u00e3o fabricadas com materiais de qualidade alimentar e s\u00e3o suficientemente duradouras para conter qualquer tipo de produto alimentar, incluindo artigos delicados como Macarons ou Sushi saud\u00e1vel. Estas caixas de papel proteger\u00e3o e preservar\u00e3o os seus produtos alimentares de forma segura e protegida, permitindo-lhe satisfazer todas as suas necessidades de embalagem de alimentos com confian\u00e7a.<\/p>\n\n\n\n<p><strong>Veda\u00e7\u00e3o segura com fecho de press\u00e3o:<\/strong> Estas caixas dobr\u00e1veis personalizadas tamb\u00e9m possuem um mecanismo de veda\u00e7\u00e3o seguro com fecho de press\u00e3o que garante a seguran\u00e7a dos alimentos durante o transporte. O design encapsulado evita que os alimentos se entornem e mant\u00e9m os alimentos frescos e intactos.<\/p>\n\n\n\n<p><strong>V\u00e1rios tamanhos dispon\u00edveis:<\/strong> Estas caixas de oferta de alimentos por atacado oferecem uma variedade de tamanhos, desde pequenas caixas de snacks a grandes conjuntos de oferta, adequados para embalagens individuais, embalagens m\u00faltiplas e caixas de oferta combinadas.<\/p>\n\n\n\n<p><strong>Totalmente personaliz\u00e1vel para marcas de produtos alimentares:<\/strong> As nossas caixas para oferta de alimentos por atacado permitem uma personaliza\u00e7\u00e3o total. Pode ajustar o tamanho, imprimir log\u00f3tipos de restaurantes ou gr\u00e1ficos espec\u00edficos de alimentos e escolher acabamentos de superf\u00edcie para se alinhar com as necessidades de marca exclusivas das empresas alimentares.<\/p>\n<\/div>\n\n\n\n<div class=\"wp-block-column is-layout-flow wp-block-column-is-layout-flow\">\n<figure class=\"wp-block-image size-full\"><img decoding=\"async\" width=\"2048\" height=\"2048\" src=\"https:\/\/www.yishengpack.com\/wp-content\/uploads\/2025\/11\/Hot-Sale-Food-Packaging-Box-Wholesale-Folding-Paper-Box-with-Custom-Inner-Tray-2.webp\" alt=\"caixas de oferta para alimentos - venda por grosso - caixas dobr\u00e1veis personalizadas - com tabuleiro interior - 2\" class=\"wp-image-2594\" srcset=\"https:\/\/www.yishengpack.com\/wp-content\/uploads\/2025\/11\/Hot-Sale-Food-Packaging-Box-Wholesale-Folding-Paper-Box-with-Custom-Inner-Tray-2.webp 2048w, https:\/\/www.yishengpack.com\/wp-content\/uploads\/2025\/11\/Hot-Sale-Food-Packaging-Box-Wholesale-Folding-Paper-Box-with-Custom-Inner-Tray-2-300x300.webp 300w, https:\/\/www.yishengpack.com\/wp-content\/uploads\/2025\/11\/Hot-Sale-Food-Packaging-Box-Wholesale-Folding-Paper-Box-with-Custom-Inner-Tray-2-150x150.webp 150w, https:\/\/www.yishengpack.com\/wp-content\/uploads\/2025\/11\/Hot-Sale-Food-Packaging-Box-Wholesale-Folding-Paper-Box-with-Custom-Inner-Tray-2-768x768.webp 768w, https:\/\/www.yishengpack.com\/wp-content\/uploads\/2025\/11\/Hot-Sale-Food-Packaging-Box-Wholesale-Folding-Paper-Box-with-Custom-Inner-Tray-2-12x12.webp 12w, https:\/\/www.yishengpack.com\/wp-content\/uploads\/2025\/11\/Hot-Sale-Food-Packaging-Box-Wholesale-Folding-Paper-Box-with-Custom-Inner-Tray-2-1200x1200.webp 1200w, https:\/\/www.yishengpack.com\/wp-content\/uploads\/2025\/11\/Hot-Sale-Food-Packaging-Box-Wholesale-Folding-Paper-Box-with-Custom-Inner-Tray-2-600x600.webp 600w, https:\/\/www.yishengpack.com\/wp-content\/uploads\/2025\/11\/Hot-Sale-Food-Packaging-Box-Wholesale-Folding-Paper-Box-with-Custom-Inner-Tray-2-100x100.webp 100w\" sizes=\"(max-width: 2048px) 100vw, 2048px\" \/><\/figure>\n<\/div>\n<\/div>\n\n\n\n<div class=\"wp-block-columns is-layout-flex wp-container-core-columns-is-layout-9d6595d7 wp-block-columns-is-layout-flex\">\n<div class=\"wp-block-column is-layout-flow wp-block-column-is-layout-flow\">\n<figure class=\"wp-block-image size-full\"><img decoding=\"async\" width=\"2048\" height=\"2048\" src=\"https:\/\/www.yishengpack.com\/wp-content\/uploads\/2025\/11\/Hot-Sale-Food-Packaging-Box-Wholesale-Folding-Paper-Box-with-Custom-Inner-Tray-1.webp\" alt=\"caixas de oferta para alimentos - venda por grosso - caixas dobr\u00e1veis personalizadas - com tabuleiro interior - 1\" class=\"wp-image-2593\" srcset=\"https:\/\/www.yishengpack.com\/wp-content\/uploads\/2025\/11\/Hot-Sale-Food-Packaging-Box-Wholesale-Folding-Paper-Box-with-Custom-Inner-Tray-1.webp 2048w, https:\/\/www.yishengpack.com\/wp-content\/uploads\/2025\/11\/Hot-Sale-Food-Packaging-Box-Wholesale-Folding-Paper-Box-with-Custom-Inner-Tray-1-300x300.webp 300w, https:\/\/www.yishengpack.com\/wp-content\/uploads\/2025\/11\/Hot-Sale-Food-Packaging-Box-Wholesale-Folding-Paper-Box-with-Custom-Inner-Tray-1-150x150.webp 150w, https:\/\/www.yishengpack.com\/wp-content\/uploads\/2025\/11\/Hot-Sale-Food-Packaging-Box-Wholesale-Folding-Paper-Box-with-Custom-Inner-Tray-1-768x768.webp 768w, https:\/\/www.yishengpack.com\/wp-content\/uploads\/2025\/11\/Hot-Sale-Food-Packaging-Box-Wholesale-Folding-Paper-Box-with-Custom-Inner-Tray-1-12x12.webp 12w, https:\/\/www.yishengpack.com\/wp-content\/uploads\/2025\/11\/Hot-Sale-Food-Packaging-Box-Wholesale-Folding-Paper-Box-with-Custom-Inner-Tray-1-1200x1200.webp 1200w, https:\/\/www.yishengpack.com\/wp-content\/uploads\/2025\/11\/Hot-Sale-Food-Packaging-Box-Wholesale-Folding-Paper-Box-with-Custom-Inner-Tray-1-600x600.webp 600w, https:\/\/www.yishengpack.com\/wp-content\/uploads\/2025\/11\/Hot-Sale-Food-Packaging-Box-Wholesale-Folding-Paper-Box-with-Custom-Inner-Tray-1-100x100.webp 100w\" sizes=\"(max-width: 2048px) 100vw, 2048px\" \/><\/figure>\n\n\n\n<div class=\"wp-block-buttons has-custom-font-size has-small-font-size is-content-justification-center is-layout-flex wp-container-core-buttons-is-layout-16018d1d wp-block-buttons-is-layout-flex\">\n<div class=\"wp-block-button has-custom-width wp-block-button__width-75\"><a class=\"wp-block-button__link has-background has-small-font-size has-custom-font-size wp-element-button\" href=\"https:\/\/www.yishengpack.com\/pt\/custom-printed-box\/\" style=\"background:linear-gradient(135deg,rgb(254,205,165) 0%,rgb(254,45,45) 0%,rgb(94,15,15) 0%,rgb(94,15,15) 100%)\" target=\"_blank\" rel=\"noreferrer noopener\"><strong>Explorar caixas impressas personalizadas<\/strong><\/a><\/div>\n<\/div>\n<\/div>\n\n\n\n<div class=\"wp-block-column is-layout-flow wp-block-column-is-layout-flow\">\n<figure class=\"wp-block-image size-full\"><img decoding=\"async\" width=\"1856\" height=\"1856\" src=\"https:\/\/www.yishengpack.com\/wp-content\/uploads\/2025\/11\/Hot-Sale-Food-Packaging-Box-Wholesale-Folding-Paper-Box-with-Custom-Inner-Tray-5.webp\" alt=\"caixas de oferta para alimentos - venda por grosso - caixas de dobragem personalizadas - com 5\" class=\"wp-image-2597\" srcset=\"https:\/\/www.yishengpack.com\/wp-content\/uploads\/2025\/11\/Hot-Sale-Food-Packaging-Box-Wholesale-Folding-Paper-Box-with-Custom-Inner-Tray-5.webp 1856w, https:\/\/www.yishengpack.com\/wp-content\/uploads\/2025\/11\/Hot-Sale-Food-Packaging-Box-Wholesale-Folding-Paper-Box-with-Custom-Inner-Tray-5-300x300.webp 300w, https:\/\/www.yishengpack.com\/wp-content\/uploads\/2025\/11\/Hot-Sale-Food-Packaging-Box-Wholesale-Folding-Paper-Box-with-Custom-Inner-Tray-5-150x150.webp 150w, https:\/\/www.yishengpack.com\/wp-content\/uploads\/2025\/11\/Hot-Sale-Food-Packaging-Box-Wholesale-Folding-Paper-Box-with-Custom-Inner-Tray-5-768x768.webp 768w, https:\/\/www.yishengpack.com\/wp-content\/uploads\/2025\/11\/Hot-Sale-Food-Packaging-Box-Wholesale-Folding-Paper-Box-with-Custom-Inner-Tray-5-12x12.webp 12w, https:\/\/www.yishengpack.com\/wp-content\/uploads\/2025\/11\/Hot-Sale-Food-Packaging-Box-Wholesale-Folding-Paper-Box-with-Custom-Inner-Tray-5-1200x1200.webp 1200w, https:\/\/www.yishengpack.com\/wp-content\/uploads\/2025\/11\/Hot-Sale-Food-Packaging-Box-Wholesale-Folding-Paper-Box-with-Custom-Inner-Tray-5-600x600.webp 600w, https:\/\/www.yishengpack.com\/wp-content\/uploads\/2025\/11\/Hot-Sale-Food-Packaging-Box-Wholesale-Folding-Paper-Box-with-Custom-Inner-Tray-5-100x100.webp 100w\" sizes=\"(max-width: 1856px) 100vw, 1856px\" \/><\/figure>\n\n\n\n<div class=\"wp-block-buttons has-custom-font-size has-small-font-size is-content-justification-center is-layout-flex wp-container-core-buttons-is-layout-16018d1d wp-block-buttons-is-layout-flex\">\n<div class=\"wp-block-button has-custom-width wp-block-button__width-75\"><a class=\"wp-block-button__link has-background has-small-font-size has-custom-font-size wp-element-button\" href=\"https:\/\/www.yishengpack.com\/pt\/custom-box-inserts-accessories\/\" style=\"background:linear-gradient(135deg,rgb(254,205,165) 0%,rgb(254,45,45) 0%,rgb(94,15,15) 0%,rgb(94,15,15) 100%)\" target=\"_blank\" rel=\"noreferrer noopener\"><strong>Explorar inser\u00e7\u00f5es de caixas personalizadas<\/strong><\/a><\/div>\n<\/div>\n<\/div>\n<\/div>","protected":false},"excerpt":{"rendered":"<p>Bem-vindo a comprar as nossas caixas de oferta de alimentos por atacado, concebidas com uma estrutura dobr\u00e1vel personalizada dur\u00e1vel e um tabuleiro interior, oferecendo embalagens seguras, atractivas e protectoras para chocolates, pastelaria, bolachas e conjuntos de oferta sazonais. Com as carater\u00edsticas adicionais de ser um OEM\/ODM completo, incluindo tamanhos, materiais e acabamentos de impress\u00e3o premium, as nossas caixas de oferta dobr\u00e1veis proporcionam experi\u00eancias de desembalagem premium, o que alivia os custos de armazenamento e envio. Perfeitas para marcas, padarias e fornecedores de presentes alimentares.<\/p>\n<h2>Destaques das caixas de oferta de alimentos por grosso<\/h2>\n<ul>\n<li>Personaliza\u00e7\u00e3o de alto n\u00edvel<\/li>\n<li>Design de estrutura dobr\u00e1vel<\/li>\n<li>Constru\u00e7\u00e3o robusta<\/li>\n<li>Materiais de primeira qualidade<\/li>\n<li>Processos de impress\u00e3o avan\u00e7ados<\/li>\n<li>V\u00e1rios tipos de caixas<\/li>\n<li>V\u00e1rios tamanhos<\/li>\n<li>Cores vivas<\/li>\n<li>Interior personalizado<\/li>\n<li>Servi\u00e7o OEM\/ODM<\/li>\n<\/ul>","protected":false},"featured_media":2593,"comment_status":"closed","ping_status":"closed","template":"","meta":{"_acf_changed":false},"box-type":[55,48],"product_brand":[],"product_cat":[46,19,41,33,71,44],"product_tag":[],"class_list":{"0":"post-2592","1":"product","2":"type-product","3":"status-publish","4":"has-post-thumbnail","6":"box-type-custom-foldable-boxes","7":"box-type-custom-tuck-top-boxes","8":"product_cat-wholesale-paper-boxes","9":"product_cat-luxury-gift-boxes-wholesale","10":"product_cat-candy-gift-boxes-wholesale","11":"product_cat-food-packaging-boxes-wholesale","12":"product_cat-custom-takeout-boxes","13":"product_cat-custom-snack-box","15":"first","16":"instock","17":"shipping-taxable","18":"product-type-simple"},"acf":[],"_links":{"self":[{"href":"https:\/\/www.yishengpack.com\/pt\/wp-json\/wp\/v2\/product\/2592","targetHints":{"allow":["GET"]}}],"collection":[{"href":"https:\/\/www.yishengpack.com\/pt\/wp-json\/wp\/v2\/product"}],"about":[{"href":"https:\/\/www.yishengpack.com\/pt\/wp-json\/wp\/v2\/types\/product"}],"replies":[{"embeddable":true,"href":"https:\/\/www.yishengpack.com\/pt\/wp-json\/wp\/v2\/comments?post=2592"}],"wp:featuredmedia":[{"embeddable":true,"href":"https:\/\/www.yishengpack.com\/pt\/wp-json\/wp\/v2\/media\/2593"}],"wp:attachment":[{"href":"https:\/\/www.yishengpack.com\/pt\/wp-json\/wp\/v2\/media?parent=2592"}],"wp:term":[{"taxonomy":"box-type","embeddable":true,"href":"https:\/\/www.yishengpack.com\/pt\/wp-json\/wp\/v2\/box-type?post=2592"},{"taxonomy":"product_brand","embeddable":true,"href":"https:\/\/www.yishengpack.com\/pt\/wp-json\/wp\/v2\/product_brand?post=2592"},{"taxonomy":"product_cat","embeddable":true,"href":"https:\/\/www.yishengpack.com\/pt\/wp-json\/wp\/v2\/product_cat?post=2592"},{"taxonomy":"product_tag","embeddable":true,"href":"https:\/\/www.yishengpack.com\/pt\/wp-json\/wp\/v2\/product_tag?post=2592"}],"curies":[{"name":"wp","href":"https:\/\/api.w.org\/{rel}","templated":true}]}}