{"id":2576,"date":"2025-11-14T10:12:48","date_gmt":"2025-11-14T10:12:48","guid":{"rendered":"https:\/\/www.yishengpack.com\/?post_type=product&#038;p=2576"},"modified":"2025-11-14T10:12:49","modified_gmt":"2025-11-14T10:12:49","slug":"wholesale-pizza-boxes","status":"publish","type":"product","link":"https:\/\/www.yishengpack.com\/pt\/product\/wholesale-pizza-boxes\/","title":{"rendered":"Caixas de pizza descart\u00e1veis por atacado, caixa dobr\u00e1vel para comida para viagem personalizada"},"content":{"rendered":"<div class=\"wp-block-columns is-layout-flex wp-container-core-columns-is-layout-9d6595d7 wp-block-columns-is-layout-flex\">\n<div class=\"wp-block-column is-layout-flow wp-block-column-is-layout-flow\">\n<h3 class=\"wp-block-heading\">Caracter\u00edsticas das caixas de pizza por grosso<\/h3>\n\n\n\n<p><strong>Acesso f\u00e1cil com tampa flip-top:<\/strong> Estas caixas de pizza por grosso apresentam um design flip-top f\u00e1cil de abrir, permitindo um acesso r\u00e1pido a pizzas de diferentes sabores e proporcionando uma experi\u00eancia de desembalagem conveniente para os amantes de pizza.<\/p>\n\n\n\n<p><strong>Constru\u00e7\u00e3o resistente \u00e0 gordura:<\/strong> Estas caixas de pizza por grosso s\u00e3o fabricadas em papel ondulado de alta resist\u00eancia ou papel kraft. S\u00e3o resistentes \u00e0 gordura, seguras e inodoras, sendo ideais para transportar pizzas de v\u00e1rios tamanhos.<\/p>\n\n\n\n<p><strong>Estilos de impress\u00e3o tem\u00e1ticos: <\/strong>Estes tipos de estilos de impress\u00e3o tem\u00e1ticos de caixas personalizadas para takeaway apresentam designs que incluem motivos de queijo, c\u00e9us estrelados e estampas n\u00e1uticas, que adicionam interesse visual, servindo tanto como uma oportunidade de branding quanto uma oportunidade de mostrar os sabores da pizza e se encaixar no seu tema promocional.<\/p>\n\n\n\n<p><strong>Estrutura dobr\u00e1vel: <\/strong>Esta caixa personalizada para takeaway \u00e9 feita com uma estrutura de cart\u00e3o aparentemente mais espessa, o que significa que resiste \u00e0 press\u00e3o e \u00e9 menos suscet\u00edvel a deforma\u00e7\u00f5es durante o transporte. Al\u00e9m disso, o estilo f\u00e1cil de dobrar e achatar cria efici\u00eancia na prepara\u00e7\u00e3o das embalagens para takeaway dos restaurantes e reduz os custos de armazenamento e espa\u00e7o de transporte.<\/p>\n\n\n\n<p><strong>Totalmente personaliz\u00e1vel para pizzarias:<\/strong> As caixas de pizza por grosso permitem uma personaliza\u00e7\u00e3o total, desde o tamanho, cores e padr\u00f5es at\u00e9 \u00e0 impress\u00e3o do log\u00f3tipo. A impress\u00e3o de alta defini\u00e7\u00e3o e os diferentes acabamentos superficiais melhoram a imagem da marca, tornando as entregas mais reconhec\u00edveis e profissionais, de acordo com as necessidades espec\u00edficas de branding das pizzarias.<\/p>\n<\/div>\n\n\n\n<div class=\"wp-block-column is-layout-flow wp-block-column-is-layout-flow\">\n<figure class=\"wp-block-image size-full\"><img decoding=\"async\" width=\"2048\" height=\"2048\" src=\"https:\/\/www.yishengpack.com\/wp-content\/uploads\/2025\/11\/Customized-Disposable-Pizza-boxes-Wholesale-Folding-Take-Out-Boxes-with-Print-Pattern-2.webp\" alt=\"caixas-descart\u00e1veis-para-pizzas-atacado-dobr\u00e1veis-para-takeaway-personalizadas-2\" class=\"wp-image-2578\" srcset=\"https:\/\/www.yishengpack.com\/wp-content\/uploads\/2025\/11\/Customized-Disposable-Pizza-boxes-Wholesale-Folding-Take-Out-Boxes-with-Print-Pattern-2.webp 2048w, https:\/\/www.yishengpack.com\/wp-content\/uploads\/2025\/11\/Customized-Disposable-Pizza-boxes-Wholesale-Folding-Take-Out-Boxes-with-Print-Pattern-2-300x300.webp 300w, https:\/\/www.yishengpack.com\/wp-content\/uploads\/2025\/11\/Customized-Disposable-Pizza-boxes-Wholesale-Folding-Take-Out-Boxes-with-Print-Pattern-2-150x150.webp 150w, https:\/\/www.yishengpack.com\/wp-content\/uploads\/2025\/11\/Customized-Disposable-Pizza-boxes-Wholesale-Folding-Take-Out-Boxes-with-Print-Pattern-2-768x768.webp 768w, https:\/\/www.yishengpack.com\/wp-content\/uploads\/2025\/11\/Customized-Disposable-Pizza-boxes-Wholesale-Folding-Take-Out-Boxes-with-Print-Pattern-2-12x12.webp 12w, https:\/\/www.yishengpack.com\/wp-content\/uploads\/2025\/11\/Customized-Disposable-Pizza-boxes-Wholesale-Folding-Take-Out-Boxes-with-Print-Pattern-2-1200x1200.webp 1200w, https:\/\/www.yishengpack.com\/wp-content\/uploads\/2025\/11\/Customized-Disposable-Pizza-boxes-Wholesale-Folding-Take-Out-Boxes-with-Print-Pattern-2-600x600.webp 600w, https:\/\/www.yishengpack.com\/wp-content\/uploads\/2025\/11\/Customized-Disposable-Pizza-boxes-Wholesale-Folding-Take-Out-Boxes-with-Print-Pattern-2-100x100.webp 100w\" sizes=\"(max-width: 2048px) 100vw, 2048px\" \/><\/figure>\n<\/div>\n<\/div>\n\n\n\n<div class=\"wp-block-columns is-layout-flex wp-container-core-columns-is-layout-9d6595d7 wp-block-columns-is-layout-flex\">\n<div class=\"wp-block-column is-layout-flow wp-block-column-is-layout-flow\">\n<figure class=\"wp-block-image size-full\"><img decoding=\"async\" width=\"2048\" height=\"2048\" src=\"https:\/\/www.yishengpack.com\/wp-content\/uploads\/2025\/11\/Customized-Disposable-Pizza-boxes-Wholesale-Folding-Take-Out-Boxes-with-Print-Pattern-3.webp\" alt=\"caixas-descart\u00e1veis-para-pizzas-atacado-dobr\u00e1veis-para-comida-para-levar-personalizadas-3\" class=\"wp-image-2579\" srcset=\"https:\/\/www.yishengpack.com\/wp-content\/uploads\/2025\/11\/Customized-Disposable-Pizza-boxes-Wholesale-Folding-Take-Out-Boxes-with-Print-Pattern-3.webp 2048w, https:\/\/www.yishengpack.com\/wp-content\/uploads\/2025\/11\/Customized-Disposable-Pizza-boxes-Wholesale-Folding-Take-Out-Boxes-with-Print-Pattern-3-300x300.webp 300w, https:\/\/www.yishengpack.com\/wp-content\/uploads\/2025\/11\/Customized-Disposable-Pizza-boxes-Wholesale-Folding-Take-Out-Boxes-with-Print-Pattern-3-150x150.webp 150w, https:\/\/www.yishengpack.com\/wp-content\/uploads\/2025\/11\/Customized-Disposable-Pizza-boxes-Wholesale-Folding-Take-Out-Boxes-with-Print-Pattern-3-768x768.webp 768w, https:\/\/www.yishengpack.com\/wp-content\/uploads\/2025\/11\/Customized-Disposable-Pizza-boxes-Wholesale-Folding-Take-Out-Boxes-with-Print-Pattern-3-12x12.webp 12w, https:\/\/www.yishengpack.com\/wp-content\/uploads\/2025\/11\/Customized-Disposable-Pizza-boxes-Wholesale-Folding-Take-Out-Boxes-with-Print-Pattern-3-1200x1200.webp 1200w, https:\/\/www.yishengpack.com\/wp-content\/uploads\/2025\/11\/Customized-Disposable-Pizza-boxes-Wholesale-Folding-Take-Out-Boxes-with-Print-Pattern-3-600x600.webp 600w, https:\/\/www.yishengpack.com\/wp-content\/uploads\/2025\/11\/Customized-Disposable-Pizza-boxes-Wholesale-Folding-Take-Out-Boxes-with-Print-Pattern-3-100x100.webp 100w\" sizes=\"(max-width: 2048px) 100vw, 2048px\" \/><\/figure>\n\n\n\n<div class=\"wp-block-buttons has-custom-font-size has-small-font-size is-content-justification-center is-layout-flex wp-container-core-buttons-is-layout-16018d1d wp-block-buttons-is-layout-flex\">\n<div class=\"wp-block-button has-custom-width wp-block-button__width-75\"><a class=\"wp-block-button__link has-background has-small-font-size has-custom-font-size wp-element-button\" href=\"https:\/\/www.yishengpack.com\/pt\/custom-printed-box\/\" style=\"background:linear-gradient(135deg,rgb(254,205,165) 0%,rgb(254,45,45) 0%,rgb(94,15,15) 0%,rgb(94,15,15) 100%)\" target=\"_blank\" rel=\"noreferrer noopener\"><strong>Explorar caixas impressas personalizadas<\/strong><\/a><\/div>\n<\/div>\n<\/div>\n\n\n\n<div class=\"wp-block-column is-layout-flow wp-block-column-is-layout-flow\">\n<figure class=\"wp-block-image size-full\"><img decoding=\"async\" width=\"2048\" height=\"2048\" src=\"https:\/\/www.yishengpack.com\/wp-content\/uploads\/2025\/11\/Customized-Disposable-Pizza-boxes-Wholesale-Folding-Take-Out-Boxes-with-Print-Pattern-6.webp\" alt=\"caixas-descart\u00e1veis-para-pizzas-por-atacado-dobr\u00e1veis-para-comida-para-levar-personalizadas-6\" class=\"wp-image-2582\" srcset=\"https:\/\/www.yishengpack.com\/wp-content\/uploads\/2025\/11\/Customized-Disposable-Pizza-boxes-Wholesale-Folding-Take-Out-Boxes-with-Print-Pattern-6.webp 2048w, https:\/\/www.yishengpack.com\/wp-content\/uploads\/2025\/11\/Customized-Disposable-Pizza-boxes-Wholesale-Folding-Take-Out-Boxes-with-Print-Pattern-6-300x300.webp 300w, https:\/\/www.yishengpack.com\/wp-content\/uploads\/2025\/11\/Customized-Disposable-Pizza-boxes-Wholesale-Folding-Take-Out-Boxes-with-Print-Pattern-6-150x150.webp 150w, https:\/\/www.yishengpack.com\/wp-content\/uploads\/2025\/11\/Customized-Disposable-Pizza-boxes-Wholesale-Folding-Take-Out-Boxes-with-Print-Pattern-6-768x768.webp 768w, https:\/\/www.yishengpack.com\/wp-content\/uploads\/2025\/11\/Customized-Disposable-Pizza-boxes-Wholesale-Folding-Take-Out-Boxes-with-Print-Pattern-6-12x12.webp 12w, https:\/\/www.yishengpack.com\/wp-content\/uploads\/2025\/11\/Customized-Disposable-Pizza-boxes-Wholesale-Folding-Take-Out-Boxes-with-Print-Pattern-6-1200x1200.webp 1200w, https:\/\/www.yishengpack.com\/wp-content\/uploads\/2025\/11\/Customized-Disposable-Pizza-boxes-Wholesale-Folding-Take-Out-Boxes-with-Print-Pattern-6-600x600.webp 600w, https:\/\/www.yishengpack.com\/wp-content\/uploads\/2025\/11\/Customized-Disposable-Pizza-boxes-Wholesale-Folding-Take-Out-Boxes-with-Print-Pattern-6-100x100.webp 100w\" sizes=\"(max-width: 2048px) 100vw, 2048px\" \/><\/figure>\n\n\n\n<div class=\"wp-block-buttons has-custom-font-size has-small-font-size is-content-justification-center is-layout-flex wp-container-core-buttons-is-layout-16018d1d wp-block-buttons-is-layout-flex\">\n<div class=\"wp-block-button has-custom-width wp-block-button__width-75\"><a class=\"wp-block-button__link has-background has-small-font-size has-custom-font-size wp-element-button\" href=\"https:\/\/www.yishengpack.com\/pt\/custom-product-boxes-types\/\" style=\"background:linear-gradient(135deg,rgb(254,205,165) 0%,rgb(254,45,45) 0%,rgb(94,15,15) 0%,rgb(94,15,15) 100%)\" target=\"_blank\" rel=\"noreferrer noopener\"><strong>Explore os tipos de caixas personalizadas<\/strong><\/a><\/div>\n<\/div>\n<\/div>\n<\/div>","protected":false},"excerpt":{"rendered":"<p>Bem-vindo \u00e0 compra das nossas caixas descart\u00e1veis para pizza por grosso, feitas de materiais dur\u00e1veis e adequados para alimentos, oferecendo uma estrutura resistente, reten\u00e7\u00e3o de calor e um design f\u00e1cil de dobrar. Dispon\u00edveis em v\u00e1rios tamanhos com impress\u00e3o totalmente personalizada, s\u00e3o perfeitas para pizzarias, restaurantes e marcas de comida para levar que procuram embalagens ecol\u00f3gicas e altamente apresent\u00e1veis.<\/p>\n<h2>Destaques das caixas de pizza por grosso<\/h2>\n<ul>\n<li>Personaliza\u00e7\u00e3o total<\/li>\n<li>Materiais \u00e0 prova de \u00e1gua<\/li>\n<li>Impress\u00e3o sofisticada<\/li>\n<li>Trabalho cuidadoso<\/li>\n<li>V\u00e1rios tamanhos de caixas<\/li>\n<li>V\u00e1rias op\u00e7\u00f5es de cores<\/li>\n<li>Design dobr\u00e1vel<\/li>\n<li>Protetor e pr\u00e1tico<\/li>\n<\/ul>","protected":false},"featured_media":2577,"comment_status":"closed","ping_status":"closed","template":"","meta":{"_acf_changed":false},"box-type":[55],"product_brand":[],"product_cat":[46,33,71,45],"product_tag":[],"class_list":{"0":"post-2576","1":"product","2":"type-product","3":"status-publish","4":"has-post-thumbnail","6":"box-type-custom-foldable-boxes","7":"product_cat-wholesale-paper-boxes","8":"product_cat-food-packaging-boxes-wholesale","9":"product_cat-custom-takeout-boxes","10":"product_cat-bulk-disposable-food-containers","12":"first","13":"instock","14":"shipping-taxable","15":"product-type-simple"},"acf":[],"_links":{"self":[{"href":"https:\/\/www.yishengpack.com\/pt\/wp-json\/wp\/v2\/product\/2576","targetHints":{"allow":["GET"]}}],"collection":[{"href":"https:\/\/www.yishengpack.com\/pt\/wp-json\/wp\/v2\/product"}],"about":[{"href":"https:\/\/www.yishengpack.com\/pt\/wp-json\/wp\/v2\/types\/product"}],"replies":[{"embeddable":true,"href":"https:\/\/www.yishengpack.com\/pt\/wp-json\/wp\/v2\/comments?post=2576"}],"wp:featuredmedia":[{"embeddable":true,"href":"https:\/\/www.yishengpack.com\/pt\/wp-json\/wp\/v2\/media\/2577"}],"wp:attachment":[{"href":"https:\/\/www.yishengpack.com\/pt\/wp-json\/wp\/v2\/media?parent=2576"}],"wp:term":[{"taxonomy":"box-type","embeddable":true,"href":"https:\/\/www.yishengpack.com\/pt\/wp-json\/wp\/v2\/box-type?post=2576"},{"taxonomy":"product_brand","embeddable":true,"href":"https:\/\/www.yishengpack.com\/pt\/wp-json\/wp\/v2\/product_brand?post=2576"},{"taxonomy":"product_cat","embeddable":true,"href":"https:\/\/www.yishengpack.com\/pt\/wp-json\/wp\/v2\/product_cat?post=2576"},{"taxonomy":"product_tag","embeddable":true,"href":"https:\/\/www.yishengpack.com\/pt\/wp-json\/wp\/v2\/product_tag?post=2576"}],"curies":[{"name":"wp","href":"https:\/\/api.w.org\/{rel}","templated":true}]}}