{"id":2509,"date":"2025-11-13T09:46:10","date_gmt":"2025-11-13T09:46:10","guid":{"rendered":"https:\/\/www.yishengpack.com\/?post_type=product&#038;p=2509"},"modified":"2025-11-13T09:46:41","modified_gmt":"2025-11-13T09:46:41","slug":"paper-bakery-bags-wholesale","status":"publish","type":"product","link":"https:\/\/www.yishengpack.com\/pt\/product\/paper-bakery-bags-wholesale\/","title":{"rendered":"Sacos de papel reciclado para padaria por atacado, sacos impressos personalizados"},"content":{"rendered":"<div class=\"wp-block-columns is-layout-flex wp-container-core-columns-is-layout-9d6595d7 wp-block-columns-is-layout-flex\">\n<div class=\"wp-block-column is-layout-flow wp-block-column-is-layout-flow\">\n<h3 class=\"wp-block-heading\">Carater\u00edsticas dos sacos de papel para padaria por atacado<\/h3>\n\n\n\n<p><strong>Design dur\u00e1vel para produtos de pastelaria:<\/strong> Os sacos de papel reciclado para padaria por atacado apresentam um design de carteira de papel espessado que oferece uma rigidez incr\u00edvel e capacidade de carga. Isto significa que os artigos cozinhados, como croissants e bagels, ficam seguros sem se rasgarem. O saco tem dobras perfeitas e uma estrutura inferior refor\u00e7ada que n\u00e3o se dobra nem parte.<\/p>\n\n\n\n<p><strong>Material de papel eco-reciclado:<\/strong> Estes sacos impressos personalizados utilizam papel eco-reciclado, que \u00e9 uma escolha ecol\u00f3gica para as padarias. Permite uma embalagem sustent\u00e1vel sem comprometer a qualidade da pastelaria.<\/p>\n\n\n\n<p><strong>Impress\u00e3o superior: <\/strong>Os sacos de papel reciclado para padaria por atacado podem ser personalizados com o log\u00f3tipo da sua marca, design ou gr\u00e1ficos de produtos cozinhados. Isto \u00e9 visualmente impressionante e promove as rela\u00e7\u00f5es p\u00fablicas e a imagem de marca e a experi\u00eancia do cliente. \u00d3timo para croissants, bagels ou produtos de pastelaria caseiros para levar.<\/p>\n\n\n\n<p><strong>Variedade de utiliza\u00e7\u00f5es:<\/strong> Os sacos de papel reciclado para padaria por atacado com papel revestido resistente a \u00f3leo opcional ou pel\u00edcula interior de PE evitam que a gordura e a humidade penetrem no saco, mantendo os produtos de padaria frescos. \u00d3timo para uso comercial numa padaria, caf\u00e9, loja de sobremesas, entrega de comida ou evento de exposi\u00e7\u00e3o.<\/p>\n\n\n\n<p><strong>V\u00e1rios tamanhos:<\/strong> Estes sacos kraft impressos personalizados s\u00e3o fornecidos numa variedade de tamanhos e estilos para as necessidades de embalagem da sua padaria, caf\u00e9 ou oficina de panifica\u00e7\u00e3o. Os pre\u00e7os por grosso e o apoio do servi\u00e7o OEM\/ODM est\u00e3o dispon\u00edveis para padarias de todas as dimens\u00f5es.<\/p>\n<\/div>\n\n\n\n<div class=\"wp-block-column is-layout-flow wp-block-column-is-layout-flow\">\n<figure class=\"wp-block-image size-full\"><img decoding=\"async\" width=\"2048\" height=\"2048\" src=\"https:\/\/www.yishengpack.com\/wp-content\/uploads\/2025\/11\/Wholesale-Bulk-Recycled-Paper-Bags-Bakery-Package-Bags-with-Custom-Printed-Logo-2.webp\" alt=\"sacos de padaria de papel reciclado - venda por grosso de sacos impressos por encomenda - 2\" class=\"wp-image-2520\" srcset=\"https:\/\/www.yishengpack.com\/wp-content\/uploads\/2025\/11\/Wholesale-Bulk-Recycled-Paper-Bags-Bakery-Package-Bags-with-Custom-Printed-Logo-2.webp 2048w, https:\/\/www.yishengpack.com\/wp-content\/uploads\/2025\/11\/Wholesale-Bulk-Recycled-Paper-Bags-Bakery-Package-Bags-with-Custom-Printed-Logo-2-300x300.webp 300w, https:\/\/www.yishengpack.com\/wp-content\/uploads\/2025\/11\/Wholesale-Bulk-Recycled-Paper-Bags-Bakery-Package-Bags-with-Custom-Printed-Logo-2-150x150.webp 150w, https:\/\/www.yishengpack.com\/wp-content\/uploads\/2025\/11\/Wholesale-Bulk-Recycled-Paper-Bags-Bakery-Package-Bags-with-Custom-Printed-Logo-2-768x768.webp 768w, https:\/\/www.yishengpack.com\/wp-content\/uploads\/2025\/11\/Wholesale-Bulk-Recycled-Paper-Bags-Bakery-Package-Bags-with-Custom-Printed-Logo-2-12x12.webp 12w, https:\/\/www.yishengpack.com\/wp-content\/uploads\/2025\/11\/Wholesale-Bulk-Recycled-Paper-Bags-Bakery-Package-Bags-with-Custom-Printed-Logo-2-1200x1200.webp 1200w, https:\/\/www.yishengpack.com\/wp-content\/uploads\/2025\/11\/Wholesale-Bulk-Recycled-Paper-Bags-Bakery-Package-Bags-with-Custom-Printed-Logo-2-600x600.webp 600w, https:\/\/www.yishengpack.com\/wp-content\/uploads\/2025\/11\/Wholesale-Bulk-Recycled-Paper-Bags-Bakery-Package-Bags-with-Custom-Printed-Logo-2-100x100.webp 100w\" sizes=\"(max-width: 2048px) 100vw, 2048px\" \/><\/figure>\n<\/div>\n<\/div>\n\n\n\n<div class=\"wp-block-columns is-layout-flex wp-container-core-columns-is-layout-9d6595d7 wp-block-columns-is-layout-flex\">\n<div class=\"wp-block-column is-layout-flow wp-block-column-is-layout-flow\">\n<figure class=\"wp-block-image size-full\"><img decoding=\"async\" width=\"2048\" height=\"2048\" src=\"https:\/\/www.yishengpack.com\/wp-content\/uploads\/2025\/11\/Wholesale-Bulk-Recycled-Paper-Bags-Bakery-Package-Bags-with-Custom-Printed-Logo-3.webp\" alt=\"sacos de padaria de papel reciclado - venda por grosso de sacos impressos por encomenda - 3\" class=\"wp-image-2521\" srcset=\"https:\/\/www.yishengpack.com\/wp-content\/uploads\/2025\/11\/Wholesale-Bulk-Recycled-Paper-Bags-Bakery-Package-Bags-with-Custom-Printed-Logo-3.webp 2048w, https:\/\/www.yishengpack.com\/wp-content\/uploads\/2025\/11\/Wholesale-Bulk-Recycled-Paper-Bags-Bakery-Package-Bags-with-Custom-Printed-Logo-3-300x300.webp 300w, https:\/\/www.yishengpack.com\/wp-content\/uploads\/2025\/11\/Wholesale-Bulk-Recycled-Paper-Bags-Bakery-Package-Bags-with-Custom-Printed-Logo-3-150x150.webp 150w, https:\/\/www.yishengpack.com\/wp-content\/uploads\/2025\/11\/Wholesale-Bulk-Recycled-Paper-Bags-Bakery-Package-Bags-with-Custom-Printed-Logo-3-768x768.webp 768w, https:\/\/www.yishengpack.com\/wp-content\/uploads\/2025\/11\/Wholesale-Bulk-Recycled-Paper-Bags-Bakery-Package-Bags-with-Custom-Printed-Logo-3-12x12.webp 12w, https:\/\/www.yishengpack.com\/wp-content\/uploads\/2025\/11\/Wholesale-Bulk-Recycled-Paper-Bags-Bakery-Package-Bags-with-Custom-Printed-Logo-3-1200x1200.webp 1200w, https:\/\/www.yishengpack.com\/wp-content\/uploads\/2025\/11\/Wholesale-Bulk-Recycled-Paper-Bags-Bakery-Package-Bags-with-Custom-Printed-Logo-3-600x600.webp 600w, https:\/\/www.yishengpack.com\/wp-content\/uploads\/2025\/11\/Wholesale-Bulk-Recycled-Paper-Bags-Bakery-Package-Bags-with-Custom-Printed-Logo-3-100x100.webp 100w\" sizes=\"(max-width: 2048px) 100vw, 2048px\" \/><\/figure>\n\n\n\n<div class=\"wp-block-buttons has-custom-font-size has-small-font-size is-content-justification-center is-layout-flex wp-container-core-buttons-is-layout-16018d1d wp-block-buttons-is-layout-flex\">\n<div class=\"wp-block-button has-custom-width wp-block-button__width-75\"><a class=\"wp-block-button__link has-background has-small-font-size has-custom-font-size wp-element-button\" href=\"https:\/\/www.yishengpack.com\/pt\/custom-printed-box\/\" style=\"background:linear-gradient(135deg,rgb(254,205,165) 0%,rgb(254,45,45) 0%,rgb(94,15,15) 0%,rgb(94,15,15) 100%)\" target=\"_blank\" rel=\"noreferrer noopener\"><strong>Explorar caixas impressas personalizadas<\/strong><\/a><\/div>\n<\/div>\n<\/div>\n\n\n\n<div class=\"wp-block-column is-layout-flow wp-block-column-is-layout-flow\">\n<figure class=\"wp-block-image size-full\"><img decoding=\"async\" width=\"2048\" height=\"2048\" src=\"https:\/\/www.yishengpack.com\/wp-content\/uploads\/2025\/11\/Wholesale-Bulk-Recycled-Paper-Bags-Bakery-Package-Bags-with-Custom-Printed-Logo-5.webp\" alt=\"sacos de padaria de papel reciclado - venda por grosso de sacos impressos por encomenda - 5\" class=\"wp-image-2523\" srcset=\"https:\/\/www.yishengpack.com\/wp-content\/uploads\/2025\/11\/Wholesale-Bulk-Recycled-Paper-Bags-Bakery-Package-Bags-with-Custom-Printed-Logo-5.webp 2048w, https:\/\/www.yishengpack.com\/wp-content\/uploads\/2025\/11\/Wholesale-Bulk-Recycled-Paper-Bags-Bakery-Package-Bags-with-Custom-Printed-Logo-5-300x300.webp 300w, https:\/\/www.yishengpack.com\/wp-content\/uploads\/2025\/11\/Wholesale-Bulk-Recycled-Paper-Bags-Bakery-Package-Bags-with-Custom-Printed-Logo-5-150x150.webp 150w, https:\/\/www.yishengpack.com\/wp-content\/uploads\/2025\/11\/Wholesale-Bulk-Recycled-Paper-Bags-Bakery-Package-Bags-with-Custom-Printed-Logo-5-768x768.webp 768w, https:\/\/www.yishengpack.com\/wp-content\/uploads\/2025\/11\/Wholesale-Bulk-Recycled-Paper-Bags-Bakery-Package-Bags-with-Custom-Printed-Logo-5-12x12.webp 12w, https:\/\/www.yishengpack.com\/wp-content\/uploads\/2025\/11\/Wholesale-Bulk-Recycled-Paper-Bags-Bakery-Package-Bags-with-Custom-Printed-Logo-5-1200x1200.webp 1200w, https:\/\/www.yishengpack.com\/wp-content\/uploads\/2025\/11\/Wholesale-Bulk-Recycled-Paper-Bags-Bakery-Package-Bags-with-Custom-Printed-Logo-5-600x600.webp 600w, https:\/\/www.yishengpack.com\/wp-content\/uploads\/2025\/11\/Wholesale-Bulk-Recycled-Paper-Bags-Bakery-Package-Bags-with-Custom-Printed-Logo-5-100x100.webp 100w\" sizes=\"(max-width: 2048px) 100vw, 2048px\" \/><\/figure>\n\n\n\n<div class=\"wp-block-buttons has-custom-font-size has-small-font-size is-content-justification-center is-layout-flex wp-container-core-buttons-is-layout-16018d1d wp-block-buttons-is-layout-flex\">\n<div class=\"wp-block-button has-custom-width wp-block-button__width-75\"><a class=\"wp-block-button__link has-background has-small-font-size has-custom-font-size wp-element-button\" href=\"https:\/\/www.yishengpack.com\/pt\/custom-product-boxes-types\/\" style=\"background:linear-gradient(135deg,rgb(254,205,165) 0%,rgb(254,45,45) 0%,rgb(94,15,15) 0%,rgb(94,15,15) 100%)\" target=\"_blank\" rel=\"noreferrer noopener\"><strong>Explorar o Custom B<\/strong>ag<strong> Acess\u00f3rios<\/strong><\/a><\/div>\n<\/div>\n<\/div>\n<\/div>","protected":false},"excerpt":{"rendered":"<p>Bem-vindo a comprar os nossos sacos de papel reciclado para pastelaria por grosso, perfeitos para guardar croissants, bagels, bolachas e muito mais. Com material reciclado sustent\u00e1vel e um design pr\u00e1tico, combinam a responsabilidade ambiental com o charme da padaria para embalagens de pastelaria. Dur\u00e1veis, resistentes ao \u00f3leo e personaliz\u00e1veis com o seu log\u00f3tipo ou design - ideais para embalagens de pastelaria sustent\u00e1veis e marcas grossistas.<\/p>\n<h2>Destaques dos sacos de papel reciclado para padaria por atacado<\/h2>\n<ul>\n<li>Possibilidade de personaliza\u00e7\u00e3o completa<\/li>\n<li>Materiais biodegrad\u00e1veis<\/li>\n<li>Impress\u00e3o de alta qualidade<\/li>\n<li>V\u00e1rios tamanhos de sacos<\/li>\n<li>Servi\u00e7os OEM\/ODM<\/li>\n<li>Acess\u00f3rios personaliz\u00e1veis<\/li>\n<li>Trabalho cuidadoso<\/li>\n<li>Conveniente para armazenamento<\/li>\n<\/ul>","protected":false},"featured_media":2519,"comment_status":"closed","ping_status":"closed","template":"","meta":{"_acf_changed":false},"box-type":[49],"product_brand":[],"product_cat":[34,38],"product_tag":[],"class_list":{"0":"post-2509","1":"product","2":"type-product","3":"status-publish","4":"has-post-thumbnail","6":"box-type-custom-die-cut-paper-bag","7":"product_cat-paper-bags-wholesale","8":"product_cat-bakery-paper-bags-wholesale","10":"first","11":"instock","12":"shipping-taxable","13":"product-type-simple"},"acf":[],"_links":{"self":[{"href":"https:\/\/www.yishengpack.com\/pt\/wp-json\/wp\/v2\/product\/2509","targetHints":{"allow":["GET"]}}],"collection":[{"href":"https:\/\/www.yishengpack.com\/pt\/wp-json\/wp\/v2\/product"}],"about":[{"href":"https:\/\/www.yishengpack.com\/pt\/wp-json\/wp\/v2\/types\/product"}],"replies":[{"embeddable":true,"href":"https:\/\/www.yishengpack.com\/pt\/wp-json\/wp\/v2\/comments?post=2509"}],"wp:featuredmedia":[{"embeddable":true,"href":"https:\/\/www.yishengpack.com\/pt\/wp-json\/wp\/v2\/media\/2519"}],"wp:attachment":[{"href":"https:\/\/www.yishengpack.com\/pt\/wp-json\/wp\/v2\/media?parent=2509"}],"wp:term":[{"taxonomy":"box-type","embeddable":true,"href":"https:\/\/www.yishengpack.com\/pt\/wp-json\/wp\/v2\/box-type?post=2509"},{"taxonomy":"product_brand","embeddable":true,"href":"https:\/\/www.yishengpack.com\/pt\/wp-json\/wp\/v2\/product_brand?post=2509"},{"taxonomy":"product_cat","embeddable":true,"href":"https:\/\/www.yishengpack.com\/pt\/wp-json\/wp\/v2\/product_cat?post=2509"},{"taxonomy":"product_tag","embeddable":true,"href":"https:\/\/www.yishengpack.com\/pt\/wp-json\/wp\/v2\/product_tag?post=2509"}],"curies":[{"name":"wp","href":"https:\/\/api.w.org\/{rel}","templated":true}]}}