{"id":2446,"date":"2025-11-08T10:17:55","date_gmt":"2025-11-08T10:17:55","guid":{"rendered":"https:\/\/www.yishengpack.com\/?post_type=product&#038;p=2446"},"modified":"2025-11-08T10:18:02","modified_gmt":"2025-11-08T10:18:02","slug":"wholesale-ribbon-handle-gift-bags","status":"publish","type":"product","link":"https:\/\/www.yishengpack.com\/pt\/product\/wholesale-ribbon-handle-gift-bags\/","title":{"rendered":"Sacos de oferta com al\u00e7a de fita por atacado, sacos de papel impressos personalizados"},"content":{"rendered":"<div class=\"wp-block-columns is-layout-flex wp-container-core-columns-is-layout-9d6595d7 wp-block-columns-is-layout-flex\">\n<div class=\"wp-block-column is-layout-flow wp-block-column-is-layout-flow\">\n<h3 class=\"wp-block-heading\">Carater\u00edsticas dos sacos de oferta com al\u00e7a de fita por atacado<\/h3>\n\n\n\n<p><strong>Pega de fita chique para um transporte f\u00e1cil:<\/strong> Os sacos de oferta com al\u00e7a de fita por atacado s\u00e3o constitu\u00eddos por uma al\u00e7a de fita chique, que funciona como op\u00e7\u00e3o de transporte. A fita torna f\u00e1cil e confort\u00e1vel transportar camisas, mangas curtas e saias, e os artigos s\u00e3o apresentados de forma agrad\u00e1vel no interior.<\/p>\n\n\n\n<p><strong>Ideal para embalagens de vestu\u00e1rio e de brindes:<\/strong> Os sacos de papel personalizados s\u00e3o ideais para guardar v\u00e1rias camisas e vestidos, bem como vestu\u00e1rio fino, caixas de oferta e quaisquer outros artigos que enrique\u00e7am a imagem de uma marca. Os sacos de oferta com al\u00e7a de fita por grosso suportam a produ\u00e7\u00e3o em massa e at\u00e9 a personaliza\u00e7\u00e3o para satisfazer as necessidades de marcas, retalhistas e empresas de com\u00e9rcio eletr\u00f3nico.<\/p>\n\n\n\n<p><strong>Material de papel de alta qualidade:<\/strong> Os sacos de oferta com al\u00e7a de fita por atacado s\u00e3o feitos de um material de papel resistente, espesso e amigo do ambiente que foi cuidadosamente selecionado. O saco \u00e9 extremamente s\u00f3lido, dur\u00e1vel e mant\u00e9m a sua forma para uma apresenta\u00e7\u00e3o agrad\u00e1vel como o design geral. Quando combinados com processos de impress\u00e3o de alta qualidade, acrescentam um n\u00edvel de luxo \u00e0 arruma\u00e7\u00e3o e manuten\u00e7\u00e3o dos presentes.<\/p>\n\n\n\n<p><strong>Sele\u00e7\u00e3o de padr\u00f5es de moda: <\/strong>Os sacos de oferta com al\u00e7a de fita por atacado simplificam o processo de sele\u00e7\u00e3o de padr\u00f5es da moda, muitas vezes selecionando xadrez, floral ou geom\u00e9trico. Estes padr\u00f5es tornam definitivamente mais f\u00e1cil distinguir visualmente os sacos, para que possam ser facilmente apresentados com v\u00e1rias pe\u00e7as de vestu\u00e1rio.<\/p>\n\n\n\n<p><strong>Totalmente personaliz\u00e1vel para a marca:<\/strong> Os sacos de tecido a granel com pegas de fita permitem uma personaliza\u00e7\u00e3o total. Pode ajustar o tamanho, imprimir log\u00f3tipos de marcas ou padr\u00f5es tem\u00e1ticos de vestu\u00e1rio e escolher acabamentos de superf\u00edcie para satisfazer as necessidades \u00fanicas de branding das marcas de vestu\u00e1rio<\/p>\n<\/div>\n\n\n\n<div class=\"wp-block-column is-layout-flow wp-block-column-is-layout-flow\">\n<figure class=\"wp-block-image size-full\"><img decoding=\"async\" width=\"2048\" height=\"2048\" src=\"https:\/\/www.yishengpack.com\/wp-content\/uploads\/2025\/11\/Ribbon-Handle-Bags-with-Unique-Design-Wholesale-Custom-Dresses-Shirt-Package-Paper-Bag-2.webp\" alt=\"sacos de oferta com al\u00e7a de fita-por atacado-sacos de papel impressos por encomenda-2\" class=\"wp-image-2448\" srcset=\"https:\/\/www.yishengpack.com\/wp-content\/uploads\/2025\/11\/Ribbon-Handle-Bags-with-Unique-Design-Wholesale-Custom-Dresses-Shirt-Package-Paper-Bag-2.webp 2048w, https:\/\/www.yishengpack.com\/wp-content\/uploads\/2025\/11\/Ribbon-Handle-Bags-with-Unique-Design-Wholesale-Custom-Dresses-Shirt-Package-Paper-Bag-2-300x300.webp 300w, https:\/\/www.yishengpack.com\/wp-content\/uploads\/2025\/11\/Ribbon-Handle-Bags-with-Unique-Design-Wholesale-Custom-Dresses-Shirt-Package-Paper-Bag-2-150x150.webp 150w, https:\/\/www.yishengpack.com\/wp-content\/uploads\/2025\/11\/Ribbon-Handle-Bags-with-Unique-Design-Wholesale-Custom-Dresses-Shirt-Package-Paper-Bag-2-768x768.webp 768w, https:\/\/www.yishengpack.com\/wp-content\/uploads\/2025\/11\/Ribbon-Handle-Bags-with-Unique-Design-Wholesale-Custom-Dresses-Shirt-Package-Paper-Bag-2-12x12.webp 12w, https:\/\/www.yishengpack.com\/wp-content\/uploads\/2025\/11\/Ribbon-Handle-Bags-with-Unique-Design-Wholesale-Custom-Dresses-Shirt-Package-Paper-Bag-2-1200x1200.webp 1200w, https:\/\/www.yishengpack.com\/wp-content\/uploads\/2025\/11\/Ribbon-Handle-Bags-with-Unique-Design-Wholesale-Custom-Dresses-Shirt-Package-Paper-Bag-2-600x600.webp 600w, https:\/\/www.yishengpack.com\/wp-content\/uploads\/2025\/11\/Ribbon-Handle-Bags-with-Unique-Design-Wholesale-Custom-Dresses-Shirt-Package-Paper-Bag-2-100x100.webp 100w\" sizes=\"(max-width: 2048px) 100vw, 2048px\" \/><\/figure>\n<\/div>\n<\/div>\n\n\n\n<div class=\"wp-block-columns is-layout-flex wp-container-core-columns-is-layout-9d6595d7 wp-block-columns-is-layout-flex\">\n<div class=\"wp-block-column is-layout-flow wp-block-column-is-layout-flow\">\n<figure class=\"wp-block-image size-full\"><img decoding=\"async\" width=\"2048\" height=\"2048\" src=\"https:\/\/www.yishengpack.com\/wp-content\/uploads\/2025\/11\/Ribbon-Handle-Bags-with-Unique-Design-Wholesale-Custom-Dresses-Shirt-Package-Paper-Bag-7.webp\" alt=\"sacos de oferta com al\u00e7a de fita-por atacado-sacos de papel impressos personalizados-7\" class=\"wp-image-2453\" srcset=\"https:\/\/www.yishengpack.com\/wp-content\/uploads\/2025\/11\/Ribbon-Handle-Bags-with-Unique-Design-Wholesale-Custom-Dresses-Shirt-Package-Paper-Bag-7.webp 2048w, https:\/\/www.yishengpack.com\/wp-content\/uploads\/2025\/11\/Ribbon-Handle-Bags-with-Unique-Design-Wholesale-Custom-Dresses-Shirt-Package-Paper-Bag-7-300x300.webp 300w, https:\/\/www.yishengpack.com\/wp-content\/uploads\/2025\/11\/Ribbon-Handle-Bags-with-Unique-Design-Wholesale-Custom-Dresses-Shirt-Package-Paper-Bag-7-150x150.webp 150w, https:\/\/www.yishengpack.com\/wp-content\/uploads\/2025\/11\/Ribbon-Handle-Bags-with-Unique-Design-Wholesale-Custom-Dresses-Shirt-Package-Paper-Bag-7-768x768.webp 768w, https:\/\/www.yishengpack.com\/wp-content\/uploads\/2025\/11\/Ribbon-Handle-Bags-with-Unique-Design-Wholesale-Custom-Dresses-Shirt-Package-Paper-Bag-7-12x12.webp 12w, https:\/\/www.yishengpack.com\/wp-content\/uploads\/2025\/11\/Ribbon-Handle-Bags-with-Unique-Design-Wholesale-Custom-Dresses-Shirt-Package-Paper-Bag-7-1200x1200.webp 1200w, https:\/\/www.yishengpack.com\/wp-content\/uploads\/2025\/11\/Ribbon-Handle-Bags-with-Unique-Design-Wholesale-Custom-Dresses-Shirt-Package-Paper-Bag-7-600x600.webp 600w, https:\/\/www.yishengpack.com\/wp-content\/uploads\/2025\/11\/Ribbon-Handle-Bags-with-Unique-Design-Wholesale-Custom-Dresses-Shirt-Package-Paper-Bag-7-100x100.webp 100w\" sizes=\"(max-width: 2048px) 100vw, 2048px\" \/><\/figure>\n\n\n\n<div class=\"wp-block-buttons has-custom-font-size has-small-font-size is-content-justification-center is-layout-flex wp-container-core-buttons-is-layout-873b8b11 wp-block-buttons-is-layout-flex\" style=\"padding-top:var(--wp--preset--spacing--50);padding-right:var(--wp--preset--spacing--50);padding-bottom:var(--wp--preset--spacing--50);padding-left:var(--wp--preset--spacing--50)\">\n<div class=\"wp-block-button has-custom-width wp-block-button__width-75\"><a class=\"wp-block-button__link has-background has-small-font-size has-custom-font-size wp-element-button\" href=\"https:\/\/www.yishengpack.com\/pt\/custom-printed-box\/\" style=\"background:linear-gradient(135deg,rgb(254,205,165) 0%,rgb(254,45,45) 0%,rgb(94,15,15) 0%,rgb(94,15,15) 100%)\" target=\"_blank\" rel=\"noreferrer noopener\"><strong>Explorar caixas impressas personalizadas<\/strong><\/a><\/div>\n<\/div>\n<\/div>\n\n\n\n<div class=\"wp-block-column is-layout-flow wp-block-column-is-layout-flow\">\n<figure class=\"wp-block-image size-full\"><img decoding=\"async\" width=\"2048\" height=\"2048\" src=\"https:\/\/www.yishengpack.com\/wp-content\/uploads\/2025\/11\/Ribbon-Handle-Bags-with-Unique-Design-Wholesale-Custom-Dresses-Shirt-Package-Paper-Bag-5.webp\" alt=\"sacos de oferta com al\u00e7a de fita-por atacado-sacos de papel impressos por encomenda-5\" class=\"wp-image-2451\" srcset=\"https:\/\/www.yishengpack.com\/wp-content\/uploads\/2025\/11\/Ribbon-Handle-Bags-with-Unique-Design-Wholesale-Custom-Dresses-Shirt-Package-Paper-Bag-5.webp 2048w, https:\/\/www.yishengpack.com\/wp-content\/uploads\/2025\/11\/Ribbon-Handle-Bags-with-Unique-Design-Wholesale-Custom-Dresses-Shirt-Package-Paper-Bag-5-300x300.webp 300w, https:\/\/www.yishengpack.com\/wp-content\/uploads\/2025\/11\/Ribbon-Handle-Bags-with-Unique-Design-Wholesale-Custom-Dresses-Shirt-Package-Paper-Bag-5-150x150.webp 150w, https:\/\/www.yishengpack.com\/wp-content\/uploads\/2025\/11\/Ribbon-Handle-Bags-with-Unique-Design-Wholesale-Custom-Dresses-Shirt-Package-Paper-Bag-5-768x768.webp 768w, https:\/\/www.yishengpack.com\/wp-content\/uploads\/2025\/11\/Ribbon-Handle-Bags-with-Unique-Design-Wholesale-Custom-Dresses-Shirt-Package-Paper-Bag-5-12x12.webp 12w, https:\/\/www.yishengpack.com\/wp-content\/uploads\/2025\/11\/Ribbon-Handle-Bags-with-Unique-Design-Wholesale-Custom-Dresses-Shirt-Package-Paper-Bag-5-1200x1200.webp 1200w, https:\/\/www.yishengpack.com\/wp-content\/uploads\/2025\/11\/Ribbon-Handle-Bags-with-Unique-Design-Wholesale-Custom-Dresses-Shirt-Package-Paper-Bag-5-600x600.webp 600w, https:\/\/www.yishengpack.com\/wp-content\/uploads\/2025\/11\/Ribbon-Handle-Bags-with-Unique-Design-Wholesale-Custom-Dresses-Shirt-Package-Paper-Bag-5-100x100.webp 100w\" sizes=\"(max-width: 2048px) 100vw, 2048px\" \/><\/figure>\n\n\n\n<div class=\"wp-block-buttons has-custom-font-size has-small-font-size is-content-justification-center is-layout-flex wp-container-core-buttons-is-layout-873b8b11 wp-block-buttons-is-layout-flex\" style=\"padding-top:var(--wp--preset--spacing--50);padding-right:var(--wp--preset--spacing--50);padding-bottom:var(--wp--preset--spacing--50);padding-left:var(--wp--preset--spacing--50)\">\n<div class=\"wp-block-button has-custom-width wp-block-button__width-75\"><a class=\"wp-block-button__link has-background has-small-font-size has-custom-font-size wp-element-button\" href=\"https:\/\/www.yishengpack.com\/pt\/custom-box-inserts-accessories\/\" style=\"background:linear-gradient(135deg,rgb(254,205,165) 0%,rgb(254,45,45) 0%,rgb(94,15,15) 0%)\" target=\"_blank\" rel=\"noreferrer noopener\"><strong>Explorar acess\u00f3rios para caixas personalizadas<\/strong><\/a><\/div>\n<\/div>\n<\/div>\n<\/div>","protected":false},"excerpt":{"rendered":"<p>Bem-vindo a comprar os nossos sacos de oferta com al\u00e7a de fita por atacado. Este saco de papel personalizado apresenta elegantes al\u00e7as de fita e material de papel de primeira qualidade, combinando moda e praticidade para armazenamento de roupas e presentes. Suporta impress\u00e3o de log\u00f3tipo e v\u00e1rios processos personalizados, ideal para as necessidades de personaliza\u00e7\u00e3o por atacado de marcas e retalhistas.<\/p>\n<h2>Destaques dos sacos de oferta com al\u00e7a de fita por atacado<\/h2>\n<ul>\n<li>Personaliza\u00e7\u00e3o topo de gama<\/li>\n<li>Materiais de alta qualidade<\/li>\n<li>Artesanato requintado<\/li>\n<li>V\u00e1rios tamanhos de sacos<\/li>\n<li>Cores vivas<\/li>\n<li>F\u00e1cil de transportar<\/li>\n<li>V\u00e1rios tipos de sacos<\/li>\n<li>Servi\u00e7o OEM&amp;ODM<\/li>\n<\/ul>","protected":false},"featured_media":2447,"comment_status":"closed","ping_status":"closed","template":"","meta":{"_acf_changed":false},"box-type":[53],"product_brand":[],"product_cat":[34,70,37],"product_tag":[],"class_list":{"0":"post-2446","1":"product","2":"type-product","3":"status-publish","4":"has-post-thumbnail","6":"box-type-custom-ribbon-handle-paper-bag","7":"product_cat-paper-bags-wholesale","8":"product_cat-custom-clothing-bags","9":"product_cat-paper-gift-bags-bulk","11":"first","12":"instock","13":"shipping-taxable","14":"product-type-simple"},"acf":[],"_links":{"self":[{"href":"https:\/\/www.yishengpack.com\/pt\/wp-json\/wp\/v2\/product\/2446","targetHints":{"allow":["GET"]}}],"collection":[{"href":"https:\/\/www.yishengpack.com\/pt\/wp-json\/wp\/v2\/product"}],"about":[{"href":"https:\/\/www.yishengpack.com\/pt\/wp-json\/wp\/v2\/types\/product"}],"replies":[{"embeddable":true,"href":"https:\/\/www.yishengpack.com\/pt\/wp-json\/wp\/v2\/comments?post=2446"}],"wp:featuredmedia":[{"embeddable":true,"href":"https:\/\/www.yishengpack.com\/pt\/wp-json\/wp\/v2\/media\/2447"}],"wp:attachment":[{"href":"https:\/\/www.yishengpack.com\/pt\/wp-json\/wp\/v2\/media?parent=2446"}],"wp:term":[{"taxonomy":"box-type","embeddable":true,"href":"https:\/\/www.yishengpack.com\/pt\/wp-json\/wp\/v2\/box-type?post=2446"},{"taxonomy":"product_brand","embeddable":true,"href":"https:\/\/www.yishengpack.com\/pt\/wp-json\/wp\/v2\/product_brand?post=2446"},{"taxonomy":"product_cat","embeddable":true,"href":"https:\/\/www.yishengpack.com\/pt\/wp-json\/wp\/v2\/product_cat?post=2446"},{"taxonomy":"product_tag","embeddable":true,"href":"https:\/\/www.yishengpack.com\/pt\/wp-json\/wp\/v2\/product_tag?post=2446"}],"curies":[{"name":"wp","href":"https:\/\/api.w.org\/{rel}","templated":true}]}}