{"id":2438,"date":"2025-11-08T09:35:11","date_gmt":"2025-11-08T09:35:11","guid":{"rendered":"https:\/\/www.yishengpack.com\/?post_type=product&#038;p=2438"},"modified":"2025-11-08T10:08:48","modified_gmt":"2025-11-08T10:08:48","slug":"clothing-bags-wholesale","status":"publish","type":"product","link":"https:\/\/www.yishengpack.com\/pt\/product\/clothing-bags-wholesale\/","title":{"rendered":"Sacos de roupa por atacado, saco de papel personalizado com al\u00e7a de fita"},"content":{"rendered":"<div class=\"wp-block-columns is-layout-flex wp-container-core-columns-is-layout-9d6595d7 wp-block-columns-is-layout-flex\">\n<div class=\"wp-block-column is-layout-flow wp-block-column-is-layout-flow\">\n<h3 class=\"wp-block-heading\">Carater\u00edsticas dos sacos de roupa requintados por atacado<\/h3>\n\n\n\n<p><strong>Pega com fita para um transporte elegante:<\/strong> Os sacos de roupa por atacado s\u00e3o uma al\u00e7a de fita acess\u00edvel e luxuosa. Ajudam-no a sentir-se elegante e a ter uma imagem de marca de prest\u00edgio. \u00d3timo para transportar camisolas com capuz, sweatshirts e artigos de l\u00e3. Proporciona uma experi\u00eancia de unboxing luxuosa.<\/p>\n\n\n\n<p><strong>Dobra-se facilmente: <\/strong>Este saco tem um design extremamente robusto e muito espa\u00e7o interior. Os sacos de roupa para venda por grosso tamb\u00e9m se dobram at\u00e9 ao tamanho da palma da m\u00e3o para facilitar o transporte e a arruma\u00e7\u00e3o de encomendas maiores.<\/p>\n\n\n\n<p><strong>Fabricado com papel de qualidade:<\/strong> Os sacos de vestu\u00e1rio por atacado s\u00e3o feitos de papel de qualidade que \u00e9 dur\u00e1vel e espesso para criar um saco de papel s\u00f3lido, ao mesmo tempo que mostra uma imagem de alta qualidade da sua marca de vestu\u00e1rio. Estes sacos s\u00e3o perfeitos para boutiques de vestu\u00e1rio, marcas de moda topo de gama, embalagens para presentes e eventos, e eventos promocionais.<\/p>\n\n\n\n<p><strong>Op\u00e7\u00f5es de design modernas:<\/strong> O saco de papel dobr\u00e1vel personalizado est\u00e1 dispon\u00edvel em v\u00e1rias op\u00e7\u00f5es de design moderno, incluindo bolinhas, riscas e impress\u00f5es bot\u00e2nicas. Estes designs modernos ajudam a criar um saco visualmente atrativo para apresentar vestu\u00e1rio.<\/p>\n\n\n\n<p><strong>Totalmente personaliz\u00e1vel para a marca:<\/strong> O saco para vestu\u00e1rio permite uma personaliza\u00e7\u00e3o total. Pode ajustar o tamanho, imprimir log\u00f3tipos de marcas ou desenhos tem\u00e1ticos de vestu\u00e1rio e escolher acabamentos de superf\u00edcie para satisfazer as necessidades \u00fanicas de branding das marcas de vestu\u00e1rio.<\/p>\n<\/div>\n\n\n\n<div class=\"wp-block-column is-layout-flow wp-block-column-is-layout-flow\">\n<figure class=\"wp-block-image size-full\"><img decoding=\"async\" width=\"2048\" height=\"2048\" src=\"https:\/\/www.yishengpack.com\/wp-content\/uploads\/2025\/11\/Hot-Sale-Customization-Exquisite-Clothing-Bags-Wholesale-Folding-Paper-Bag-with-Ribbon-Handle-2.webp\" alt=\"sacos de vestu\u00e1rio-atacado-sacos-de-papel-personalizados-com-al\u00e7a-de-fita-2\" class=\"wp-image-2440\" srcset=\"https:\/\/www.yishengpack.com\/wp-content\/uploads\/2025\/11\/Hot-Sale-Customization-Exquisite-Clothing-Bags-Wholesale-Folding-Paper-Bag-with-Ribbon-Handle-2.webp 2048w, https:\/\/www.yishengpack.com\/wp-content\/uploads\/2025\/11\/Hot-Sale-Customization-Exquisite-Clothing-Bags-Wholesale-Folding-Paper-Bag-with-Ribbon-Handle-2-300x300.webp 300w, https:\/\/www.yishengpack.com\/wp-content\/uploads\/2025\/11\/Hot-Sale-Customization-Exquisite-Clothing-Bags-Wholesale-Folding-Paper-Bag-with-Ribbon-Handle-2-150x150.webp 150w, https:\/\/www.yishengpack.com\/wp-content\/uploads\/2025\/11\/Hot-Sale-Customization-Exquisite-Clothing-Bags-Wholesale-Folding-Paper-Bag-with-Ribbon-Handle-2-768x768.webp 768w, https:\/\/www.yishengpack.com\/wp-content\/uploads\/2025\/11\/Hot-Sale-Customization-Exquisite-Clothing-Bags-Wholesale-Folding-Paper-Bag-with-Ribbon-Handle-2-12x12.webp 12w, https:\/\/www.yishengpack.com\/wp-content\/uploads\/2025\/11\/Hot-Sale-Customization-Exquisite-Clothing-Bags-Wholesale-Folding-Paper-Bag-with-Ribbon-Handle-2-1200x1200.webp 1200w, https:\/\/www.yishengpack.com\/wp-content\/uploads\/2025\/11\/Hot-Sale-Customization-Exquisite-Clothing-Bags-Wholesale-Folding-Paper-Bag-with-Ribbon-Handle-2-600x600.webp 600w, https:\/\/www.yishengpack.com\/wp-content\/uploads\/2025\/11\/Hot-Sale-Customization-Exquisite-Clothing-Bags-Wholesale-Folding-Paper-Bag-with-Ribbon-Handle-2-100x100.webp 100w\" sizes=\"(max-width: 2048px) 100vw, 2048px\" \/><\/figure>\n<\/div>\n<\/div>\n\n\n\n<div class=\"wp-block-columns is-layout-flex wp-container-core-columns-is-layout-9d6595d7 wp-block-columns-is-layout-flex\">\n<div class=\"wp-block-column is-layout-flow wp-block-column-is-layout-flow\">\n<figure class=\"wp-block-image size-full\"><img decoding=\"async\" width=\"2048\" height=\"2048\" src=\"https:\/\/www.yishengpack.com\/wp-content\/uploads\/2025\/11\/Hot-Sale-Customization-Exquisite-Clothing-Bags-Wholesale-Folding-Paper-Bag-with-Ribbon-Handle-5.webp\" alt=\"sacos de vestu\u00e1rio-atacado-sacos-de-papel-personalizados-com-al\u00e7a-de-fita-5\" class=\"wp-image-2443\" srcset=\"https:\/\/www.yishengpack.com\/wp-content\/uploads\/2025\/11\/Hot-Sale-Customization-Exquisite-Clothing-Bags-Wholesale-Folding-Paper-Bag-with-Ribbon-Handle-5.webp 2048w, https:\/\/www.yishengpack.com\/wp-content\/uploads\/2025\/11\/Hot-Sale-Customization-Exquisite-Clothing-Bags-Wholesale-Folding-Paper-Bag-with-Ribbon-Handle-5-300x300.webp 300w, https:\/\/www.yishengpack.com\/wp-content\/uploads\/2025\/11\/Hot-Sale-Customization-Exquisite-Clothing-Bags-Wholesale-Folding-Paper-Bag-with-Ribbon-Handle-5-150x150.webp 150w, https:\/\/www.yishengpack.com\/wp-content\/uploads\/2025\/11\/Hot-Sale-Customization-Exquisite-Clothing-Bags-Wholesale-Folding-Paper-Bag-with-Ribbon-Handle-5-768x768.webp 768w, https:\/\/www.yishengpack.com\/wp-content\/uploads\/2025\/11\/Hot-Sale-Customization-Exquisite-Clothing-Bags-Wholesale-Folding-Paper-Bag-with-Ribbon-Handle-5-12x12.webp 12w, https:\/\/www.yishengpack.com\/wp-content\/uploads\/2025\/11\/Hot-Sale-Customization-Exquisite-Clothing-Bags-Wholesale-Folding-Paper-Bag-with-Ribbon-Handle-5-1200x1200.webp 1200w, https:\/\/www.yishengpack.com\/wp-content\/uploads\/2025\/11\/Hot-Sale-Customization-Exquisite-Clothing-Bags-Wholesale-Folding-Paper-Bag-with-Ribbon-Handle-5-600x600.webp 600w, https:\/\/www.yishengpack.com\/wp-content\/uploads\/2025\/11\/Hot-Sale-Customization-Exquisite-Clothing-Bags-Wholesale-Folding-Paper-Bag-with-Ribbon-Handle-5-100x100.webp 100w\" sizes=\"(max-width: 2048px) 100vw, 2048px\" \/><\/figure>\n\n\n\n<div class=\"wp-block-buttons has-custom-font-size has-small-font-size is-content-justification-center is-layout-flex wp-container-core-buttons-is-layout-873b8b11 wp-block-buttons-is-layout-flex\" style=\"padding-top:var(--wp--preset--spacing--50);padding-right:var(--wp--preset--spacing--50);padding-bottom:var(--wp--preset--spacing--50);padding-left:var(--wp--preset--spacing--50)\">\n<div class=\"wp-block-button has-custom-width wp-block-button__width-75\"><a class=\"wp-block-button__link has-background has-small-font-size has-custom-font-size wp-element-button\" href=\"https:\/\/www.yishengpack.com\/pt\/custom-printed-box\/\" style=\"background:linear-gradient(135deg,rgb(254,205,165) 0%,rgb(254,45,45) 0%,rgb(94,15,15) 0%,rgb(94,15,15) 100%)\" target=\"_blank\" rel=\"noreferrer noopener\"><strong>Explorar caixas impressas personalizadas<\/strong><\/a><\/div>\n<\/div>\n<\/div>\n\n\n\n<div class=\"wp-block-column is-layout-flow wp-block-column-is-layout-flow\">\n<figure class=\"wp-block-image size-full\"><img decoding=\"async\" width=\"2048\" height=\"2048\" src=\"https:\/\/www.yishengpack.com\/wp-content\/uploads\/2025\/11\/Hot-Sale-Customization-Exquisite-Clothing-Bags-Wholesale-Folding-Paper-Bag-with-Ribbon-Handle-7.webp\" alt=\"sacos de vestu\u00e1rio-atacado-sacos-de-papel-personalizados-com-al\u00e7a-de-fita-7\" class=\"wp-image-2445\" srcset=\"https:\/\/www.yishengpack.com\/wp-content\/uploads\/2025\/11\/Hot-Sale-Customization-Exquisite-Clothing-Bags-Wholesale-Folding-Paper-Bag-with-Ribbon-Handle-7.webp 2048w, https:\/\/www.yishengpack.com\/wp-content\/uploads\/2025\/11\/Hot-Sale-Customization-Exquisite-Clothing-Bags-Wholesale-Folding-Paper-Bag-with-Ribbon-Handle-7-300x300.webp 300w, https:\/\/www.yishengpack.com\/wp-content\/uploads\/2025\/11\/Hot-Sale-Customization-Exquisite-Clothing-Bags-Wholesale-Folding-Paper-Bag-with-Ribbon-Handle-7-150x150.webp 150w, https:\/\/www.yishengpack.com\/wp-content\/uploads\/2025\/11\/Hot-Sale-Customization-Exquisite-Clothing-Bags-Wholesale-Folding-Paper-Bag-with-Ribbon-Handle-7-768x768.webp 768w, https:\/\/www.yishengpack.com\/wp-content\/uploads\/2025\/11\/Hot-Sale-Customization-Exquisite-Clothing-Bags-Wholesale-Folding-Paper-Bag-with-Ribbon-Handle-7-12x12.webp 12w, https:\/\/www.yishengpack.com\/wp-content\/uploads\/2025\/11\/Hot-Sale-Customization-Exquisite-Clothing-Bags-Wholesale-Folding-Paper-Bag-with-Ribbon-Handle-7-1200x1200.webp 1200w, https:\/\/www.yishengpack.com\/wp-content\/uploads\/2025\/11\/Hot-Sale-Customization-Exquisite-Clothing-Bags-Wholesale-Folding-Paper-Bag-with-Ribbon-Handle-7-600x600.webp 600w, https:\/\/www.yishengpack.com\/wp-content\/uploads\/2025\/11\/Hot-Sale-Customization-Exquisite-Clothing-Bags-Wholesale-Folding-Paper-Bag-with-Ribbon-Handle-7-100x100.webp 100w\" sizes=\"(max-width: 2048px) 100vw, 2048px\" \/><\/figure>\n\n\n\n<div class=\"wp-block-buttons has-custom-font-size has-small-font-size is-content-justification-center is-layout-flex wp-container-core-buttons-is-layout-873b8b11 wp-block-buttons-is-layout-flex\" style=\"padding-top:var(--wp--preset--spacing--50);padding-right:var(--wp--preset--spacing--50);padding-bottom:var(--wp--preset--spacing--50);padding-left:var(--wp--preset--spacing--50)\">\n<div class=\"wp-block-button has-custom-width wp-block-button__width-75\"><a class=\"wp-block-button__link has-background has-small-font-size has-custom-font-size wp-element-button\" href=\"https:\/\/www.yishengpack.com\/pt\/custom-box-inserts-accessories\/\" style=\"background:linear-gradient(135deg,rgb(254,205,165) 0%,rgb(254,45,45) 0%,rgb(94,15,15) 0%)\" target=\"_blank\" rel=\"noreferrer noopener\"><strong>Explorar acess\u00f3rios para caixas personalizadas<\/strong><\/a><\/div>\n<\/div>\n<\/div>\n<\/div>","protected":false},"excerpt":{"rendered":"<p>Bem-vindo a comprar os nossos requintados sacos de roupa por grosso. Este saco de papel para vestu\u00e1rio personalizado de alta qualidade apresenta papel espesso e um elegante design de al\u00e7a de fita. A sua apar\u00eancia refinada e o design dobr\u00e1vel facilitam o envio por atacado. A personaliza\u00e7\u00e3o de log\u00f3tipos, cores e processos de impress\u00e3o est\u00e1 dispon\u00edvel, tornando-o uma escolha de embalagem ideal para marcas de vestu\u00e1rio, boutiques e eventos promocionais.<\/p>\n<h2>Destaques de Sacos de vestu\u00e1rio por atacado<\/h2>\n<ul>\n<li>Personaliza\u00e7\u00e3o total<\/li>\n<li>Materiais de primeira qualidade<\/li>\n<li>Impress\u00e3o sofisticada<\/li>\n<li>V\u00e1rios tipos de sacos<\/li>\n<li>Cores vivas<\/li>\n<li>V\u00e1rios tamanhos<\/li>\n<li>Utiliza\u00e7\u00e3o c\u00f3moda<\/li>\n<li>Armazenamento f\u00e1cil<\/li>\n<li>Acess\u00f3rios personalizados<\/li>\n<li>Servi\u00e7o OEM&amp;ODM<\/li>\n<\/ul>","protected":false},"featured_media":2439,"comment_status":"closed","ping_status":"closed","template":"","meta":{"_acf_changed":false},"box-type":[53],"product_brand":[],"product_cat":[34,70,37],"product_tag":[],"class_list":{"0":"post-2438","1":"product","2":"type-product","3":"status-publish","4":"has-post-thumbnail","6":"box-type-custom-ribbon-handle-paper-bag","7":"product_cat-paper-bags-wholesale","8":"product_cat-custom-clothing-bags","9":"product_cat-paper-gift-bags-bulk","11":"first","12":"instock","13":"shipping-taxable","14":"product-type-simple"},"acf":[],"_links":{"self":[{"href":"https:\/\/www.yishengpack.com\/pt\/wp-json\/wp\/v2\/product\/2438","targetHints":{"allow":["GET"]}}],"collection":[{"href":"https:\/\/www.yishengpack.com\/pt\/wp-json\/wp\/v2\/product"}],"about":[{"href":"https:\/\/www.yishengpack.com\/pt\/wp-json\/wp\/v2\/types\/product"}],"replies":[{"embeddable":true,"href":"https:\/\/www.yishengpack.com\/pt\/wp-json\/wp\/v2\/comments?post=2438"}],"wp:featuredmedia":[{"embeddable":true,"href":"https:\/\/www.yishengpack.com\/pt\/wp-json\/wp\/v2\/media\/2439"}],"wp:attachment":[{"href":"https:\/\/www.yishengpack.com\/pt\/wp-json\/wp\/v2\/media?parent=2438"}],"wp:term":[{"taxonomy":"box-type","embeddable":true,"href":"https:\/\/www.yishengpack.com\/pt\/wp-json\/wp\/v2\/box-type?post=2438"},{"taxonomy":"product_brand","embeddable":true,"href":"https:\/\/www.yishengpack.com\/pt\/wp-json\/wp\/v2\/product_brand?post=2438"},{"taxonomy":"product_cat","embeddable":true,"href":"https:\/\/www.yishengpack.com\/pt\/wp-json\/wp\/v2\/product_cat?post=2438"},{"taxonomy":"product_tag","embeddable":true,"href":"https:\/\/www.yishengpack.com\/pt\/wp-json\/wp\/v2\/product_tag?post=2438"}],"curies":[{"name":"wp","href":"https:\/\/api.w.org\/{rel}","templated":true}]}}