{"id":2430,"date":"2025-11-14T03:16:14","date_gmt":"2025-11-14T03:16:14","guid":{"rendered":"https:\/\/www.yishengpack.com\/?post_type=product&#038;p=2430"},"modified":"2025-11-14T03:16:15","modified_gmt":"2025-11-14T03:16:15","slug":"magnetic-closure-gift-box-wholesale","status":"publish","type":"product","link":"https:\/\/www.yishengpack.com\/pt\/product\/magnetic-closure-gift-box-wholesale\/","title":{"rendered":"Caixa de presente com fecho magn\u00e9tico por atacado para embalagens de roupas"},"content":{"rendered":"<div class=\"wp-block-columns is-layout-flex wp-container-core-columns-is-layout-9d6595d7 wp-block-columns-is-layout-flex\">\n<div class=\"wp-block-column is-layout-flow wp-block-column-is-layout-flow\">\n<h3 class=\"wp-block-heading\">Features of Magnetic Closure Gift Box Wholesale<\/h3>\n\n\n\n<p><strong>Magnetic Snap Closure for Luxe Unboxing:<\/strong> The wholesale clothing packaging box includes a magnetic snap closure, which provides for a simple and luxurious unboxing experience. It is designed for suits, gowns, and leather jackets, and presents the unboxing process in a clean, modern way.<\/p>\n\n\n\n<p><strong>Designed Interior Layout:<\/strong> This magnetic closure gift box wholesale has a designed interior layout that keeps the contents organized. It is a great way to organize vests, long dresses, and athletic wear to keep clothes nice and tidy.<\/p>\n\n\n\n<p><strong>High-End Materials:<\/strong> This magnetic closure gift box wholesale is made with high-end materials; undoubtedly, the clothing packaging box is durable and very stylish. Excellent for packaging a premium item, such as suits, gowns, or long dresses, and enhancing the gifting experience.<\/p>\n\n\n\n<p><strong>Bright Color Palettes: <\/strong>The magnetic closure gift box wholesale comes in bright color palettes, such as pink, green, blue, etc. These colors will make the visual look of the item better, making the gift box suitable for packaging various clothing items, or whichever apparel the item is designed for.<\/p>\n\n\n\n<p><strong>Customizable Options:<\/strong> The wholesale clothing packaging box will allow you to customize the box to your needs. You can change the dimensions, change the size of the brand logo or graphics such as clothing specifics. You can also choose to select varying surface finish options to match your unique branding requirements.<\/p>\n<\/div>\n\n\n\n<div class=\"wp-block-column is-layout-flow wp-block-column-is-layout-flow\">\n<figure class=\"wp-block-image size-full\"><img decoding=\"async\" width=\"1925\" height=\"1925\" src=\"https:\/\/www.yishengpack.com\/wp-content\/uploads\/2025\/11\/Luxury-Clothing-Magnetic-Gift-Boxes-Wholesale-High-Quality-Paper-Box-with-Custom-Logo-2.webp\" alt=\"magnetic-closure-gift-box-wholesale-for-clothing-packaging-2\" class=\"wp-image-2432\" srcset=\"https:\/\/www.yishengpack.com\/wp-content\/uploads\/2025\/11\/Luxury-Clothing-Magnetic-Gift-Boxes-Wholesale-High-Quality-Paper-Box-with-Custom-Logo-2.webp 1925w, https:\/\/www.yishengpack.com\/wp-content\/uploads\/2025\/11\/Luxury-Clothing-Magnetic-Gift-Boxes-Wholesale-High-Quality-Paper-Box-with-Custom-Logo-2-300x300.webp 300w, https:\/\/www.yishengpack.com\/wp-content\/uploads\/2025\/11\/Luxury-Clothing-Magnetic-Gift-Boxes-Wholesale-High-Quality-Paper-Box-with-Custom-Logo-2-150x150.webp 150w, https:\/\/www.yishengpack.com\/wp-content\/uploads\/2025\/11\/Luxury-Clothing-Magnetic-Gift-Boxes-Wholesale-High-Quality-Paper-Box-with-Custom-Logo-2-768x768.webp 768w, https:\/\/www.yishengpack.com\/wp-content\/uploads\/2025\/11\/Luxury-Clothing-Magnetic-Gift-Boxes-Wholesale-High-Quality-Paper-Box-with-Custom-Logo-2-12x12.webp 12w, https:\/\/www.yishengpack.com\/wp-content\/uploads\/2025\/11\/Luxury-Clothing-Magnetic-Gift-Boxes-Wholesale-High-Quality-Paper-Box-with-Custom-Logo-2-1200x1200.webp 1200w, https:\/\/www.yishengpack.com\/wp-content\/uploads\/2025\/11\/Luxury-Clothing-Magnetic-Gift-Boxes-Wholesale-High-Quality-Paper-Box-with-Custom-Logo-2-600x600.webp 600w, https:\/\/www.yishengpack.com\/wp-content\/uploads\/2025\/11\/Luxury-Clothing-Magnetic-Gift-Boxes-Wholesale-High-Quality-Paper-Box-with-Custom-Logo-2-100x100.webp 100w\" sizes=\"(max-width: 1925px) 100vw, 1925px\" \/><\/figure>\n<\/div>\n<\/div>\n\n\n\n<div class=\"wp-block-columns is-layout-flex wp-container-core-columns-is-layout-9d6595d7 wp-block-columns-is-layout-flex\">\n<div class=\"wp-block-column is-layout-flow wp-block-column-is-layout-flow\">\n<figure class=\"wp-block-image size-full\"><img decoding=\"async\" width=\"2048\" height=\"2048\" src=\"https:\/\/www.yishengpack.com\/wp-content\/uploads\/2025\/11\/Luxury-Clothing-Magnetic-Gift-Boxes-Wholesale-High-Quality-Paper-Box-with-Custom-Logo-7.webp\" alt=\"luxury-clothing-magnetic-gift-boxes-wholesale-high-quality-paper-box-with-custom-logo-7\" class=\"wp-image-2437\" srcset=\"https:\/\/www.yishengpack.com\/wp-content\/uploads\/2025\/11\/Luxury-Clothing-Magnetic-Gift-Boxes-Wholesale-High-Quality-Paper-Box-with-Custom-Logo-7.webp 2048w, https:\/\/www.yishengpack.com\/wp-content\/uploads\/2025\/11\/Luxury-Clothing-Magnetic-Gift-Boxes-Wholesale-High-Quality-Paper-Box-with-Custom-Logo-7-300x300.webp 300w, https:\/\/www.yishengpack.com\/wp-content\/uploads\/2025\/11\/Luxury-Clothing-Magnetic-Gift-Boxes-Wholesale-High-Quality-Paper-Box-with-Custom-Logo-7-150x150.webp 150w, https:\/\/www.yishengpack.com\/wp-content\/uploads\/2025\/11\/Luxury-Clothing-Magnetic-Gift-Boxes-Wholesale-High-Quality-Paper-Box-with-Custom-Logo-7-768x768.webp 768w, https:\/\/www.yishengpack.com\/wp-content\/uploads\/2025\/11\/Luxury-Clothing-Magnetic-Gift-Boxes-Wholesale-High-Quality-Paper-Box-with-Custom-Logo-7-12x12.webp 12w, https:\/\/www.yishengpack.com\/wp-content\/uploads\/2025\/11\/Luxury-Clothing-Magnetic-Gift-Boxes-Wholesale-High-Quality-Paper-Box-with-Custom-Logo-7-1200x1200.webp 1200w, https:\/\/www.yishengpack.com\/wp-content\/uploads\/2025\/11\/Luxury-Clothing-Magnetic-Gift-Boxes-Wholesale-High-Quality-Paper-Box-with-Custom-Logo-7-600x600.webp 600w, https:\/\/www.yishengpack.com\/wp-content\/uploads\/2025\/11\/Luxury-Clothing-Magnetic-Gift-Boxes-Wholesale-High-Quality-Paper-Box-with-Custom-Logo-7-100x100.webp 100w\" sizes=\"(max-width: 2048px) 100vw, 2048px\" \/><\/figure>\n\n\n\n<div class=\"wp-block-buttons has-custom-font-size has-small-font-size is-content-justification-center is-layout-flex wp-container-core-buttons-is-layout-16018d1d wp-block-buttons-is-layout-flex\">\n<div class=\"wp-block-button has-custom-width wp-block-button__width-75\"><a class=\"wp-block-button__link has-background has-small-font-size has-custom-font-size wp-element-button\" href=\"https:\/\/www.yishengpack.com\/pt\/custom-printed-box\/\" style=\"background:linear-gradient(135deg,rgb(254,205,165) 0%,rgb(254,45,45) 0%,rgb(94,15,15) 0%,rgb(94,15,15) 100%)\" target=\"_blank\" rel=\"noreferrer noopener\"><strong>Explorar caixas impressas personalizadas<\/strong><\/a><\/div>\n<\/div>\n<\/div>\n\n\n\n<div class=\"wp-block-column is-layout-flow wp-block-column-is-layout-flow\">\n<figure class=\"wp-block-image size-full\"><img decoding=\"async\" width=\"2048\" height=\"2048\" src=\"https:\/\/www.yishengpack.com\/wp-content\/uploads\/2025\/11\/Luxury-Clothing-Magnetic-Gift-Boxes-Wholesale-High-Quality-Paper-Box-with-Custom-Logo-3.webp\" alt=\"magnetic-closure-gift-box-wholesale-for-clothing-packaging-3\" class=\"wp-image-2433\" srcset=\"https:\/\/www.yishengpack.com\/wp-content\/uploads\/2025\/11\/Luxury-Clothing-Magnetic-Gift-Boxes-Wholesale-High-Quality-Paper-Box-with-Custom-Logo-3.webp 2048w, https:\/\/www.yishengpack.com\/wp-content\/uploads\/2025\/11\/Luxury-Clothing-Magnetic-Gift-Boxes-Wholesale-High-Quality-Paper-Box-with-Custom-Logo-3-300x300.webp 300w, https:\/\/www.yishengpack.com\/wp-content\/uploads\/2025\/11\/Luxury-Clothing-Magnetic-Gift-Boxes-Wholesale-High-Quality-Paper-Box-with-Custom-Logo-3-150x150.webp 150w, https:\/\/www.yishengpack.com\/wp-content\/uploads\/2025\/11\/Luxury-Clothing-Magnetic-Gift-Boxes-Wholesale-High-Quality-Paper-Box-with-Custom-Logo-3-768x768.webp 768w, https:\/\/www.yishengpack.com\/wp-content\/uploads\/2025\/11\/Luxury-Clothing-Magnetic-Gift-Boxes-Wholesale-High-Quality-Paper-Box-with-Custom-Logo-3-12x12.webp 12w, https:\/\/www.yishengpack.com\/wp-content\/uploads\/2025\/11\/Luxury-Clothing-Magnetic-Gift-Boxes-Wholesale-High-Quality-Paper-Box-with-Custom-Logo-3-1200x1200.webp 1200w, https:\/\/www.yishengpack.com\/wp-content\/uploads\/2025\/11\/Luxury-Clothing-Magnetic-Gift-Boxes-Wholesale-High-Quality-Paper-Box-with-Custom-Logo-3-600x600.webp 600w, https:\/\/www.yishengpack.com\/wp-content\/uploads\/2025\/11\/Luxury-Clothing-Magnetic-Gift-Boxes-Wholesale-High-Quality-Paper-Box-with-Custom-Logo-3-100x100.webp 100w\" sizes=\"(max-width: 2048px) 100vw, 2048px\" \/><\/figure>\n\n\n\n<div class=\"wp-block-buttons has-custom-font-size has-small-font-size is-content-justification-center is-layout-flex wp-container-core-buttons-is-layout-16018d1d wp-block-buttons-is-layout-flex\">\n<div class=\"wp-block-button has-custom-width wp-block-button__width-75\"><a class=\"wp-block-button__link has-background has-small-font-size has-custom-font-size wp-element-button\" href=\"https:\/\/www.yishengpack.com\/pt\/custom-box-inserts-accessories\/\" style=\"background:linear-gradient(135deg,rgb(254,205,165) 0%,rgb(254,45,45) 0%,rgb(94,15,15) 0%,rgb(94,15,15) 100%)\" target=\"_blank\" rel=\"noreferrer noopener\"><strong>Explorar inser\u00e7\u00f5es de caixas personalizadas<\/strong><\/a><\/div>\n<\/div>\n<\/div>\n<\/div>\n\n\n\n<p><\/p>","protected":false},"excerpt":{"rendered":"<p>Bem-vindo a comprar a nossa caixa de presente com fecho magn\u00e9tico por atacado, perfeita para embalar fatos, vestidos, saias maxi, coletes, casacos de cabedal e muito mais. A caixa de embalagem de vestu\u00e1rio por atacado apresenta um design de fecho magn\u00e9tico e artesanato de primeira qualidade; combina luxo e funcionalidade para presentear e exibir roupas. Desde o tamanho, cores e detalhes sofisticados at\u00e9 ao log\u00f3tipo e inser\u00e7\u00f5es personalizadas, s\u00e3o totalmente personaliz\u00e1veis para corresponder ao posicionamento topo de gama da sua marca.<\/p>\n<h2>Destaques da caixa de presente com fecho magn\u00e9tico por atacado<\/h2>\n<ul>\n<li>Personaliza\u00e7\u00e3o total<\/li>\n<li>Materiais de primeira qualidade<\/li>\n<li>V\u00e1rios tipos de impress\u00e3o<\/li>\n<li>Estrutura est\u00e1vel<\/li>\n<li>V\u00e1rios tipos de caixas<\/li>\n<li>Grande variedade de cores<\/li>\n<li>V\u00e1rios tamanhos de caixas<\/li>\n<li>Servi\u00e7o OEM\/ODM<\/li>\n<\/ul>","protected":false},"featured_media":2431,"comment_status":"closed","ping_status":"closed","template":"","meta":{"_acf_changed":false},"box-type":[54],"product_brand":[],"product_cat":[19,66],"product_tag":[],"class_list":{"0":"post-2430","1":"product","2":"type-product","3":"status-publish","4":"has-post-thumbnail","6":"box-type-custom-magnetic-closure-boxes","7":"product_cat-luxury-gift-boxes-wholesale","8":"product_cat-custom-apparel-boxes","10":"first","11":"instock","12":"shipping-taxable","13":"product-type-simple"},"acf":[],"_links":{"self":[{"href":"https:\/\/www.yishengpack.com\/pt\/wp-json\/wp\/v2\/product\/2430","targetHints":{"allow":["GET"]}}],"collection":[{"href":"https:\/\/www.yishengpack.com\/pt\/wp-json\/wp\/v2\/product"}],"about":[{"href":"https:\/\/www.yishengpack.com\/pt\/wp-json\/wp\/v2\/types\/product"}],"replies":[{"embeddable":true,"href":"https:\/\/www.yishengpack.com\/pt\/wp-json\/wp\/v2\/comments?post=2430"}],"wp:featuredmedia":[{"embeddable":true,"href":"https:\/\/www.yishengpack.com\/pt\/wp-json\/wp\/v2\/media\/2431"}],"wp:attachment":[{"href":"https:\/\/www.yishengpack.com\/pt\/wp-json\/wp\/v2\/media?parent=2430"}],"wp:term":[{"taxonomy":"box-type","embeddable":true,"href":"https:\/\/www.yishengpack.com\/pt\/wp-json\/wp\/v2\/box-type?post=2430"},{"taxonomy":"product_brand","embeddable":true,"href":"https:\/\/www.yishengpack.com\/pt\/wp-json\/wp\/v2\/product_brand?post=2430"},{"taxonomy":"product_cat","embeddable":true,"href":"https:\/\/www.yishengpack.com\/pt\/wp-json\/wp\/v2\/product_cat?post=2430"},{"taxonomy":"product_tag","embeddable":true,"href":"https:\/\/www.yishengpack.com\/pt\/wp-json\/wp\/v2\/product_tag?post=2430"}],"curies":[{"name":"wp","href":"https:\/\/api.w.org\/{rel}","templated":true}]}}