{"id":2422,"date":"2025-11-08T06:22:19","date_gmt":"2025-11-08T06:22:19","guid":{"rendered":"https:\/\/www.yishengpack.com\/?post_type=product&#038;p=2422"},"modified":"2025-11-08T06:37:49","modified_gmt":"2025-11-08T06:37:49","slug":"apparel-gift-boxes-wholesale","status":"publish","type":"product","link":"https:\/\/www.yishengpack.com\/pt\/product\/apparel-gift-boxes-wholesale\/","title":{"rendered":"Caixas de presente de vestu\u00e1rio por atacado, caixas r\u00edgidas magn\u00e9ticas personalizadas"},"content":{"rendered":"<div class=\"wp-block-columns is-layout-flex wp-container-core-columns-is-layout-9d6595d7 wp-block-columns-is-layout-flex\">\n<div class=\"wp-block-column is-layout-flow wp-block-column-is-layout-flow\">\n<h3 class=\"wp-block-heading\">Features of Apparel Gift Boxes Wholesale<\/h3>\n\n\n\n<p><strong>Rigid Box Construction:<\/strong> The apparel gift boxes wholesale are made of thick cardboard. The strong box provides pressure resistance and will keep the garments safe when they\u2019re transported or displayed.<\/p>\n\n\n\n<p><strong>Smooth Magnetic Closure:<\/strong> The apparel gift boxes wholesale have a smooth magnetic closure that allows for a seamless unboxing experience and a premium feel while with the closure. It\u2019s also great to use to display pants, dresses, and coats, with the closure technique giving a polished presentation that enhances the premium feel and brand image of the packaging.<\/p>\n\n\n\n<p><strong>Exquisite Appearance and High-end Texture:<\/strong> A variety of surface treatments are available, such as lamination, hot stamping, UV coating, embossing, and screen printing, making the custom magnetic rigid boxes for clothing packaging more visually appealing.<\/p>\n\n\n\n<p><strong>Customization Services:<\/strong> These apparel gift boxes wholesale offer OEM\/ODM customization, allowing you to customize the size, color, logo, pattern, and lining material according to your brand requirements, enhancing visual appeal and perfectly showcasing various apparel products to meet the needs of your apparel brand.<\/p>\n\n\n\n<p><strong>Ampla aplicabilidade:<\/strong> Our custom magnetic rigid boxes are suitable for various uses, including clothing gift boxes, shirt packaging, luxury brand sets, and holiday gifts, making them an ideal choice for retail and brand promotion.<\/p>\n<\/div>\n\n\n\n<div class=\"wp-block-column is-layout-flow wp-block-column-is-layout-flow\">\n<figure class=\"wp-block-image size-full\"><img decoding=\"async\" width=\"2048\" height=\"2048\" src=\"https:\/\/www.yishengpack.com\/wp-content\/uploads\/2025\/11\/Bulk-Clothes-Package-Box-Wholesale-Custom-Lid-Paper-Box-for-T-shirts-Skirts-Jeans-Packaging-2.webp\" alt=\"apparel-gift-boxes-wholesale-custom-magnetic-rigid-boxes-2\" class=\"wp-image-2424\" srcset=\"https:\/\/www.yishengpack.com\/wp-content\/uploads\/2025\/11\/Bulk-Clothes-Package-Box-Wholesale-Custom-Lid-Paper-Box-for-T-shirts-Skirts-Jeans-Packaging-2.webp 2048w, https:\/\/www.yishengpack.com\/wp-content\/uploads\/2025\/11\/Bulk-Clothes-Package-Box-Wholesale-Custom-Lid-Paper-Box-for-T-shirts-Skirts-Jeans-Packaging-2-300x300.webp 300w, https:\/\/www.yishengpack.com\/wp-content\/uploads\/2025\/11\/Bulk-Clothes-Package-Box-Wholesale-Custom-Lid-Paper-Box-for-T-shirts-Skirts-Jeans-Packaging-2-150x150.webp 150w, https:\/\/www.yishengpack.com\/wp-content\/uploads\/2025\/11\/Bulk-Clothes-Package-Box-Wholesale-Custom-Lid-Paper-Box-for-T-shirts-Skirts-Jeans-Packaging-2-768x768.webp 768w, https:\/\/www.yishengpack.com\/wp-content\/uploads\/2025\/11\/Bulk-Clothes-Package-Box-Wholesale-Custom-Lid-Paper-Box-for-T-shirts-Skirts-Jeans-Packaging-2-12x12.webp 12w, https:\/\/www.yishengpack.com\/wp-content\/uploads\/2025\/11\/Bulk-Clothes-Package-Box-Wholesale-Custom-Lid-Paper-Box-for-T-shirts-Skirts-Jeans-Packaging-2-1200x1200.webp 1200w, https:\/\/www.yishengpack.com\/wp-content\/uploads\/2025\/11\/Bulk-Clothes-Package-Box-Wholesale-Custom-Lid-Paper-Box-for-T-shirts-Skirts-Jeans-Packaging-2-600x600.webp 600w, https:\/\/www.yishengpack.com\/wp-content\/uploads\/2025\/11\/Bulk-Clothes-Package-Box-Wholesale-Custom-Lid-Paper-Box-for-T-shirts-Skirts-Jeans-Packaging-2-100x100.webp 100w\" sizes=\"(max-width: 2048px) 100vw, 2048px\" \/><\/figure>\n<\/div>\n<\/div>\n\n\n\n<div class=\"wp-block-columns is-layout-flex wp-container-core-columns-is-layout-9d6595d7 wp-block-columns-is-layout-flex\">\n<div class=\"wp-block-column is-layout-flow wp-block-column-is-layout-flow\">\n<figure class=\"wp-block-image size-full\"><img decoding=\"async\" width=\"2048\" height=\"2048\" src=\"https:\/\/www.yishengpack.com\/wp-content\/uploads\/2025\/11\/Bulk-Clothes-Package-Box-Wholesale-Custom-Lid-Paper-Box-for-T-shirts-Skirts-Jeans-Packaging-6.webp\" alt=\"apparel-gift-boxes-wholesale-custom-magnetic-rigid-boxes-6\" class=\"wp-image-2428\" srcset=\"https:\/\/www.yishengpack.com\/wp-content\/uploads\/2025\/11\/Bulk-Clothes-Package-Box-Wholesale-Custom-Lid-Paper-Box-for-T-shirts-Skirts-Jeans-Packaging-6.webp 2048w, https:\/\/www.yishengpack.com\/wp-content\/uploads\/2025\/11\/Bulk-Clothes-Package-Box-Wholesale-Custom-Lid-Paper-Box-for-T-shirts-Skirts-Jeans-Packaging-6-300x300.webp 300w, https:\/\/www.yishengpack.com\/wp-content\/uploads\/2025\/11\/Bulk-Clothes-Package-Box-Wholesale-Custom-Lid-Paper-Box-for-T-shirts-Skirts-Jeans-Packaging-6-150x150.webp 150w, https:\/\/www.yishengpack.com\/wp-content\/uploads\/2025\/11\/Bulk-Clothes-Package-Box-Wholesale-Custom-Lid-Paper-Box-for-T-shirts-Skirts-Jeans-Packaging-6-768x768.webp 768w, https:\/\/www.yishengpack.com\/wp-content\/uploads\/2025\/11\/Bulk-Clothes-Package-Box-Wholesale-Custom-Lid-Paper-Box-for-T-shirts-Skirts-Jeans-Packaging-6-12x12.webp 12w, https:\/\/www.yishengpack.com\/wp-content\/uploads\/2025\/11\/Bulk-Clothes-Package-Box-Wholesale-Custom-Lid-Paper-Box-for-T-shirts-Skirts-Jeans-Packaging-6-1200x1200.webp 1200w, https:\/\/www.yishengpack.com\/wp-content\/uploads\/2025\/11\/Bulk-Clothes-Package-Box-Wholesale-Custom-Lid-Paper-Box-for-T-shirts-Skirts-Jeans-Packaging-6-600x600.webp 600w, https:\/\/www.yishengpack.com\/wp-content\/uploads\/2025\/11\/Bulk-Clothes-Package-Box-Wholesale-Custom-Lid-Paper-Box-for-T-shirts-Skirts-Jeans-Packaging-6-100x100.webp 100w\" sizes=\"(max-width: 2048px) 100vw, 2048px\" \/><\/figure>\n\n\n\n<div class=\"wp-block-buttons has-custom-font-size has-small-font-size is-content-justification-center is-layout-flex wp-container-core-buttons-is-layout-16018d1d wp-block-buttons-is-layout-flex\">\n<div class=\"wp-block-button has-custom-width wp-block-button__width-75\"><a class=\"wp-block-button__link has-background has-small-font-size has-custom-font-size wp-element-button\" href=\"https:\/\/www.yishengpack.com\/pt\/custom-printed-box\/\" style=\"background:linear-gradient(135deg,rgb(254,205,165) 0%,rgb(254,45,45) 0%,rgb(94,15,15) 0%,rgb(94,15,15) 100%)\" target=\"_blank\" rel=\"noreferrer noopener\"><strong>Explorar caixas impressas personalizadas<\/strong><\/a><\/div>\n<\/div>\n<\/div>\n\n\n\n<div class=\"wp-block-column is-layout-flow wp-block-column-is-layout-flow\">\n<figure class=\"wp-block-image size-full\"><img decoding=\"async\" width=\"2048\" height=\"2048\" src=\"https:\/\/www.yishengpack.com\/wp-content\/uploads\/2025\/11\/Bulk-Clothes-Package-Box-Wholesale-Custom-Lid-Paper-Box-for-T-shirts-Skirts-Jeans-Packaging-4.webp\" alt=\"apparel-gift-boxes-wholesale-custom-magnetic-rigid-boxes-4\" class=\"wp-image-2426\" srcset=\"https:\/\/www.yishengpack.com\/wp-content\/uploads\/2025\/11\/Bulk-Clothes-Package-Box-Wholesale-Custom-Lid-Paper-Box-for-T-shirts-Skirts-Jeans-Packaging-4.webp 2048w, https:\/\/www.yishengpack.com\/wp-content\/uploads\/2025\/11\/Bulk-Clothes-Package-Box-Wholesale-Custom-Lid-Paper-Box-for-T-shirts-Skirts-Jeans-Packaging-4-300x300.webp 300w, https:\/\/www.yishengpack.com\/wp-content\/uploads\/2025\/11\/Bulk-Clothes-Package-Box-Wholesale-Custom-Lid-Paper-Box-for-T-shirts-Skirts-Jeans-Packaging-4-150x150.webp 150w, https:\/\/www.yishengpack.com\/wp-content\/uploads\/2025\/11\/Bulk-Clothes-Package-Box-Wholesale-Custom-Lid-Paper-Box-for-T-shirts-Skirts-Jeans-Packaging-4-768x768.webp 768w, https:\/\/www.yishengpack.com\/wp-content\/uploads\/2025\/11\/Bulk-Clothes-Package-Box-Wholesale-Custom-Lid-Paper-Box-for-T-shirts-Skirts-Jeans-Packaging-4-12x12.webp 12w, https:\/\/www.yishengpack.com\/wp-content\/uploads\/2025\/11\/Bulk-Clothes-Package-Box-Wholesale-Custom-Lid-Paper-Box-for-T-shirts-Skirts-Jeans-Packaging-4-1200x1200.webp 1200w, https:\/\/www.yishengpack.com\/wp-content\/uploads\/2025\/11\/Bulk-Clothes-Package-Box-Wholesale-Custom-Lid-Paper-Box-for-T-shirts-Skirts-Jeans-Packaging-4-600x600.webp 600w, https:\/\/www.yishengpack.com\/wp-content\/uploads\/2025\/11\/Bulk-Clothes-Package-Box-Wholesale-Custom-Lid-Paper-Box-for-T-shirts-Skirts-Jeans-Packaging-4-100x100.webp 100w\" sizes=\"(max-width: 2048px) 100vw, 2048px\" \/><\/figure>\n\n\n\n<div class=\"wp-block-buttons has-custom-font-size has-small-font-size is-content-justification-center is-layout-flex wp-container-core-buttons-is-layout-16018d1d wp-block-buttons-is-layout-flex\">\n<div class=\"wp-block-button has-custom-width wp-block-button__width-75\"><a class=\"wp-block-button__link has-background has-small-font-size has-custom-font-size wp-element-button\" href=\"https:\/\/www.yishengpack.com\/pt\/custom-box-inserts-accessories\/\" style=\"background:linear-gradient(135deg,rgb(254,205,165) 0%,rgb(254,45,45) 0%,rgb(94,15,15) 0%)\" target=\"_blank\" rel=\"noreferrer noopener\"><strong>Explorar inser\u00e7\u00f5es de caixas personalizadas<\/strong><\/a><\/div>\n<\/div>\n<\/div>\n<\/div>","protected":false},"excerpt":{"rendered":"<p>Welcome to purchase our apparel gift boxes wholesale. This premium magnetic clothing gift box is made from rigid cardboard and features a magnetic opening and closure that is both sturdy and functional. The perfect gift box, great for coats, jackets, shorts, T-shirts, hoodies, etc. This box is a stylish yet functional way to store clothing to give to family and friends. Let us help your clothing packaging products stand out, beautifully and efficiently.<\/p>\n<h2>Highlights of Apparel Gift Boxes Wholesale<\/h2>\n<ul>\n<li>Possibilidade de personaliza\u00e7\u00e3o completa<\/li>\n<li>Materiais amigos do ambiente<\/li>\n<li>Impress\u00e3o requintada<\/li>\n<li>V\u00e1rios tipos de caixas<\/li>\n<li>V\u00e1rios tamanhos de caixas<\/li>\n<li>Op\u00e7\u00f5es de cores m\u00faltiplas<\/li>\n<li>M\u00faltiplas op\u00e7\u00f5es de inser\u00e7\u00e3o<\/li>\n<li>Fecho magn\u00e9tico<\/li>\n<li>Servi\u00e7o OEM&amp;ODM<\/li>\n<li>Constru\u00e7\u00e3o robusta<\/li>\n<\/ul>","protected":false},"featured_media":2423,"comment_status":"closed","ping_status":"closed","template":"","meta":{"_acf_changed":false},"box-type":[54,59,57],"product_brand":[],"product_cat":[46,19,66,69,67],"product_tag":[],"class_list":{"0":"post-2422","1":"product","2":"type-product","3":"status-publish","4":"has-post-thumbnail","6":"box-type-custom-magnetic-closure-boxes","7":"box-type-custom-mailer-boxes","8":"box-type-custom-rigid-box-with-lid","9":"product_cat-wholesale-paper-boxes","10":"product_cat-luxury-gift-boxes-wholesale","11":"product_cat-custom-apparel-boxes","12":"product_cat-custom-retail-boxes","13":"product_cat-custom-shipping-boxes","15":"first","16":"instock","17":"shipping-taxable","18":"product-type-simple"},"acf":[],"_links":{"self":[{"href":"https:\/\/www.yishengpack.com\/pt\/wp-json\/wp\/v2\/product\/2422","targetHints":{"allow":["GET"]}}],"collection":[{"href":"https:\/\/www.yishengpack.com\/pt\/wp-json\/wp\/v2\/product"}],"about":[{"href":"https:\/\/www.yishengpack.com\/pt\/wp-json\/wp\/v2\/types\/product"}],"replies":[{"embeddable":true,"href":"https:\/\/www.yishengpack.com\/pt\/wp-json\/wp\/v2\/comments?post=2422"}],"wp:featuredmedia":[{"embeddable":true,"href":"https:\/\/www.yishengpack.com\/pt\/wp-json\/wp\/v2\/media\/2423"}],"wp:attachment":[{"href":"https:\/\/www.yishengpack.com\/pt\/wp-json\/wp\/v2\/media?parent=2422"}],"wp:term":[{"taxonomy":"box-type","embeddable":true,"href":"https:\/\/www.yishengpack.com\/pt\/wp-json\/wp\/v2\/box-type?post=2422"},{"taxonomy":"product_brand","embeddable":true,"href":"https:\/\/www.yishengpack.com\/pt\/wp-json\/wp\/v2\/product_brand?post=2422"},{"taxonomy":"product_cat","embeddable":true,"href":"https:\/\/www.yishengpack.com\/pt\/wp-json\/wp\/v2\/product_cat?post=2422"},{"taxonomy":"product_tag","embeddable":true,"href":"https:\/\/www.yishengpack.com\/pt\/wp-json\/wp\/v2\/product_tag?post=2422"}],"curies":[{"name":"wp","href":"https:\/\/api.w.org\/{rel}","templated":true}]}}