{"id":2414,"date":"2025-11-08T02:48:38","date_gmt":"2025-11-08T02:48:38","guid":{"rendered":"https:\/\/www.yishengpack.com\/?post_type=product&#038;p=2414"},"modified":"2025-11-08T06:45:40","modified_gmt":"2025-11-08T06:45:40","slug":"wholesale-apparel-gift-boxes","status":"publish","type":"product","link":"https:\/\/www.yishengpack.com\/pt\/product\/wholesale-apparel-gift-boxes\/","title":{"rendered":"Caixas de presente para vestu\u00e1rio por atacado, caixas r\u00edgidas com impress\u00e3o personalizada"},"content":{"rendered":"<div class=\"wp-block-columns is-layout-flex wp-container-core-columns-is-layout-9d6595d7 wp-block-columns-is-layout-flex\">\n<div class=\"wp-block-column is-layout-flow wp-block-column-is-layout-flow\">\n<h3 class=\"wp-block-heading\">Carater\u00edsticas das caixas de oferta de vestu\u00e1rio por grosso<\/h3>\n\n\n\n<p>O fecho magn\u00e9tico permite um desembalamento perfeito: As caixas de oferta de vestu\u00e1rio por atacado t\u00eam um fecho magn\u00e9tico, permitindo uma experi\u00eancia de desembalagem perfeita e luxuosa. As caixas de oferta s\u00e3o perfeitas para todos os tipos de embalagens de vestu\u00e1rio, caixas de oferta de f\u00e9rias, promo\u00e7\u00f5es de marca, retalho de boutique e muito mais.<\/p>\n\n\n\n<p><strong>Constru\u00e7\u00e3o de qualidade superior para maior durabilidade:<\/strong> As caixas de oferta de vestu\u00e1rio por atacado apresentam um fecho magn\u00e9tico de press\u00e3o constru\u00eddo a partir de materiais de primeira qualidade e duradouros. Como benef\u00edcio adicional, cada caixa \u00e9 suficientemente forte para proteger t-shirts, camisolas ou cal\u00e7as de ganga, mantendo o vestu\u00e1rio em excelente forma quando armazenado ou oferecido.<\/p>\n\n\n\n<p><strong>Varia\u00e7\u00f5es de cor elegantes:<\/strong> As caixas r\u00edgidas impressas personalizadas para embalagem de vestu\u00e1rio oferecem varia\u00e7\u00f5es de cores elegantes como lavanda, dourado e bege. Estas cores acrescentam um toque de sofistica\u00e7\u00e3o, tornando a caixa visualmente atractiva para embalar vestu\u00e1rio topo de gama.<\/p>\n\n\n\n<p><strong>Impress\u00e3o personalizada requintada:<\/strong> As nossas caixas r\u00edgidas impressas personalizadas para embalagens de vestu\u00e1rio suportam a personaliza\u00e7\u00e3o completa da imagem da marca. Oferecemos uma vasta gama de tratamentos que incluem log\u00f3tipos de marca, padr\u00f5es, estampagem a quente, revestimento UV e grava\u00e7\u00e3o em relevo, o que lhe dar\u00e1 um efeito visual de alta qualidade para elevar a imagem particular do ramo das suas marcas de vestu\u00e1rio.<\/p>\n\n\n\n<p><strong>Grande dimens\u00e3o interior:<\/strong> Estas caixas de oferta de vestu\u00e1rio por atacado com fecho magn\u00e9tico t\u00eam um interior espa\u00e7oso que aloja t-shirts, camisas e cal\u00e7as de ganga, mantendo o vestu\u00e1rio organizado e sem rugas, e est\u00e3o dispon\u00edveis em tamanhos personalizados para se adaptarem a qualquer tipo de vestu\u00e1rio ou especifica\u00e7\u00f5es de marca.<\/p>\n<\/div>\n\n\n\n<div class=\"wp-block-column is-layout-flow wp-block-column-is-layout-flow\">\n<figure class=\"wp-block-image size-full\"><img decoding=\"async\" width=\"2048\" height=\"2048\" src=\"https:\/\/www.yishengpack.com\/wp-content\/uploads\/2025\/11\/Custom-High-Grade-Apparel-Boxes-Rigid-Gift-Box-for-Clothing-Packaging-Wholesale-2.webp\" alt=\"atacado-aparelhos-caixas-de-prenda-custom-printed-rigid-boxes-2\" class=\"wp-image-2416\" srcset=\"https:\/\/www.yishengpack.com\/wp-content\/uploads\/2025\/11\/Custom-High-Grade-Apparel-Boxes-Rigid-Gift-Box-for-Clothing-Packaging-Wholesale-2.webp 2048w, https:\/\/www.yishengpack.com\/wp-content\/uploads\/2025\/11\/Custom-High-Grade-Apparel-Boxes-Rigid-Gift-Box-for-Clothing-Packaging-Wholesale-2-300x300.webp 300w, https:\/\/www.yishengpack.com\/wp-content\/uploads\/2025\/11\/Custom-High-Grade-Apparel-Boxes-Rigid-Gift-Box-for-Clothing-Packaging-Wholesale-2-150x150.webp 150w, https:\/\/www.yishengpack.com\/wp-content\/uploads\/2025\/11\/Custom-High-Grade-Apparel-Boxes-Rigid-Gift-Box-for-Clothing-Packaging-Wholesale-2-768x768.webp 768w, https:\/\/www.yishengpack.com\/wp-content\/uploads\/2025\/11\/Custom-High-Grade-Apparel-Boxes-Rigid-Gift-Box-for-Clothing-Packaging-Wholesale-2-12x12.webp 12w, https:\/\/www.yishengpack.com\/wp-content\/uploads\/2025\/11\/Custom-High-Grade-Apparel-Boxes-Rigid-Gift-Box-for-Clothing-Packaging-Wholesale-2-1200x1200.webp 1200w, https:\/\/www.yishengpack.com\/wp-content\/uploads\/2025\/11\/Custom-High-Grade-Apparel-Boxes-Rigid-Gift-Box-for-Clothing-Packaging-Wholesale-2-600x600.webp 600w, https:\/\/www.yishengpack.com\/wp-content\/uploads\/2025\/11\/Custom-High-Grade-Apparel-Boxes-Rigid-Gift-Box-for-Clothing-Packaging-Wholesale-2-100x100.webp 100w\" sizes=\"(max-width: 2048px) 100vw, 2048px\" \/><\/figure>\n<\/div>\n<\/div>\n\n\n\n<div class=\"wp-block-columns is-layout-flex wp-container-core-columns-is-layout-9d6595d7 wp-block-columns-is-layout-flex\">\n<div class=\"wp-block-column is-layout-flow wp-block-column-is-layout-flow\">\n<figure class=\"wp-block-image size-full\"><img decoding=\"async\" width=\"2048\" height=\"2048\" src=\"https:\/\/www.yishengpack.com\/wp-content\/uploads\/2025\/11\/Custom-High-Grade-Apparel-Boxes-Rigid-Gift-Box-for-Clothing-Packaging-Wholesale-3.webp\" alt=\"caixas de oferta de artigos de vestu\u00e1rio por atacado-caixas r\u00edgidas impressas por encomenda-3\" class=\"wp-image-2417\" srcset=\"https:\/\/www.yishengpack.com\/wp-content\/uploads\/2025\/11\/Custom-High-Grade-Apparel-Boxes-Rigid-Gift-Box-for-Clothing-Packaging-Wholesale-3.webp 2048w, https:\/\/www.yishengpack.com\/wp-content\/uploads\/2025\/11\/Custom-High-Grade-Apparel-Boxes-Rigid-Gift-Box-for-Clothing-Packaging-Wholesale-3-300x300.webp 300w, https:\/\/www.yishengpack.com\/wp-content\/uploads\/2025\/11\/Custom-High-Grade-Apparel-Boxes-Rigid-Gift-Box-for-Clothing-Packaging-Wholesale-3-150x150.webp 150w, https:\/\/www.yishengpack.com\/wp-content\/uploads\/2025\/11\/Custom-High-Grade-Apparel-Boxes-Rigid-Gift-Box-for-Clothing-Packaging-Wholesale-3-768x768.webp 768w, https:\/\/www.yishengpack.com\/wp-content\/uploads\/2025\/11\/Custom-High-Grade-Apparel-Boxes-Rigid-Gift-Box-for-Clothing-Packaging-Wholesale-3-12x12.webp 12w, https:\/\/www.yishengpack.com\/wp-content\/uploads\/2025\/11\/Custom-High-Grade-Apparel-Boxes-Rigid-Gift-Box-for-Clothing-Packaging-Wholesale-3-1200x1200.webp 1200w, https:\/\/www.yishengpack.com\/wp-content\/uploads\/2025\/11\/Custom-High-Grade-Apparel-Boxes-Rigid-Gift-Box-for-Clothing-Packaging-Wholesale-3-600x600.webp 600w, https:\/\/www.yishengpack.com\/wp-content\/uploads\/2025\/11\/Custom-High-Grade-Apparel-Boxes-Rigid-Gift-Box-for-Clothing-Packaging-Wholesale-3-100x100.webp 100w\" sizes=\"(max-width: 2048px) 100vw, 2048px\" \/><\/figure>\n\n\n\n<div class=\"wp-block-buttons has-custom-font-size has-small-font-size is-content-justification-center is-layout-flex wp-container-core-buttons-is-layout-16018d1d wp-block-buttons-is-layout-flex\">\n<div class=\"wp-block-button has-custom-width wp-block-button__width-75\"><a class=\"wp-block-button__link has-background has-small-font-size has-custom-font-size wp-element-button\" href=\"https:\/\/www.yishengpack.com\/pt\/custom-printed-box\/\" style=\"background:linear-gradient(135deg,rgb(254,205,165) 0%,rgb(254,45,45) 0%,rgb(94,15,15) 0%,rgb(94,15,15) 100%)\" target=\"_blank\" rel=\"noreferrer noopener\"><strong>Explorar caixas impressas personalizadas<\/strong><\/a><\/div>\n<\/div>\n<\/div>\n\n\n\n<div class=\"wp-block-column is-layout-flow wp-block-column-is-layout-flow\">\n<figure class=\"wp-block-image size-full\"><img decoding=\"async\" width=\"2048\" height=\"2048\" src=\"https:\/\/www.yishengpack.com\/wp-content\/uploads\/2025\/11\/Custom-High-Grade-Apparel-Boxes-Rigid-Gift-Box-for-Clothing-Packaging-Wholesale-4.webp\" alt=\"caixas de oferta de artigos de vestu\u00e1rio por atacado-caixas r\u00edgidas com impress\u00e3o personalizada-4\" class=\"wp-image-2418\" srcset=\"https:\/\/www.yishengpack.com\/wp-content\/uploads\/2025\/11\/Custom-High-Grade-Apparel-Boxes-Rigid-Gift-Box-for-Clothing-Packaging-Wholesale-4.webp 2048w, https:\/\/www.yishengpack.com\/wp-content\/uploads\/2025\/11\/Custom-High-Grade-Apparel-Boxes-Rigid-Gift-Box-for-Clothing-Packaging-Wholesale-4-300x300.webp 300w, https:\/\/www.yishengpack.com\/wp-content\/uploads\/2025\/11\/Custom-High-Grade-Apparel-Boxes-Rigid-Gift-Box-for-Clothing-Packaging-Wholesale-4-150x150.webp 150w, https:\/\/www.yishengpack.com\/wp-content\/uploads\/2025\/11\/Custom-High-Grade-Apparel-Boxes-Rigid-Gift-Box-for-Clothing-Packaging-Wholesale-4-768x768.webp 768w, https:\/\/www.yishengpack.com\/wp-content\/uploads\/2025\/11\/Custom-High-Grade-Apparel-Boxes-Rigid-Gift-Box-for-Clothing-Packaging-Wholesale-4-12x12.webp 12w, https:\/\/www.yishengpack.com\/wp-content\/uploads\/2025\/11\/Custom-High-Grade-Apparel-Boxes-Rigid-Gift-Box-for-Clothing-Packaging-Wholesale-4-1200x1200.webp 1200w, https:\/\/www.yishengpack.com\/wp-content\/uploads\/2025\/11\/Custom-High-Grade-Apparel-Boxes-Rigid-Gift-Box-for-Clothing-Packaging-Wholesale-4-600x600.webp 600w, https:\/\/www.yishengpack.com\/wp-content\/uploads\/2025\/11\/Custom-High-Grade-Apparel-Boxes-Rigid-Gift-Box-for-Clothing-Packaging-Wholesale-4-100x100.webp 100w\" sizes=\"(max-width: 2048px) 100vw, 2048px\" \/><\/figure>\n\n\n\n<div class=\"wp-block-buttons has-custom-font-size has-small-font-size is-content-justification-center is-layout-flex wp-container-core-buttons-is-layout-16018d1d wp-block-buttons-is-layout-flex\">\n<div class=\"wp-block-button has-custom-width wp-block-button__width-75\"><a class=\"wp-block-button__link has-background has-small-font-size has-custom-font-size wp-element-button\" href=\"https:\/\/www.yishengpack.com\/pt\/custom-box-inserts-accessories\/\" style=\"background:linear-gradient(135deg,rgb(254,205,165) 0%,rgb(254,45,45) 0%,rgb(94,15,15) 0%)\" target=\"_blank\" rel=\"noreferrer noopener\"><strong>Explorar inser\u00e7\u00f5es de caixas personalizadas<\/strong><\/a><\/div>\n<\/div>\n<\/div>\n<\/div>","protected":false},"excerpt":{"rendered":"<p>Bem-vindo ao comprar as nossas caixas de oferta de vestu\u00e1rio por grosso com fecho magn\u00e9tico, combinando resist\u00eancia de primeira qualidade com uma apresenta\u00e7\u00e3o elegante, perfeitas para embalar T-shirts, camisas, vestidos, cal\u00e7as de ganga, camisolas e muito mais. As caixas r\u00edgidas com impress\u00e3o personalizada s\u00e3o feitas de cart\u00e3o dur\u00e1vel e suportam encomendas personalizadas a granel, ideais para embalagens de vestu\u00e1rio, promo\u00e7\u00e3o de marcas e apresenta\u00e7\u00e3o de vestu\u00e1rio por grosso.<\/p>\n<h2>Destaques das caixas de oferta de vestu\u00e1rio por grosso<\/h2>\n<ul>\n<li>Possibilidade de personaliza\u00e7\u00e3o completa<\/li>\n<li>Materiais de alta qualidade<\/li>\n<li>Impress\u00e3o requintada<\/li>\n<li>V\u00e1rios tamanhos de caixas<\/li>\n<li>Op\u00e7\u00f5es de cores m\u00faltiplas<\/li>\n<li>M\u00faltiplas op\u00e7\u00f5es de inser\u00e7\u00e3o<\/li>\n<li>Fecho magn\u00e9tico<\/li>\n<li>Servi\u00e7o OEM&amp;ODM<\/li>\n<li>Armazenamento f\u00e1cil<\/li>\n<li>Estrutura est\u00e1vel<\/li>\n<\/ul>","protected":false},"featured_media":2415,"comment_status":"closed","ping_status":"closed","template":"","meta":{"_acf_changed":false},"box-type":[54,57],"product_brand":[],"product_cat":[19,66,46,69,67],"product_tag":[],"class_list":{"0":"post-2414","1":"product","2":"type-product","3":"status-publish","4":"has-post-thumbnail","6":"box-type-custom-magnetic-closure-boxes","7":"box-type-custom-rigid-box-with-lid","8":"product_cat-luxury-gift-boxes-wholesale","9":"product_cat-custom-apparel-boxes","10":"product_cat-wholesale-paper-boxes","11":"product_cat-custom-retail-boxes","12":"product_cat-custom-shipping-boxes","14":"first","15":"instock","16":"shipping-taxable","17":"product-type-simple"},"acf":[],"_links":{"self":[{"href":"https:\/\/www.yishengpack.com\/pt\/wp-json\/wp\/v2\/product\/2414","targetHints":{"allow":["GET"]}}],"collection":[{"href":"https:\/\/www.yishengpack.com\/pt\/wp-json\/wp\/v2\/product"}],"about":[{"href":"https:\/\/www.yishengpack.com\/pt\/wp-json\/wp\/v2\/types\/product"}],"replies":[{"embeddable":true,"href":"https:\/\/www.yishengpack.com\/pt\/wp-json\/wp\/v2\/comments?post=2414"}],"wp:featuredmedia":[{"embeddable":true,"href":"https:\/\/www.yishengpack.com\/pt\/wp-json\/wp\/v2\/media\/2415"}],"wp:attachment":[{"href":"https:\/\/www.yishengpack.com\/pt\/wp-json\/wp\/v2\/media?parent=2414"}],"wp:term":[{"taxonomy":"box-type","embeddable":true,"href":"https:\/\/www.yishengpack.com\/pt\/wp-json\/wp\/v2\/box-type?post=2414"},{"taxonomy":"product_brand","embeddable":true,"href":"https:\/\/www.yishengpack.com\/pt\/wp-json\/wp\/v2\/product_brand?post=2414"},{"taxonomy":"product_cat","embeddable":true,"href":"https:\/\/www.yishengpack.com\/pt\/wp-json\/wp\/v2\/product_cat?post=2414"},{"taxonomy":"product_tag","embeddable":true,"href":"https:\/\/www.yishengpack.com\/pt\/wp-json\/wp\/v2\/product_tag?post=2414"}],"curies":[{"name":"wp","href":"https:\/\/api.w.org\/{rel}","templated":true}]}}