{"id":2406,"date":"2025-11-07T10:34:31","date_gmt":"2025-11-07T10:34:31","guid":{"rendered":"https:\/\/www.yishengpack.com\/?post_type=product&#038;p=2406"},"modified":"2025-11-07T10:36:44","modified_gmt":"2025-11-07T10:36:44","slug":"wholesale-shipping-boxes","status":"publish","type":"product","link":"https:\/\/www.yishengpack.com\/pt\/product\/wholesale-shipping-boxes\/","title":{"rendered":"Caixas de transporte por atacado, caixas dobr\u00e1veis com impress\u00e3o personalizada"},"content":{"rendered":"<div class=\"wp-block-columns is-layout-flex wp-container-core-columns-is-layout-9d6595d7 wp-block-columns-is-layout-flex\">\n<div class=\"wp-block-column is-layout-flow wp-block-column-is-layout-flow\">\n<h3 class=\"wp-block-heading\">Features of Wholesale Shipping Boxes<\/h3>\n\n\n\n<p><strong>Snap Lock for Secured Shipping: <\/strong>Each of our wholesale shipping boxes is equipped with a snap lock closure, meaning you can finally rest assured that items such as daily essentials, clothing, and shoes do not fall out during transport while alleviating concerns related to delivery.<\/p>\n\n\n\n<p><strong>Strong Corrugated Design:<\/strong> Our wholesale shipping boxes are made of a robust corrugated material to ensure durability. It can keep daily essentials, clothing, and shoes in place while also knowing that they are safely packed and protected from any damage during the shipping process.<\/p>\n\n\n\n<p><strong>Vivid Color Options:<\/strong> Each of our wholesale shipping boxes is available in vibrant color options (i.e., blue, red, green, etc.) to not only make them clearly distinguishable but also to be an option for brands looking to ship items such as daily essentials, clothing, and shoes.<\/p>\n\n\n\n<p><strong>Folding Structure Design:<\/strong> Arrives flat packed and is easy to assemble, therefore saving shipping or storage space, particularly good for bulk purchases. Available in custom printed folding cartons in various specifications, opening designs &amp; structural designs to accommodate electronics, food, gifts and e-commerce packaging needs.<\/p>\n\n\n\n<p><strong>Totalmente personaliz\u00e1vel para a marca:<\/strong> The wholesale shipping boxes support printing brand logos, patterns, and exclusive designs. You can adjust the size or product-related graphics, and choose surface finishes to match the unique branding needs of businesses shipping daily necessities, clothing, and shoes.<\/p>\n<\/div>\n\n\n\n<div class=\"wp-block-column is-layout-flow wp-block-column-is-layout-flow\">\n<figure class=\"wp-block-image size-full\"><img decoding=\"async\" width=\"2048\" height=\"2048\" src=\"https:\/\/www.yishengpack.com\/wp-content\/uploads\/2025\/11\/Wholesale-Sturdy-Shipping-Box-Customization-Bulk-Paper-Box-with-Printed-Logo-2.webp\" alt=\"wholesale-shipping-boxes-custom-printed-folding-cartons-2\" class=\"wp-image-2408\" srcset=\"https:\/\/www.yishengpack.com\/wp-content\/uploads\/2025\/11\/Wholesale-Sturdy-Shipping-Box-Customization-Bulk-Paper-Box-with-Printed-Logo-2.webp 2048w, https:\/\/www.yishengpack.com\/wp-content\/uploads\/2025\/11\/Wholesale-Sturdy-Shipping-Box-Customization-Bulk-Paper-Box-with-Printed-Logo-2-300x300.webp 300w, https:\/\/www.yishengpack.com\/wp-content\/uploads\/2025\/11\/Wholesale-Sturdy-Shipping-Box-Customization-Bulk-Paper-Box-with-Printed-Logo-2-150x150.webp 150w, https:\/\/www.yishengpack.com\/wp-content\/uploads\/2025\/11\/Wholesale-Sturdy-Shipping-Box-Customization-Bulk-Paper-Box-with-Printed-Logo-2-768x768.webp 768w, https:\/\/www.yishengpack.com\/wp-content\/uploads\/2025\/11\/Wholesale-Sturdy-Shipping-Box-Customization-Bulk-Paper-Box-with-Printed-Logo-2-12x12.webp 12w, https:\/\/www.yishengpack.com\/wp-content\/uploads\/2025\/11\/Wholesale-Sturdy-Shipping-Box-Customization-Bulk-Paper-Box-with-Printed-Logo-2-1200x1200.webp 1200w, https:\/\/www.yishengpack.com\/wp-content\/uploads\/2025\/11\/Wholesale-Sturdy-Shipping-Box-Customization-Bulk-Paper-Box-with-Printed-Logo-2-600x600.webp 600w, https:\/\/www.yishengpack.com\/wp-content\/uploads\/2025\/11\/Wholesale-Sturdy-Shipping-Box-Customization-Bulk-Paper-Box-with-Printed-Logo-2-100x100.webp 100w\" sizes=\"(max-width: 2048px) 100vw, 2048px\" \/><\/figure>\n<\/div>\n<\/div>\n\n\n\n<div class=\"wp-block-columns is-not-stacked-on-mobile is-layout-flex wp-container-core-columns-is-layout-9d6595d7 wp-block-columns-is-layout-flex\">\n<div class=\"wp-block-column is-layout-flow wp-block-column-is-layout-flow\">\n<figure class=\"wp-block-image size-full\"><img decoding=\"async\" width=\"2048\" height=\"2048\" src=\"https:\/\/www.yishengpack.com\/wp-content\/uploads\/2025\/11\/Wholesale-Sturdy-Shipping-Box-Customization-Bulk-Paper-Box-with-Printed-Logo-3.webp\" alt=\"wholesale-shipping-boxes-custom-printed-folding-cartons-3\" class=\"wp-image-2409\" srcset=\"https:\/\/www.yishengpack.com\/wp-content\/uploads\/2025\/11\/Wholesale-Sturdy-Shipping-Box-Customization-Bulk-Paper-Box-with-Printed-Logo-3.webp 2048w, https:\/\/www.yishengpack.com\/wp-content\/uploads\/2025\/11\/Wholesale-Sturdy-Shipping-Box-Customization-Bulk-Paper-Box-with-Printed-Logo-3-300x300.webp 300w, https:\/\/www.yishengpack.com\/wp-content\/uploads\/2025\/11\/Wholesale-Sturdy-Shipping-Box-Customization-Bulk-Paper-Box-with-Printed-Logo-3-150x150.webp 150w, https:\/\/www.yishengpack.com\/wp-content\/uploads\/2025\/11\/Wholesale-Sturdy-Shipping-Box-Customization-Bulk-Paper-Box-with-Printed-Logo-3-768x768.webp 768w, https:\/\/www.yishengpack.com\/wp-content\/uploads\/2025\/11\/Wholesale-Sturdy-Shipping-Box-Customization-Bulk-Paper-Box-with-Printed-Logo-3-12x12.webp 12w, https:\/\/www.yishengpack.com\/wp-content\/uploads\/2025\/11\/Wholesale-Sturdy-Shipping-Box-Customization-Bulk-Paper-Box-with-Printed-Logo-3-1200x1200.webp 1200w, https:\/\/www.yishengpack.com\/wp-content\/uploads\/2025\/11\/Wholesale-Sturdy-Shipping-Box-Customization-Bulk-Paper-Box-with-Printed-Logo-3-600x600.webp 600w, https:\/\/www.yishengpack.com\/wp-content\/uploads\/2025\/11\/Wholesale-Sturdy-Shipping-Box-Customization-Bulk-Paper-Box-with-Printed-Logo-3-100x100.webp 100w\" sizes=\"(max-width: 2048px) 100vw, 2048px\" \/><\/figure>\n\n\n\n<div class=\"wp-block-buttons has-custom-font-size has-small-font-size is-content-justification-center is-layout-flex wp-container-core-buttons-is-layout-16018d1d wp-block-buttons-is-layout-flex\">\n<div class=\"wp-block-button has-custom-width wp-block-button__width-75\"><a class=\"wp-block-button__link has-background has-small-font-size has-custom-font-size wp-element-button\" href=\"https:\/\/www.yishengpack.com\/pt\/custom-printed-box\/\" style=\"background:linear-gradient(135deg,rgb(254,205,165) 0%,rgb(254,45,45) 0%,rgb(94,15,15) 0%,rgb(94,15,15) 100%)\" target=\"_blank\" rel=\"noreferrer noopener\"><strong>Explorar caixas impressas personalizadas<\/strong><\/a><\/div>\n<\/div>\n<\/div>\n\n\n\n<div class=\"wp-block-column is-layout-flow wp-block-column-is-layout-flow\">\n<figure class=\"wp-block-image size-full\"><img decoding=\"async\" width=\"2048\" height=\"2048\" src=\"https:\/\/www.yishengpack.com\/wp-content\/uploads\/2025\/11\/Wholesale-Sturdy-Shipping-Box-Customization-Bulk-Paper-Box-with-Printed-Logo-7.webp\" alt=\"wholesale-shipping-boxes-custom-printed-folding-cartons-7\" class=\"wp-image-2413\" srcset=\"https:\/\/www.yishengpack.com\/wp-content\/uploads\/2025\/11\/Wholesale-Sturdy-Shipping-Box-Customization-Bulk-Paper-Box-with-Printed-Logo-7.webp 2048w, https:\/\/www.yishengpack.com\/wp-content\/uploads\/2025\/11\/Wholesale-Sturdy-Shipping-Box-Customization-Bulk-Paper-Box-with-Printed-Logo-7-300x300.webp 300w, https:\/\/www.yishengpack.com\/wp-content\/uploads\/2025\/11\/Wholesale-Sturdy-Shipping-Box-Customization-Bulk-Paper-Box-with-Printed-Logo-7-150x150.webp 150w, https:\/\/www.yishengpack.com\/wp-content\/uploads\/2025\/11\/Wholesale-Sturdy-Shipping-Box-Customization-Bulk-Paper-Box-with-Printed-Logo-7-768x768.webp 768w, https:\/\/www.yishengpack.com\/wp-content\/uploads\/2025\/11\/Wholesale-Sturdy-Shipping-Box-Customization-Bulk-Paper-Box-with-Printed-Logo-7-12x12.webp 12w, https:\/\/www.yishengpack.com\/wp-content\/uploads\/2025\/11\/Wholesale-Sturdy-Shipping-Box-Customization-Bulk-Paper-Box-with-Printed-Logo-7-1200x1200.webp 1200w, https:\/\/www.yishengpack.com\/wp-content\/uploads\/2025\/11\/Wholesale-Sturdy-Shipping-Box-Customization-Bulk-Paper-Box-with-Printed-Logo-7-600x600.webp 600w, https:\/\/www.yishengpack.com\/wp-content\/uploads\/2025\/11\/Wholesale-Sturdy-Shipping-Box-Customization-Bulk-Paper-Box-with-Printed-Logo-7-100x100.webp 100w\" sizes=\"(max-width: 2048px) 100vw, 2048px\" \/><\/figure>\n\n\n\n<div class=\"wp-block-buttons has-custom-font-size has-small-font-size is-content-justification-center is-layout-flex wp-container-core-buttons-is-layout-16018d1d wp-block-buttons-is-layout-flex\">\n<div class=\"wp-block-button has-custom-width wp-block-button__width-75\"><a class=\"wp-block-button__link has-background has-small-font-size has-custom-font-size wp-element-button\" href=\"https:\/\/www.yishengpack.com\/pt\/custom-product-boxes-types\/\" style=\"background:linear-gradient(135deg,rgb(254,205,165) 0%,rgb(254,45,45) 0%,rgb(94,15,15) 0%)\" target=\"_blank\" rel=\"noreferrer noopener\"><strong>Explore os tipos de caixas personalizadas<\/strong><\/a><\/div>\n<\/div>\n<\/div>\n<\/div>","protected":false},"excerpt":{"rendered":"<p>Bem-vindo \u00e0 compra das nossas caixas de envio por grosso! Estas caixas dobr\u00e1veis personalizadas s\u00e3o feitas de papel ondulado dur\u00e1vel, t\u00eam um design dobr\u00e1vel e est\u00e3o dispon\u00edveis para impress\u00e3o de log\u00f3tipos. \u00d3timas para envio por grosso e embalagem de marca, estas caixas oferecem excelente resist\u00eancia, sustentabilidade e personaliza\u00e7\u00e3o. Os nossos produtos s\u00e3o adequados para onde quer que esteja a enviar necessidades di\u00e1rias, roupas, sapatos, etc. Deixe-nos tirar a preocupa\u00e7\u00e3o de suas encomendas chegarem em seguran\u00e7a e garantir que desenvolva um m\u00e9todo sofisticado, mas eficiente, de envio.<\/p>\n<h2>Destaques das caixas de transporte por grosso<\/h2>\n<ul>\n<li>Personaliza\u00e7\u00e3o total<\/li>\n<li>Materiais \u00e0 prova de \u00e1gua<\/li>\n<li>Impress\u00e3o artesanal extensiva<\/li>\n<li>V\u00e1rios tamanhos de caixas<\/li>\n<li>Op\u00e7\u00f5es de cores m\u00faltiplas<\/li>\n<li>Constru\u00e7\u00e3o robusta<\/li>\n<li>Artesanato duradouro<\/li>\n<li>Inser\u00e7\u00e3o personalizada<\/li>\n<\/ul>","protected":false},"featured_media":2407,"comment_status":"closed","ping_status":"closed","template":"","meta":{"_acf_changed":false},"box-type":[55,59,48],"product_brand":[],"product_cat":[46,19,66,65,40,39,69,67],"product_tag":[],"class_list":{"0":"post-2406","1":"product","2":"type-product","3":"status-publish","4":"has-post-thumbnail","6":"box-type-custom-foldable-boxes","7":"box-type-custom-mailer-boxes","8":"box-type-custom-tuck-top-boxes","9":"product_cat-wholesale-paper-boxes","10":"product_cat-luxury-gift-boxes-wholesale","11":"product_cat-custom-apparel-boxes","12":"product_cat-custom-cosmetic-boxes","13":"product_cat-custom-jewelry-boxes","14":"product_cat-custom-perfume-boxes","15":"product_cat-custom-retail-boxes","16":"product_cat-custom-shipping-boxes","18":"first","19":"instock","20":"shipping-taxable","21":"product-type-simple"},"acf":[],"_links":{"self":[{"href":"https:\/\/www.yishengpack.com\/pt\/wp-json\/wp\/v2\/product\/2406","targetHints":{"allow":["GET"]}}],"collection":[{"href":"https:\/\/www.yishengpack.com\/pt\/wp-json\/wp\/v2\/product"}],"about":[{"href":"https:\/\/www.yishengpack.com\/pt\/wp-json\/wp\/v2\/types\/product"}],"replies":[{"embeddable":true,"href":"https:\/\/www.yishengpack.com\/pt\/wp-json\/wp\/v2\/comments?post=2406"}],"wp:featuredmedia":[{"embeddable":true,"href":"https:\/\/www.yishengpack.com\/pt\/wp-json\/wp\/v2\/media\/2407"}],"wp:attachment":[{"href":"https:\/\/www.yishengpack.com\/pt\/wp-json\/wp\/v2\/media?parent=2406"}],"wp:term":[{"taxonomy":"box-type","embeddable":true,"href":"https:\/\/www.yishengpack.com\/pt\/wp-json\/wp\/v2\/box-type?post=2406"},{"taxonomy":"product_brand","embeddable":true,"href":"https:\/\/www.yishengpack.com\/pt\/wp-json\/wp\/v2\/product_brand?post=2406"},{"taxonomy":"product_cat","embeddable":true,"href":"https:\/\/www.yishengpack.com\/pt\/wp-json\/wp\/v2\/product_cat?post=2406"},{"taxonomy":"product_tag","embeddable":true,"href":"https:\/\/www.yishengpack.com\/pt\/wp-json\/wp\/v2\/product_tag?post=2406"}],"curies":[{"name":"wp","href":"https:\/\/api.w.org\/{rel}","templated":true}]}}