{"id":2398,"date":"2025-11-06T16:54:34","date_gmt":"2025-11-06T16:54:34","guid":{"rendered":"https:\/\/www.yishengpack.com\/?post_type=product&#038;p=2398"},"modified":"2025-11-06T16:54:35","modified_gmt":"2025-11-06T16:54:35","slug":"custom-gift-paper-bags","status":"publish","type":"product","link":"https:\/\/www.yishengpack.com\/pt\/product\/custom-gift-paper-bags\/","title":{"rendered":"Sacos de papel para oferta personalizados Premium com pega, saco de oferta dobr\u00e1vel"},"content":{"rendered":"<div class=\"wp-block-columns is-layout-flex wp-container-core-columns-is-layout-9d6595d7 wp-block-columns-is-layout-flex\">\n<div class=\"wp-block-column is-layout-flow wp-block-column-is-layout-flow\">\n<h3 class=\"wp-block-heading\">Carater\u00edsticas dos sacos de papel para oferta personalizados<\/h3>\n\n\n\n<p><strong>M\u00faltiplas op\u00e7\u00f5es de pega:<\/strong> Estes sacos de papel de oferta personalizados oferecem v\u00e1rios designs, incluindo pegas de corda de papel torcido, pegas de corda de algod\u00e3o, pegas de corda de seda e pegas perfuradas para satisfazer o estilo e os requisitos de suporte de carga de diferentes produtos.<\/p>\n\n\n\n<p><strong>Produto Kraft amigo do ambiente:<\/strong> Estes sacos de papel para oferta personalizados s\u00e3o feitos de papel kraft amigo do ambiente. Este saco \u00e9 resistente e sustent\u00e1vel para alimentos, pequenas prendas e artesanato, satisfazendo as suas necessidades de embalagem ecol\u00f3gica.<\/p>\n\n\n\n<p><strong>Design l\u00fadico com tema de f\u00e9rias: <\/strong>O saco de papel por grosso apresenta desenhos divertidos de f\u00e9rias, como bonecos de neve, renas e \u00e1rvores de Natal. \u00c9 ideal para a sua aplica\u00e7\u00e3o na oferta de alimentos, pequenas prendas e artesanato durante as f\u00e9rias.<\/p>\n\n\n\n<p><strong>Capacidade vers\u00e1til: <\/strong>Os sacos de papel de oferta personalizados s\u00e3o uma forma vers\u00e1til de saco que pode acomodar muitos artigos, incluindo uma variedade de guloseimas, uma cole\u00e7\u00e3o de pequenos presentes ou uma cole\u00e7\u00e3o de artesanato.<\/p>\n\n\n\n<p><strong>Saco com impress\u00e3o personalizada dispon\u00edvel:<\/strong> Os nossos sacos de papel dobr\u00e1veis por atacado podem ser personalizados em termos de tamanho, cor, log\u00f3tipo, padr\u00f5es de impress\u00e3o e tratamentos de superf\u00edcie (como estampagem a quente, lamina\u00e7\u00e3o, relevo, etc.) para se adaptarem a qualquer marca.<\/p>\n<\/div>\n\n\n\n<div class=\"wp-block-column is-layout-flow wp-block-column-is-layout-flow\">\n<figure class=\"wp-block-image size-full\"><img decoding=\"async\" width=\"2048\" height=\"2048\" src=\"https:\/\/www.yishengpack.com\/wp-content\/uploads\/2025\/10\/Premium-Custom-Paper-Bags-with-Handle-Wholesale-Folding-Gift-Bag-for-Celebration-7.webp\" alt=\"sacos de papel de oferta personalizados premium com pega para dobrar-sacos de oferta-7\" class=\"wp-image-2405\" srcset=\"https:\/\/www.yishengpack.com\/wp-content\/uploads\/2025\/10\/Premium-Custom-Paper-Bags-with-Handle-Wholesale-Folding-Gift-Bag-for-Celebration-7.webp 2048w, https:\/\/www.yishengpack.com\/wp-content\/uploads\/2025\/10\/Premium-Custom-Paper-Bags-with-Handle-Wholesale-Folding-Gift-Bag-for-Celebration-7-300x300.webp 300w, https:\/\/www.yishengpack.com\/wp-content\/uploads\/2025\/10\/Premium-Custom-Paper-Bags-with-Handle-Wholesale-Folding-Gift-Bag-for-Celebration-7-150x150.webp 150w, https:\/\/www.yishengpack.com\/wp-content\/uploads\/2025\/10\/Premium-Custom-Paper-Bags-with-Handle-Wholesale-Folding-Gift-Bag-for-Celebration-7-768x768.webp 768w, https:\/\/www.yishengpack.com\/wp-content\/uploads\/2025\/10\/Premium-Custom-Paper-Bags-with-Handle-Wholesale-Folding-Gift-Bag-for-Celebration-7-12x12.webp 12w, https:\/\/www.yishengpack.com\/wp-content\/uploads\/2025\/10\/Premium-Custom-Paper-Bags-with-Handle-Wholesale-Folding-Gift-Bag-for-Celebration-7-1200x1200.webp 1200w, https:\/\/www.yishengpack.com\/wp-content\/uploads\/2025\/10\/Premium-Custom-Paper-Bags-with-Handle-Wholesale-Folding-Gift-Bag-for-Celebration-7-600x600.webp 600w, https:\/\/www.yishengpack.com\/wp-content\/uploads\/2025\/10\/Premium-Custom-Paper-Bags-with-Handle-Wholesale-Folding-Gift-Bag-for-Celebration-7-100x100.webp 100w\" sizes=\"(max-width: 2048px) 100vw, 2048px\" \/><\/figure>\n<\/div>\n<\/div>\n\n\n\n<div class=\"wp-block-columns is-layout-flex wp-container-core-columns-is-layout-9d6595d7 wp-block-columns-is-layout-flex\">\n<div class=\"wp-block-column is-layout-flow wp-block-column-is-layout-flow\">\n<figure class=\"wp-block-image size-full\"><img decoding=\"async\" width=\"2048\" height=\"2048\" src=\"https:\/\/www.yishengpack.com\/wp-content\/uploads\/2025\/10\/Premium-Custom-Paper-Bags-with-Handle-Wholesale-Folding-Gift-Bag-for-Celebration-4.webp\" alt=\"sacos de papel de oferta personalizados premium com pega para dobrar-sacos de oferta-4\" class=\"wp-image-2402\" srcset=\"https:\/\/www.yishengpack.com\/wp-content\/uploads\/2025\/10\/Premium-Custom-Paper-Bags-with-Handle-Wholesale-Folding-Gift-Bag-for-Celebration-4.webp 2048w, https:\/\/www.yishengpack.com\/wp-content\/uploads\/2025\/10\/Premium-Custom-Paper-Bags-with-Handle-Wholesale-Folding-Gift-Bag-for-Celebration-4-300x300.webp 300w, https:\/\/www.yishengpack.com\/wp-content\/uploads\/2025\/10\/Premium-Custom-Paper-Bags-with-Handle-Wholesale-Folding-Gift-Bag-for-Celebration-4-150x150.webp 150w, https:\/\/www.yishengpack.com\/wp-content\/uploads\/2025\/10\/Premium-Custom-Paper-Bags-with-Handle-Wholesale-Folding-Gift-Bag-for-Celebration-4-768x768.webp 768w, https:\/\/www.yishengpack.com\/wp-content\/uploads\/2025\/10\/Premium-Custom-Paper-Bags-with-Handle-Wholesale-Folding-Gift-Bag-for-Celebration-4-12x12.webp 12w, https:\/\/www.yishengpack.com\/wp-content\/uploads\/2025\/10\/Premium-Custom-Paper-Bags-with-Handle-Wholesale-Folding-Gift-Bag-for-Celebration-4-1200x1200.webp 1200w, https:\/\/www.yishengpack.com\/wp-content\/uploads\/2025\/10\/Premium-Custom-Paper-Bags-with-Handle-Wholesale-Folding-Gift-Bag-for-Celebration-4-600x600.webp 600w, https:\/\/www.yishengpack.com\/wp-content\/uploads\/2025\/10\/Premium-Custom-Paper-Bags-with-Handle-Wholesale-Folding-Gift-Bag-for-Celebration-4-100x100.webp 100w\" sizes=\"(max-width: 2048px) 100vw, 2048px\" \/><\/figure>\n\n\n\n<div class=\"wp-block-buttons has-custom-font-size has-small-font-size is-content-justification-center is-layout-flex wp-container-core-buttons-is-layout-16018d1d wp-block-buttons-is-layout-flex\">\n<div class=\"wp-block-button has-custom-width wp-block-button__width-75\"><a class=\"wp-block-button__link has-background has-small-font-size has-custom-font-size wp-element-button\" href=\"https:\/\/www.yishengpack.com\/pt\/custom-printed-box\/\" style=\"background:linear-gradient(135deg,rgb(254,205,165) 0%,rgb(254,45,45) 0%,rgb(94,15,15) 0%,rgb(94,15,15) 100%)\" target=\"_blank\" rel=\"noreferrer noopener\"><strong>Explorar caixas impressas personalizadas<\/strong><\/a><\/div>\n<\/div>\n<\/div>\n\n\n\n<div class=\"wp-block-column is-layout-flow wp-block-column-is-layout-flow\">\n<figure class=\"wp-block-image size-full\"><img decoding=\"async\" width=\"2048\" height=\"2048\" src=\"https:\/\/www.yishengpack.com\/wp-content\/uploads\/2025\/10\/Premium-Custom-Paper-Bags-with-Handle-Wholesale-Folding-Gift-Bag-for-Celebration-6.webp\" alt=\"sacos de papel de oferta personalizados premium com pega para dobrar saco de oferta-6\" class=\"wp-image-2404\" srcset=\"https:\/\/www.yishengpack.com\/wp-content\/uploads\/2025\/10\/Premium-Custom-Paper-Bags-with-Handle-Wholesale-Folding-Gift-Bag-for-Celebration-6.webp 2048w, https:\/\/www.yishengpack.com\/wp-content\/uploads\/2025\/10\/Premium-Custom-Paper-Bags-with-Handle-Wholesale-Folding-Gift-Bag-for-Celebration-6-300x300.webp 300w, https:\/\/www.yishengpack.com\/wp-content\/uploads\/2025\/10\/Premium-Custom-Paper-Bags-with-Handle-Wholesale-Folding-Gift-Bag-for-Celebration-6-150x150.webp 150w, https:\/\/www.yishengpack.com\/wp-content\/uploads\/2025\/10\/Premium-Custom-Paper-Bags-with-Handle-Wholesale-Folding-Gift-Bag-for-Celebration-6-768x768.webp 768w, https:\/\/www.yishengpack.com\/wp-content\/uploads\/2025\/10\/Premium-Custom-Paper-Bags-with-Handle-Wholesale-Folding-Gift-Bag-for-Celebration-6-12x12.webp 12w, https:\/\/www.yishengpack.com\/wp-content\/uploads\/2025\/10\/Premium-Custom-Paper-Bags-with-Handle-Wholesale-Folding-Gift-Bag-for-Celebration-6-1200x1200.webp 1200w, https:\/\/www.yishengpack.com\/wp-content\/uploads\/2025\/10\/Premium-Custom-Paper-Bags-with-Handle-Wholesale-Folding-Gift-Bag-for-Celebration-6-600x600.webp 600w, https:\/\/www.yishengpack.com\/wp-content\/uploads\/2025\/10\/Premium-Custom-Paper-Bags-with-Handle-Wholesale-Folding-Gift-Bag-for-Celebration-6-100x100.webp 100w\" sizes=\"(max-width: 2048px) 100vw, 2048px\" \/><\/figure>\n\n\n\n<div class=\"wp-block-buttons is-content-justification-center is-layout-flex wp-container-core-buttons-is-layout-16018d1d wp-block-buttons-is-layout-flex\">\n<div class=\"wp-block-button has-custom-width wp-block-button__width-75\"><a class=\"wp-block-button__link has-background has-small-font-size has-custom-font-size wp-element-button\" href=\"https:\/\/www.yishengpack.com\/pt\/custom-product-boxes-types\/\" style=\"background:linear-gradient(135deg,rgb(254,205,165) 0%,rgb(254,45,45) 0%,rgb(94,15,15) 0%)\" target=\"_blank\" rel=\"noreferrer noopener\"><strong>Explorar o Custom H<\/strong>Estilos de andares<\/a><\/div>\n<\/div>\n<\/div>\n<\/div>","protected":false},"excerpt":{"rendered":"<p>Bem-vindo ao comprar os nossos sacos de papel para oferta personalizados com pegas! Este saco de papel de presente personalizado de alta qualidade \u00e9 feito de papel de alta qualidade e oferece uma variedade de op\u00e7\u00f5es de al\u00e7a, combinando est\u00e9tica e praticidade. Dobr\u00e1vel para f\u00e1cil armazenamento e transporte, suporta personaliza\u00e7\u00e3o de logotipo e padr\u00e3o, adequado para presentes de Natal, eventos de marca e atacado de embalagens premium.<\/p>\n<h2>Destaques dos sacos de papel para oferta personalizados<\/h2>\n<ul>\n<li>Personaliza\u00e7\u00e3o total<\/li>\n<li>Materiais de alta qualidade<\/li>\n<li>Impress\u00e3o sofisticada<\/li>\n<li>V\u00e1rios tipos de sacos<\/li>\n<li>Trabalho meticuloso<\/li>\n<li>V\u00e1rios estilos de pegas<\/li>\n<li>Inser\u00e7\u00f5es personalizadas<\/li>\n<\/ul>","protected":false},"featured_media":2399,"comment_status":"closed","ping_status":"closed","template":"","meta":{"_acf_changed":false},"box-type":[49,52,50],"product_brand":[],"product_cat":[34,70,38,37],"product_tag":[],"class_list":{"0":"post-2398","1":"product","2":"type-product","3":"status-publish","4":"has-post-thumbnail","6":"box-type-custom-die-cut-paper-bag","7":"box-type-custom-rope-handle-paper-bags","8":"box-type-custom-twisted-handle-paper-bags","9":"product_cat-paper-bags-wholesale","10":"product_cat-custom-clothing-bags","11":"product_cat-bakery-paper-bags-wholesale","12":"product_cat-paper-gift-bags-bulk","14":"first","15":"instock","16":"shipping-taxable","17":"product-type-simple"},"acf":[],"_links":{"self":[{"href":"https:\/\/www.yishengpack.com\/pt\/wp-json\/wp\/v2\/product\/2398","targetHints":{"allow":["GET"]}}],"collection":[{"href":"https:\/\/www.yishengpack.com\/pt\/wp-json\/wp\/v2\/product"}],"about":[{"href":"https:\/\/www.yishengpack.com\/pt\/wp-json\/wp\/v2\/types\/product"}],"replies":[{"embeddable":true,"href":"https:\/\/www.yishengpack.com\/pt\/wp-json\/wp\/v2\/comments?post=2398"}],"wp:featuredmedia":[{"embeddable":true,"href":"https:\/\/www.yishengpack.com\/pt\/wp-json\/wp\/v2\/media\/2399"}],"wp:attachment":[{"href":"https:\/\/www.yishengpack.com\/pt\/wp-json\/wp\/v2\/media?parent=2398"}],"wp:term":[{"taxonomy":"box-type","embeddable":true,"href":"https:\/\/www.yishengpack.com\/pt\/wp-json\/wp\/v2\/box-type?post=2398"},{"taxonomy":"product_brand","embeddable":true,"href":"https:\/\/www.yishengpack.com\/pt\/wp-json\/wp\/v2\/product_brand?post=2398"},{"taxonomy":"product_cat","embeddable":true,"href":"https:\/\/www.yishengpack.com\/pt\/wp-json\/wp\/v2\/product_cat?post=2398"},{"taxonomy":"product_tag","embeddable":true,"href":"https:\/\/www.yishengpack.com\/pt\/wp-json\/wp\/v2\/product_tag?post=2398"}],"curies":[{"name":"wp","href":"https:\/\/api.w.org\/{rel}","templated":true}]}}