{"id":234,"date":"2025-01-03T09:09:48","date_gmt":"2025-01-03T09:09:48","guid":{"rendered":"https:\/\/www.yishengpack.com\/?post_type=product&#038;p=234"},"modified":"2025-12-13T03:44:38","modified_gmt":"2025-12-13T03:44:38","slug":"custom-6-cupcake-box","status":"publish","type":"product","link":"https:\/\/www.yishengpack.com\/pt\/product\/custom-6-cupcake-box\/","title":{"rendered":"Caixa personalizada para 6 cupcakes com inser\u00e7\u00f5es de papel Caixas transparentes para bolos PET"},"content":{"rendered":"<div class=\"wp-block-columns is-layout-flex wp-container-core-columns-is-layout-9d6595d7 wp-block-columns-is-layout-flex\">\n<div class=\"wp-block-column is-layout-flow wp-block-column-is-layout-flow\">\n<h3 class=\"wp-block-heading\">Carater\u00edsticas da caixa personalizada para 6 cupcakes<\/h3>\n\n\n\n<p><strong>A capacidade de 6 caixas de cupcakes: <\/strong>comporta at\u00e9 6 cupcakes, muffins ou petit fours de tamanho normal, perfeitos para festas, eventos ou exposi\u00e7\u00f5es a retalho.<\/p>\n\n\n\n<p><strong>Personaliz\u00e1vel: <\/strong>personalize a caixa com a sua marca ou log\u00f3tipo, tornando-a uma excelente escolha para padarias, caf\u00e9s e eventos especiais.<\/p>\n\n\n\n<p><strong>Material PET transparente:<\/strong> proporciona uma visibilidade clara do cupcake, tornando o seu produto a estrela do expositor, ao mesmo tempo que proporciona prote\u00e7\u00e3o.<\/p>\n\n\n\n<p><strong>F\u00e1cil de montar:<\/strong> Estas caixas transparentes para cupcakes s\u00e3o f\u00e1ceis de montar sem opera\u00e7\u00f5es complicadas, poupando tempo e trabalho.<\/p>\n\n\n\n<p><strong>Forro de papel seguro: <\/strong>Cada caixa \u00e9 fornecida com um forro de papel para manter os cupcakes na vertical e evitar que se desloquem durante o transporte.<\/p>\n\n\n\n<p><strong>Polivalente:<\/strong> Perfeita para cupcakes, muffins, bolachas ou outros produtos de pastelaria pequenos, a caixa para 6 cupcakes \u00e9 uma escolha vers\u00e1til para uma variedade de necessidades de pastelaria.<\/p>\n<\/div>\n\n\n\n<div class=\"wp-block-column is-layout-flow wp-block-column-is-layout-flow\">\n<figure class=\"wp-block-image size-full\"><img decoding=\"async\" width=\"800\" height=\"800\" src=\"https:\/\/www.yishengpack.com\/wp-content\/uploads\/2025\/01\/custom-6-cupcake-box-with-paper-inserts-pet-clear-cupcake-boxes.webp\" alt=\"caixas para cupcakes personalizadas com 6 inser\u00e7\u00f5es de papel para animais de estima\u00e7\u00e3o\" class=\"wp-image-240\" srcset=\"https:\/\/www.yishengpack.com\/wp-content\/uploads\/2025\/01\/custom-6-cupcake-box-with-paper-inserts-pet-clear-cupcake-boxes.webp 800w, https:\/\/www.yishengpack.com\/wp-content\/uploads\/2025\/01\/custom-6-cupcake-box-with-paper-inserts-pet-clear-cupcake-boxes-300x300.webp 300w, https:\/\/www.yishengpack.com\/wp-content\/uploads\/2025\/01\/custom-6-cupcake-box-with-paper-inserts-pet-clear-cupcake-boxes-150x150.webp 150w, https:\/\/www.yishengpack.com\/wp-content\/uploads\/2025\/01\/custom-6-cupcake-box-with-paper-inserts-pet-clear-cupcake-boxes-768x768.webp 768w, https:\/\/www.yishengpack.com\/wp-content\/uploads\/2025\/01\/custom-6-cupcake-box-with-paper-inserts-pet-clear-cupcake-boxes-600x600.webp 600w, https:\/\/www.yishengpack.com\/wp-content\/uploads\/2025\/01\/custom-6-cupcake-box-with-paper-inserts-pet-clear-cupcake-boxes-100x100.webp 100w\" sizes=\"(max-width: 800px) 100vw, 800px\" \/><\/figure>\n<\/div>\n<\/div>\n\n\n\n<div class=\"wp-block-columns is-layout-flex wp-container-core-columns-is-layout-9d6595d7 wp-block-columns-is-layout-flex\">\n<div class=\"wp-block-column is-layout-flow wp-block-column-is-layout-flow\">\n<figure class=\"wp-block-image size-full\"><img decoding=\"async\" width=\"800\" height=\"800\" src=\"https:\/\/www.yishengpack.com\/wp-content\/uploads\/2025\/01\/wholesale-clear-cupcake-boxes-fits-2-4-cupcake-or-muffin-dessert-boxes-6.webp\" alt=\"wholesale-clear-cupcake-boxes-fits-2-4-cupcake-or-muffin-dessert-boxes (6)\" class=\"wp-image-233\" srcset=\"https:\/\/www.yishengpack.com\/wp-content\/uploads\/2025\/01\/wholesale-clear-cupcake-boxes-fits-2-4-cupcake-or-muffin-dessert-boxes-6.webp 800w, https:\/\/www.yishengpack.com\/wp-content\/uploads\/2025\/01\/wholesale-clear-cupcake-boxes-fits-2-4-cupcake-or-muffin-dessert-boxes-6-300x300.webp 300w, https:\/\/www.yishengpack.com\/wp-content\/uploads\/2025\/01\/wholesale-clear-cupcake-boxes-fits-2-4-cupcake-or-muffin-dessert-boxes-6-150x150.webp 150w, https:\/\/www.yishengpack.com\/wp-content\/uploads\/2025\/01\/wholesale-clear-cupcake-boxes-fits-2-4-cupcake-or-muffin-dessert-boxes-6-768x768.webp 768w, https:\/\/www.yishengpack.com\/wp-content\/uploads\/2025\/01\/wholesale-clear-cupcake-boxes-fits-2-4-cupcake-or-muffin-dessert-boxes-6-600x600.webp 600w, https:\/\/www.yishengpack.com\/wp-content\/uploads\/2025\/01\/wholesale-clear-cupcake-boxes-fits-2-4-cupcake-or-muffin-dessert-boxes-6-100x100.webp 100w\" sizes=\"(max-width: 800px) 100vw, 800px\" \/><\/figure>\n\n\n\n<div class=\"wp-block-buttons has-custom-font-size has-small-font-size is-content-justification-center is-layout-flex wp-container-core-buttons-is-layout-16018d1d wp-block-buttons-is-layout-flex\">\n<div class=\"wp-block-button has-custom-width wp-block-button__width-75\"><a class=\"wp-block-button__link has-background has-small-font-size has-custom-font-size wp-element-button\" href=\"https:\/\/www.yishengpack.com\/pt\/custom-product-boxes-types\/\" style=\"background:linear-gradient(135deg,rgb(254,205,165) 0%,rgb(254,45,45) 0%,rgb(94,15,15) 0%,rgb(94,15,15) 100%)\" target=\"_blank\" rel=\"noreferrer noopener\"><strong>Explore os tipos de caixas personalizadas<\/strong><\/a><\/div>\n<\/div>\n<\/div>\n\n\n\n<div class=\"wp-block-column is-layout-flow wp-block-column-is-layout-flow\">\n<figure class=\"wp-block-image size-full\"><img decoding=\"async\" width=\"800\" height=\"800\" src=\"https:\/\/www.yishengpack.com\/wp-content\/uploads\/2025\/01\/wholesale-clear-cupcake-boxes-fits-2-4-cupcake-or-muffin-dessert-boxes-5.webp\" alt=\"wholesale-clear-cupcake-boxes-fits-2-4-cupcake-or-muffin-dessert-boxes (5)\" class=\"wp-image-232\" srcset=\"https:\/\/www.yishengpack.com\/wp-content\/uploads\/2025\/01\/wholesale-clear-cupcake-boxes-fits-2-4-cupcake-or-muffin-dessert-boxes-5.webp 800w, https:\/\/www.yishengpack.com\/wp-content\/uploads\/2025\/01\/wholesale-clear-cupcake-boxes-fits-2-4-cupcake-or-muffin-dessert-boxes-5-300x300.webp 300w, https:\/\/www.yishengpack.com\/wp-content\/uploads\/2025\/01\/wholesale-clear-cupcake-boxes-fits-2-4-cupcake-or-muffin-dessert-boxes-5-150x150.webp 150w, https:\/\/www.yishengpack.com\/wp-content\/uploads\/2025\/01\/wholesale-clear-cupcake-boxes-fits-2-4-cupcake-or-muffin-dessert-boxes-5-768x768.webp 768w, https:\/\/www.yishengpack.com\/wp-content\/uploads\/2025\/01\/wholesale-clear-cupcake-boxes-fits-2-4-cupcake-or-muffin-dessert-boxes-5-600x600.webp 600w, https:\/\/www.yishengpack.com\/wp-content\/uploads\/2025\/01\/wholesale-clear-cupcake-boxes-fits-2-4-cupcake-or-muffin-dessert-boxes-5-100x100.webp 100w\" sizes=\"(max-width: 800px) 100vw, 800px\" \/><\/figure>\n\n\n\n<div class=\"wp-block-buttons has-custom-font-size has-small-font-size is-content-justification-center is-layout-flex wp-container-core-buttons-is-layout-16018d1d wp-block-buttons-is-layout-flex\">\n<div class=\"wp-block-button has-custom-width wp-block-button__width-75\"><a class=\"wp-block-button__link has-background has-small-font-size has-custom-font-size wp-element-button\" href=\"https:\/\/www.yishengpack.com\/pt\/custom-box-inserts-accessories\/\" style=\"background:linear-gradient(135deg,rgb(254,205,165) 0%,rgb(254,45,45) 0%,rgb(94,15,15) 0%,rgb(94,15,15) 100%)\" target=\"_blank\" rel=\"noreferrer noopener\"><strong>Explorar inser\u00e7\u00f5es de caixas personalizadas<\/strong><\/a><\/div>\n<\/div>\n<\/div>\n<\/div>","protected":false},"excerpt":{"rendered":"<p>Yisheng \u00e9 um fabricante profissional de caixas para cupcakes, exiba seus cupcakes em grande estilo com nossas caixas personalizadas de 6 cupcakes com forros de papel. Feitas de pl\u00e1stico PET de alta qualidade, essas caixas de cupcake claras s\u00e3o dur\u00e1veis e elegantes. Concebidas para empresas e ocasi\u00f5es especiais, estas caixas s\u00e3o perfeitas para exibir os seus cupcakes, mantendo-os seguros e frescos.<\/p>\n<h2>Caixa para 6 cupcakes Especifica\u00e7\u00f5es:<\/h2>\n<table width=\"528\">\n<tbody>\n<tr>\n<td width=\"215\">Fabricante:<\/td>\n<td colspan=\"2\" width=\"313\">Yisheng<\/td>\n<\/tr>\n<tr>\n<td>Modelo:<\/td>\n<td colspan=\"2\">Cupcake-6<\/td>\n<\/tr>\n<tr>\n<td>Material:\u00a0<\/td>\n<td colspan=\"2\">PET + cart\u00e3o branco<\/td>\n<\/tr>\n<tr>\n<td>Cor:\u00a0<\/td>\n<td colspan=\"2\">Limpo<\/td>\n<\/tr>\n<tr>\n<td>Tamanho:\u00a0<\/td>\n<td colspan=\"2\" width=\"313\">25cm*17cm*10cm<\/td>\n<\/tr>\n<tr>\n<td>Peso:\u00a0<\/td>\n<td colspan=\"2\" width=\"313\">88g\/pc<\/td>\n<\/tr>\n<tr>\n<td>Forma:\u00a0<\/td>\n<td colspan=\"2\" width=\"313\">Ret\u00e2ngulo\u00a0<\/td>\n<\/tr>\n<tr>\n<td>Embalagem:\u00a0<\/td>\n<td colspan=\"2\">Boxe direto<\/td>\n<\/tr>\n<tr>\n<td>MOQ:\u00a0<\/td>\n<td colspan=\"2\">300 unidades<\/td>\n<\/tr>\n<tr>\n<td>OEM&amp;ODM:\u00a0<\/td>\n<td colspan=\"2\">Personalizado, bem-vindo OEM&amp;ODM<\/td>\n<\/tr>\n<tr>\n<td>Amostra\uff1a<\/td>\n<td colspan=\"2\">10 unidades de amostra gr\u00e1tis podem ser solicitadas<\/td>\n<\/tr>\n<\/tbody>\n<\/table>\n<p><script src=\"chrome-extension:\/\/fpelahbljekknahkcaegamhcndkfpfnc\/iFrame.js\" type=\"text\/javascript\"><\/script><\/p>","protected":false},"featured_media":235,"comment_status":"closed","ping_status":"closed","template":"","meta":{"_acf_changed":false},"box-type":[64,61],"product_brand":[],"product_cat":[32,46],"product_tag":[],"class_list":{"0":"post-234","1":"product","2":"type-product","3":"status-publish","4":"has-post-thumbnail","6":"box-type-custom-clear-lid-paper-boxes","7":"box-type-custom-two-piece-boxes","8":"product_cat-bakery-packaging-wholesale","9":"product_cat-wholesale-paper-boxes","11":"first","12":"instock","13":"shipping-taxable","14":"product-type-simple"},"acf":[],"_links":{"self":[{"href":"https:\/\/www.yishengpack.com\/pt\/wp-json\/wp\/v2\/product\/234","targetHints":{"allow":["GET"]}}],"collection":[{"href":"https:\/\/www.yishengpack.com\/pt\/wp-json\/wp\/v2\/product"}],"about":[{"href":"https:\/\/www.yishengpack.com\/pt\/wp-json\/wp\/v2\/types\/product"}],"replies":[{"embeddable":true,"href":"https:\/\/www.yishengpack.com\/pt\/wp-json\/wp\/v2\/comments?post=234"}],"wp:featuredmedia":[{"embeddable":true,"href":"https:\/\/www.yishengpack.com\/pt\/wp-json\/wp\/v2\/media\/235"}],"wp:attachment":[{"href":"https:\/\/www.yishengpack.com\/pt\/wp-json\/wp\/v2\/media?parent=234"}],"wp:term":[{"taxonomy":"box-type","embeddable":true,"href":"https:\/\/www.yishengpack.com\/pt\/wp-json\/wp\/v2\/box-type?post=234"},{"taxonomy":"product_brand","embeddable":true,"href":"https:\/\/www.yishengpack.com\/pt\/wp-json\/wp\/v2\/product_brand?post=234"},{"taxonomy":"product_cat","embeddable":true,"href":"https:\/\/www.yishengpack.com\/pt\/wp-json\/wp\/v2\/product_cat?post=234"},{"taxonomy":"product_tag","embeddable":true,"href":"https:\/\/www.yishengpack.com\/pt\/wp-json\/wp\/v2\/product_tag?post=234"}],"curies":[{"name":"wp","href":"https:\/\/api.w.org\/{rel}","templated":true}]}}