{"id":2270,"date":"2025-11-03T10:30:46","date_gmt":"2025-11-03T10:30:46","guid":{"rendered":"https:\/\/www.yishengpack.com\/?post_type=product&#038;p=2270"},"modified":"2025-11-03T10:30:47","modified_gmt":"2025-11-03T10:30:47","slug":"custom-printed-jewelry-boxes","status":"publish","type":"product","link":"https:\/\/www.yishengpack.com\/pt\/product\/custom-printed-jewelry-boxes\/","title":{"rendered":"Caixas para j\u00f3ias com impress\u00e3o personalizada, caixas r\u00edgidas para presentes de rel\u00f3gios por atacado"},"content":{"rendered":"<div class=\"wp-block-columns is-layout-flex wp-container-core-columns-is-layout-9d6595d7 wp-block-columns-is-layout-flex\">\n<div class=\"wp-block-column is-layout-flow wp-block-column-is-layout-flow\">\n<h3 class=\"wp-block-heading\">Carater\u00edsticas das caixas para j\u00f3ias com impress\u00e3o personalizada<\/h3>\n\n\n\n<p><strong>Utilize o fecho magn\u00e9tico para um armazenamento limpo:<\/strong> Para um fecho suave e seguro, as caixas para j\u00f3ias promocionais e impressas personalizadas incluem um fecho magn\u00e9tico! Esta caixa com fecho magn\u00e9tico \u00e9 perfeita para j\u00f3ias, cosm\u00e9ticos e acess\u00f3rios de moda, de modo a manter tudo organizado e limpo.<\/p>\n\n\n\n<p><strong>Inser\u00e7\u00f5es personalizadas para uma disposi\u00e7\u00e3o organizada:<\/strong> Esta caixa de arruma\u00e7\u00e3o magn\u00e9tica por atacado est\u00e1 dispon\u00edvel com inser\u00e7\u00f5es personalizadas para que as j\u00f3ias e os acess\u00f3rios de moda tenham o seu pr\u00f3prio lugar com um sistema de organiza\u00e7\u00e3o limpo.<\/p>\n\n\n\n<p><strong>Constru\u00e7\u00e3o robusta para uma utiliza\u00e7\u00e3o duradoura: <\/strong>Estas caixas de j\u00f3ias impressas personalizadas s\u00e3o fabricadas com materiais resistentes, a caixa de armazenamento magn\u00e9tico \u00e9 dur\u00e1vel. Proporciona uma prote\u00e7\u00e3o fi\u00e1vel para j\u00f3ias e acess\u00f3rios de moda, garantindo que se mant\u00eam em boas condi\u00e7\u00f5es ao longo do tempo.<\/p>\n\n\n\n<p><strong>Design moderno para uma apresenta\u00e7\u00e3o moderna: <\/strong>As caixas de oferta de rel\u00f3gios por grosso est\u00e3o dispon\u00edveis com designs de tend\u00eancia. Quer seja met\u00e1lica, de cor pastel ou com designs elegantes, pode tornar a sua caixa apelativa para exibir j\u00f3ias e cosm\u00e9ticos com estilo.<\/p>\n\n\n\n<p><strong>Totalmente personaliz\u00e1vel para personaliza\u00e7\u00e3o: <\/strong>Estas caixas para j\u00f3ias com impress\u00e3o personalizada permitem-lhe alterar todos os aspectos da sua caixa, desde as dimens\u00f5es, cor, log\u00f3tipos ou desenhos art\u00edsticos, e a sua escolha de acabamento de superf\u00edcie, tudo adaptado \u00e0s suas necessidades individuais de armazenamento e exposi\u00e7\u00e3o de j\u00f3ias, cosm\u00e9ticos e acess\u00f3rios de moda.<\/p>\n<\/div>\n\n\n\n<div class=\"wp-block-column is-layout-flow wp-block-column-is-layout-flow\">\n<figure class=\"wp-block-image size-full\"><img decoding=\"async\" width=\"2048\" height=\"2048\" src=\"https:\/\/www.yishengpack.com\/wp-content\/uploads\/2025\/10\/High-End-Custom-Rigid-Magnetic-Closure-Storage-Boxes-Jewelry-Watch-Gift-Boxes-with-Logo-Wholesale-2.webp\" alt=\"caixas-j\u00f3ias impressas personalizadas-caixas-prendas r\u00edgidas para rel\u00f3gios-prendas-atacado-2\" class=\"wp-image-2272\" srcset=\"https:\/\/www.yishengpack.com\/wp-content\/uploads\/2025\/10\/High-End-Custom-Rigid-Magnetic-Closure-Storage-Boxes-Jewelry-Watch-Gift-Boxes-with-Logo-Wholesale-2.webp 2048w, https:\/\/www.yishengpack.com\/wp-content\/uploads\/2025\/10\/High-End-Custom-Rigid-Magnetic-Closure-Storage-Boxes-Jewelry-Watch-Gift-Boxes-with-Logo-Wholesale-2-300x300.webp 300w, https:\/\/www.yishengpack.com\/wp-content\/uploads\/2025\/10\/High-End-Custom-Rigid-Magnetic-Closure-Storage-Boxes-Jewelry-Watch-Gift-Boxes-with-Logo-Wholesale-2-150x150.webp 150w, https:\/\/www.yishengpack.com\/wp-content\/uploads\/2025\/10\/High-End-Custom-Rigid-Magnetic-Closure-Storage-Boxes-Jewelry-Watch-Gift-Boxes-with-Logo-Wholesale-2-768x768.webp 768w, https:\/\/www.yishengpack.com\/wp-content\/uploads\/2025\/10\/High-End-Custom-Rigid-Magnetic-Closure-Storage-Boxes-Jewelry-Watch-Gift-Boxes-with-Logo-Wholesale-2-12x12.webp 12w, https:\/\/www.yishengpack.com\/wp-content\/uploads\/2025\/10\/High-End-Custom-Rigid-Magnetic-Closure-Storage-Boxes-Jewelry-Watch-Gift-Boxes-with-Logo-Wholesale-2-1200x1200.webp 1200w, https:\/\/www.yishengpack.com\/wp-content\/uploads\/2025\/10\/High-End-Custom-Rigid-Magnetic-Closure-Storage-Boxes-Jewelry-Watch-Gift-Boxes-with-Logo-Wholesale-2-600x600.webp 600w, https:\/\/www.yishengpack.com\/wp-content\/uploads\/2025\/10\/High-End-Custom-Rigid-Magnetic-Closure-Storage-Boxes-Jewelry-Watch-Gift-Boxes-with-Logo-Wholesale-2-100x100.webp 100w\" sizes=\"(max-width: 2048px) 100vw, 2048px\" \/><\/figure>\n<\/div>\n<\/div>\n\n\n\n<div class=\"wp-block-columns is-layout-flex wp-container-core-columns-is-layout-9d6595d7 wp-block-columns-is-layout-flex\">\n<div class=\"wp-block-column is-layout-flow wp-block-column-is-layout-flow\">\n<figure class=\"wp-block-image size-full\"><img decoding=\"async\" width=\"2048\" height=\"2048\" src=\"https:\/\/www.yishengpack.com\/wp-content\/uploads\/2025\/10\/High-End-Custom-Rigid-Magnetic-Closure-Storage-Boxes-Jewelry-Watch-Gift-Boxes-with-Logo-Wholesale-3.webp\" alt=\"caixas-j\u00f3ias impressas personalizadas-caixas-prendas r\u00edgidas para rel\u00f3gios-brindes-venda por grosso-3\" class=\"wp-image-2273\" srcset=\"https:\/\/www.yishengpack.com\/wp-content\/uploads\/2025\/10\/High-End-Custom-Rigid-Magnetic-Closure-Storage-Boxes-Jewelry-Watch-Gift-Boxes-with-Logo-Wholesale-3.webp 2048w, https:\/\/www.yishengpack.com\/wp-content\/uploads\/2025\/10\/High-End-Custom-Rigid-Magnetic-Closure-Storage-Boxes-Jewelry-Watch-Gift-Boxes-with-Logo-Wholesale-3-300x300.webp 300w, https:\/\/www.yishengpack.com\/wp-content\/uploads\/2025\/10\/High-End-Custom-Rigid-Magnetic-Closure-Storage-Boxes-Jewelry-Watch-Gift-Boxes-with-Logo-Wholesale-3-150x150.webp 150w, https:\/\/www.yishengpack.com\/wp-content\/uploads\/2025\/10\/High-End-Custom-Rigid-Magnetic-Closure-Storage-Boxes-Jewelry-Watch-Gift-Boxes-with-Logo-Wholesale-3-768x768.webp 768w, https:\/\/www.yishengpack.com\/wp-content\/uploads\/2025\/10\/High-End-Custom-Rigid-Magnetic-Closure-Storage-Boxes-Jewelry-Watch-Gift-Boxes-with-Logo-Wholesale-3-12x12.webp 12w, https:\/\/www.yishengpack.com\/wp-content\/uploads\/2025\/10\/High-End-Custom-Rigid-Magnetic-Closure-Storage-Boxes-Jewelry-Watch-Gift-Boxes-with-Logo-Wholesale-3-1200x1200.webp 1200w, https:\/\/www.yishengpack.com\/wp-content\/uploads\/2025\/10\/High-End-Custom-Rigid-Magnetic-Closure-Storage-Boxes-Jewelry-Watch-Gift-Boxes-with-Logo-Wholesale-3-600x600.webp 600w, https:\/\/www.yishengpack.com\/wp-content\/uploads\/2025\/10\/High-End-Custom-Rigid-Magnetic-Closure-Storage-Boxes-Jewelry-Watch-Gift-Boxes-with-Logo-Wholesale-3-100x100.webp 100w\" sizes=\"(max-width: 2048px) 100vw, 2048px\" \/><\/figure>\n\n\n\n<div class=\"wp-block-buttons has-custom-font-size has-small-font-size is-content-justification-center is-layout-flex wp-container-core-buttons-is-layout-16018d1d wp-block-buttons-is-layout-flex\">\n<div class=\"wp-block-button has-custom-width wp-block-button__width-75\"><a class=\"wp-block-button__link has-background has-small-font-size has-custom-font-size wp-element-button\" href=\"https:\/\/www.yishengpack.com\/pt\/custom-printed-box\/\" style=\"background:linear-gradient(135deg,rgb(254,205,165) 0%,rgb(254,45,45) 0%,rgb(94,15,15) 0%,rgb(94,15,15) 100%)\" target=\"_blank\" rel=\"noreferrer noopener\"><strong>Explorar caixas impressas personalizadas<\/strong><\/a><\/div>\n<\/div>\n<\/div>\n\n\n\n<div class=\"wp-block-column is-layout-flow wp-block-column-is-layout-flow\">\n<figure class=\"wp-block-image size-full\"><img decoding=\"async\" width=\"2048\" height=\"2048\" src=\"https:\/\/www.yishengpack.com\/wp-content\/uploads\/2025\/10\/High-End-Custom-Rigid-Magnetic-Closure-Storage-Boxes-Jewelry-Watch-Gift-Boxes-with-Logo-Wholesale-4.webp\" alt=\"caixas-j\u00f3ias impressas personalizadas-caixas-prendas r\u00edgidas para rel\u00f3gios-prendas-atacado-4\" class=\"wp-image-2274\" srcset=\"https:\/\/www.yishengpack.com\/wp-content\/uploads\/2025\/10\/High-End-Custom-Rigid-Magnetic-Closure-Storage-Boxes-Jewelry-Watch-Gift-Boxes-with-Logo-Wholesale-4.webp 2048w, https:\/\/www.yishengpack.com\/wp-content\/uploads\/2025\/10\/High-End-Custom-Rigid-Magnetic-Closure-Storage-Boxes-Jewelry-Watch-Gift-Boxes-with-Logo-Wholesale-4-300x300.webp 300w, https:\/\/www.yishengpack.com\/wp-content\/uploads\/2025\/10\/High-End-Custom-Rigid-Magnetic-Closure-Storage-Boxes-Jewelry-Watch-Gift-Boxes-with-Logo-Wholesale-4-150x150.webp 150w, https:\/\/www.yishengpack.com\/wp-content\/uploads\/2025\/10\/High-End-Custom-Rigid-Magnetic-Closure-Storage-Boxes-Jewelry-Watch-Gift-Boxes-with-Logo-Wholesale-4-768x768.webp 768w, https:\/\/www.yishengpack.com\/wp-content\/uploads\/2025\/10\/High-End-Custom-Rigid-Magnetic-Closure-Storage-Boxes-Jewelry-Watch-Gift-Boxes-with-Logo-Wholesale-4-12x12.webp 12w, https:\/\/www.yishengpack.com\/wp-content\/uploads\/2025\/10\/High-End-Custom-Rigid-Magnetic-Closure-Storage-Boxes-Jewelry-Watch-Gift-Boxes-with-Logo-Wholesale-4-1200x1200.webp 1200w, https:\/\/www.yishengpack.com\/wp-content\/uploads\/2025\/10\/High-End-Custom-Rigid-Magnetic-Closure-Storage-Boxes-Jewelry-Watch-Gift-Boxes-with-Logo-Wholesale-4-600x600.webp 600w, https:\/\/www.yishengpack.com\/wp-content\/uploads\/2025\/10\/High-End-Custom-Rigid-Magnetic-Closure-Storage-Boxes-Jewelry-Watch-Gift-Boxes-with-Logo-Wholesale-4-100x100.webp 100w\" sizes=\"(max-width: 2048px) 100vw, 2048px\" \/><\/figure>\n\n\n\n<div class=\"wp-block-buttons is-content-justification-center is-layout-flex wp-container-core-buttons-is-layout-16018d1d wp-block-buttons-is-layout-flex\">\n<div class=\"wp-block-button has-custom-width wp-block-button__width-75\"><a class=\"wp-block-button__link has-background has-small-font-size has-custom-font-size wp-element-button\" href=\"https:\/\/www.yishengpack.com\/pt\/custom-box-inserts-accessories\/\" style=\"background:linear-gradient(135deg,rgb(254,205,165) 0%,rgb(254,45,45) 0%,rgb(94,15,15) 0%)\" target=\"_blank\" rel=\"noreferrer noopener\"><strong>Explorar inser\u00e7\u00f5es de caixas personalizadas<\/strong><\/a><\/div>\n<\/div>\n<\/div>\n<\/div>\n\n\n\n<p><\/p>","protected":false},"excerpt":{"rendered":"<p>Bem-vindo ao comprar as nossas caixas para j\u00f3ias com impress\u00e3o personalizada, com um design magn\u00e9tico perfeito e um acabamento de primeira qualidade. Combinam luxo e funcionalidade. Desde o tamanho, \u00e0s cores, ao log\u00f3tipo e \u00e0 disposi\u00e7\u00e3o interna, s\u00e3o totalmente personaliz\u00e1veis para corresponder \u00e0 sua marca. Deixe-nos ajudar os seus produtos a destacarem-se, de forma bonita e eficiente.<\/p>\n<h2>Destaques das caixas para j\u00f3ias com impress\u00e3o personalizada<\/h2>\n<ul>\n<li>Personaliza\u00e7\u00e3o topo de gama<\/li>\n<li>Materiais amigos do ambiente<\/li>\n<li>Op\u00e7\u00f5es de impress\u00e3o alargadas<\/li>\n<li>V\u00e1rios tamanhos de caixas<\/li>\n<li>Cores vivas<\/li>\n<li>Armazenamento f\u00e1cil<\/li>\n<li>Constru\u00e7\u00e3o robusta<\/li>\n<\/ul>\n<p>&nbsp;<\/p>\n<p>&nbsp;<\/p>","protected":false},"featured_media":2271,"comment_status":"closed","ping_status":"closed","template":"","meta":{"_acf_changed":false},"box-type":[54,57],"product_brand":[],"product_cat":[19,40,39],"product_tag":[],"class_list":{"0":"post-2270","1":"product","2":"type-product","3":"status-publish","4":"has-post-thumbnail","6":"box-type-custom-magnetic-closure-boxes","7":"box-type-custom-rigid-box-with-lid","8":"product_cat-luxury-gift-boxes-wholesale","9":"product_cat-custom-jewelry-boxes","10":"product_cat-custom-perfume-boxes","12":"first","13":"instock","14":"shipping-taxable","15":"product-type-simple"},"acf":[],"_links":{"self":[{"href":"https:\/\/www.yishengpack.com\/pt\/wp-json\/wp\/v2\/product\/2270","targetHints":{"allow":["GET"]}}],"collection":[{"href":"https:\/\/www.yishengpack.com\/pt\/wp-json\/wp\/v2\/product"}],"about":[{"href":"https:\/\/www.yishengpack.com\/pt\/wp-json\/wp\/v2\/types\/product"}],"replies":[{"embeddable":true,"href":"https:\/\/www.yishengpack.com\/pt\/wp-json\/wp\/v2\/comments?post=2270"}],"wp:featuredmedia":[{"embeddable":true,"href":"https:\/\/www.yishengpack.com\/pt\/wp-json\/wp\/v2\/media\/2271"}],"wp:attachment":[{"href":"https:\/\/www.yishengpack.com\/pt\/wp-json\/wp\/v2\/media?parent=2270"}],"wp:term":[{"taxonomy":"box-type","embeddable":true,"href":"https:\/\/www.yishengpack.com\/pt\/wp-json\/wp\/v2\/box-type?post=2270"},{"taxonomy":"product_brand","embeddable":true,"href":"https:\/\/www.yishengpack.com\/pt\/wp-json\/wp\/v2\/product_brand?post=2270"},{"taxonomy":"product_cat","embeddable":true,"href":"https:\/\/www.yishengpack.com\/pt\/wp-json\/wp\/v2\/product_cat?post=2270"},{"taxonomy":"product_tag","embeddable":true,"href":"https:\/\/www.yishengpack.com\/pt\/wp-json\/wp\/v2\/product_tag?post=2270"}],"curies":[{"name":"wp","href":"https:\/\/api.w.org\/{rel}","templated":true}]}}