{"id":2242,"date":"2025-10-24T03:06:55","date_gmt":"2025-10-24T03:06:55","guid":{"rendered":"https:\/\/www.yishengpack.com\/?post_type=product&#038;p=2242"},"modified":"2025-10-29T07:52:36","modified_gmt":"2025-10-29T07:52:36","slug":"custom-size-drawer-boxes","status":"publish","type":"product","link":"https:\/\/www.yishengpack.com\/pt\/product\/custom-size-drawer-boxes\/","title":{"rendered":"Caixas de gaveta de tamanho personalizado requintado, caixa de presente de doces por atacado"},"content":{"rendered":"<div class=\"wp-block-columns is-layout-flex wp-container-core-columns-is-layout-9d6595d7 wp-block-columns-is-layout-flex\">\n<div class=\"wp-block-column is-layout-flow wp-block-column-is-layout-flow\">\n<h3 class=\"wp-block-heading\">Carater\u00edsticas das caixas de gavetas de tamanho personalizado<\/h3>\n\n\n\n<p><strong>Puxar a gaveta suavemente para um desembrulhar delicioso:<\/strong> O design de puxador de gaveta suave est\u00e1 dispon\u00edvel nas caixas de gaveta de tamanho personalizado. Desliza suavemente para abrir e fechar, proporcionando uma experi\u00eancia de desembalagem agrad\u00e1vel, que \u00e9 perfeita para mostrar biscoitos delicados, pastelaria, sobremesas e outros doces.<\/p>\n\n\n\n<p><strong>Compartimento interior seguro para alimentos:<\/strong> O compartimento interior seguro para alimentos tamb\u00e9m est\u00e1 dispon\u00edvel nas caixas de gaveta de tamanho personalizado. \u00c9 ideal para manter biscoitos delicados, pastelaria, sobremesas e outros doces frescos e limpos.<\/p>\n\n\n\n<p><strong>Economiza espa\u00e7o e pode ser empilhado:<\/strong> A caixa de gavetas para venda por grosso poupa espa\u00e7o e \u00e9 empilh\u00e1vel. Isto ajuda a poupar espa\u00e7o de armazenamento, facilitando \u00e0s padarias e pastelarias o armazenamento e a gest\u00e3o dos seus pacotes de pastelaria, sobremesas e bolachas.<\/p>\n\n\n\n<p><strong>Op\u00e7\u00f5es de design empilhado com estilo:<\/strong> A caixa de gavetas para venda por grosso oferece op\u00e7\u00f5es de design empilhado com estilo. Os padr\u00f5es e motivos definem os desenhos, dando \u00e0 caixa um aspeto visualmente apelativo, perfeito para embalar v\u00e1rios produtos de pastelaria, sobremesas e biscoitos fr\u00e1geis.<\/p>\n\n\n\n<p><strong>Tamanho e estrutura personaliz\u00e1veis:<\/strong> As caixas de gaveta de tamanho personalizado permitem a personaliza\u00e7\u00e3o do tamanho, do revestimento, dos compartimentos e da orienta\u00e7\u00e3o da gaveta de acordo com as necessidades do cliente para satisfazer diferentes requisitos de embalagem e exposi\u00e7\u00e3o de produtos.<\/p>\n<\/div>\n\n\n\n<div class=\"wp-block-column is-layout-flow wp-block-column-is-layout-flow\">\n<figure class=\"wp-block-image size-full\"><img decoding=\"async\" width=\"2048\" height=\"2048\" src=\"https:\/\/www.yishengpack.com\/wp-content\/uploads\/2025\/10\/Wholesale-Exquisite-Drawer-style-Boxes-Paper-Box-Customized-for-Pastry-Dessert-Packaging-2.webp\" alt=\"exquisite-custom-size-drawer-boxes-wholesale-candy-gift-box-2\" class=\"wp-image-2244\" srcset=\"https:\/\/www.yishengpack.com\/wp-content\/uploads\/2025\/10\/Wholesale-Exquisite-Drawer-style-Boxes-Paper-Box-Customized-for-Pastry-Dessert-Packaging-2.webp 2048w, https:\/\/www.yishengpack.com\/wp-content\/uploads\/2025\/10\/Wholesale-Exquisite-Drawer-style-Boxes-Paper-Box-Customized-for-Pastry-Dessert-Packaging-2-300x300.webp 300w, https:\/\/www.yishengpack.com\/wp-content\/uploads\/2025\/10\/Wholesale-Exquisite-Drawer-style-Boxes-Paper-Box-Customized-for-Pastry-Dessert-Packaging-2-150x150.webp 150w, https:\/\/www.yishengpack.com\/wp-content\/uploads\/2025\/10\/Wholesale-Exquisite-Drawer-style-Boxes-Paper-Box-Customized-for-Pastry-Dessert-Packaging-2-768x768.webp 768w, https:\/\/www.yishengpack.com\/wp-content\/uploads\/2025\/10\/Wholesale-Exquisite-Drawer-style-Boxes-Paper-Box-Customized-for-Pastry-Dessert-Packaging-2-12x12.webp 12w, https:\/\/www.yishengpack.com\/wp-content\/uploads\/2025\/10\/Wholesale-Exquisite-Drawer-style-Boxes-Paper-Box-Customized-for-Pastry-Dessert-Packaging-2-1200x1200.webp 1200w, https:\/\/www.yishengpack.com\/wp-content\/uploads\/2025\/10\/Wholesale-Exquisite-Drawer-style-Boxes-Paper-Box-Customized-for-Pastry-Dessert-Packaging-2-600x600.webp 600w, https:\/\/www.yishengpack.com\/wp-content\/uploads\/2025\/10\/Wholesale-Exquisite-Drawer-style-Boxes-Paper-Box-Customized-for-Pastry-Dessert-Packaging-2-100x100.webp 100w\" sizes=\"(max-width: 2048px) 100vw, 2048px\" \/><\/figure>\n<\/div>\n<\/div>\n\n\n\n<div class=\"wp-block-columns is-layout-flex wp-container-core-columns-is-layout-9d6595d7 wp-block-columns-is-layout-flex\">\n<div class=\"wp-block-column is-layout-flow wp-block-column-is-layout-flow\">\n<figure class=\"wp-block-image size-full\"><img decoding=\"async\" width=\"2048\" height=\"2048\" src=\"https:\/\/www.yishengpack.com\/wp-content\/uploads\/2025\/10\/Wholesale-Exquisite-Drawer-style-Boxes-Paper-Box-Customized-for-Pastry-Dessert-Packaging-5.webp\" alt=\"caixas-com-gavetas-de-tamanho-personalizado-exquisite-atacado-5\" class=\"wp-image-2247\" srcset=\"https:\/\/www.yishengpack.com\/wp-content\/uploads\/2025\/10\/Wholesale-Exquisite-Drawer-style-Boxes-Paper-Box-Customized-for-Pastry-Dessert-Packaging-5.webp 2048w, https:\/\/www.yishengpack.com\/wp-content\/uploads\/2025\/10\/Wholesale-Exquisite-Drawer-style-Boxes-Paper-Box-Customized-for-Pastry-Dessert-Packaging-5-300x300.webp 300w, https:\/\/www.yishengpack.com\/wp-content\/uploads\/2025\/10\/Wholesale-Exquisite-Drawer-style-Boxes-Paper-Box-Customized-for-Pastry-Dessert-Packaging-5-150x150.webp 150w, https:\/\/www.yishengpack.com\/wp-content\/uploads\/2025\/10\/Wholesale-Exquisite-Drawer-style-Boxes-Paper-Box-Customized-for-Pastry-Dessert-Packaging-5-768x768.webp 768w, https:\/\/www.yishengpack.com\/wp-content\/uploads\/2025\/10\/Wholesale-Exquisite-Drawer-style-Boxes-Paper-Box-Customized-for-Pastry-Dessert-Packaging-5-12x12.webp 12w, https:\/\/www.yishengpack.com\/wp-content\/uploads\/2025\/10\/Wholesale-Exquisite-Drawer-style-Boxes-Paper-Box-Customized-for-Pastry-Dessert-Packaging-5-1200x1200.webp 1200w, https:\/\/www.yishengpack.com\/wp-content\/uploads\/2025\/10\/Wholesale-Exquisite-Drawer-style-Boxes-Paper-Box-Customized-for-Pastry-Dessert-Packaging-5-600x600.webp 600w, https:\/\/www.yishengpack.com\/wp-content\/uploads\/2025\/10\/Wholesale-Exquisite-Drawer-style-Boxes-Paper-Box-Customized-for-Pastry-Dessert-Packaging-5-100x100.webp 100w\" sizes=\"(max-width: 2048px) 100vw, 2048px\" \/><\/figure>\n\n\n\n<div class=\"wp-block-buttons has-custom-font-size has-small-font-size is-content-justification-center is-layout-flex wp-container-core-buttons-is-layout-16018d1d wp-block-buttons-is-layout-flex\">\n<div class=\"wp-block-button has-custom-width wp-block-button__width-75\"><a class=\"wp-block-button__link has-background has-small-font-size has-custom-font-size wp-element-button\" href=\"https:\/\/www.yishengpack.com\/pt\/custom-printed-box\/\" style=\"background:linear-gradient(135deg,rgb(254,205,165) 0%,rgb(254,45,45) 0%,rgb(94,15,15) 0%,rgb(94,15,15) 100%)\" target=\"_blank\" rel=\"noreferrer noopener\"><strong>Explorar caixas impressas personalizadas<\/strong><\/a><\/div>\n<\/div>\n<\/div>\n\n\n\n<div class=\"wp-block-column is-layout-flow wp-block-column-is-layout-flow\">\n<figure class=\"wp-block-image size-full\"><img decoding=\"async\" width=\"2048\" height=\"2048\" src=\"https:\/\/www.yishengpack.com\/wp-content\/uploads\/2025\/10\/Wholesale-Exquisite-Drawer-style-Boxes-Paper-Box-Customized-for-Pastry-Dessert-Packaging-4.webp\" alt=\"exquisite-custom-size-drawer-boxes-wholesale-candy-gift-box-4\" class=\"wp-image-2246\" srcset=\"https:\/\/www.yishengpack.com\/wp-content\/uploads\/2025\/10\/Wholesale-Exquisite-Drawer-style-Boxes-Paper-Box-Customized-for-Pastry-Dessert-Packaging-4.webp 2048w, https:\/\/www.yishengpack.com\/wp-content\/uploads\/2025\/10\/Wholesale-Exquisite-Drawer-style-Boxes-Paper-Box-Customized-for-Pastry-Dessert-Packaging-4-300x300.webp 300w, https:\/\/www.yishengpack.com\/wp-content\/uploads\/2025\/10\/Wholesale-Exquisite-Drawer-style-Boxes-Paper-Box-Customized-for-Pastry-Dessert-Packaging-4-150x150.webp 150w, https:\/\/www.yishengpack.com\/wp-content\/uploads\/2025\/10\/Wholesale-Exquisite-Drawer-style-Boxes-Paper-Box-Customized-for-Pastry-Dessert-Packaging-4-768x768.webp 768w, https:\/\/www.yishengpack.com\/wp-content\/uploads\/2025\/10\/Wholesale-Exquisite-Drawer-style-Boxes-Paper-Box-Customized-for-Pastry-Dessert-Packaging-4-12x12.webp 12w, https:\/\/www.yishengpack.com\/wp-content\/uploads\/2025\/10\/Wholesale-Exquisite-Drawer-style-Boxes-Paper-Box-Customized-for-Pastry-Dessert-Packaging-4-1200x1200.webp 1200w, https:\/\/www.yishengpack.com\/wp-content\/uploads\/2025\/10\/Wholesale-Exquisite-Drawer-style-Boxes-Paper-Box-Customized-for-Pastry-Dessert-Packaging-4-600x600.webp 600w, https:\/\/www.yishengpack.com\/wp-content\/uploads\/2025\/10\/Wholesale-Exquisite-Drawer-style-Boxes-Paper-Box-Customized-for-Pastry-Dessert-Packaging-4-100x100.webp 100w\" sizes=\"(max-width: 2048px) 100vw, 2048px\" \/><\/figure>\n\n\n\n<div class=\"wp-block-buttons is-content-justification-center is-layout-flex wp-container-core-buttons-is-layout-16018d1d wp-block-buttons-is-layout-flex\">\n<div class=\"wp-block-button has-custom-width wp-block-button__width-75\"><a class=\"wp-block-button__link has-background has-small-font-size has-custom-font-size wp-element-button\" href=\"https:\/\/www.yishengpack.com\/pt\/custom-box-inserts-accessories\/\" style=\"background:linear-gradient(135deg,rgb(254,205,165) 0%,rgb(254,45,45) 0%,rgb(94,15,15) 0%)\" target=\"_blank\" rel=\"noreferrer noopener\"><strong>Explorar inser\u00e7\u00f5es de caixas personalizadas<\/strong><\/a><\/div>\n<\/div>\n<\/div>\n<\/div>","protected":false},"excerpt":{"rendered":"<p>Bem-vindo a comprar as nossas requintadas caixas de gaveta de tamanho personalizado concebidas para embalagens de doces e presentes de qualidade superior. Fabricadas com materiais de alta qualidade, com tamanhos, acabamentos e impress\u00e3o do log\u00f3tipo personaliz\u00e1veis, s\u00e3o perfeitas para solu\u00e7\u00f5es de embalagem de presentes por atacado e de marca.<\/p>\n<h2>Destaques das caixas de gavetas de tamanho personalizado<\/h2>\n<ul>\n<li>Design de deslizamento suave<\/li>\n<li>Personaliza\u00e7\u00e3o total<\/li>\n<li>Materiais de alta qualidade<\/li>\n<li>Artesanato de qualidade<\/li>\n<li>V\u00e1rios tipos de caixas<\/li>\n<li>Op\u00e7\u00f5es de impress\u00e3o alargadas<\/li>\n<li>Est\u00e9tica vibrante<\/li>\n<\/ul>\n<p>&nbsp;<\/p>\n<p>&nbsp;<\/p>","protected":false},"featured_media":2243,"comment_status":"closed","ping_status":"closed","template":"","meta":{"_acf_changed":false},"box-type":[47,61],"product_brand":[],"product_cat":[19,41,40,46,33,44],"product_tag":[],"class_list":{"0":"post-2242","1":"product","2":"type-product","3":"status-publish","4":"has-post-thumbnail","6":"box-type-custom-drawer-boxes","7":"box-type-custom-two-piece-boxes","8":"product_cat-luxury-gift-boxes-wholesale","9":"product_cat-candy-gift-boxes-wholesale","10":"product_cat-custom-jewelry-boxes","11":"product_cat-wholesale-paper-boxes","12":"product_cat-food-packaging-boxes-wholesale","13":"product_cat-custom-snack-box","15":"first","16":"instock","17":"shipping-taxable","18":"product-type-simple"},"acf":[],"_links":{"self":[{"href":"https:\/\/www.yishengpack.com\/pt\/wp-json\/wp\/v2\/product\/2242","targetHints":{"allow":["GET"]}}],"collection":[{"href":"https:\/\/www.yishengpack.com\/pt\/wp-json\/wp\/v2\/product"}],"about":[{"href":"https:\/\/www.yishengpack.com\/pt\/wp-json\/wp\/v2\/types\/product"}],"replies":[{"embeddable":true,"href":"https:\/\/www.yishengpack.com\/pt\/wp-json\/wp\/v2\/comments?post=2242"}],"wp:featuredmedia":[{"embeddable":true,"href":"https:\/\/www.yishengpack.com\/pt\/wp-json\/wp\/v2\/media\/2243"}],"wp:attachment":[{"href":"https:\/\/www.yishengpack.com\/pt\/wp-json\/wp\/v2\/media?parent=2242"}],"wp:term":[{"taxonomy":"box-type","embeddable":true,"href":"https:\/\/www.yishengpack.com\/pt\/wp-json\/wp\/v2\/box-type?post=2242"},{"taxonomy":"product_brand","embeddable":true,"href":"https:\/\/www.yishengpack.com\/pt\/wp-json\/wp\/v2\/product_brand?post=2242"},{"taxonomy":"product_cat","embeddable":true,"href":"https:\/\/www.yishengpack.com\/pt\/wp-json\/wp\/v2\/product_cat?post=2242"},{"taxonomy":"product_tag","embeddable":true,"href":"https:\/\/www.yishengpack.com\/pt\/wp-json\/wp\/v2\/product_tag?post=2242"}],"curies":[{"name":"wp","href":"https:\/\/api.w.org\/{rel}","templated":true}]}}