{"id":2234,"date":"2025-10-29T07:31:28","date_gmt":"2025-10-29T07:31:28","guid":{"rendered":"https:\/\/www.yishengpack.com\/?post_type=product&#038;p=2234"},"modified":"2025-11-08T02:39:49","modified_gmt":"2025-11-08T02:39:49","slug":"magnetic-closure-gift-box-bulk","status":"publish","type":"product","link":"https:\/\/www.yishengpack.com\/pt\/product\/magnetic-closure-gift-box-bulk\/","title":{"rendered":"Caixa de presente com fecho magn\u00e9tico a granel, caixas para j\u00f3ias com impress\u00e3o personalizada"},"content":{"rendered":"<div class=\"wp-block-columns is-layout-flex wp-container-core-columns-is-layout-9d6595d7 wp-block-columns-is-layout-flex\">\n<div class=\"wp-block-column is-layout-flow wp-block-column-is-layout-flow\">\n<h3 class=\"wp-block-heading\">Carater\u00edsticas da caixa de oferta com fecho magn\u00e9tico a granel<\/h3>\n\n\n\n<p><strong>Fecho magn\u00e9tico para uma embalagem de luxo:<\/strong> Esta caixa de oferta de qualidade com fecho magn\u00e9tico a granel proporciona uma experi\u00eancia de luxo e de abertura da caixa ao seu cliente. \u00c9 a op\u00e7\u00e3o de embalagem perfeita para j\u00f3ias, cosm\u00e9ticos e perfumes, uma vez que o fecho magn\u00e9tico de qualidade aumenta o luxo da abertura da caixa de oferta.<\/p>\n\n\n\n<p><strong>Inser\u00e7\u00f5es interiores personaliz\u00e1veis: <\/strong>A caixa de oferta com fecho magn\u00e9tico de qualidade superior inclui inser\u00e7\u00f5es interiores personaliz\u00e1veis que podem ser ajustadas em tamanho para se adaptarem a j\u00f3ias, cosm\u00e9ticos e perfumes, para que qualquer pe\u00e7a - um colar, um batom ou um frasco de perfume - permane\u00e7a firmemente no lugar e protegida.<\/p>\n\n\n\n<p><strong>Material de alta qualidade: <\/strong>A utiliza\u00e7\u00e3o de materiais de alta qualidade permite que estas caixas para j\u00f3ias impressas personalizadas n\u00e3o sejam apenas de alta qualidade e duradouras, mas tamb\u00e9m boas caixas de trabalho para colares, cosm\u00e9ticos e perfumes. A robustez da caixa para j\u00f3ias protege as compras dos estragos da oferta e do armazenamento.<\/p>\n\n\n\n<p><strong>Op\u00e7\u00f5es de design de luxo: <\/strong>A caixa de j\u00f3ias impressa personalizada apresenta op\u00e7\u00f5es de design luxuosas que proporcionam um bom impacto visual que pode transformar uma simples caixa de cart\u00e3o num suporte despretensioso de j\u00f3ias e produtos cosm\u00e9ticos de alta qualidade e pre\u00e7o elevado. Desde o relevo floral aos desenhos met\u00e1licos e acabamentos em gradiente, estes chamam a aten\u00e7\u00e3o dos utilizadores quando abrem as suas caixas.<\/p>\n\n\n\n<p><strong>Personalizado com alinhamento de marca:<\/strong> A nossa caixa de oferta com fecho magn\u00e9tico premium a granel oferece um n\u00edvel de personaliza\u00e7\u00e3o que pode fazer para se alinhar de perto com a sua marca. Podemos personalizar o tamanho e a cor, incorporar log\u00f3tipos de marca ou motivos art\u00edsticos e selecionar acabamentos de superf\u00edcie para satisfazer os requisitos espec\u00edficos de marca de uma marca de j\u00f3ias ou de beleza.<\/p>\n<\/div>\n\n\n\n<div class=\"wp-block-column is-layout-flow wp-block-column-is-layout-flow\">\n<figure class=\"wp-block-image size-full\"><img decoding=\"async\" width=\"2048\" height=\"2048\" src=\"https:\/\/www.yishengpack.com\/wp-content\/uploads\/2025\/10\/High-End-Magnetic-Gift-Boxes-Wholesale-Custom-Deluxe-Bijouterie-Package-Paper-Box-2.webp\" alt=\"caixas-presente com fecho magn\u00e9tico-bulk-custom-printed-jewelry-boxes-2\" class=\"wp-image-2236\" srcset=\"https:\/\/www.yishengpack.com\/wp-content\/uploads\/2025\/10\/High-End-Magnetic-Gift-Boxes-Wholesale-Custom-Deluxe-Bijouterie-Package-Paper-Box-2.webp 2048w, https:\/\/www.yishengpack.com\/wp-content\/uploads\/2025\/10\/High-End-Magnetic-Gift-Boxes-Wholesale-Custom-Deluxe-Bijouterie-Package-Paper-Box-2-300x300.webp 300w, https:\/\/www.yishengpack.com\/wp-content\/uploads\/2025\/10\/High-End-Magnetic-Gift-Boxes-Wholesale-Custom-Deluxe-Bijouterie-Package-Paper-Box-2-150x150.webp 150w, https:\/\/www.yishengpack.com\/wp-content\/uploads\/2025\/10\/High-End-Magnetic-Gift-Boxes-Wholesale-Custom-Deluxe-Bijouterie-Package-Paper-Box-2-768x768.webp 768w, https:\/\/www.yishengpack.com\/wp-content\/uploads\/2025\/10\/High-End-Magnetic-Gift-Boxes-Wholesale-Custom-Deluxe-Bijouterie-Package-Paper-Box-2-12x12.webp 12w, https:\/\/www.yishengpack.com\/wp-content\/uploads\/2025\/10\/High-End-Magnetic-Gift-Boxes-Wholesale-Custom-Deluxe-Bijouterie-Package-Paper-Box-2-1200x1200.webp 1200w, https:\/\/www.yishengpack.com\/wp-content\/uploads\/2025\/10\/High-End-Magnetic-Gift-Boxes-Wholesale-Custom-Deluxe-Bijouterie-Package-Paper-Box-2-600x600.webp 600w, https:\/\/www.yishengpack.com\/wp-content\/uploads\/2025\/10\/High-End-Magnetic-Gift-Boxes-Wholesale-Custom-Deluxe-Bijouterie-Package-Paper-Box-2-100x100.webp 100w\" sizes=\"(max-width: 2048px) 100vw, 2048px\" \/><\/figure>\n<\/div>\n<\/div>\n\n\n\n<div class=\"wp-block-columns is-layout-flex wp-container-core-columns-is-layout-9d6595d7 wp-block-columns-is-layout-flex\">\n<div class=\"wp-block-column is-layout-flow wp-block-column-is-layout-flow\">\n<figure class=\"wp-block-image size-full\"><img decoding=\"async\" width=\"2048\" height=\"2048\" src=\"https:\/\/www.yishengpack.com\/wp-content\/uploads\/2025\/10\/High-End-Magnetic-Gift-Boxes-Wholesale-Custom-Deluxe-Bijouterie-Package-Paper-Box-6.webp\" alt=\"caixas-presente com fecho magn\u00e9tico-bulk-custom-printed-jewelry-boxes-6\" class=\"wp-image-2240\" srcset=\"https:\/\/www.yishengpack.com\/wp-content\/uploads\/2025\/10\/High-End-Magnetic-Gift-Boxes-Wholesale-Custom-Deluxe-Bijouterie-Package-Paper-Box-6.webp 2048w, https:\/\/www.yishengpack.com\/wp-content\/uploads\/2025\/10\/High-End-Magnetic-Gift-Boxes-Wholesale-Custom-Deluxe-Bijouterie-Package-Paper-Box-6-300x300.webp 300w, https:\/\/www.yishengpack.com\/wp-content\/uploads\/2025\/10\/High-End-Magnetic-Gift-Boxes-Wholesale-Custom-Deluxe-Bijouterie-Package-Paper-Box-6-150x150.webp 150w, https:\/\/www.yishengpack.com\/wp-content\/uploads\/2025\/10\/High-End-Magnetic-Gift-Boxes-Wholesale-Custom-Deluxe-Bijouterie-Package-Paper-Box-6-768x768.webp 768w, https:\/\/www.yishengpack.com\/wp-content\/uploads\/2025\/10\/High-End-Magnetic-Gift-Boxes-Wholesale-Custom-Deluxe-Bijouterie-Package-Paper-Box-6-12x12.webp 12w, https:\/\/www.yishengpack.com\/wp-content\/uploads\/2025\/10\/High-End-Magnetic-Gift-Boxes-Wholesale-Custom-Deluxe-Bijouterie-Package-Paper-Box-6-1200x1200.webp 1200w, https:\/\/www.yishengpack.com\/wp-content\/uploads\/2025\/10\/High-End-Magnetic-Gift-Boxes-Wholesale-Custom-Deluxe-Bijouterie-Package-Paper-Box-6-600x600.webp 600w, https:\/\/www.yishengpack.com\/wp-content\/uploads\/2025\/10\/High-End-Magnetic-Gift-Boxes-Wholesale-Custom-Deluxe-Bijouterie-Package-Paper-Box-6-100x100.webp 100w\" sizes=\"(max-width: 2048px) 100vw, 2048px\" \/><\/figure>\n\n\n\n<div class=\"wp-block-buttons has-custom-font-size has-small-font-size is-content-justification-center is-layout-flex wp-container-core-buttons-is-layout-16018d1d wp-block-buttons-is-layout-flex\">\n<div class=\"wp-block-button has-custom-width wp-block-button__width-75\"><a class=\"wp-block-button__link has-background has-small-font-size has-custom-font-size wp-element-button\" href=\"https:\/\/www.yishengpack.com\/pt\/custom-printed-box\/\" style=\"background:linear-gradient(135deg,rgb(254,205,165) 0%,rgb(254,45,45) 0%,rgb(94,15,15) 0%,rgb(94,15,15) 100%)\" target=\"_blank\" rel=\"noreferrer noopener\"><strong>Explorar caixas impressas personalizadas<\/strong><\/a><\/div>\n<\/div>\n<\/div>\n\n\n\n<div class=\"wp-block-column is-layout-flow wp-block-column-is-layout-flow\">\n<figure class=\"wp-block-image size-full\"><img decoding=\"async\" width=\"2048\" height=\"2048\" src=\"https:\/\/www.yishengpack.com\/wp-content\/uploads\/2025\/10\/High-End-Magnetic-Gift-Boxes-Wholesale-Custom-Deluxe-Bijouterie-Package-Paper-Box-7.webp\" alt=\"caixas-presente com fecho magn\u00e9tico-bulk-custom-printed-jewelry-boxes-7\" class=\"wp-image-2241\" srcset=\"https:\/\/www.yishengpack.com\/wp-content\/uploads\/2025\/10\/High-End-Magnetic-Gift-Boxes-Wholesale-Custom-Deluxe-Bijouterie-Package-Paper-Box-7.webp 2048w, https:\/\/www.yishengpack.com\/wp-content\/uploads\/2025\/10\/High-End-Magnetic-Gift-Boxes-Wholesale-Custom-Deluxe-Bijouterie-Package-Paper-Box-7-300x300.webp 300w, https:\/\/www.yishengpack.com\/wp-content\/uploads\/2025\/10\/High-End-Magnetic-Gift-Boxes-Wholesale-Custom-Deluxe-Bijouterie-Package-Paper-Box-7-150x150.webp 150w, https:\/\/www.yishengpack.com\/wp-content\/uploads\/2025\/10\/High-End-Magnetic-Gift-Boxes-Wholesale-Custom-Deluxe-Bijouterie-Package-Paper-Box-7-768x768.webp 768w, https:\/\/www.yishengpack.com\/wp-content\/uploads\/2025\/10\/High-End-Magnetic-Gift-Boxes-Wholesale-Custom-Deluxe-Bijouterie-Package-Paper-Box-7-12x12.webp 12w, https:\/\/www.yishengpack.com\/wp-content\/uploads\/2025\/10\/High-End-Magnetic-Gift-Boxes-Wholesale-Custom-Deluxe-Bijouterie-Package-Paper-Box-7-1200x1200.webp 1200w, https:\/\/www.yishengpack.com\/wp-content\/uploads\/2025\/10\/High-End-Magnetic-Gift-Boxes-Wholesale-Custom-Deluxe-Bijouterie-Package-Paper-Box-7-600x600.webp 600w, https:\/\/www.yishengpack.com\/wp-content\/uploads\/2025\/10\/High-End-Magnetic-Gift-Boxes-Wholesale-Custom-Deluxe-Bijouterie-Package-Paper-Box-7-100x100.webp 100w\" sizes=\"(max-width: 2048px) 100vw, 2048px\" \/><\/figure>\n\n\n\n<div class=\"wp-block-buttons is-content-justification-center is-layout-flex wp-container-core-buttons-is-layout-16018d1d wp-block-buttons-is-layout-flex\">\n<div class=\"wp-block-button has-custom-width wp-block-button__width-75\"><a class=\"wp-block-button__link has-background has-small-font-size has-custom-font-size wp-element-button\" href=\"https:\/\/www.yishengpack.com\/pt\/custom-box-inserts-accessories\/\" style=\"background:linear-gradient(135deg,rgb(254,205,165) 0%,rgb(254,45,45) 0%,rgb(94,15,15) 0%)\" target=\"_blank\" rel=\"noreferrer noopener\"><strong>Explorar inser\u00e7\u00f5es de caixas personalizadas<\/strong><\/a><\/div>\n<\/div>\n<\/div>\n<\/div>\n\n\n\n<p><\/p>","protected":false},"excerpt":{"rendered":"<p>Bem-vindo \u00e0 nossa caixa de oferta com fecho magn\u00e9tico premium a granel, a solu\u00e7\u00e3o ideal para embalar e enviar j\u00f3ias, cosm\u00e9ticos, perfumes e muito mais! As caixas para j\u00f3ias com impress\u00e3o personalizada possuem um fecho magn\u00e9tico, proporcionando uma experi\u00eancia de desembalagem perfeita, luxuosa e convidativa. Desde o tamanho, cores e designs complexos at\u00e9 ao log\u00f3tipo e configura\u00e7\u00f5es internas, s\u00e3o totalmente personaliz\u00e1veis para se alinharem com a sua marca. Deixe-nos ajudar os seus presentes a destacarem-se de forma elegante e impressionante.<\/p>\n<h2>Destaques da Caixa de oferta com fecho magn\u00e9tico a granel<\/h2>\n<ul>\n<li>Personaliza\u00e7\u00e3o topo de gama<\/li>\n<li>Constru\u00e7\u00e3o robusta<\/li>\n<li>Materiais amigos do ambiente<\/li>\n<li>Impress\u00e3o artesanal extensiva<\/li>\n<li>V\u00e1rios tipos de caixas<\/li>\n<li>Op\u00e7\u00f5es de cores m\u00faltiplas<\/li>\n<li>V\u00e1rios tipos de caixas<\/li>\n<\/ul>\n<p>&nbsp;<\/p>","protected":false},"featured_media":2235,"comment_status":"closed","ping_status":"closed","template":"","meta":{"_acf_changed":false},"box-type":[54,57],"product_brand":[],"product_cat":[19,65,40,39],"product_tag":[],"class_list":{"0":"post-2234","1":"product","2":"type-product","3":"status-publish","4":"has-post-thumbnail","6":"box-type-custom-magnetic-closure-boxes","7":"box-type-custom-rigid-box-with-lid","8":"product_cat-luxury-gift-boxes-wholesale","9":"product_cat-custom-cosmetic-boxes","10":"product_cat-custom-jewelry-boxes","11":"product_cat-custom-perfume-boxes","13":"first","14":"instock","15":"shipping-taxable","16":"product-type-simple"},"acf":[],"_links":{"self":[{"href":"https:\/\/www.yishengpack.com\/pt\/wp-json\/wp\/v2\/product\/2234","targetHints":{"allow":["GET"]}}],"collection":[{"href":"https:\/\/www.yishengpack.com\/pt\/wp-json\/wp\/v2\/product"}],"about":[{"href":"https:\/\/www.yishengpack.com\/pt\/wp-json\/wp\/v2\/types\/product"}],"replies":[{"embeddable":true,"href":"https:\/\/www.yishengpack.com\/pt\/wp-json\/wp\/v2\/comments?post=2234"}],"wp:featuredmedia":[{"embeddable":true,"href":"https:\/\/www.yishengpack.com\/pt\/wp-json\/wp\/v2\/media\/2235"}],"wp:attachment":[{"href":"https:\/\/www.yishengpack.com\/pt\/wp-json\/wp\/v2\/media?parent=2234"}],"wp:term":[{"taxonomy":"box-type","embeddable":true,"href":"https:\/\/www.yishengpack.com\/pt\/wp-json\/wp\/v2\/box-type?post=2234"},{"taxonomy":"product_brand","embeddable":true,"href":"https:\/\/www.yishengpack.com\/pt\/wp-json\/wp\/v2\/product_brand?post=2234"},{"taxonomy":"product_cat","embeddable":true,"href":"https:\/\/www.yishengpack.com\/pt\/wp-json\/wp\/v2\/product_cat?post=2234"},{"taxonomy":"product_tag","embeddable":true,"href":"https:\/\/www.yishengpack.com\/pt\/wp-json\/wp\/v2\/product_tag?post=2234"}],"curies":[{"name":"wp","href":"https:\/\/api.w.org\/{rel}","templated":true}]}}