{"id":219,"date":"2025-01-03T03:35:14","date_gmt":"2025-01-03T03:35:14","guid":{"rendered":"https:\/\/www.yishengpack.com\/?post_type=product&#038;p=219"},"modified":"2025-10-29T02:49:34","modified_gmt":"2025-10-29T02:49:34","slug":"individual-cake-boxes-wholesale","status":"publish","type":"product","link":"https:\/\/www.yishengpack.com\/pt\/product\/individual-cake-boxes-wholesale\/","title":{"rendered":"Caixas de bolo individuais por atacado, caixas de sobremesa PET a granel"},"content":{"rendered":"<div class=\"wp-block-columns is-layout-flex wp-container-core-columns-is-layout-9d6595d7 wp-block-columns-is-layout-flex\">\n<div class=\"wp-block-column is-layout-flow wp-block-column-is-layout-flow\">\n<h3 class=\"wp-block-heading\">Carater\u00edsticas das caixas para bolos individuais por atacado<\/h3>\n\n\n\n<p><strong>Material PET transparente:<\/strong> Estas caixas individuais para bolos por grosso s\u00e3o feitas de material PET transparente de alta qualidade para exibir os seus bolos e sobremesas de uma forma bonita.<\/p>\n\n\n\n<p><strong>Robusto e protetor:<\/strong> Estas caixas individuais para bolos por grosso proporcionam uma excelente prote\u00e7\u00e3o contra impactos e garantem que o seu bolo permanece intacto durante o transporte.<\/p>\n\n\n\n<p><strong>Embalagem individual: <\/strong>As nossas caixas de embalagem de sobremesas para animais de estima\u00e7\u00e3o a granel s\u00e3o ideais para bolos individuais, pastelaria e outras sobremesas. A sua marca pode exibir as suas sobremesas com facilidade.<\/p>\n\n\n\n<p><strong>Personaliz\u00e1vel:<\/strong> Op\u00e7\u00f5es como a impress\u00e3o de log\u00f3tipos ou a conce\u00e7\u00e3o de autocolantes para porta-cart\u00f5es para corresponder \u00e0 sua marca e aumentar a atratividade dos seus produtos.<\/p>\n\n\n\n<p><strong>Design de encaixe:<\/strong> As nossas caixas individuais para bolos por atacado t\u00eam um design de encaixe para maior prote\u00e7\u00e3o, para garantir que n\u00e3o ser\u00e3o danificadas durante o transporte, preservando a sua frescura e integridade.<\/p>\n\n\n\n<p><strong>Versatilidade:<\/strong> Estas caixas de pl\u00e1stico transparente proporcionam uma maior durabilidade e uma embalagem elegante para bolos e produtos de pastelaria para a sua padaria\/caf\u00e9\/loja de doces.<\/p>\n<\/div>\n\n\n\n<div class=\"wp-block-column is-layout-flow wp-block-column-is-layout-flow\">\n<figure class=\"wp-block-image size-full\"><img decoding=\"async\" width=\"800\" height=\"800\" src=\"https:\/\/www.yishengpack.com\/wp-content\/uploads\/2025\/01\/individual-cake-boxes-wholesale-transparent-pet-dessert-packaging-boxes-with-lids-6.webp\" alt=\"caixas-bolo individuais-por-grosso-transparentes-embalagens-sobremesa-animal-de-animal-de-estima\u00e7\u00e3o-com-tampa (6)\" class=\"wp-image-226\" srcset=\"https:\/\/www.yishengpack.com\/wp-content\/uploads\/2025\/01\/individual-cake-boxes-wholesale-transparent-pet-dessert-packaging-boxes-with-lids-6.webp 800w, https:\/\/www.yishengpack.com\/wp-content\/uploads\/2025\/01\/individual-cake-boxes-wholesale-transparent-pet-dessert-packaging-boxes-with-lids-6-300x300.webp 300w, https:\/\/www.yishengpack.com\/wp-content\/uploads\/2025\/01\/individual-cake-boxes-wholesale-transparent-pet-dessert-packaging-boxes-with-lids-6-150x150.webp 150w, https:\/\/www.yishengpack.com\/wp-content\/uploads\/2025\/01\/individual-cake-boxes-wholesale-transparent-pet-dessert-packaging-boxes-with-lids-6-768x768.webp 768w, https:\/\/www.yishengpack.com\/wp-content\/uploads\/2025\/01\/individual-cake-boxes-wholesale-transparent-pet-dessert-packaging-boxes-with-lids-6-600x600.webp 600w, https:\/\/www.yishengpack.com\/wp-content\/uploads\/2025\/01\/individual-cake-boxes-wholesale-transparent-pet-dessert-packaging-boxes-with-lids-6-100x100.webp 100w\" sizes=\"(max-width: 800px) 100vw, 800px\" \/><\/figure>\n<\/div>\n<\/div>","protected":false},"excerpt":{"rendered":"<p>As nossas caixas individuais para bolos por grosso s\u00e3o fabricadas em material PET transparente de alta qualidade para uma apresenta\u00e7\u00e3o forte e segura de bolos e produtos de pastelaria. O design com mosquet\u00e3o significa que os bolos ficam bem embalados quando s\u00e3o transportados. Cada caixa cabe uma fatia individual de bolo para ajudar a garantir a frescura e manter\u00e1 os bolos ou os produtos de pastelaria armazenados em seguran\u00e7a. Para encomendas a granel, tamb\u00e9m podemos fornecer um suporte para cart\u00f5es que pode ser personalizado.<\/p>\n<h2>Caixas individuais transparentes para bolos Especifica\u00e7\u00f5es por atacado:<\/h2>\n<table width=\"528\">\n<tbody>\n<tr>\n<td width=\"215\">Fabricante:<\/td>\n<td colspan=\"2\" width=\"313\">Yisheng<\/td>\n<\/tr>\n<tr>\n<td>Modelo:<\/td>\n<td colspan=\"2\">H1014<\/td>\n<\/tr>\n<tr>\n<td>Material:\u00a0<\/td>\n<td colspan=\"2\">PET<\/td>\n<\/tr>\n<tr>\n<td>Cor:\u00a0<\/td>\n<td colspan=\"2\">Limpo<\/td>\n<\/tr>\n<tr>\n<td>Tamanho:\u00a0<\/td>\n<td colspan=\"2\" width=\"313\">12,5 cm \u00d7 11,5 cm \u00d7 14,5 cm<\/td>\n<\/tr>\n<tr>\n<td>Peso:\u00a0<\/td>\n<td colspan=\"2\">22,3 g\/unidade<\/td>\n<\/tr>\n<tr>\n<td>Forma:\u00a0<\/td>\n<td colspan=\"2\" width=\"313\">Ret\u00e2ngulo com compartimentos<\/td>\n<\/tr>\n<tr>\n<td>Embalagem:\u00a0<\/td>\n<td colspan=\"2\">50 unidades\/saco<\/td>\n<\/tr>\n<tr>\n<td>MOQ:\u00a0<\/td>\n<td colspan=\"2\">1200 unidades<\/td>\n<\/tr>\n<tr>\n<td>OEM&amp;ODM:\u00a0<\/td>\n<td colspan=\"2\">Personalizado, bem-vindo OEM&amp;ODM<\/td>\n<\/tr>\n<tr>\n<td>Amostra\uff1a<\/td>\n<td colspan=\"2\">10 unidades de amostra gr\u00e1tis podem ser solicitadas<\/td>\n<\/tr>\n<\/tbody>\n<\/table>","protected":false},"featured_media":221,"comment_status":"closed","ping_status":"closed","template":"","meta":{"_acf_changed":false},"box-type":[61],"product_brand":[],"product_cat":[30,21,33,45],"product_tag":[],"class_list":{"0":"post-219","1":"product","2":"type-product","3":"status-publish","4":"has-post-thumbnail","6":"box-type-custom-two-piece-boxes","7":"product_cat-cake-containers-wholesale","8":"product_cat-plastic-cake-containers-wholesale","9":"product_cat-food-packaging-boxes-wholesale","10":"product_cat-bulk-disposable-food-containers","12":"first","13":"instock","14":"shipping-taxable","15":"product-type-simple"},"acf":[],"_links":{"self":[{"href":"https:\/\/www.yishengpack.com\/pt\/wp-json\/wp\/v2\/product\/219","targetHints":{"allow":["GET"]}}],"collection":[{"href":"https:\/\/www.yishengpack.com\/pt\/wp-json\/wp\/v2\/product"}],"about":[{"href":"https:\/\/www.yishengpack.com\/pt\/wp-json\/wp\/v2\/types\/product"}],"replies":[{"embeddable":true,"href":"https:\/\/www.yishengpack.com\/pt\/wp-json\/wp\/v2\/comments?post=219"}],"wp:featuredmedia":[{"embeddable":true,"href":"https:\/\/www.yishengpack.com\/pt\/wp-json\/wp\/v2\/media\/221"}],"wp:attachment":[{"href":"https:\/\/www.yishengpack.com\/pt\/wp-json\/wp\/v2\/media?parent=219"}],"wp:term":[{"taxonomy":"box-type","embeddable":true,"href":"https:\/\/www.yishengpack.com\/pt\/wp-json\/wp\/v2\/box-type?post=219"},{"taxonomy":"product_brand","embeddable":true,"href":"https:\/\/www.yishengpack.com\/pt\/wp-json\/wp\/v2\/product_brand?post=219"},{"taxonomy":"product_cat","embeddable":true,"href":"https:\/\/www.yishengpack.com\/pt\/wp-json\/wp\/v2\/product_cat?post=219"},{"taxonomy":"product_tag","embeddable":true,"href":"https:\/\/www.yishengpack.com\/pt\/wp-json\/wp\/v2\/product_tag?post=219"}],"curies":[{"name":"wp","href":"https:\/\/api.w.org\/{rel}","templated":true}]}}