{"id":2175,"date":"2025-09-20T02:20:06","date_gmt":"2025-09-20T02:20:06","guid":{"rendered":"https:\/\/www.yishengpack.com\/?post_type=product&#038;p=2175"},"modified":"2025-10-29T08:00:43","modified_gmt":"2025-10-29T08:00:43","slug":"wholesale-folding-packaging-boxes","status":"publish","type":"product","link":"https:\/\/www.yishengpack.com\/pt\/product\/wholesale-folding-packaging-boxes\/","title":{"rendered":"Caixas de embalagem dobr\u00e1veis por atacado, caixas de papel de qualidade alimentar a granel"},"content":{"rendered":"<div class=\"wp-block-columns is-layout-flex wp-container-core-columns-is-layout-9d6595d7 wp-block-columns-is-layout-flex\">\n<div class=\"wp-block-column is-layout-flow wp-block-column-is-layout-flow\">\n<h3 class=\"wp-block-heading\">Features of Wholesale Folding Packaging Boxes<\/h3>\n\n\n\n<p><strong>Easy-Open Lid Design:<\/strong> These wholesale folding packaging boxes have an easy-open lid. It allows for quick and convenient access to treats like cookies, egg tarts, and small cakes, enhancing the unboxing experience.<\/p>\n\n\n\n<p><strong>Food-Safe Material Construction:<\/strong> Made from food-safe material, the wholesale folding packaging boxes are protective and clean for products such as cookies, egg tarts, and small cakes packed in them.<\/p>\n\n\n\n<p><strong>Stackable Storage: <\/strong>The wholesale food packaging box is designed to be stackable. It is a space-saving feature where bakeries or stores can conveniently maintain a stock of cookies, egg tart, and small cake packs.<\/p>\n\n\n\n<p><strong>Minimalist Design Appeal:<\/strong> With its minimalist design, the wholesale food packaging box comes across as simple and neat. It is an appealing view and apt to showcase yummy treats like cookies, egg tarts, and mini cakes.<\/p>\n\n\n\n<p><strong>Totally Brandable for Foods:<\/strong> The personalized food packaging box can be totally brandable. You have the freedom to alter the size, color, print logos or designs, and pick surface finishes to meet the specific brand needs of bakeries and food brands.<\/p>\n<\/div>\n\n\n\n<div class=\"wp-block-column is-layout-flow wp-block-column-is-layout-flow\">\n<figure class=\"wp-block-image size-full\"><img decoding=\"async\" width=\"2048\" height=\"1940\" src=\"https:\/\/www.yishengpack.com\/wp-content\/uploads\/2025\/09\/Wholesale-Folding-Packaging-Boxes-Custom-Eco-friendly-Food-Grade-Paper-Box-for-Snacks-2.webp\" alt=\"wholesale-folding-packaging-boxes-food-grade-paper-box-bulk-2\" class=\"wp-image-2177\" srcset=\"https:\/\/www.yishengpack.com\/wp-content\/uploads\/2025\/09\/Wholesale-Folding-Packaging-Boxes-Custom-Eco-friendly-Food-Grade-Paper-Box-for-Snacks-2.webp 2048w, https:\/\/www.yishengpack.com\/wp-content\/uploads\/2025\/09\/Wholesale-Folding-Packaging-Boxes-Custom-Eco-friendly-Food-Grade-Paper-Box-for-Snacks-2-300x284.webp 300w, https:\/\/www.yishengpack.com\/wp-content\/uploads\/2025\/09\/Wholesale-Folding-Packaging-Boxes-Custom-Eco-friendly-Food-Grade-Paper-Box-for-Snacks-2-768x728.webp 768w, https:\/\/www.yishengpack.com\/wp-content\/uploads\/2025\/09\/Wholesale-Folding-Packaging-Boxes-Custom-Eco-friendly-Food-Grade-Paper-Box-for-Snacks-2-13x12.webp 13w, https:\/\/www.yishengpack.com\/wp-content\/uploads\/2025\/09\/Wholesale-Folding-Packaging-Boxes-Custom-Eco-friendly-Food-Grade-Paper-Box-for-Snacks-2-1200x1137.webp 1200w, https:\/\/www.yishengpack.com\/wp-content\/uploads\/2025\/09\/Wholesale-Folding-Packaging-Boxes-Custom-Eco-friendly-Food-Grade-Paper-Box-for-Snacks-2-600x568.webp 600w\" sizes=\"(max-width: 2048px) 100vw, 2048px\" \/><\/figure>\n<\/div>\n<\/div>\n\n\n\n<p><\/p>","protected":false},"excerpt":{"rendered":"<p>Bem-vindo a comprar as nossas caixas de embalagem dobr\u00e1veis por atacado em v\u00e1rias cores. Descubra estas caixas de embalagem para alimentos com um design pr\u00e1tico; combinam praticidade e atra\u00e7\u00e3o. Desde o tamanho e cores ao log\u00f3tipo e disposi\u00e7\u00e3o interna, s\u00e3o totalmente personaliz\u00e1veis para corresponder \u00e0 sua marca. Deixe-nos ajudar os seus produtos alimentares a destacarem-se de forma bonita e eficiente.<\/p>\n<h2>Destaques das caixas de embalagem dobr\u00e1veis por atacado<\/h2>\n<ul>\n<li>Personaliza\u00e7\u00e3o personalizada<\/li>\n<li>Artesanato duradouro<\/li>\n<li>Materiais reciclados<\/li>\n<li>Impress\u00e3o requintada<\/li>\n<li>Op\u00e7\u00f5es de cores m\u00faltiplas<\/li>\n<li>Papel marfim de qualidade alimentar<\/li>\n<li>Armazenamento pr\u00e1tico de alimentos<\/li>\n<\/ul>\n<p>&nbsp;<\/p>\n<p>&nbsp;<\/p>","protected":false},"featured_media":2176,"comment_status":"closed","ping_status":"closed","template":"","meta":{"_acf_changed":false},"box-type":[55,48],"product_brand":[],"product_cat":[46,30,32,33,44],"product_tag":[],"class_list":{"0":"post-2175","1":"product","2":"type-product","3":"status-publish","4":"has-post-thumbnail","6":"box-type-custom-foldable-boxes","7":"box-type-custom-tuck-top-boxes","8":"product_cat-wholesale-paper-boxes","9":"product_cat-cake-containers-wholesale","10":"product_cat-bakery-packaging-wholesale","11":"product_cat-food-packaging-boxes-wholesale","12":"product_cat-custom-snack-box","14":"first","15":"instock","16":"shipping-taxable","17":"product-type-simple"},"acf":[],"_links":{"self":[{"href":"https:\/\/www.yishengpack.com\/pt\/wp-json\/wp\/v2\/product\/2175","targetHints":{"allow":["GET"]}}],"collection":[{"href":"https:\/\/www.yishengpack.com\/pt\/wp-json\/wp\/v2\/product"}],"about":[{"href":"https:\/\/www.yishengpack.com\/pt\/wp-json\/wp\/v2\/types\/product"}],"replies":[{"embeddable":true,"href":"https:\/\/www.yishengpack.com\/pt\/wp-json\/wp\/v2\/comments?post=2175"}],"wp:featuredmedia":[{"embeddable":true,"href":"https:\/\/www.yishengpack.com\/pt\/wp-json\/wp\/v2\/media\/2176"}],"wp:attachment":[{"href":"https:\/\/www.yishengpack.com\/pt\/wp-json\/wp\/v2\/media?parent=2175"}],"wp:term":[{"taxonomy":"box-type","embeddable":true,"href":"https:\/\/www.yishengpack.com\/pt\/wp-json\/wp\/v2\/box-type?post=2175"},{"taxonomy":"product_brand","embeddable":true,"href":"https:\/\/www.yishengpack.com\/pt\/wp-json\/wp\/v2\/product_brand?post=2175"},{"taxonomy":"product_cat","embeddable":true,"href":"https:\/\/www.yishengpack.com\/pt\/wp-json\/wp\/v2\/product_cat?post=2175"},{"taxonomy":"product_tag","embeddable":true,"href":"https:\/\/www.yishengpack.com\/pt\/wp-json\/wp\/v2\/product_tag?post=2175"}],"curies":[{"name":"wp","href":"https:\/\/api.w.org\/{rel}","templated":true}]}}