{"id":2167,"date":"2025-09-20T04:13:20","date_gmt":"2025-09-20T04:13:20","guid":{"rendered":"https:\/\/www.yishengpack.com\/?post_type=product&#038;p=2167"},"modified":"2025-10-29T04:04:27","modified_gmt":"2025-10-29T04:04:27","slug":"drawer-box-wholesale","status":"publish","type":"product","link":"https:\/\/www.yishengpack.com\/pt\/product\/drawer-box-wholesale\/","title":{"rendered":"Caixa de gaveta r\u00edgida por atacado, caixas personalizadas para cosm\u00e9ticos e j\u00f3ias"},"content":{"rendered":"<div class=\"wp-block-columns is-layout-flex wp-container-core-columns-is-layout-9d6595d7 wp-block-columns-is-layout-flex\">\n<div class=\"wp-block-column is-layout-flow wp-block-column-is-layout-flow\">\n<h3 class=\"wp-block-heading\">Carater\u00edsticas da caixa de gavetas r\u00edgida Wholesale:<\/h3>\n\n\n\n<p><strong>Funcionamento suave da gaveta:<\/strong> Esta caixa de gaveta personalizada possui uma gaveta de funcionamento suave que pode ser facilmente deslizada para fora quando aberta, criando uma excelente experi\u00eancia de desembalagem, ideal para expor produtos como cosm\u00e9ticos, produtos para a pele, perfumes e j\u00f3ias.<\/p>\n\n\n\n<p><strong>Op\u00e7\u00f5es de tabuleiro interior personalizado: <\/strong>A caixa de gavetas r\u00edgida por atacado tem v\u00e1rias solu\u00e7\u00f5es de tabuleiros interiores. Pode adquirir tabuleiros feitos \u00e0 medida a partir de pl\u00e1stico, cart\u00e3o ou esponja. Os tabuleiros podem ser concebidos para conter firmemente cosm\u00e9ticos, produtos de cuidados da pele, perfumes e j\u00f3ias, proporcionando-lhes um local para repousar.<\/p>\n\n\n\n<p><strong>Vers\u00e1til para artigos de luxo: <\/strong>Fornecemos caixas de gaveta personalizadas flex\u00edveis para produtos de luxo. Desde maquilhagem, cuidados com a pele, fragr\u00e2ncias e j\u00f3ias, as nossas caixas para oferta podem adaptar-se a v\u00e1rias necessidades de embalagem para oferta e venda a retalho de luxo.<\/p>\n\n\n\n<p><strong>Op\u00e7\u00f5es de cores chiques: <\/strong>A caixa de gavetas por atacado tamb\u00e9m \u00e9 oferecida em op\u00e7\u00f5es de cores da moda. Os tons de lavanda p\u00e1lida, azul claro e verde menta s\u00e3o bonitos e fazem da caixa uma op\u00e7\u00e3o ideal para guardar artigos de alta qualidade, como perfumes de alta qualidade ou j\u00f3ias.<\/p>\n\n\n\n<p><strong>Personaliza\u00e7\u00e3o totalmente alinhada com a marca:<\/strong> A caixa de gaveta personalizada por atacado oferece uma personaliza\u00e7\u00e3o completa alinhada com a marca. Pode alterar o tamanho, a cor, os gr\u00e1ficos, o log\u00f3tipo, os acabamentos de superf\u00edcie e o design do tabuleiro interior para se adaptar aos requisitos de marca exclusivos de diferentes marcas de beleza e joalharia.<\/p>\n<\/div>\n\n\n\n<div class=\"wp-block-column is-layout-flow wp-block-column-is-layout-flow\">\n<figure class=\"wp-block-image size-full\"><img decoding=\"async\" width=\"2234\" height=\"2234\" src=\"https:\/\/www.yishengpack.com\/wp-content\/uploads\/2025\/09\/Recyclable-Drawer-Boxes-Wholesale-Customized-Rigid-Gift-Packaging-Paper-Box-for-Cosmetics-Jewelry-2.webp\" alt=\"caixas de gavetas r\u00edgidas - grossistas - caixas de j\u00f3ias personalizadas - cosm\u00e9tica - 2\" class=\"wp-image-2169\" srcset=\"https:\/\/www.yishengpack.com\/wp-content\/uploads\/2025\/09\/Recyclable-Drawer-Boxes-Wholesale-Customized-Rigid-Gift-Packaging-Paper-Box-for-Cosmetics-Jewelry-2.webp 2234w, https:\/\/www.yishengpack.com\/wp-content\/uploads\/2025\/09\/Recyclable-Drawer-Boxes-Wholesale-Customized-Rigid-Gift-Packaging-Paper-Box-for-Cosmetics-Jewelry-2-300x300.webp 300w, https:\/\/www.yishengpack.com\/wp-content\/uploads\/2025\/09\/Recyclable-Drawer-Boxes-Wholesale-Customized-Rigid-Gift-Packaging-Paper-Box-for-Cosmetics-Jewelry-2-150x150.webp 150w, https:\/\/www.yishengpack.com\/wp-content\/uploads\/2025\/09\/Recyclable-Drawer-Boxes-Wholesale-Customized-Rigid-Gift-Packaging-Paper-Box-for-Cosmetics-Jewelry-2-768x768.webp 768w, https:\/\/www.yishengpack.com\/wp-content\/uploads\/2025\/09\/Recyclable-Drawer-Boxes-Wholesale-Customized-Rigid-Gift-Packaging-Paper-Box-for-Cosmetics-Jewelry-2-12x12.webp 12w, https:\/\/www.yishengpack.com\/wp-content\/uploads\/2025\/09\/Recyclable-Drawer-Boxes-Wholesale-Customized-Rigid-Gift-Packaging-Paper-Box-for-Cosmetics-Jewelry-2-1200x1200.webp 1200w, https:\/\/www.yishengpack.com\/wp-content\/uploads\/2025\/09\/Recyclable-Drawer-Boxes-Wholesale-Customized-Rigid-Gift-Packaging-Paper-Box-for-Cosmetics-Jewelry-2-600x600.webp 600w, https:\/\/www.yishengpack.com\/wp-content\/uploads\/2025\/09\/Recyclable-Drawer-Boxes-Wholesale-Customized-Rigid-Gift-Packaging-Paper-Box-for-Cosmetics-Jewelry-2-100x100.webp 100w\" sizes=\"(max-width: 2234px) 100vw, 2234px\" \/><\/figure>\n<\/div>\n<\/div>\n\n\n\n<p><\/p>","protected":false},"excerpt":{"rendered":"<p>Bem-vindo \u00e0 nossa compra por grosso de caixas de gavetas r\u00edgidas. Descubra estas caixas de presente coloridas para cosm\u00e9ticos e j\u00f3ias com uma carater\u00edstica de deslizamento suave; elas equilibram elegantemente o luxo com facilidade. Podem ser personalizadas de acordo com o tamanho, cor e log\u00f3tipo da sua marca. Deixe-nos ajudar os seus produtos a causar uma impress\u00e3o marcante e eficaz.<\/p>\n<h2>Destaques da caixa de gaveta recicl\u00e1vel por atacado<\/h2>\n<ul>\n<li>Constru\u00e7\u00e3o robusta<\/li>\n<li>Personaliza\u00e7\u00e3o topo de gama<\/li>\n<li>Materiais reciclados<\/li>\n<li>Impress\u00e3o artesanal extensiva<\/li>\n<li>V\u00e1rias op\u00e7\u00f5es de cores<\/li>\n<li>Armazenamento f\u00e1cil<\/li>\n<li>Utiliza\u00e7\u00e3o c\u00f3moda<\/li>\n<\/ul>\n<p>&nbsp;<\/p>\n<p>&nbsp;<\/p>","protected":false},"featured_media":2168,"comment_status":"closed","ping_status":"closed","template":"","meta":{"_acf_changed":false},"box-type":[47,61],"product_brand":[],"product_cat":[19,65,40,39],"product_tag":[],"class_list":{"0":"post-2167","1":"product","2":"type-product","3":"status-publish","4":"has-post-thumbnail","6":"box-type-custom-drawer-boxes","7":"box-type-custom-two-piece-boxes","8":"product_cat-luxury-gift-boxes-wholesale","9":"product_cat-custom-cosmetic-boxes","10":"product_cat-custom-jewelry-boxes","11":"product_cat-custom-perfume-boxes","13":"first","14":"instock","15":"shipping-taxable","16":"product-type-simple"},"acf":[],"_links":{"self":[{"href":"https:\/\/www.yishengpack.com\/pt\/wp-json\/wp\/v2\/product\/2167","targetHints":{"allow":["GET"]}}],"collection":[{"href":"https:\/\/www.yishengpack.com\/pt\/wp-json\/wp\/v2\/product"}],"about":[{"href":"https:\/\/www.yishengpack.com\/pt\/wp-json\/wp\/v2\/types\/product"}],"replies":[{"embeddable":true,"href":"https:\/\/www.yishengpack.com\/pt\/wp-json\/wp\/v2\/comments?post=2167"}],"wp:featuredmedia":[{"embeddable":true,"href":"https:\/\/www.yishengpack.com\/pt\/wp-json\/wp\/v2\/media\/2168"}],"wp:attachment":[{"href":"https:\/\/www.yishengpack.com\/pt\/wp-json\/wp\/v2\/media?parent=2167"}],"wp:term":[{"taxonomy":"box-type","embeddable":true,"href":"https:\/\/www.yishengpack.com\/pt\/wp-json\/wp\/v2\/box-type?post=2167"},{"taxonomy":"product_brand","embeddable":true,"href":"https:\/\/www.yishengpack.com\/pt\/wp-json\/wp\/v2\/product_brand?post=2167"},{"taxonomy":"product_cat","embeddable":true,"href":"https:\/\/www.yishengpack.com\/pt\/wp-json\/wp\/v2\/product_cat?post=2167"},{"taxonomy":"product_tag","embeddable":true,"href":"https:\/\/www.yishengpack.com\/pt\/wp-json\/wp\/v2\/product_tag?post=2167"}],"curies":[{"name":"wp","href":"https:\/\/api.w.org\/{rel}","templated":true}]}}