{"id":2159,"date":"2025-09-20T06:42:52","date_gmt":"2025-09-20T06:42:52","guid":{"rendered":"https:\/\/www.yishengpack.com\/?post_type=product&#038;p=2159"},"modified":"2025-10-29T07:58:40","modified_gmt":"2025-10-29T07:58:40","slug":"wholesale-magnetic-gift-boxes","status":"publish","type":"product","link":"https:\/\/www.yishengpack.com\/pt\/product\/wholesale-magnetic-gift-boxes\/","title":{"rendered":"Caixas magn\u00e9ticas para presentes por atacado, caixas r\u00edgidas com impress\u00e3o personalizada"},"content":{"rendered":"<div class=\"wp-block-columns is-layout-flex wp-container-core-columns-is-layout-9d6595d7 wp-block-columns-is-layout-flex\">\n<div class=\"wp-block-column is-layout-flow wp-block-column-is-layout-flow\">\n<h3 class=\"wp-block-heading\">Features of Wholesale Magnetic Gift Boxes<\/h3>\n\n\n\n<p><strong>Magnetic Snap for Effortless Use:<\/strong> These wholesale magnetic gift boxes use a magnetic snap mechanism. It allows for easy opening and closing, making it super convenient when accessing items such as cosmetics, skincare products, perfume, and jewelry.<\/p>\n\n\n\n<p><strong>Suitable for Premium Items:<\/strong> These wholesale magnetic gift boxes are perfect for premium products. Whether it&#8217;s cosmetics, skincare items, perfume, or jewelry, these boxes can meet the packaging requirements of high &#8211; end goods, be it for gifting or upscale retail.<\/p>\n\n\n\n<p><strong>Tailored Inserts for Safety:<\/strong> Our rigid wholesale magnetic gift boxes can be equipped with tailored inserts. Made from materials like EVA foam or satin, these inserts are shaped to fit cosmetics, skincare products, perfume, and jewelry precisely, ensuring they are held securely and protected.<\/p>\n\n\n\n<p><strong>High &#8211; Grade Build for Protection:<\/strong> These custom rigid printed boxes are constructed with high-grade materials; these magnetic packaging boxes are robust. They provide reliable protection for premium items during both display and gifting, keeping them in top condition.<\/p>\n\n\n\n<p><strong>Totally Brand &#8211; Centric Customization: <\/strong>The custom rigid printed boxes can be totally customized to focus on your brand. You can adjust the size, color, and choose surface treatments such as debossing, metallic inks, or soft &#8211; touch laminations. Artwork printing is also an option to match your brand&#8217;s identity and market positioning.<\/p>\n<\/div>\n\n\n\n<div class=\"wp-block-column is-layout-flow wp-block-column-is-layout-flow\">\n<figure class=\"wp-block-image size-full\"><img decoding=\"async\" width=\"2204\" height=\"2204\" src=\"https:\/\/www.yishengpack.com\/wp-content\/uploads\/2025\/09\/Hot-selling-Magnetic-Packaging-Gift-Boxes-WholesaleCustom-Rigid-Cardboard-Box-with-Foam-Insert-2.webp\" alt=\"wholesale-magnetic-gift-boxes-custom-printed-rigid-boxes-2\" class=\"wp-image-2161\" srcset=\"https:\/\/www.yishengpack.com\/wp-content\/uploads\/2025\/09\/Hot-selling-Magnetic-Packaging-Gift-Boxes-WholesaleCustom-Rigid-Cardboard-Box-with-Foam-Insert-2.webp 2204w, https:\/\/www.yishengpack.com\/wp-content\/uploads\/2025\/09\/Hot-selling-Magnetic-Packaging-Gift-Boxes-WholesaleCustom-Rigid-Cardboard-Box-with-Foam-Insert-2-300x300.webp 300w, https:\/\/www.yishengpack.com\/wp-content\/uploads\/2025\/09\/Hot-selling-Magnetic-Packaging-Gift-Boxes-WholesaleCustom-Rigid-Cardboard-Box-with-Foam-Insert-2-150x150.webp 150w, https:\/\/www.yishengpack.com\/wp-content\/uploads\/2025\/09\/Hot-selling-Magnetic-Packaging-Gift-Boxes-WholesaleCustom-Rigid-Cardboard-Box-with-Foam-Insert-2-768x768.webp 768w, https:\/\/www.yishengpack.com\/wp-content\/uploads\/2025\/09\/Hot-selling-Magnetic-Packaging-Gift-Boxes-WholesaleCustom-Rigid-Cardboard-Box-with-Foam-Insert-2-12x12.webp 12w, https:\/\/www.yishengpack.com\/wp-content\/uploads\/2025\/09\/Hot-selling-Magnetic-Packaging-Gift-Boxes-WholesaleCustom-Rigid-Cardboard-Box-with-Foam-Insert-2-1200x1200.webp 1200w, https:\/\/www.yishengpack.com\/wp-content\/uploads\/2025\/09\/Hot-selling-Magnetic-Packaging-Gift-Boxes-WholesaleCustom-Rigid-Cardboard-Box-with-Foam-Insert-2-600x600.webp 600w, https:\/\/www.yishengpack.com\/wp-content\/uploads\/2025\/09\/Hot-selling-Magnetic-Packaging-Gift-Boxes-WholesaleCustom-Rigid-Cardboard-Box-with-Foam-Insert-2-100x100.webp 100w\" sizes=\"(max-width: 2204px) 100vw, 2204px\" \/><\/figure>\n\n\n\n<div class=\"wp-block-buttons has-custom-font-size has-small-font-size is-content-justification-center is-layout-flex wp-container-core-buttons-is-layout-16018d1d wp-block-buttons-is-layout-flex\">\n<div class=\"wp-block-button has-custom-width wp-block-button__width-75\"><a class=\"wp-block-button__link has-background has-small-font-size has-custom-font-size wp-element-button\" href=\"https:\/\/www.yishengpack.com\/pt\/custom-printed-box\/\" style=\"background:linear-gradient(135deg,rgb(254,205,165) 0%,rgb(254,45,45) 0%,rgb(94,15,15) 0%,rgb(94,15,15) 100%)\" target=\"_blank\" rel=\"noreferrer noopener\"><strong>Explorar caixas impressas personalizadas<\/strong><\/a><\/div>\n<\/div>\n<\/div>\n<\/div>\n\n\n\n<div class=\"wp-block-columns is-layout-flex wp-container-core-columns-is-layout-9d6595d7 wp-block-columns-is-layout-flex\">\n<div class=\"wp-block-column is-layout-flow wp-block-column-is-layout-flow\">\n<figure class=\"wp-block-image size-full\"><img decoding=\"async\" width=\"2396\" height=\"2396\" src=\"https:\/\/www.yishengpack.com\/wp-content\/uploads\/2025\/09\/Hot-selling-Magnetic-Packaging-Gift-Boxes-WholesaleCustom-Rigid-Cardboard-Box-with-Foam-Insert-4.webp\" alt=\"wholesale-magnetic-gift-boxes-custom-printed-rigid-boxes-4\" class=\"wp-image-2163\" srcset=\"https:\/\/www.yishengpack.com\/wp-content\/uploads\/2025\/09\/Hot-selling-Magnetic-Packaging-Gift-Boxes-WholesaleCustom-Rigid-Cardboard-Box-with-Foam-Insert-4.webp 2396w, https:\/\/www.yishengpack.com\/wp-content\/uploads\/2025\/09\/Hot-selling-Magnetic-Packaging-Gift-Boxes-WholesaleCustom-Rigid-Cardboard-Box-with-Foam-Insert-4-300x300.webp 300w, https:\/\/www.yishengpack.com\/wp-content\/uploads\/2025\/09\/Hot-selling-Magnetic-Packaging-Gift-Boxes-WholesaleCustom-Rigid-Cardboard-Box-with-Foam-Insert-4-150x150.webp 150w, https:\/\/www.yishengpack.com\/wp-content\/uploads\/2025\/09\/Hot-selling-Magnetic-Packaging-Gift-Boxes-WholesaleCustom-Rigid-Cardboard-Box-with-Foam-Insert-4-768x768.webp 768w, https:\/\/www.yishengpack.com\/wp-content\/uploads\/2025\/09\/Hot-selling-Magnetic-Packaging-Gift-Boxes-WholesaleCustom-Rigid-Cardboard-Box-with-Foam-Insert-4-12x12.webp 12w, https:\/\/www.yishengpack.com\/wp-content\/uploads\/2025\/09\/Hot-selling-Magnetic-Packaging-Gift-Boxes-WholesaleCustom-Rigid-Cardboard-Box-with-Foam-Insert-4-1200x1200.webp 1200w, https:\/\/www.yishengpack.com\/wp-content\/uploads\/2025\/09\/Hot-selling-Magnetic-Packaging-Gift-Boxes-WholesaleCustom-Rigid-Cardboard-Box-with-Foam-Insert-4-600x600.webp 600w, https:\/\/www.yishengpack.com\/wp-content\/uploads\/2025\/09\/Hot-selling-Magnetic-Packaging-Gift-Boxes-WholesaleCustom-Rigid-Cardboard-Box-with-Foam-Insert-4-100x100.webp 100w\" sizes=\"(max-width: 2396px) 100vw, 2396px\" \/><\/figure>\n\n\n\n<div class=\"wp-block-buttons has-custom-font-size has-small-font-size is-content-justification-center is-layout-flex wp-container-core-buttons-is-layout-16018d1d wp-block-buttons-is-layout-flex\">\n<div class=\"wp-block-button has-custom-width wp-block-button__width-75\"><a class=\"wp-block-button__link has-background has-small-font-size has-custom-font-size wp-element-button\" href=\"https:\/\/www.yishengpack.com\/pt\/custom-product-boxes-types\/\" style=\"background:linear-gradient(135deg,rgb(254,205,165) 0%,rgb(254,45,45) 0%,rgb(94,15,15) 0%,rgb(94,15,15) 100%)\" target=\"_blank\" rel=\"noreferrer noopener\"><strong>Explore Custom Product Boxes Types<\/strong><\/a><\/div>\n<\/div>\n<\/div>\n\n\n\n<div class=\"wp-block-column is-layout-flow wp-block-column-is-layout-flow\">\n<figure class=\"wp-block-image size-full\"><img decoding=\"async\" width=\"2222\" height=\"2222\" src=\"https:\/\/www.yishengpack.com\/wp-content\/uploads\/2025\/09\/Hot-selling-Magnetic-Packaging-Gift-Boxes-WholesaleCustom-Rigid-Cardboard-Box-with-Foam-Insert-7.webp\" alt=\"wholesale-magnetic-gift-boxes-custom-printed-rigid-boxes-7\" class=\"wp-image-2166\" srcset=\"https:\/\/www.yishengpack.com\/wp-content\/uploads\/2025\/09\/Hot-selling-Magnetic-Packaging-Gift-Boxes-WholesaleCustom-Rigid-Cardboard-Box-with-Foam-Insert-7.webp 2222w, https:\/\/www.yishengpack.com\/wp-content\/uploads\/2025\/09\/Hot-selling-Magnetic-Packaging-Gift-Boxes-WholesaleCustom-Rigid-Cardboard-Box-with-Foam-Insert-7-300x300.webp 300w, https:\/\/www.yishengpack.com\/wp-content\/uploads\/2025\/09\/Hot-selling-Magnetic-Packaging-Gift-Boxes-WholesaleCustom-Rigid-Cardboard-Box-with-Foam-Insert-7-150x150.webp 150w, https:\/\/www.yishengpack.com\/wp-content\/uploads\/2025\/09\/Hot-selling-Magnetic-Packaging-Gift-Boxes-WholesaleCustom-Rigid-Cardboard-Box-with-Foam-Insert-7-768x768.webp 768w, https:\/\/www.yishengpack.com\/wp-content\/uploads\/2025\/09\/Hot-selling-Magnetic-Packaging-Gift-Boxes-WholesaleCustom-Rigid-Cardboard-Box-with-Foam-Insert-7-12x12.webp 12w, https:\/\/www.yishengpack.com\/wp-content\/uploads\/2025\/09\/Hot-selling-Magnetic-Packaging-Gift-Boxes-WholesaleCustom-Rigid-Cardboard-Box-with-Foam-Insert-7-1200x1200.webp 1200w, https:\/\/www.yishengpack.com\/wp-content\/uploads\/2025\/09\/Hot-selling-Magnetic-Packaging-Gift-Boxes-WholesaleCustom-Rigid-Cardboard-Box-with-Foam-Insert-7-600x600.webp 600w, https:\/\/www.yishengpack.com\/wp-content\/uploads\/2025\/09\/Hot-selling-Magnetic-Packaging-Gift-Boxes-WholesaleCustom-Rigid-Cardboard-Box-with-Foam-Insert-7-100x100.webp 100w\" sizes=\"(max-width: 2222px) 100vw, 2222px\" \/><\/figure>\n\n\n\n<div class=\"wp-block-buttons is-content-justification-center is-layout-flex wp-container-core-buttons-is-layout-16018d1d wp-block-buttons-is-layout-flex\">\n<div class=\"wp-block-button has-custom-width wp-block-button__width-75\"><a class=\"wp-block-button__link has-background has-small-font-size has-custom-font-size wp-element-button\" href=\"https:\/\/www.yishengpack.com\/pt\/custom-box-inserts-accessories\/\" style=\"background:linear-gradient(135deg,rgb(254,205,165) 0%,rgb(254,45,45) 0%,rgb(94,15,15) 0%)\" target=\"_blank\" rel=\"noreferrer noopener\"><strong>Explorar inser\u00e7\u00f5es de caixas personalizadas<\/strong><\/a><\/div>\n<\/div>\n<\/div>\n<\/div>","protected":false},"excerpt":{"rendered":"<p>Venha comprar as nossas caixas de presente magn\u00e9ticas por atacado com inser\u00e7\u00e3o de espuma. As nossas caixas-presente r\u00edgidas impressas por encomenda s\u00e3o incrivelmente elegantes, com um design tradicional de tampa e base, ador\u00e1veis e sem complica\u00e7\u00f5es, perfeitamente adequadas para solu\u00e7\u00f5es de embalagem contempor\u00e2neas. Eles podem ser usados para armazenar cosm\u00e9ticos, cuidados com a pele, joias e muito mais. Yisheng \u00e9 o seu especialista em embalagens de papel personalizadas de alto n\u00edvel - combinando estruturas inteligentes, artesanato avan\u00e7ado e fabrica\u00e7\u00e3o adapt\u00e1vel para destacar o seu neg\u00f3cio.<\/p>\n<h2>Destaques das caixas de oferta magn\u00e9ticas r\u00edgidas para venda por grosso<\/h2>\n<ul>\n<li>Possibilidade de personaliza\u00e7\u00e3o completa<\/li>\n<li>Materiais amigos do ambiente<\/li>\n<li>Artesanato duradouro<\/li>\n<li>V\u00e1rios tipos de caixas<\/li>\n<li>V\u00e1rias cores<\/li>\n<li>Armazenamento f\u00e1cil<\/li>\n<\/ul>\n<p>&nbsp;<\/p>","protected":false},"featured_media":2160,"comment_status":"closed","ping_status":"closed","template":"","meta":{"_acf_changed":false},"box-type":[54,57],"product_brand":[],"product_cat":[30,19,65,40,39,46],"product_tag":[],"class_list":{"0":"post-2159","1":"product","2":"type-product","3":"status-publish","4":"has-post-thumbnail","6":"box-type-custom-magnetic-closure-boxes","7":"box-type-custom-rigid-box-with-lid","8":"product_cat-cake-containers-wholesale","9":"product_cat-luxury-gift-boxes-wholesale","10":"product_cat-custom-cosmetic-boxes","11":"product_cat-custom-jewelry-boxes","12":"product_cat-custom-perfume-boxes","13":"product_cat-wholesale-paper-boxes","15":"first","16":"instock","17":"shipping-taxable","18":"product-type-simple"},"acf":[],"_links":{"self":[{"href":"https:\/\/www.yishengpack.com\/pt\/wp-json\/wp\/v2\/product\/2159","targetHints":{"allow":["GET"]}}],"collection":[{"href":"https:\/\/www.yishengpack.com\/pt\/wp-json\/wp\/v2\/product"}],"about":[{"href":"https:\/\/www.yishengpack.com\/pt\/wp-json\/wp\/v2\/types\/product"}],"replies":[{"embeddable":true,"href":"https:\/\/www.yishengpack.com\/pt\/wp-json\/wp\/v2\/comments?post=2159"}],"wp:featuredmedia":[{"embeddable":true,"href":"https:\/\/www.yishengpack.com\/pt\/wp-json\/wp\/v2\/media\/2160"}],"wp:attachment":[{"href":"https:\/\/www.yishengpack.com\/pt\/wp-json\/wp\/v2\/media?parent=2159"}],"wp:term":[{"taxonomy":"box-type","embeddable":true,"href":"https:\/\/www.yishengpack.com\/pt\/wp-json\/wp\/v2\/box-type?post=2159"},{"taxonomy":"product_brand","embeddable":true,"href":"https:\/\/www.yishengpack.com\/pt\/wp-json\/wp\/v2\/product_brand?post=2159"},{"taxonomy":"product_cat","embeddable":true,"href":"https:\/\/www.yishengpack.com\/pt\/wp-json\/wp\/v2\/product_cat?post=2159"},{"taxonomy":"product_tag","embeddable":true,"href":"https:\/\/www.yishengpack.com\/pt\/wp-json\/wp\/v2\/product_tag?post=2159"}],"curies":[{"name":"wp","href":"https:\/\/api.w.org\/{rel}","templated":true}]}}